{"id":24454,"date":"2025-07-19T11:08:35","date_gmt":"2025-07-19T11:08:35","guid":{"rendered":"https:\/\/fodurlandid.is\/?post_type=product&#038;p=24454"},"modified":"2026-02-15T19:18:47","modified_gmt":"2026-02-15T19:18:47","slug":"jr-tcf23eu","status":"publish","type":"product","link":"https:\/\/fodurlandid.is\/en\/product\/jr-tcf23eu\/","title":{"rendered":"25W hle\u00f0slut\u00e6ki me\u00f0 USB-C tengi &#8211; USB-C \u00ed USB-C hle\u00f0slusn\u00fara fylgir me\u00f0"},"content":{"rendered":"","protected":false},"excerpt":{"rendered":"<p>Hra\u00f0hle\u00f0slut\u00e6ki sem gerir \u00fe\u00e9r kleift a\u00f0 hla\u00f0a snjalls\u00edma, spjaldt\u00f6lvur og \u00f6nnur USB t\u00e6ki \u00e1 skemmri t\u00edma. Hra\u00f0hle\u00f0slut\u00e6ki\u00f0 fyrir virkar b\u00e6\u00f0i fyrir Apple og Android t\u00e6ki. USB-C \u00ed USB-C hle\u00f0slusn\u00fara fylgir me\u00f0. Innbygg\u00f0 sex punkta v\u00f6rn sem tryggir \u00f6rugga notkun og verndar gegn ofspennu, ofhitnun og ofhle\u00f0slu.<\/p>\n<p>\u2013 Litur: Svartur<br \/>\n\u2013 \u00deyngd: 55 g<br \/>\n\u2013 St\u00e6r\u00f0: 85.2 x 28 x 40 mm<br \/>\n\u2013 Inntak: AC 100-240V, 50\/60Hz, 0.7A (h\u00e1mark)<br \/>\n\u2013 \u00dattak: USB-C: 5V\/3A, 9V\/2.77A; PPS: 3.3V-5.9V\/3A, 3.3V-11V\/2.25A (h\u00e1mark)<br \/>\n\u2013 H\u00e1marksafl: 25W<br \/>\n\u2013 Vottun: CE, ROHS &amp; FC<\/p>\n","protected":false},"featured_media":24457,"template":"","meta":[],"product_brand":[390],"product_cat":[413],"product_tag":[],"class_list":{"0":"post-24454","1":"product","2":"type-product","3":"status-publish","4":"has-post-thumbnail","6":"product_brand-joyroom","7":"product_cat-usb-hledslutaeki","9":"first","10":"instock","11":"taxable","12":"shipping-taxable","13":"product-type-simple"},"yoast_head":"<!-- This site is optimized with the Yoast SEO Premium plugin v21.5 (Yoast SEO v27.3) - https:\/\/yoast.com\/product\/yoast-seo-premium-wordpress\/ -->\n<title>25W hle\u00f0slut\u00e6ki me\u00f0 USB-C tengi | USB-C hle\u00f0slusn\u00fara fylgir me\u00f0<\/title>\n<meta name=\"description\" content=\"Hra\u00f0hle\u00f0slut\u00e6ki sem gerir \u00fe\u00e9r kleift a\u00f0 hla\u00f0a snjalls\u00edma, spjaldt\u00f6lvur og \u00f6nnur USB t\u00e6ki \u00e1 skemmri t\u00edma en ella. Virkar fyrir Apple og Android t\u00e6ki.\" \/>\n<meta name=\"robots\" content=\"index, follow, max-snippet:-1, max-image-preview:large, max-video-preview:-1\" \/>\n<link rel=\"canonical\" href=\"https:\/\/fodurlandid.is\/vara\/jr-tcf23eu\/\" \/>\n<meta property=\"og:locale\" content=\"en_US\" \/>\n<meta property=\"og:type\" content=\"article\" \/>\n<meta property=\"og:title\" content=\"25W hle\u00f0slut\u00e6ki me\u00f0 USB-C tengi - USB-C \u00ed USB-C hle\u00f0slusn\u00fara fylgir me\u00f0\" \/>\n<meta property=\"og:description\" content=\"Hra\u00f0hle\u00f0slut\u00e6ki sem gerir \u00fe\u00e9r kleift a\u00f0 hla\u00f0a snjalls\u00edma, spjaldt\u00f6lvur og \u00f6nnur USB t\u00e6ki \u00e1 skemmri t\u00edma en ella. Virkar fyrir Apple og Android t\u00e6ki.\" \/>\n<meta property=\"og:url\" content=\"https:\/\/fodurlandid.is\/vara\/jr-tcf23eu\/\" \/>\n<meta property=\"og:site_name\" content=\"F&ouml;&eth;urlandi&eth; heildsala\" \/>\n<meta property=\"article:modified_time\" content=\"2026-02-15T19:18:47+00:00\" \/>\n<meta property=\"og:image\" content=\"https:\/\/fodurlandid.is\/wp-content\/uploads\/2025\/07\/JR-TCN03EU.jpg\" \/>\n\t<meta property=\"og:image:width\" content=\"600\" \/>\n\t<meta property=\"og:image:height\" content=\"600\" \/>\n\t<meta property=\"og:image:type\" content=\"image\/jpeg\" \/>\n<meta name=\"twitter:card\" content=\"summary_large_image\" \/>\n<meta name=\"twitter:label1\" content=\"Est. reading time\" \/>\n\t<meta name=\"twitter:data1\" content=\"1 minute\" \/>\n<script type=\"application\/ld+json\" class=\"yoast-schema-graph\">{\"@context\":\"https:\\\/\\\/schema.org\",\"@graph\":[{\"@type\":\"WebPage\",\"@id\":\"https:\\\/\\\/fodurlandid.is\\\/vara\\\/jr-tcf23eu\\\/\",\"url\":\"https:\\\/\\\/fodurlandid.is\\\/vara\\\/jr-tcf23eu\\\/\",\"name\":\"25W hle\u00f0slut\u00e6ki me\u00f0 USB-C tengi | USB-C hle\u00f0slusn\u00fara fylgir me\u00f0\",\"isPartOf\":{\"@id\":\"https:\\\/\\\/fodurlandid.is\\\/#website\"},\"primaryImageOfPage\":{\"@id\":\"https:\\\/\\\/fodurlandid.is\\\/vara\\\/jr-tcf23eu\\\/#primaryimage\"},\"image\":{\"@id\":\"https:\\\/\\\/fodurlandid.is\\\/vara\\\/jr-tcf23eu\\\/#primaryimage\"},\"thumbnailUrl\":\"https:\\\/\\\/fodurlandid.is\\\/wp-content\\\/uploads\\\/2025\\\/07\\\/JR-TCN03EU.jpg\",\"datePublished\":\"2025-07-19T11:08:35+00:00\",\"dateModified\":\"2026-02-15T19:18:47+00:00\",\"description\":\"Hra\u00f0hle\u00f0slut\u00e6ki sem gerir \u00fe\u00e9r kleift a\u00f0 hla\u00f0a snjalls\u00edma, spjaldt\u00f6lvur og \u00f6nnur USB t\u00e6ki \u00e1 skemmri t\u00edma en ella. Virkar fyrir Apple og Android t\u00e6ki.\",\"breadcrumb\":{\"@id\":\"https:\\\/\\\/fodurlandid.is\\\/vara\\\/jr-tcf23eu\\\/#breadcrumb\"},\"inLanguage\":\"en-US\",\"potentialAction\":[{\"@type\":\"ReadAction\",\"target\":[\"https:\\\/\\\/fodurlandid.is\\\/vara\\\/jr-tcf23eu\\\/\"]}]},{\"@type\":\"ImageObject\",\"inLanguage\":\"en-US\",\"@id\":\"https:\\\/\\\/fodurlandid.is\\\/vara\\\/jr-tcf23eu\\\/#primaryimage\",\"url\":\"https:\\\/\\\/fodurlandid.is\\\/wp-content\\\/uploads\\\/2025\\\/07\\\/JR-TCN03EU.jpg\",\"contentUrl\":\"https:\\\/\\\/fodurlandid.is\\\/wp-content\\\/uploads\\\/2025\\\/07\\\/JR-TCN03EU.jpg\",\"width\":600,\"height\":600},{\"@type\":\"BreadcrumbList\",\"@id\":\"https:\\\/\\\/fodurlandid.is\\\/vara\\\/jr-tcf23eu\\\/#breadcrumb\",\"itemListElement\":[{\"@type\":\"ListItem\",\"position\":1,\"name\":\"Home\",\"item\":\"https:\\\/\\\/fodurlandid.is\\\/\"},{\"@type\":\"ListItem\",\"position\":2,\"name\":\"Shop\",\"item\":\"https:\\\/\\\/www.vorulagerinn.is\\\/heildsala\\\/en\\\/shop\\\/\"},{\"@type\":\"ListItem\",\"position\":3,\"name\":\"25W hle\u00f0slut\u00e6ki me\u00f0 USB-C tengi &#8211; USB-C \u00ed USB-C hle\u00f0slusn\u00fara fylgir me\u00f0\"}]},{\"@type\":\"WebSite\",\"@id\":\"https:\\\/\\\/fodurlandid.is\\\/#website\",\"url\":\"https:\\\/\\\/fodurlandid.is\\\/\",\"name\":\"F\u00f6\u00f0urlandi\u00f0 ehf, heildsala\",\"description\":\"Innflutnings, umbo&eth;s- og dreifingara&eth;ili\",\"publisher\":{\"@id\":\"https:\\\/\\\/fodurlandid.is\\\/#organization\"},\"alternateName\":\"Innflutnings, umbo\u00f0s- og dreifingara\u00f0ili\",\"potentialAction\":[{\"@type\":\"SearchAction\",\"target\":{\"@type\":\"EntryPoint\",\"urlTemplate\":\"https:\\\/\\\/fodurlandid.is\\\/?s={search_term_string}\"},\"query-input\":{\"@type\":\"PropertyValueSpecification\",\"valueRequired\":true,\"valueName\":\"search_term_string\"}}],\"inLanguage\":\"en-US\"},{\"@type\":\"Organization\",\"@id\":\"https:\\\/\\\/fodurlandid.is\\\/#organization\",\"name\":\"Innflutnings, umbo\u00f0s- og dreifingara\u00f0ili\",\"url\":\"https:\\\/\\\/fodurlandid.is\\\/\",\"logo\":{\"@type\":\"ImageObject\",\"inLanguage\":\"en-US\",\"@id\":\"https:\\\/\\\/fodurlandid.is\\\/#\\\/schema\\\/logo\\\/image\\\/\",\"url\":\"https:\\\/\\\/fodurlandid.is\\\/wp-content\\\/uploads\\\/2024\\\/05\\\/Fodurlandid.png\",\"contentUrl\":\"https:\\\/\\\/fodurlandid.is\\\/wp-content\\\/uploads\\\/2024\\\/05\\\/Fodurlandid.png\",\"width\":400,\"height\":293,\"caption\":\"Innflutnings, umbo\u00f0s- og dreifingara\u00f0ili\"},\"image\":{\"@id\":\"https:\\\/\\\/fodurlandid.is\\\/#\\\/schema\\\/logo\\\/image\\\/\"}}]}<\/script>\n<!-- \/ Yoast SEO Premium plugin. -->","yoast_head_json":{"title":"25W hle\u00f0slut\u00e6ki me\u00f0 USB-C tengi | USB-C hle\u00f0slusn\u00fara fylgir me\u00f0","description":"Hra\u00f0hle\u00f0slut\u00e6ki sem gerir \u00fe\u00e9r kleift a\u00f0 hla\u00f0a snjalls\u00edma, spjaldt\u00f6lvur og \u00f6nnur USB t\u00e6ki \u00e1 skemmri t\u00edma en ella. Virkar fyrir Apple og Android t\u00e6ki.","robots":{"index":"index","follow":"follow","max-snippet":"max-snippet:-1","max-image-preview":"max-image-preview:large","max-video-preview":"max-video-preview:-1"},"canonical":"https:\/\/fodurlandid.is\/vara\/jr-tcf23eu\/","og_locale":"en_US","og_type":"article","og_title":"25W hle\u00f0slut\u00e6ki me\u00f0 USB-C tengi - USB-C \u00ed USB-C hle\u00f0slusn\u00fara fylgir me\u00f0","og_description":"Hra\u00f0hle\u00f0slut\u00e6ki sem gerir \u00fe\u00e9r kleift a\u00f0 hla\u00f0a snjalls\u00edma, spjaldt\u00f6lvur og \u00f6nnur USB t\u00e6ki \u00e1 skemmri t\u00edma en ella. Virkar fyrir Apple og Android t\u00e6ki.","og_url":"https:\/\/fodurlandid.is\/vara\/jr-tcf23eu\/","og_site_name":"F&ouml;&eth;urlandi&eth; heildsala","article_modified_time":"2026-02-15T19:18:47+00:00","og_image":[{"width":600,"height":600,"url":"https:\/\/fodurlandid.is\/wp-content\/uploads\/2025\/07\/JR-TCN03EU.jpg","type":"image\/jpeg"}],"twitter_card":"summary_large_image","twitter_misc":{"Est. reading time":"1 minute"},"schema":{"@context":"https:\/\/schema.org","@graph":[{"@type":"WebPage","@id":"https:\/\/fodurlandid.is\/vara\/jr-tcf23eu\/","url":"https:\/\/fodurlandid.is\/vara\/jr-tcf23eu\/","name":"25W hle\u00f0slut\u00e6ki me\u00f0 USB-C tengi | USB-C hle\u00f0slusn\u00fara fylgir me\u00f0","isPartOf":{"@id":"https:\/\/fodurlandid.is\/#website"},"primaryImageOfPage":{"@id":"https:\/\/fodurlandid.is\/vara\/jr-tcf23eu\/#primaryimage"},"image":{"@id":"https:\/\/fodurlandid.is\/vara\/jr-tcf23eu\/#primaryimage"},"thumbnailUrl":"https:\/\/fodurlandid.is\/wp-content\/uploads\/2025\/07\/JR-TCN03EU.jpg","datePublished":"2025-07-19T11:08:35+00:00","dateModified":"2026-02-15T19:18:47+00:00","description":"Hra\u00f0hle\u00f0slut\u00e6ki sem gerir \u00fe\u00e9r kleift a\u00f0 hla\u00f0a snjalls\u00edma, spjaldt\u00f6lvur og \u00f6nnur USB t\u00e6ki \u00e1 skemmri t\u00edma en ella. Virkar fyrir Apple og Android t\u00e6ki.","breadcrumb":{"@id":"https:\/\/fodurlandid.is\/vara\/jr-tcf23eu\/#breadcrumb"},"inLanguage":"en-US","potentialAction":[{"@type":"ReadAction","target":["https:\/\/fodurlandid.is\/vara\/jr-tcf23eu\/"]}]},{"@type":"ImageObject","inLanguage":"en-US","@id":"https:\/\/fodurlandid.is\/vara\/jr-tcf23eu\/#primaryimage","url":"https:\/\/fodurlandid.is\/wp-content\/uploads\/2025\/07\/JR-TCN03EU.jpg","contentUrl":"https:\/\/fodurlandid.is\/wp-content\/uploads\/2025\/07\/JR-TCN03EU.jpg","width":600,"height":600},{"@type":"BreadcrumbList","@id":"https:\/\/fodurlandid.is\/vara\/jr-tcf23eu\/#breadcrumb","itemListElement":[{"@type":"ListItem","position":1,"name":"Home","item":"https:\/\/fodurlandid.is\/"},{"@type":"ListItem","position":2,"name":"Shop","item":"https:\/\/www.vorulagerinn.is\/heildsala\/en\/shop\/"},{"@type":"ListItem","position":3,"name":"25W hle\u00f0slut\u00e6ki me\u00f0 USB-C tengi &#8211; USB-C \u00ed USB-C hle\u00f0slusn\u00fara fylgir me\u00f0"}]},{"@type":"WebSite","@id":"https:\/\/fodurlandid.is\/#website","url":"https:\/\/fodurlandid.is\/","name":"F\u00f6\u00f0urlandi\u00f0 ehf, heildsala","description":"Innflutnings, umbo&eth;s- og dreifingara&eth;ili","publisher":{"@id":"https:\/\/fodurlandid.is\/#organization"},"alternateName":"Innflutnings, umbo\u00f0s- og dreifingara\u00f0ili","potentialAction":[{"@type":"SearchAction","target":{"@type":"EntryPoint","urlTemplate":"https:\/\/fodurlandid.is\/?s={search_term_string}"},"query-input":{"@type":"PropertyValueSpecification","valueRequired":true,"valueName":"search_term_string"}}],"inLanguage":"en-US"},{"@type":"Organization","@id":"https:\/\/fodurlandid.is\/#organization","name":"Innflutnings, umbo\u00f0s- og dreifingara\u00f0ili","url":"https:\/\/fodurlandid.is\/","logo":{"@type":"ImageObject","inLanguage":"en-US","@id":"https:\/\/fodurlandid.is\/#\/schema\/logo\/image\/","url":"https:\/\/fodurlandid.is\/wp-content\/uploads\/2024\/05\/Fodurlandid.png","contentUrl":"https:\/\/fodurlandid.is\/wp-content\/uploads\/2024\/05\/Fodurlandid.png","width":400,"height":293,"caption":"Innflutnings, umbo\u00f0s- og dreifingara\u00f0ili"},"image":{"@id":"https:\/\/fodurlandid.is\/#\/schema\/logo\/image\/"}}]}},"_links":{"self":[{"href":"https:\/\/fodurlandid.is\/en\/wp-json\/wp\/v2\/product\/24454","targetHints":{"allow":["GET"]}}],"collection":[{"href":"https:\/\/fodurlandid.is\/en\/wp-json\/wp\/v2\/product"}],"about":[{"href":"https:\/\/fodurlandid.is\/en\/wp-json\/wp\/v2\/types\/product"}],"wp:featuredmedia":[{"embeddable":true,"href":"https:\/\/fodurlandid.is\/en\/wp-json\/wp\/v2\/media\/24457"}],"wp:attachment":[{"href":"https:\/\/fodurlandid.is\/en\/wp-json\/wp\/v2\/media?parent=24454"}],"wp:term":[{"taxonomy":"product_brand","embeddable":true,"href":"https:\/\/fodurlandid.is\/en\/wp-json\/wp\/v2\/product_brand?post=24454"},{"taxonomy":"product_cat","embeddable":true,"href":"https:\/\/fodurlandid.is\/en\/wp-json\/wp\/v2\/product_cat?post=24454"},{"taxonomy":"product_tag","embeddable":true,"href":"https:\/\/fodurlandid.is\/en\/wp-json\/wp\/v2\/product_tag?post=24454"}],"curies":[{"name":"wp","href":"https:\/\/api.w.org\/{rel}","templated":true}]}}