{"id":24393,"date":"2025-07-17T07:14:54","date_gmt":"2025-07-17T07:14:54","guid":{"rendered":"https:\/\/fodurlandid.is\/?post_type=product&#038;p=24393"},"modified":"2026-02-20T12:28:30","modified_gmt":"2026-02-20T12:28:30","slug":"venture-ii","status":"publish","type":"product","link":"https:\/\/fodurlandid.is\/en\/product\/venture-ii\/","title":{"rendered":"Venture II snjall- og heilsu\u00far, 7-10 daga rafhla\u00f0a, BT 5.4, IP68 vatnsv\u00f6rn &amp; meira en 100 \u00ed\u00fer\u00f3ttastillingar"},"content":{"rendered":"<div style=\"width: 1020px;\" class=\"wp-video\"><video class=\"wp-video-shortcode\" id=\"video-24393-1\" width=\"1020\" height=\"574\" preload=\"metadata\" controls=\"controls\"><source type=\"video\/mp4\" src=\"https:\/\/fodurlandid.is\/wp-content\/uploads\/2025\/07\/JR-FV2.mp4?_=1\" \/><a href=\"https:\/\/fodurlandid.is\/wp-content\/uploads\/2025\/07\/JR-FV2.mp4\">https:\/\/fodurlandid.is\/wp-content\/uploads\/2025\/07\/JR-FV2.mp4<\/a><\/video><\/div>\n","protected":false},"excerpt":{"rendered":"<p>Fallegt, st\u00edlhreint, l\u00e9tt og notandav\u00e6nt snjall- og heilsu\u00far me\u00f0 1,43\u2033 Amoled snertiskj\u00e1, 466\u00d7466 upplausn og 1000nit birtu sem gerir \u00fari\u00f0 einstaklega sk\u00fdrt og bjart allan s\u00f3larhringinn. Rafhla\u00f0a endist \u00ed 7-10 daga \u00e1 einni hle\u00f0slu vi\u00f0 venjulega notkun og 30-40 daga \u00ed bi\u00f0st\u00f6\u00f0u.<\/p>\n<p>Snjall\u00fari\u00f0 er IP68 vatnsv\u00f6rn, \u00feolir allt a\u00f0 10 metra d\u00fdpi \u00ed fersku vatni og 30 m\u00edn \u00ed 1 metra d\u00fdpi. \u00dari\u00f0 er me\u00f0 Bluetooth 5.4 (n\u00fdjasta \u00fatg\u00e1fan) sem gerir \u00fe\u00e9r kleift a\u00f0 svara \u00ed snjalls\u00edmann \u00ed gegnum \u00fari\u00f0 (10 metra dr\u00e6gni). \u00de\u00fa s\u00e9r\u00f0 hver er a\u00f0 hringja, sms, skilabo\u00f0 \u00e1 samf\u00e9lagsmi\u00f0lum, vekjaraklukka, dagatal \u00e1samt \u00f6llu \u00fev\u00ed helsta.<\/p>\n<p>Snjall\u00fari\u00f0 er me\u00f0 meira en 100 \u00ed\u00fer\u00f3ttastillingar. \u00dea\u00f0 skynjar og skr\u00e1ir sj\u00e1lfkrafa \u00e6fingar hvort sem \u00fe\u00fa ert a\u00f0 hlaupa, hj\u00f3la e\u00f0a stunda j\u00f3ga. \u00dari\u00f0 m\u00e6lir me\u00f0al annars skrefafj\u00f6lda, s\u00farefni\u00f0 \u00ed bl\u00f3\u00f0i, hjartsl\u00e1tt, svefnmynstur, stress, g\u00f6ngu, hlaup og margt fleira.<\/p>\n<p>\u00dari\u00f0 er me\u00f0 appels\u00ednugulri \u00f3l sem au\u00f0velt er a\u00f0 skipta \u00fat fyrir hv\u00edta \u00f3l sem fylgir me\u00f0.<\/p>\n<p>\u2013 Myndband af v\u00f6ru ne\u00f0ar \u00e1 \u00feessari s\u00ed\u00f0u<br \/>\n\u2013 Litur: Svartur<br \/>\n\u2013 Bluetooth: 5.4 (10m dr\u00e6gni)<br \/>\n\u2013 Rafhla\u00f0a: 10 dagar vi\u00f0 berstu skilyr\u00f0i &amp; 30-40 dagar \u00ed bi\u00f0<br \/>\n\u2013 Snertiskj\u00e1r: 1,43 tommur &amp; skj\u00e1upplausn 466\u00d7466<br \/>\n\u2013 IP68 vatnsv\u00f6rn (10m d\u00fdpi)<br \/>\n\u2013 St\u00e6r\u00f0: 4,75 x 38,7 x 1,12 cm<br \/>\n\u2013 RAM: 128mb<br \/>\n\u2013 Hle\u00f0sla: 5V\/1A<br \/>\n\u2013 St\u00e6r\u00f0 \u00f3lar: 20\u00d72,2 cm<br \/>\n\u2013 \u00deyngd. 64 gr<br \/>\n\u2013 Vottun: CE &amp; ROHS<\/p>\n","protected":false},"featured_media":24396,"template":"","meta":[],"product_brand":[390],"product_cat":[412],"product_tag":[],"class_list":{"0":"post-24393","1":"product","2":"type-product","3":"status-publish","4":"has-post-thumbnail","6":"product_brand-joyroom","7":"product_cat-snjall-og-heilsuur","9":"first","10":"instock","11":"taxable","12":"shipping-taxable","13":"product-type-simple"},"yoast_head":"<!-- This site is optimized with the Yoast SEO Premium plugin v21.5 (Yoast SEO v27.3) - https:\/\/yoast.com\/product\/yoast-seo-premium-wordpress\/ -->\n<title>Snjall- &amp; heilsu\u00far | 7-10 daga rafhla\u00f0a | 100 \u00ed\u00fer\u00f3ttastillingar | BT 5.4<\/title>\n<meta name=\"description\" content=\"Venture II fr\u00e1 Joyroom er gl\u00e6silegt snjall\u00far me\u00f0 IP68 vatnsv\u00f6rn. 1,43\u2033 Amoled snertiskj\u00e1r, 466\u00d7466 upplausn &amp; 1000nit birtu sem gerir \u00fari\u00f0 einstaklega sk\u00fdrt &amp; bjart.\" \/>\n<meta name=\"robots\" content=\"index, follow, max-snippet:-1, max-image-preview:large, max-video-preview:-1\" \/>\n<link rel=\"canonical\" href=\"https:\/\/fodurlandid.is\/vara\/venture-ii\/\" \/>\n<meta property=\"og:locale\" content=\"en_US\" \/>\n<meta property=\"og:type\" content=\"article\" \/>\n<meta property=\"og:title\" content=\"Venture II snjall- og heilsu\u00far, 7-10 daga rafhla\u00f0a, BT 5.4, IP68 vatnsv\u00f6rn &amp; meira en 100 \u00ed\u00fer\u00f3ttastillingar\" \/>\n<meta property=\"og:description\" content=\"Venture II fr\u00e1 Joyroom er gl\u00e6silegt snjall\u00far me\u00f0 IP68 vatnsv\u00f6rn. 1,43\u2033 Amoled snertiskj\u00e1r, 466\u00d7466 upplausn &amp; 1000nit birtu sem gerir \u00fari\u00f0 einstaklega sk\u00fdrt &amp; bjart.\" \/>\n<meta property=\"og:url\" content=\"https:\/\/fodurlandid.is\/vara\/venture-ii\/\" \/>\n<meta property=\"og:site_name\" content=\"F&ouml;&eth;urlandi&eth; heildsala\" \/>\n<meta property=\"article:modified_time\" content=\"2026-02-20T12:28:30+00:00\" \/>\n<meta property=\"og:image\" content=\"https:\/\/fodurlandid.is\/wp-content\/uploads\/2025\/07\/JR-FV2.jpg\" \/>\n\t<meta property=\"og:image:width\" content=\"600\" \/>\n\t<meta property=\"og:image:height\" content=\"600\" \/>\n\t<meta property=\"og:image:type\" content=\"image\/jpeg\" \/>\n<meta name=\"twitter:card\" content=\"summary_large_image\" \/>\n<meta name=\"twitter:label1\" content=\"Est. reading time\" \/>\n\t<meta name=\"twitter:data1\" content=\"1 minute\" \/>\n<script type=\"application\/ld+json\" class=\"yoast-schema-graph\">{\"@context\":\"https:\\\/\\\/schema.org\",\"@graph\":[{\"@type\":\"WebPage\",\"@id\":\"https:\\\/\\\/fodurlandid.is\\\/vara\\\/venture-ii\\\/\",\"url\":\"https:\\\/\\\/fodurlandid.is\\\/vara\\\/venture-ii\\\/\",\"name\":\"Snjall- & heilsu\u00far | 7-10 daga rafhla\u00f0a | 100 \u00ed\u00fer\u00f3ttastillingar | BT 5.4\",\"isPartOf\":{\"@id\":\"https:\\\/\\\/fodurlandid.is\\\/#website\"},\"primaryImageOfPage\":{\"@id\":\"https:\\\/\\\/fodurlandid.is\\\/vara\\\/venture-ii\\\/#primaryimage\"},\"image\":{\"@id\":\"https:\\\/\\\/fodurlandid.is\\\/vara\\\/venture-ii\\\/#primaryimage\"},\"thumbnailUrl\":\"https:\\\/\\\/fodurlandid.is\\\/wp-content\\\/uploads\\\/2025\\\/07\\\/JR-FV2.jpg\",\"datePublished\":\"2025-07-17T07:14:54+00:00\",\"dateModified\":\"2026-02-20T12:28:30+00:00\",\"description\":\"Venture II fr\u00e1 Joyroom er gl\u00e6silegt snjall\u00far me\u00f0 IP68 vatnsv\u00f6rn. 1,43\u2033 Amoled snertiskj\u00e1r, 466\u00d7466 upplausn & 1000nit birtu sem gerir \u00fari\u00f0 einstaklega sk\u00fdrt & bjart.\",\"breadcrumb\":{\"@id\":\"https:\\\/\\\/fodurlandid.is\\\/vara\\\/venture-ii\\\/#breadcrumb\"},\"inLanguage\":\"en-US\",\"potentialAction\":[{\"@type\":\"ReadAction\",\"target\":[\"https:\\\/\\\/fodurlandid.is\\\/vara\\\/venture-ii\\\/\"]}]},{\"@type\":\"ImageObject\",\"inLanguage\":\"en-US\",\"@id\":\"https:\\\/\\\/fodurlandid.is\\\/vara\\\/venture-ii\\\/#primaryimage\",\"url\":\"https:\\\/\\\/fodurlandid.is\\\/wp-content\\\/uploads\\\/2025\\\/07\\\/JR-FV2.jpg\",\"contentUrl\":\"https:\\\/\\\/fodurlandid.is\\\/wp-content\\\/uploads\\\/2025\\\/07\\\/JR-FV2.jpg\",\"width\":600,\"height\":600},{\"@type\":\"BreadcrumbList\",\"@id\":\"https:\\\/\\\/fodurlandid.is\\\/vara\\\/venture-ii\\\/#breadcrumb\",\"itemListElement\":[{\"@type\":\"ListItem\",\"position\":1,\"name\":\"Home\",\"item\":\"https:\\\/\\\/fodurlandid.is\\\/\"},{\"@type\":\"ListItem\",\"position\":2,\"name\":\"Shop\",\"item\":\"https:\\\/\\\/www.vorulagerinn.is\\\/heildsala\\\/en\\\/shop\\\/\"},{\"@type\":\"ListItem\",\"position\":3,\"name\":\"Venture II snjall- og heilsu\u00far, 7-10 daga rafhla\u00f0a, BT 5.4, IP68 vatnsv\u00f6rn &amp; meira en 100 \u00ed\u00fer\u00f3ttastillingar\"}]},{\"@type\":\"WebSite\",\"@id\":\"https:\\\/\\\/fodurlandid.is\\\/#website\",\"url\":\"https:\\\/\\\/fodurlandid.is\\\/\",\"name\":\"F\u00f6\u00f0urlandi\u00f0 ehf, heildsala\",\"description\":\"Innflutnings, umbo&eth;s- og dreifingara&eth;ili\",\"publisher\":{\"@id\":\"https:\\\/\\\/fodurlandid.is\\\/#organization\"},\"alternateName\":\"Innflutnings, umbo\u00f0s- og dreifingara\u00f0ili\",\"potentialAction\":[{\"@type\":\"SearchAction\",\"target\":{\"@type\":\"EntryPoint\",\"urlTemplate\":\"https:\\\/\\\/fodurlandid.is\\\/?s={search_term_string}\"},\"query-input\":{\"@type\":\"PropertyValueSpecification\",\"valueRequired\":true,\"valueName\":\"search_term_string\"}}],\"inLanguage\":\"en-US\"},{\"@type\":\"Organization\",\"@id\":\"https:\\\/\\\/fodurlandid.is\\\/#organization\",\"name\":\"Innflutnings, umbo\u00f0s- og dreifingara\u00f0ili\",\"url\":\"https:\\\/\\\/fodurlandid.is\\\/\",\"logo\":{\"@type\":\"ImageObject\",\"inLanguage\":\"en-US\",\"@id\":\"https:\\\/\\\/fodurlandid.is\\\/#\\\/schema\\\/logo\\\/image\\\/\",\"url\":\"https:\\\/\\\/fodurlandid.is\\\/wp-content\\\/uploads\\\/2024\\\/05\\\/Fodurlandid.png\",\"contentUrl\":\"https:\\\/\\\/fodurlandid.is\\\/wp-content\\\/uploads\\\/2024\\\/05\\\/Fodurlandid.png\",\"width\":400,\"height\":293,\"caption\":\"Innflutnings, umbo\u00f0s- og dreifingara\u00f0ili\"},\"image\":{\"@id\":\"https:\\\/\\\/fodurlandid.is\\\/#\\\/schema\\\/logo\\\/image\\\/\"}}]}<\/script>\n<!-- \/ Yoast SEO Premium plugin. -->","yoast_head_json":{"title":"Snjall- & heilsu\u00far | 7-10 daga rafhla\u00f0a | 100 \u00ed\u00fer\u00f3ttastillingar | BT 5.4","description":"Venture II fr\u00e1 Joyroom er gl\u00e6silegt snjall\u00far me\u00f0 IP68 vatnsv\u00f6rn. 1,43\u2033 Amoled snertiskj\u00e1r, 466\u00d7466 upplausn & 1000nit birtu sem gerir \u00fari\u00f0 einstaklega sk\u00fdrt & bjart.","robots":{"index":"index","follow":"follow","max-snippet":"max-snippet:-1","max-image-preview":"max-image-preview:large","max-video-preview":"max-video-preview:-1"},"canonical":"https:\/\/fodurlandid.is\/vara\/venture-ii\/","og_locale":"en_US","og_type":"article","og_title":"Venture II snjall- og heilsu\u00far, 7-10 daga rafhla\u00f0a, BT 5.4, IP68 vatnsv\u00f6rn &amp; meira en 100 \u00ed\u00fer\u00f3ttastillingar","og_description":"Venture II fr\u00e1 Joyroom er gl\u00e6silegt snjall\u00far me\u00f0 IP68 vatnsv\u00f6rn. 1,43\u2033 Amoled snertiskj\u00e1r, 466\u00d7466 upplausn & 1000nit birtu sem gerir \u00fari\u00f0 einstaklega sk\u00fdrt & bjart.","og_url":"https:\/\/fodurlandid.is\/vara\/venture-ii\/","og_site_name":"F&ouml;&eth;urlandi&eth; heildsala","article_modified_time":"2026-02-20T12:28:30+00:00","og_image":[{"width":600,"height":600,"url":"https:\/\/fodurlandid.is\/wp-content\/uploads\/2025\/07\/JR-FV2.jpg","type":"image\/jpeg"}],"twitter_card":"summary_large_image","twitter_misc":{"Est. reading time":"1 minute"},"schema":{"@context":"https:\/\/schema.org","@graph":[{"@type":"WebPage","@id":"https:\/\/fodurlandid.is\/vara\/venture-ii\/","url":"https:\/\/fodurlandid.is\/vara\/venture-ii\/","name":"Snjall- & heilsu\u00far | 7-10 daga rafhla\u00f0a | 100 \u00ed\u00fer\u00f3ttastillingar | BT 5.4","isPartOf":{"@id":"https:\/\/fodurlandid.is\/#website"},"primaryImageOfPage":{"@id":"https:\/\/fodurlandid.is\/vara\/venture-ii\/#primaryimage"},"image":{"@id":"https:\/\/fodurlandid.is\/vara\/venture-ii\/#primaryimage"},"thumbnailUrl":"https:\/\/fodurlandid.is\/wp-content\/uploads\/2025\/07\/JR-FV2.jpg","datePublished":"2025-07-17T07:14:54+00:00","dateModified":"2026-02-20T12:28:30+00:00","description":"Venture II fr\u00e1 Joyroom er gl\u00e6silegt snjall\u00far me\u00f0 IP68 vatnsv\u00f6rn. 1,43\u2033 Amoled snertiskj\u00e1r, 466\u00d7466 upplausn & 1000nit birtu sem gerir \u00fari\u00f0 einstaklega sk\u00fdrt & bjart.","breadcrumb":{"@id":"https:\/\/fodurlandid.is\/vara\/venture-ii\/#breadcrumb"},"inLanguage":"en-US","potentialAction":[{"@type":"ReadAction","target":["https:\/\/fodurlandid.is\/vara\/venture-ii\/"]}]},{"@type":"ImageObject","inLanguage":"en-US","@id":"https:\/\/fodurlandid.is\/vara\/venture-ii\/#primaryimage","url":"https:\/\/fodurlandid.is\/wp-content\/uploads\/2025\/07\/JR-FV2.jpg","contentUrl":"https:\/\/fodurlandid.is\/wp-content\/uploads\/2025\/07\/JR-FV2.jpg","width":600,"height":600},{"@type":"BreadcrumbList","@id":"https:\/\/fodurlandid.is\/vara\/venture-ii\/#breadcrumb","itemListElement":[{"@type":"ListItem","position":1,"name":"Home","item":"https:\/\/fodurlandid.is\/"},{"@type":"ListItem","position":2,"name":"Shop","item":"https:\/\/www.vorulagerinn.is\/heildsala\/en\/shop\/"},{"@type":"ListItem","position":3,"name":"Venture II snjall- og heilsu\u00far, 7-10 daga rafhla\u00f0a, BT 5.4, IP68 vatnsv\u00f6rn &amp; meira en 100 \u00ed\u00fer\u00f3ttastillingar"}]},{"@type":"WebSite","@id":"https:\/\/fodurlandid.is\/#website","url":"https:\/\/fodurlandid.is\/","name":"F\u00f6\u00f0urlandi\u00f0 ehf, heildsala","description":"Innflutnings, umbo&eth;s- og dreifingara&eth;ili","publisher":{"@id":"https:\/\/fodurlandid.is\/#organization"},"alternateName":"Innflutnings, umbo\u00f0s- og dreifingara\u00f0ili","potentialAction":[{"@type":"SearchAction","target":{"@type":"EntryPoint","urlTemplate":"https:\/\/fodurlandid.is\/?s={search_term_string}"},"query-input":{"@type":"PropertyValueSpecification","valueRequired":true,"valueName":"search_term_string"}}],"inLanguage":"en-US"},{"@type":"Organization","@id":"https:\/\/fodurlandid.is\/#organization","name":"Innflutnings, umbo\u00f0s- og dreifingara\u00f0ili","url":"https:\/\/fodurlandid.is\/","logo":{"@type":"ImageObject","inLanguage":"en-US","@id":"https:\/\/fodurlandid.is\/#\/schema\/logo\/image\/","url":"https:\/\/fodurlandid.is\/wp-content\/uploads\/2024\/05\/Fodurlandid.png","contentUrl":"https:\/\/fodurlandid.is\/wp-content\/uploads\/2024\/05\/Fodurlandid.png","width":400,"height":293,"caption":"Innflutnings, umbo\u00f0s- og dreifingara\u00f0ili"},"image":{"@id":"https:\/\/fodurlandid.is\/#\/schema\/logo\/image\/"}}]}},"_links":{"self":[{"href":"https:\/\/fodurlandid.is\/en\/wp-json\/wp\/v2\/product\/24393","targetHints":{"allow":["GET"]}}],"collection":[{"href":"https:\/\/fodurlandid.is\/en\/wp-json\/wp\/v2\/product"}],"about":[{"href":"https:\/\/fodurlandid.is\/en\/wp-json\/wp\/v2\/types\/product"}],"wp:featuredmedia":[{"embeddable":true,"href":"https:\/\/fodurlandid.is\/en\/wp-json\/wp\/v2\/media\/24396"}],"wp:attachment":[{"href":"https:\/\/fodurlandid.is\/en\/wp-json\/wp\/v2\/media?parent=24393"}],"wp:term":[{"taxonomy":"product_brand","embeddable":true,"href":"https:\/\/fodurlandid.is\/en\/wp-json\/wp\/v2\/product_brand?post=24393"},{"taxonomy":"product_cat","embeddable":true,"href":"https:\/\/fodurlandid.is\/en\/wp-json\/wp\/v2\/product_cat?post=24393"},{"taxonomy":"product_tag","embeddable":true,"href":"https:\/\/fodurlandid.is\/en\/wp-json\/wp\/v2\/product_tag?post=24393"}],"curies":[{"name":"wp","href":"https:\/\/api.w.org\/{rel}","templated":true}]}}