{"id":24377,"date":"2025-07-16T19:18:52","date_gmt":"2025-07-16T19:18:52","guid":{"rendered":"https:\/\/fodurlandid.is\/?post_type=product&#038;p=24377"},"modified":"2026-02-15T18:40:35","modified_gmt":"2026-02-15T18:40:35","slug":"jr-ccb02","status":"publish","type":"product","link":"https:\/\/fodurlandid.is\/en\/product\/jr-ccb02\/","title":{"rendered":"\u00datvarpssendir \u00ed b\u00edl me\u00f0 Bluetooth 5,4 og 60W hra\u00f0hle\u00f0slu me\u00f0 1x USB-C &amp; 1x USB-A tengi"},"content":{"rendered":"","protected":false},"excerpt":{"rendered":"<p>FM \u00fatvarpssendirinn tengist \u00ed s\u00edgarettukveikjarann \u00ed b\u00edlnum. Hann er me\u00f0 Bluetooth 5,4 (n\u00fdjasta \u00fatg\u00e1fan) sem gerir \u00fe\u00e9r kleift a\u00f0 hlusta \u00e1 t\u00f3nlist \u00far s\u00edmanum e\u00f0a t\u00f6lvunni \u00ed b\u00edlnum. Sendirinn er me\u00f0 60W hra\u00f0hle\u00f0slu, 1x USB-C &amp; 1x USB-A tengi \u00e1samt USB-C hle\u00f0slusn\u00faru sem h\u00e6gt er a\u00f0 tengja vi\u00f0 snjalls\u00edma, fart\u00f6lvu, heyrnat\u00f3l og \u00f6nnur USB-C t\u00e6ki.<\/p>\n<p>Virkar b\u00e6\u00f0i fyrir Apple og Android t\u00e6ki.<\/p>\n<p>\u2013 Litur: Svartur<br \/>\n\u2013 Bluetooth: 5,4 (n\u00fdjasta \u00fatg\u00e1fan)<br \/>\n\u2013 60W hra\u00f0hle\u00f0sla: 1x USB-C &amp; 1 USB-A<br \/>\n\u2013 \u00deyngd: 73g<br \/>\n\u2013 St\u00e6r\u00f0: 36,8\u00d736,8\u00d775,5 mm<br \/>\n\u2013 Input: 12-24V\/5A<br \/>\n\u2013 Output: 5V=3A,9V=3A,12V=2.5A,15V=2A,20V=1.5A<br \/>\n\u2013 Vottun: CE, ROHS, FCC &amp; UKCA<\/p>\n","protected":false},"featured_media":24381,"template":"","meta":[],"product_brand":[390],"product_cat":[411],"product_tag":[],"class_list":{"0":"post-24377","1":"product","2":"type-product","3":"status-publish","4":"has-post-thumbnail","6":"product_brand-joyroom","7":"product_cat-hledslutengi-i-bil","9":"first","10":"instock","11":"taxable","12":"shipping-taxable","13":"product-type-simple"},"yoast_head":"<!-- This site is optimized with the Yoast SEO Premium plugin v21.5 (Yoast SEO v27.3) - https:\/\/yoast.com\/product\/yoast-seo-premium-wordpress\/ -->\n<title>\u00datvarpssendir \u00ed b\u00edl me\u00f0 60W hra\u00f0hle\u00f0slu USB-C &amp; 1x USB-A tengi<\/title>\n<meta name=\"description\" content=\"FM \u00fatvarpssendir sem tengist \u00ed s\u00edgarettukveikjarann \u00ed b\u00edlnum. Hann er me\u00f0 Bluetooth 5,4 sem gerir \u00fe\u00e9r kleift a\u00f0 hlusta \u00e1 t\u00f3nlist \u00far s\u00edmanum e\u00f0a t\u00f6lvunni \u00ed b\u00edlnum.\" \/>\n<meta name=\"robots\" content=\"index, follow, max-snippet:-1, max-image-preview:large, max-video-preview:-1\" \/>\n<link rel=\"canonical\" href=\"https:\/\/fodurlandid.is\/vara\/jr-ccb02\/\" \/>\n<meta property=\"og:locale\" content=\"en_US\" \/>\n<meta property=\"og:type\" content=\"article\" \/>\n<meta property=\"og:title\" content=\"\u00datvarpssendir \u00ed b\u00edl me\u00f0 Bluetooth 5,4 og 60W hra\u00f0hle\u00f0slu me\u00f0 1x USB-C &amp; 1x USB-A tengi\" \/>\n<meta property=\"og:description\" content=\"FM \u00fatvarpssendir sem tengist \u00ed s\u00edgarettukveikjarann \u00ed b\u00edlnum. Hann er me\u00f0 Bluetooth 5,4 sem gerir \u00fe\u00e9r kleift a\u00f0 hlusta \u00e1 t\u00f3nlist \u00far s\u00edmanum e\u00f0a t\u00f6lvunni \u00ed b\u00edlnum.\" \/>\n<meta property=\"og:url\" content=\"https:\/\/fodurlandid.is\/vara\/jr-ccb02\/\" \/>\n<meta property=\"og:site_name\" content=\"F&ouml;&eth;urlandi&eth; heildsala\" \/>\n<meta property=\"article:modified_time\" content=\"2026-02-15T18:40:35+00:00\" \/>\n<meta property=\"og:image\" content=\"https:\/\/fodurlandid.is\/wp-content\/uploads\/2025\/07\/Joyroom-JR-CCB02.jpg\" \/>\n\t<meta property=\"og:image:width\" content=\"600\" \/>\n\t<meta property=\"og:image:height\" content=\"600\" \/>\n\t<meta property=\"og:image:type\" content=\"image\/jpeg\" \/>\n<meta name=\"twitter:card\" content=\"summary_large_image\" \/>\n<meta name=\"twitter:label1\" content=\"Est. reading time\" \/>\n\t<meta name=\"twitter:data1\" content=\"1 minute\" \/>\n<script type=\"application\/ld+json\" class=\"yoast-schema-graph\">{\"@context\":\"https:\\\/\\\/schema.org\",\"@graph\":[{\"@type\":\"WebPage\",\"@id\":\"https:\\\/\\\/fodurlandid.is\\\/vara\\\/jr-ccb02\\\/\",\"url\":\"https:\\\/\\\/fodurlandid.is\\\/vara\\\/jr-ccb02\\\/\",\"name\":\"\u00datvarpssendir \u00ed b\u00edl me\u00f0 60W hra\u00f0hle\u00f0slu USB-C & 1x USB-A tengi\",\"isPartOf\":{\"@id\":\"https:\\\/\\\/fodurlandid.is\\\/#website\"},\"primaryImageOfPage\":{\"@id\":\"https:\\\/\\\/fodurlandid.is\\\/vara\\\/jr-ccb02\\\/#primaryimage\"},\"image\":{\"@id\":\"https:\\\/\\\/fodurlandid.is\\\/vara\\\/jr-ccb02\\\/#primaryimage\"},\"thumbnailUrl\":\"https:\\\/\\\/fodurlandid.is\\\/wp-content\\\/uploads\\\/2025\\\/07\\\/Joyroom-JR-CCB02.jpg\",\"datePublished\":\"2025-07-16T19:18:52+00:00\",\"dateModified\":\"2026-02-15T18:40:35+00:00\",\"description\":\"FM \u00fatvarpssendir sem tengist \u00ed s\u00edgarettukveikjarann \u00ed b\u00edlnum. Hann er me\u00f0 Bluetooth 5,4 sem gerir \u00fe\u00e9r kleift a\u00f0 hlusta \u00e1 t\u00f3nlist \u00far s\u00edmanum e\u00f0a t\u00f6lvunni \u00ed b\u00edlnum.\",\"breadcrumb\":{\"@id\":\"https:\\\/\\\/fodurlandid.is\\\/vara\\\/jr-ccb02\\\/#breadcrumb\"},\"inLanguage\":\"en-US\",\"potentialAction\":[{\"@type\":\"ReadAction\",\"target\":[\"https:\\\/\\\/fodurlandid.is\\\/vara\\\/jr-ccb02\\\/\"]}]},{\"@type\":\"ImageObject\",\"inLanguage\":\"en-US\",\"@id\":\"https:\\\/\\\/fodurlandid.is\\\/vara\\\/jr-ccb02\\\/#primaryimage\",\"url\":\"https:\\\/\\\/fodurlandid.is\\\/wp-content\\\/uploads\\\/2025\\\/07\\\/Joyroom-JR-CCB02.jpg\",\"contentUrl\":\"https:\\\/\\\/fodurlandid.is\\\/wp-content\\\/uploads\\\/2025\\\/07\\\/Joyroom-JR-CCB02.jpg\",\"width\":600,\"height\":600},{\"@type\":\"BreadcrumbList\",\"@id\":\"https:\\\/\\\/fodurlandid.is\\\/vara\\\/jr-ccb02\\\/#breadcrumb\",\"itemListElement\":[{\"@type\":\"ListItem\",\"position\":1,\"name\":\"Home\",\"item\":\"https:\\\/\\\/fodurlandid.is\\\/\"},{\"@type\":\"ListItem\",\"position\":2,\"name\":\"Shop\",\"item\":\"https:\\\/\\\/www.vorulagerinn.is\\\/heildsala\\\/en\\\/shop\\\/\"},{\"@type\":\"ListItem\",\"position\":3,\"name\":\"\u00datvarpssendir \u00ed b\u00edl me\u00f0 Bluetooth 5,4 og 60W hra\u00f0hle\u00f0slu me\u00f0 1x USB-C &amp; 1x USB-A tengi\"}]},{\"@type\":\"WebSite\",\"@id\":\"https:\\\/\\\/fodurlandid.is\\\/#website\",\"url\":\"https:\\\/\\\/fodurlandid.is\\\/\",\"name\":\"F\u00f6\u00f0urlandi\u00f0 ehf, heildsala\",\"description\":\"Innflutnings, umbo&eth;s- og dreifingara&eth;ili\",\"publisher\":{\"@id\":\"https:\\\/\\\/fodurlandid.is\\\/#organization\"},\"alternateName\":\"Innflutnings, umbo\u00f0s- og dreifingara\u00f0ili\",\"potentialAction\":[{\"@type\":\"SearchAction\",\"target\":{\"@type\":\"EntryPoint\",\"urlTemplate\":\"https:\\\/\\\/fodurlandid.is\\\/?s={search_term_string}\"},\"query-input\":{\"@type\":\"PropertyValueSpecification\",\"valueRequired\":true,\"valueName\":\"search_term_string\"}}],\"inLanguage\":\"en-US\"},{\"@type\":\"Organization\",\"@id\":\"https:\\\/\\\/fodurlandid.is\\\/#organization\",\"name\":\"Innflutnings, umbo\u00f0s- og dreifingara\u00f0ili\",\"url\":\"https:\\\/\\\/fodurlandid.is\\\/\",\"logo\":{\"@type\":\"ImageObject\",\"inLanguage\":\"en-US\",\"@id\":\"https:\\\/\\\/fodurlandid.is\\\/#\\\/schema\\\/logo\\\/image\\\/\",\"url\":\"https:\\\/\\\/fodurlandid.is\\\/wp-content\\\/uploads\\\/2024\\\/05\\\/Fodurlandid.png\",\"contentUrl\":\"https:\\\/\\\/fodurlandid.is\\\/wp-content\\\/uploads\\\/2024\\\/05\\\/Fodurlandid.png\",\"width\":400,\"height\":293,\"caption\":\"Innflutnings, umbo\u00f0s- og dreifingara\u00f0ili\"},\"image\":{\"@id\":\"https:\\\/\\\/fodurlandid.is\\\/#\\\/schema\\\/logo\\\/image\\\/\"}}]}<\/script>\n<!-- \/ Yoast SEO Premium plugin. -->","yoast_head_json":{"title":"\u00datvarpssendir \u00ed b\u00edl me\u00f0 60W hra\u00f0hle\u00f0slu USB-C & 1x USB-A tengi","description":"FM \u00fatvarpssendir sem tengist \u00ed s\u00edgarettukveikjarann \u00ed b\u00edlnum. Hann er me\u00f0 Bluetooth 5,4 sem gerir \u00fe\u00e9r kleift a\u00f0 hlusta \u00e1 t\u00f3nlist \u00far s\u00edmanum e\u00f0a t\u00f6lvunni \u00ed b\u00edlnum.","robots":{"index":"index","follow":"follow","max-snippet":"max-snippet:-1","max-image-preview":"max-image-preview:large","max-video-preview":"max-video-preview:-1"},"canonical":"https:\/\/fodurlandid.is\/vara\/jr-ccb02\/","og_locale":"en_US","og_type":"article","og_title":"\u00datvarpssendir \u00ed b\u00edl me\u00f0 Bluetooth 5,4 og 60W hra\u00f0hle\u00f0slu me\u00f0 1x USB-C &amp; 1x USB-A tengi","og_description":"FM \u00fatvarpssendir sem tengist \u00ed s\u00edgarettukveikjarann \u00ed b\u00edlnum. Hann er me\u00f0 Bluetooth 5,4 sem gerir \u00fe\u00e9r kleift a\u00f0 hlusta \u00e1 t\u00f3nlist \u00far s\u00edmanum e\u00f0a t\u00f6lvunni \u00ed b\u00edlnum.","og_url":"https:\/\/fodurlandid.is\/vara\/jr-ccb02\/","og_site_name":"F&ouml;&eth;urlandi&eth; heildsala","article_modified_time":"2026-02-15T18:40:35+00:00","og_image":[{"width":600,"height":600,"url":"https:\/\/fodurlandid.is\/wp-content\/uploads\/2025\/07\/Joyroom-JR-CCB02.jpg","type":"image\/jpeg"}],"twitter_card":"summary_large_image","twitter_misc":{"Est. reading time":"1 minute"},"schema":{"@context":"https:\/\/schema.org","@graph":[{"@type":"WebPage","@id":"https:\/\/fodurlandid.is\/vara\/jr-ccb02\/","url":"https:\/\/fodurlandid.is\/vara\/jr-ccb02\/","name":"\u00datvarpssendir \u00ed b\u00edl me\u00f0 60W hra\u00f0hle\u00f0slu USB-C & 1x USB-A tengi","isPartOf":{"@id":"https:\/\/fodurlandid.is\/#website"},"primaryImageOfPage":{"@id":"https:\/\/fodurlandid.is\/vara\/jr-ccb02\/#primaryimage"},"image":{"@id":"https:\/\/fodurlandid.is\/vara\/jr-ccb02\/#primaryimage"},"thumbnailUrl":"https:\/\/fodurlandid.is\/wp-content\/uploads\/2025\/07\/Joyroom-JR-CCB02.jpg","datePublished":"2025-07-16T19:18:52+00:00","dateModified":"2026-02-15T18:40:35+00:00","description":"FM \u00fatvarpssendir sem tengist \u00ed s\u00edgarettukveikjarann \u00ed b\u00edlnum. Hann er me\u00f0 Bluetooth 5,4 sem gerir \u00fe\u00e9r kleift a\u00f0 hlusta \u00e1 t\u00f3nlist \u00far s\u00edmanum e\u00f0a t\u00f6lvunni \u00ed b\u00edlnum.","breadcrumb":{"@id":"https:\/\/fodurlandid.is\/vara\/jr-ccb02\/#breadcrumb"},"inLanguage":"en-US","potentialAction":[{"@type":"ReadAction","target":["https:\/\/fodurlandid.is\/vara\/jr-ccb02\/"]}]},{"@type":"ImageObject","inLanguage":"en-US","@id":"https:\/\/fodurlandid.is\/vara\/jr-ccb02\/#primaryimage","url":"https:\/\/fodurlandid.is\/wp-content\/uploads\/2025\/07\/Joyroom-JR-CCB02.jpg","contentUrl":"https:\/\/fodurlandid.is\/wp-content\/uploads\/2025\/07\/Joyroom-JR-CCB02.jpg","width":600,"height":600},{"@type":"BreadcrumbList","@id":"https:\/\/fodurlandid.is\/vara\/jr-ccb02\/#breadcrumb","itemListElement":[{"@type":"ListItem","position":1,"name":"Home","item":"https:\/\/fodurlandid.is\/"},{"@type":"ListItem","position":2,"name":"Shop","item":"https:\/\/www.vorulagerinn.is\/heildsala\/en\/shop\/"},{"@type":"ListItem","position":3,"name":"\u00datvarpssendir \u00ed b\u00edl me\u00f0 Bluetooth 5,4 og 60W hra\u00f0hle\u00f0slu me\u00f0 1x USB-C &amp; 1x USB-A tengi"}]},{"@type":"WebSite","@id":"https:\/\/fodurlandid.is\/#website","url":"https:\/\/fodurlandid.is\/","name":"F\u00f6\u00f0urlandi\u00f0 ehf, heildsala","description":"Innflutnings, umbo&eth;s- og dreifingara&eth;ili","publisher":{"@id":"https:\/\/fodurlandid.is\/#organization"},"alternateName":"Innflutnings, umbo\u00f0s- og dreifingara\u00f0ili","potentialAction":[{"@type":"SearchAction","target":{"@type":"EntryPoint","urlTemplate":"https:\/\/fodurlandid.is\/?s={search_term_string}"},"query-input":{"@type":"PropertyValueSpecification","valueRequired":true,"valueName":"search_term_string"}}],"inLanguage":"en-US"},{"@type":"Organization","@id":"https:\/\/fodurlandid.is\/#organization","name":"Innflutnings, umbo\u00f0s- og dreifingara\u00f0ili","url":"https:\/\/fodurlandid.is\/","logo":{"@type":"ImageObject","inLanguage":"en-US","@id":"https:\/\/fodurlandid.is\/#\/schema\/logo\/image\/","url":"https:\/\/fodurlandid.is\/wp-content\/uploads\/2024\/05\/Fodurlandid.png","contentUrl":"https:\/\/fodurlandid.is\/wp-content\/uploads\/2024\/05\/Fodurlandid.png","width":400,"height":293,"caption":"Innflutnings, umbo\u00f0s- og dreifingara\u00f0ili"},"image":{"@id":"https:\/\/fodurlandid.is\/#\/schema\/logo\/image\/"}}]}},"_links":{"self":[{"href":"https:\/\/fodurlandid.is\/en\/wp-json\/wp\/v2\/product\/24377","targetHints":{"allow":["GET"]}}],"collection":[{"href":"https:\/\/fodurlandid.is\/en\/wp-json\/wp\/v2\/product"}],"about":[{"href":"https:\/\/fodurlandid.is\/en\/wp-json\/wp\/v2\/types\/product"}],"wp:featuredmedia":[{"embeddable":true,"href":"https:\/\/fodurlandid.is\/en\/wp-json\/wp\/v2\/media\/24381"}],"wp:attachment":[{"href":"https:\/\/fodurlandid.is\/en\/wp-json\/wp\/v2\/media?parent=24377"}],"wp:term":[{"taxonomy":"product_brand","embeddable":true,"href":"https:\/\/fodurlandid.is\/en\/wp-json\/wp\/v2\/product_brand?post=24377"},{"taxonomy":"product_cat","embeddable":true,"href":"https:\/\/fodurlandid.is\/en\/wp-json\/wp\/v2\/product_cat?post=24377"},{"taxonomy":"product_tag","embeddable":true,"href":"https:\/\/fodurlandid.is\/en\/wp-json\/wp\/v2\/product_tag?post=24377"}],"curies":[{"name":"wp","href":"https:\/\/api.w.org\/{rel}","templated":true}]}}