{"id":24354,"date":"2025-07-16T16:03:26","date_gmt":"2025-07-16T16:03:26","guid":{"rendered":"https:\/\/fodurlandid.is\/?post_type=product&#038;p=24354"},"modified":"2026-03-04T12:27:18","modified_gmt":"2026-03-04T12:27:18","slug":"jr-ccn01","status":"publish","type":"product","link":"https:\/\/fodurlandid.is\/en\/product\/jr-ccn01\/","title":{"rendered":"60W hle\u00f0slutengi \u00ed b\u00edl me\u00f0 USB-A og USB-C tengi"},"content":{"rendered":"","protected":false},"excerpt":{"rendered":"<p>\u00d6flugt 60W hra\u00f0hle\u00f0slutengi sem tengist s\u00edgarettukveikjaranum \u00ed b\u00edlnum. T\u00e6ki\u00f0 er me\u00f0 USB-A og USB-C tengi sem gerir \u00fe\u00e9r kleift a\u00f0 hla\u00f0a tv\u00f6 t\u00e6ki samt\u00edmis. Hra\u00f0hle\u00f0slutengi\u00f0 sty\u00f0ur helstu hra\u00f0hle\u00f0slusni\u00f0, \u00fear \u00e1 me\u00f0al PD3.0, QC3.0, PPS, Samsung AFC og Huawei SCP, sem tryggir hra\u00f0a og \u00f6rugga hle\u00f0slu.<\/p>\n<p>\u2013 Litur: Svartur<br \/>\n\u2013 St\u00e6r\u00f0: 7 x 3,3 x 3,3 cm<br \/>\n\u2013 \u00deyngd: 24,5g<br \/>\n\u2013 60W hra\u00f0hle\u00f0sla<br \/>\n\u2013 Efni: Eld\u00feoli\u00f0 efni PC+ABS sem tryggir \u00f6ruggari hle\u00f0slu me\u00f0 minni hitamyndun.<br \/>\n\u2013 Vottun: CE, ROHS, FC &amp; UKCA<\/p>\n<p><strong>T\u00e6knilegar uppl\u00fdsingar:<\/strong><br \/>\nInntak: DC 12-24V\u200b<br \/>\nUSB-C \u00fatgangur: 5V=3A, 9V=3A, 12V=2.5A, 15V=2A, 20V=1.5A<br \/>\nPPS: 3.3-11V=3A (h\u00e1mark)<br \/>\nUSB-A \u00fatgangur: 5V=3A, 9V=3A, 12V=2.5A, 20V=1.5A<br \/>\nHeildarafl: 60W (h\u00e1mark)<\/p>\n","protected":false},"featured_media":24355,"template":"","meta":[],"product_brand":[390],"product_cat":[411],"product_tag":[],"class_list":{"0":"post-24354","1":"product","2":"type-product","3":"status-publish","4":"has-post-thumbnail","6":"product_brand-joyroom","7":"product_cat-hledslutengi-i-bil","9":"first","10":"instock","11":"taxable","12":"shipping-taxable","13":"product-type-simple"},"yoast_head":"<!-- This site is optimized with the Yoast SEO Premium plugin v21.5 (Yoast SEO v27.3) - https:\/\/yoast.com\/product\/yoast-seo-premium-wordpress\/ -->\n<title>60W hle\u00f0slutengi \u00ed b\u00edl me\u00f0 USB-A og USB-C tengi<\/title>\n<meta name=\"description\" content=\"\u00d6flugt 60W hra\u00f0hle\u00f0slutengi sem tengist s\u00edgarettukveikjaranum \u00ed b\u00edlnum. T\u00e6ki\u00f0 er me\u00f0 USB-A &amp; USB-C tengi, sem gerir \u00fe\u00e9r kleift a\u00f0 hla\u00f0a tv\u00f6 t\u00e6ki samt\u00edmis.\" \/>\n<meta name=\"robots\" content=\"index, follow, max-snippet:-1, max-image-preview:large, max-video-preview:-1\" \/>\n<link rel=\"canonical\" href=\"https:\/\/fodurlandid.is\/vara\/jr-ccn01\/\" \/>\n<meta property=\"og:locale\" content=\"en_US\" \/>\n<meta property=\"og:type\" content=\"article\" \/>\n<meta property=\"og:title\" content=\"60W hle\u00f0slutengi \u00ed b\u00edl me\u00f0 USB-A og USB-C tengi\" \/>\n<meta property=\"og:description\" content=\"\u00d6flugt 60W hra\u00f0hle\u00f0slutengi sem tengist s\u00edgarettukveikjaranum \u00ed b\u00edlnum. T\u00e6ki\u00f0 er me\u00f0 USB-A &amp; USB-C tengi, sem gerir \u00fe\u00e9r kleift a\u00f0 hla\u00f0a tv\u00f6 t\u00e6ki samt\u00edmis.\" \/>\n<meta property=\"og:url\" content=\"https:\/\/fodurlandid.is\/vara\/jr-ccn01\/\" \/>\n<meta property=\"og:site_name\" content=\"F&ouml;&eth;urlandi&eth; heildsala\" \/>\n<meta property=\"article:modified_time\" content=\"2026-03-04T12:27:18+00:00\" \/>\n<meta property=\"og:image\" content=\"https:\/\/fodurlandid.is\/wp-content\/uploads\/2025\/07\/JR-CCN01.jpg\" \/>\n\t<meta property=\"og:image:width\" content=\"600\" \/>\n\t<meta property=\"og:image:height\" content=\"600\" \/>\n\t<meta property=\"og:image:type\" content=\"image\/jpeg\" \/>\n<meta name=\"twitter:card\" content=\"summary_large_image\" \/>\n<meta name=\"twitter:label1\" content=\"Est. reading time\" \/>\n\t<meta name=\"twitter:data1\" content=\"1 minute\" \/>\n<script type=\"application\/ld+json\" class=\"yoast-schema-graph\">{\"@context\":\"https:\\\/\\\/schema.org\",\"@graph\":[{\"@type\":\"WebPage\",\"@id\":\"https:\\\/\\\/fodurlandid.is\\\/vara\\\/jr-ccn01\\\/\",\"url\":\"https:\\\/\\\/fodurlandid.is\\\/vara\\\/jr-ccn01\\\/\",\"name\":\"60W hle\u00f0slutengi \u00ed b\u00edl me\u00f0 USB-A og USB-C tengi\",\"isPartOf\":{\"@id\":\"https:\\\/\\\/fodurlandid.is\\\/#website\"},\"primaryImageOfPage\":{\"@id\":\"https:\\\/\\\/fodurlandid.is\\\/vara\\\/jr-ccn01\\\/#primaryimage\"},\"image\":{\"@id\":\"https:\\\/\\\/fodurlandid.is\\\/vara\\\/jr-ccn01\\\/#primaryimage\"},\"thumbnailUrl\":\"https:\\\/\\\/fodurlandid.is\\\/wp-content\\\/uploads\\\/2025\\\/07\\\/JR-CCN01.jpg\",\"datePublished\":\"2025-07-16T16:03:26+00:00\",\"dateModified\":\"2026-03-04T12:27:18+00:00\",\"description\":\"\u00d6flugt 60W hra\u00f0hle\u00f0slutengi sem tengist s\u00edgarettukveikjaranum \u00ed b\u00edlnum. T\u00e6ki\u00f0 er me\u00f0 USB-A & USB-C tengi, sem gerir \u00fe\u00e9r kleift a\u00f0 hla\u00f0a tv\u00f6 t\u00e6ki samt\u00edmis.\",\"breadcrumb\":{\"@id\":\"https:\\\/\\\/fodurlandid.is\\\/vara\\\/jr-ccn01\\\/#breadcrumb\"},\"inLanguage\":\"en-US\",\"potentialAction\":[{\"@type\":\"ReadAction\",\"target\":[\"https:\\\/\\\/fodurlandid.is\\\/vara\\\/jr-ccn01\\\/\"]}]},{\"@type\":\"ImageObject\",\"inLanguage\":\"en-US\",\"@id\":\"https:\\\/\\\/fodurlandid.is\\\/vara\\\/jr-ccn01\\\/#primaryimage\",\"url\":\"https:\\\/\\\/fodurlandid.is\\\/wp-content\\\/uploads\\\/2025\\\/07\\\/JR-CCN01.jpg\",\"contentUrl\":\"https:\\\/\\\/fodurlandid.is\\\/wp-content\\\/uploads\\\/2025\\\/07\\\/JR-CCN01.jpg\",\"width\":600,\"height\":600},{\"@type\":\"BreadcrumbList\",\"@id\":\"https:\\\/\\\/fodurlandid.is\\\/vara\\\/jr-ccn01\\\/#breadcrumb\",\"itemListElement\":[{\"@type\":\"ListItem\",\"position\":1,\"name\":\"Home\",\"item\":\"https:\\\/\\\/fodurlandid.is\\\/\"},{\"@type\":\"ListItem\",\"position\":2,\"name\":\"Shop\",\"item\":\"https:\\\/\\\/www.vorulagerinn.is\\\/heildsala\\\/en\\\/shop\\\/\"},{\"@type\":\"ListItem\",\"position\":3,\"name\":\"60W hle\u00f0slutengi \u00ed b\u00edl me\u00f0 USB-A og USB-C tengi\"}]},{\"@type\":\"WebSite\",\"@id\":\"https:\\\/\\\/fodurlandid.is\\\/#website\",\"url\":\"https:\\\/\\\/fodurlandid.is\\\/\",\"name\":\"F\u00f6\u00f0urlandi\u00f0 ehf, heildsala\",\"description\":\"Innflutnings, umbo&eth;s- og dreifingara&eth;ili\",\"publisher\":{\"@id\":\"https:\\\/\\\/fodurlandid.is\\\/#organization\"},\"alternateName\":\"Innflutnings, umbo\u00f0s- og dreifingara\u00f0ili\",\"potentialAction\":[{\"@type\":\"SearchAction\",\"target\":{\"@type\":\"EntryPoint\",\"urlTemplate\":\"https:\\\/\\\/fodurlandid.is\\\/?s={search_term_string}\"},\"query-input\":{\"@type\":\"PropertyValueSpecification\",\"valueRequired\":true,\"valueName\":\"search_term_string\"}}],\"inLanguage\":\"en-US\"},{\"@type\":\"Organization\",\"@id\":\"https:\\\/\\\/fodurlandid.is\\\/#organization\",\"name\":\"Innflutnings, umbo\u00f0s- og dreifingara\u00f0ili\",\"url\":\"https:\\\/\\\/fodurlandid.is\\\/\",\"logo\":{\"@type\":\"ImageObject\",\"inLanguage\":\"en-US\",\"@id\":\"https:\\\/\\\/fodurlandid.is\\\/#\\\/schema\\\/logo\\\/image\\\/\",\"url\":\"https:\\\/\\\/fodurlandid.is\\\/wp-content\\\/uploads\\\/2024\\\/05\\\/Fodurlandid.png\",\"contentUrl\":\"https:\\\/\\\/fodurlandid.is\\\/wp-content\\\/uploads\\\/2024\\\/05\\\/Fodurlandid.png\",\"width\":400,\"height\":293,\"caption\":\"Innflutnings, umbo\u00f0s- og dreifingara\u00f0ili\"},\"image\":{\"@id\":\"https:\\\/\\\/fodurlandid.is\\\/#\\\/schema\\\/logo\\\/image\\\/\"}}]}<\/script>\n<!-- \/ Yoast SEO Premium plugin. -->","yoast_head_json":{"title":"60W hle\u00f0slutengi \u00ed b\u00edl me\u00f0 USB-A og USB-C tengi","description":"\u00d6flugt 60W hra\u00f0hle\u00f0slutengi sem tengist s\u00edgarettukveikjaranum \u00ed b\u00edlnum. T\u00e6ki\u00f0 er me\u00f0 USB-A & USB-C tengi, sem gerir \u00fe\u00e9r kleift a\u00f0 hla\u00f0a tv\u00f6 t\u00e6ki samt\u00edmis.","robots":{"index":"index","follow":"follow","max-snippet":"max-snippet:-1","max-image-preview":"max-image-preview:large","max-video-preview":"max-video-preview:-1"},"canonical":"https:\/\/fodurlandid.is\/vara\/jr-ccn01\/","og_locale":"en_US","og_type":"article","og_title":"60W hle\u00f0slutengi \u00ed b\u00edl me\u00f0 USB-A og USB-C tengi","og_description":"\u00d6flugt 60W hra\u00f0hle\u00f0slutengi sem tengist s\u00edgarettukveikjaranum \u00ed b\u00edlnum. T\u00e6ki\u00f0 er me\u00f0 USB-A & USB-C tengi, sem gerir \u00fe\u00e9r kleift a\u00f0 hla\u00f0a tv\u00f6 t\u00e6ki samt\u00edmis.","og_url":"https:\/\/fodurlandid.is\/vara\/jr-ccn01\/","og_site_name":"F&ouml;&eth;urlandi&eth; heildsala","article_modified_time":"2026-03-04T12:27:18+00:00","og_image":[{"width":600,"height":600,"url":"https:\/\/fodurlandid.is\/wp-content\/uploads\/2025\/07\/JR-CCN01.jpg","type":"image\/jpeg"}],"twitter_card":"summary_large_image","twitter_misc":{"Est. reading time":"1 minute"},"schema":{"@context":"https:\/\/schema.org","@graph":[{"@type":"WebPage","@id":"https:\/\/fodurlandid.is\/vara\/jr-ccn01\/","url":"https:\/\/fodurlandid.is\/vara\/jr-ccn01\/","name":"60W hle\u00f0slutengi \u00ed b\u00edl me\u00f0 USB-A og USB-C tengi","isPartOf":{"@id":"https:\/\/fodurlandid.is\/#website"},"primaryImageOfPage":{"@id":"https:\/\/fodurlandid.is\/vara\/jr-ccn01\/#primaryimage"},"image":{"@id":"https:\/\/fodurlandid.is\/vara\/jr-ccn01\/#primaryimage"},"thumbnailUrl":"https:\/\/fodurlandid.is\/wp-content\/uploads\/2025\/07\/JR-CCN01.jpg","datePublished":"2025-07-16T16:03:26+00:00","dateModified":"2026-03-04T12:27:18+00:00","description":"\u00d6flugt 60W hra\u00f0hle\u00f0slutengi sem tengist s\u00edgarettukveikjaranum \u00ed b\u00edlnum. T\u00e6ki\u00f0 er me\u00f0 USB-A & USB-C tengi, sem gerir \u00fe\u00e9r kleift a\u00f0 hla\u00f0a tv\u00f6 t\u00e6ki samt\u00edmis.","breadcrumb":{"@id":"https:\/\/fodurlandid.is\/vara\/jr-ccn01\/#breadcrumb"},"inLanguage":"en-US","potentialAction":[{"@type":"ReadAction","target":["https:\/\/fodurlandid.is\/vara\/jr-ccn01\/"]}]},{"@type":"ImageObject","inLanguage":"en-US","@id":"https:\/\/fodurlandid.is\/vara\/jr-ccn01\/#primaryimage","url":"https:\/\/fodurlandid.is\/wp-content\/uploads\/2025\/07\/JR-CCN01.jpg","contentUrl":"https:\/\/fodurlandid.is\/wp-content\/uploads\/2025\/07\/JR-CCN01.jpg","width":600,"height":600},{"@type":"BreadcrumbList","@id":"https:\/\/fodurlandid.is\/vara\/jr-ccn01\/#breadcrumb","itemListElement":[{"@type":"ListItem","position":1,"name":"Home","item":"https:\/\/fodurlandid.is\/"},{"@type":"ListItem","position":2,"name":"Shop","item":"https:\/\/www.vorulagerinn.is\/heildsala\/en\/shop\/"},{"@type":"ListItem","position":3,"name":"60W hle\u00f0slutengi \u00ed b\u00edl me\u00f0 USB-A og USB-C tengi"}]},{"@type":"WebSite","@id":"https:\/\/fodurlandid.is\/#website","url":"https:\/\/fodurlandid.is\/","name":"F\u00f6\u00f0urlandi\u00f0 ehf, heildsala","description":"Innflutnings, umbo&eth;s- og dreifingara&eth;ili","publisher":{"@id":"https:\/\/fodurlandid.is\/#organization"},"alternateName":"Innflutnings, umbo\u00f0s- og dreifingara\u00f0ili","potentialAction":[{"@type":"SearchAction","target":{"@type":"EntryPoint","urlTemplate":"https:\/\/fodurlandid.is\/?s={search_term_string}"},"query-input":{"@type":"PropertyValueSpecification","valueRequired":true,"valueName":"search_term_string"}}],"inLanguage":"en-US"},{"@type":"Organization","@id":"https:\/\/fodurlandid.is\/#organization","name":"Innflutnings, umbo\u00f0s- og dreifingara\u00f0ili","url":"https:\/\/fodurlandid.is\/","logo":{"@type":"ImageObject","inLanguage":"en-US","@id":"https:\/\/fodurlandid.is\/#\/schema\/logo\/image\/","url":"https:\/\/fodurlandid.is\/wp-content\/uploads\/2024\/05\/Fodurlandid.png","contentUrl":"https:\/\/fodurlandid.is\/wp-content\/uploads\/2024\/05\/Fodurlandid.png","width":400,"height":293,"caption":"Innflutnings, umbo\u00f0s- og dreifingara\u00f0ili"},"image":{"@id":"https:\/\/fodurlandid.is\/#\/schema\/logo\/image\/"}}]}},"_links":{"self":[{"href":"https:\/\/fodurlandid.is\/en\/wp-json\/wp\/v2\/product\/24354","targetHints":{"allow":["GET"]}}],"collection":[{"href":"https:\/\/fodurlandid.is\/en\/wp-json\/wp\/v2\/product"}],"about":[{"href":"https:\/\/fodurlandid.is\/en\/wp-json\/wp\/v2\/types\/product"}],"wp:featuredmedia":[{"embeddable":true,"href":"https:\/\/fodurlandid.is\/en\/wp-json\/wp\/v2\/media\/24355"}],"wp:attachment":[{"href":"https:\/\/fodurlandid.is\/en\/wp-json\/wp\/v2\/media?parent=24354"}],"wp:term":[{"taxonomy":"product_brand","embeddable":true,"href":"https:\/\/fodurlandid.is\/en\/wp-json\/wp\/v2\/product_brand?post=24354"},{"taxonomy":"product_cat","embeddable":true,"href":"https:\/\/fodurlandid.is\/en\/wp-json\/wp\/v2\/product_cat?post=24354"},{"taxonomy":"product_tag","embeddable":true,"href":"https:\/\/fodurlandid.is\/en\/wp-json\/wp\/v2\/product_tag?post=24354"}],"curies":[{"name":"wp","href":"https:\/\/api.w.org\/{rel}","templated":true}]}}