{"id":24349,"date":"2025-07-16T15:44:02","date_gmt":"2025-07-16T15:44:02","guid":{"rendered":"https:\/\/fodurlandid.is\/?post_type=product&#038;p=24349"},"modified":"2026-02-25T13:01:00","modified_gmt":"2026-02-25T13:01:00","slug":"jr-ccn07","status":"publish","type":"product","link":"https:\/\/fodurlandid.is\/en\/product\/jr-ccn07\/","title":{"rendered":"120W hle\u00f0slutengi \u00ed b\u00edl me\u00f0 3x USB tengjum (1x USB-A &#038; 2x USB-C) fyrir snjallt\u00e6ki, fart\u00f6lvur o.fl."},"content":{"rendered":"","protected":false},"excerpt":{"rendered":"<p>\u00d6ruggt og \u00f6flugt hra\u00f0hle\u00f0slut\u00e6ki sem tengist s\u00edgarettukveikjaranum \u00ed b\u00edlnum. T\u00e6ki\u00f0 er me\u00f0 \u00feremur USB tengjum sem h\u00e6gt er a\u00f0 nota til a\u00f0 hla\u00f0a \u00ferj\u00fa t\u00e6ki samt\u00edmis. Hra\u00f0hle\u00f0slut\u00e6ki\u00f0 er me\u00f0 einu USB-A tengi og tveimur USB-C tengjum. \u00dea\u00f0 fylgir me\u00f0 1,2 metra sn\u00fara (100W) USB-C \u00ed USB-C. \u00dea\u00f0 er t.d. h\u00e6gt a\u00f0 hla\u00f0a Macbook, HP, Lenovo, Chromebook, fer\u00f0av\u00e9lar, Ipad, iPhone, Samsung, Motorola og Google fars\u00edma og margt fleira me\u00f0 hra\u00f0hle\u00f0slut\u00e6kinu.<\/p>\n<p>\u2013 Hra\u00f0hle\u00f0sla 120W<br \/>\n\u2013 3 USB tengi (1x USB-A og 2x USB-C)<br \/>\n\u2013 100W USB-C \u00ed USB-C sn\u00fara (1,2m) fylgir me\u00f0.<br \/>\n\u2013 Litur: Svartur<br \/>\n\u2013 St\u00e6r\u00f0: 7,9 x 3,5 x 3,5 cm<br \/>\n\u2013 \u00deyngd: 44g<br \/>\n\u2013 Vottun: CE, ROHS, FC og UKCA<\/p>\n","protected":false},"featured_media":24350,"template":"","meta":[],"product_brand":[390],"product_cat":[411],"product_tag":[],"class_list":{"0":"post-24349","1":"product","2":"type-product","3":"status-publish","4":"has-post-thumbnail","6":"product_brand-joyroom","7":"product_cat-hledslutengi-i-bil","9":"first","10":"instock","11":"taxable","12":"shipping-taxable","13":"product-type-simple"},"yoast_head":"<!-- This site is optimized with the Yoast SEO Premium plugin v21.5 (Yoast SEO v27.3) - https:\/\/yoast.com\/product\/yoast-seo-premium-wordpress\/ -->\n<title>120W hle\u00f0slutengi \u00ed b\u00edl me\u00f0 1x USB-A &amp; 2x USB-C tengjum<\/title>\n<meta name=\"description\" content=\"\u00d6flugt hra\u00f0hle\u00f0slutengi sem tengist s\u00edgarettukveikjaranum \u00ed b\u00edlnum me\u00f0 \u00feremur USB tengjum. 100W hra\u00f0hle\u00f0slusn\u00fara (USB-C \u00ed USB-C) fylgir me\u00f0.\" \/>\n<meta name=\"robots\" content=\"index, follow, max-snippet:-1, max-image-preview:large, max-video-preview:-1\" \/>\n<link rel=\"canonical\" href=\"https:\/\/fodurlandid.is\/vara\/jr-ccn07\/\" \/>\n<meta property=\"og:locale\" content=\"en_US\" \/>\n<meta property=\"og:type\" content=\"article\" \/>\n<meta property=\"og:title\" content=\"120W hle\u00f0slutengi \u00ed b\u00edl me\u00f0 3x USB tengjum (1x USB-A &amp; 2x USB-C) fyrir snjallt\u00e6ki, fart\u00f6lvur o.fl.\" \/>\n<meta property=\"og:description\" content=\"\u00d6flugt hra\u00f0hle\u00f0slutengi sem tengist s\u00edgarettukveikjaranum \u00ed b\u00edlnum me\u00f0 \u00feremur USB tengjum. 100W hra\u00f0hle\u00f0slusn\u00fara (USB-C \u00ed USB-C) fylgir me\u00f0.\" \/>\n<meta property=\"og:url\" content=\"https:\/\/fodurlandid.is\/vara\/jr-ccn07\/\" \/>\n<meta property=\"og:site_name\" content=\"F&ouml;&eth;urlandi&eth; heildsala\" \/>\n<meta property=\"article:modified_time\" content=\"2026-02-25T13:01:00+00:00\" \/>\n<meta property=\"og:image\" content=\"https:\/\/fodurlandid.is\/wp-content\/uploads\/2025\/07\/JR-CCN07.jpg\" \/>\n\t<meta property=\"og:image:width\" content=\"600\" \/>\n\t<meta property=\"og:image:height\" content=\"600\" \/>\n\t<meta property=\"og:image:type\" content=\"image\/jpeg\" \/>\n<meta name=\"twitter:card\" content=\"summary_large_image\" \/>\n<meta name=\"twitter:label1\" content=\"Est. reading time\" \/>\n\t<meta name=\"twitter:data1\" content=\"1 minute\" \/>\n<script type=\"application\/ld+json\" class=\"yoast-schema-graph\">{\"@context\":\"https:\\\/\\\/schema.org\",\"@graph\":[{\"@type\":\"WebPage\",\"@id\":\"https:\\\/\\\/fodurlandid.is\\\/vara\\\/jr-ccn07\\\/\",\"url\":\"https:\\\/\\\/fodurlandid.is\\\/vara\\\/jr-ccn07\\\/\",\"name\":\"120W hle\u00f0slutengi \u00ed b\u00edl me\u00f0 1x USB-A & 2x USB-C tengjum\",\"isPartOf\":{\"@id\":\"https:\\\/\\\/fodurlandid.is\\\/#website\"},\"primaryImageOfPage\":{\"@id\":\"https:\\\/\\\/fodurlandid.is\\\/vara\\\/jr-ccn07\\\/#primaryimage\"},\"image\":{\"@id\":\"https:\\\/\\\/fodurlandid.is\\\/vara\\\/jr-ccn07\\\/#primaryimage\"},\"thumbnailUrl\":\"https:\\\/\\\/fodurlandid.is\\\/wp-content\\\/uploads\\\/2025\\\/07\\\/JR-CCN07.jpg\",\"datePublished\":\"2025-07-16T15:44:02+00:00\",\"dateModified\":\"2026-02-25T13:01:00+00:00\",\"description\":\"\u00d6flugt hra\u00f0hle\u00f0slutengi sem tengist s\u00edgarettukveikjaranum \u00ed b\u00edlnum me\u00f0 \u00feremur USB tengjum. 100W hra\u00f0hle\u00f0slusn\u00fara (USB-C \u00ed USB-C) fylgir me\u00f0.\",\"breadcrumb\":{\"@id\":\"https:\\\/\\\/fodurlandid.is\\\/vara\\\/jr-ccn07\\\/#breadcrumb\"},\"inLanguage\":\"en-US\",\"potentialAction\":[{\"@type\":\"ReadAction\",\"target\":[\"https:\\\/\\\/fodurlandid.is\\\/vara\\\/jr-ccn07\\\/\"]}]},{\"@type\":\"ImageObject\",\"inLanguage\":\"en-US\",\"@id\":\"https:\\\/\\\/fodurlandid.is\\\/vara\\\/jr-ccn07\\\/#primaryimage\",\"url\":\"https:\\\/\\\/fodurlandid.is\\\/wp-content\\\/uploads\\\/2025\\\/07\\\/JR-CCN07.jpg\",\"contentUrl\":\"https:\\\/\\\/fodurlandid.is\\\/wp-content\\\/uploads\\\/2025\\\/07\\\/JR-CCN07.jpg\",\"width\":600,\"height\":600},{\"@type\":\"BreadcrumbList\",\"@id\":\"https:\\\/\\\/fodurlandid.is\\\/vara\\\/jr-ccn07\\\/#breadcrumb\",\"itemListElement\":[{\"@type\":\"ListItem\",\"position\":1,\"name\":\"Home\",\"item\":\"https:\\\/\\\/fodurlandid.is\\\/\"},{\"@type\":\"ListItem\",\"position\":2,\"name\":\"Shop\",\"item\":\"https:\\\/\\\/www.vorulagerinn.is\\\/heildsala\\\/en\\\/shop\\\/\"},{\"@type\":\"ListItem\",\"position\":3,\"name\":\"120W hle\u00f0slutengi \u00ed b\u00edl me\u00f0 3x USB tengjum (1x USB-A &#038; 2x USB-C) fyrir snjallt\u00e6ki, fart\u00f6lvur o.fl.\"}]},{\"@type\":\"WebSite\",\"@id\":\"https:\\\/\\\/fodurlandid.is\\\/#website\",\"url\":\"https:\\\/\\\/fodurlandid.is\\\/\",\"name\":\"F\u00f6\u00f0urlandi\u00f0 ehf, heildsala\",\"description\":\"Innflutnings, umbo&eth;s- og dreifingara&eth;ili\",\"publisher\":{\"@id\":\"https:\\\/\\\/fodurlandid.is\\\/#organization\"},\"alternateName\":\"Innflutnings, umbo\u00f0s- og dreifingara\u00f0ili\",\"potentialAction\":[{\"@type\":\"SearchAction\",\"target\":{\"@type\":\"EntryPoint\",\"urlTemplate\":\"https:\\\/\\\/fodurlandid.is\\\/?s={search_term_string}\"},\"query-input\":{\"@type\":\"PropertyValueSpecification\",\"valueRequired\":true,\"valueName\":\"search_term_string\"}}],\"inLanguage\":\"en-US\"},{\"@type\":\"Organization\",\"@id\":\"https:\\\/\\\/fodurlandid.is\\\/#organization\",\"name\":\"Innflutnings, umbo\u00f0s- og dreifingara\u00f0ili\",\"url\":\"https:\\\/\\\/fodurlandid.is\\\/\",\"logo\":{\"@type\":\"ImageObject\",\"inLanguage\":\"en-US\",\"@id\":\"https:\\\/\\\/fodurlandid.is\\\/#\\\/schema\\\/logo\\\/image\\\/\",\"url\":\"https:\\\/\\\/fodurlandid.is\\\/wp-content\\\/uploads\\\/2024\\\/05\\\/Fodurlandid.png\",\"contentUrl\":\"https:\\\/\\\/fodurlandid.is\\\/wp-content\\\/uploads\\\/2024\\\/05\\\/Fodurlandid.png\",\"width\":400,\"height\":293,\"caption\":\"Innflutnings, umbo\u00f0s- og dreifingara\u00f0ili\"},\"image\":{\"@id\":\"https:\\\/\\\/fodurlandid.is\\\/#\\\/schema\\\/logo\\\/image\\\/\"}}]}<\/script>\n<!-- \/ Yoast SEO Premium plugin. -->","yoast_head_json":{"title":"120W hle\u00f0slutengi \u00ed b\u00edl me\u00f0 1x USB-A & 2x USB-C tengjum","description":"\u00d6flugt hra\u00f0hle\u00f0slutengi sem tengist s\u00edgarettukveikjaranum \u00ed b\u00edlnum me\u00f0 \u00feremur USB tengjum. 100W hra\u00f0hle\u00f0slusn\u00fara (USB-C \u00ed USB-C) fylgir me\u00f0.","robots":{"index":"index","follow":"follow","max-snippet":"max-snippet:-1","max-image-preview":"max-image-preview:large","max-video-preview":"max-video-preview:-1"},"canonical":"https:\/\/fodurlandid.is\/vara\/jr-ccn07\/","og_locale":"en_US","og_type":"article","og_title":"120W hle\u00f0slutengi \u00ed b\u00edl me\u00f0 3x USB tengjum (1x USB-A & 2x USB-C) fyrir snjallt\u00e6ki, fart\u00f6lvur o.fl.","og_description":"\u00d6flugt hra\u00f0hle\u00f0slutengi sem tengist s\u00edgarettukveikjaranum \u00ed b\u00edlnum me\u00f0 \u00feremur USB tengjum. 100W hra\u00f0hle\u00f0slusn\u00fara (USB-C \u00ed USB-C) fylgir me\u00f0.","og_url":"https:\/\/fodurlandid.is\/vara\/jr-ccn07\/","og_site_name":"F&ouml;&eth;urlandi&eth; heildsala","article_modified_time":"2026-02-25T13:01:00+00:00","og_image":[{"width":600,"height":600,"url":"https:\/\/fodurlandid.is\/wp-content\/uploads\/2025\/07\/JR-CCN07.jpg","type":"image\/jpeg"}],"twitter_card":"summary_large_image","twitter_misc":{"Est. reading time":"1 minute"},"schema":{"@context":"https:\/\/schema.org","@graph":[{"@type":"WebPage","@id":"https:\/\/fodurlandid.is\/vara\/jr-ccn07\/","url":"https:\/\/fodurlandid.is\/vara\/jr-ccn07\/","name":"120W hle\u00f0slutengi \u00ed b\u00edl me\u00f0 1x USB-A & 2x USB-C tengjum","isPartOf":{"@id":"https:\/\/fodurlandid.is\/#website"},"primaryImageOfPage":{"@id":"https:\/\/fodurlandid.is\/vara\/jr-ccn07\/#primaryimage"},"image":{"@id":"https:\/\/fodurlandid.is\/vara\/jr-ccn07\/#primaryimage"},"thumbnailUrl":"https:\/\/fodurlandid.is\/wp-content\/uploads\/2025\/07\/JR-CCN07.jpg","datePublished":"2025-07-16T15:44:02+00:00","dateModified":"2026-02-25T13:01:00+00:00","description":"\u00d6flugt hra\u00f0hle\u00f0slutengi sem tengist s\u00edgarettukveikjaranum \u00ed b\u00edlnum me\u00f0 \u00feremur USB tengjum. 100W hra\u00f0hle\u00f0slusn\u00fara (USB-C \u00ed USB-C) fylgir me\u00f0.","breadcrumb":{"@id":"https:\/\/fodurlandid.is\/vara\/jr-ccn07\/#breadcrumb"},"inLanguage":"en-US","potentialAction":[{"@type":"ReadAction","target":["https:\/\/fodurlandid.is\/vara\/jr-ccn07\/"]}]},{"@type":"ImageObject","inLanguage":"en-US","@id":"https:\/\/fodurlandid.is\/vara\/jr-ccn07\/#primaryimage","url":"https:\/\/fodurlandid.is\/wp-content\/uploads\/2025\/07\/JR-CCN07.jpg","contentUrl":"https:\/\/fodurlandid.is\/wp-content\/uploads\/2025\/07\/JR-CCN07.jpg","width":600,"height":600},{"@type":"BreadcrumbList","@id":"https:\/\/fodurlandid.is\/vara\/jr-ccn07\/#breadcrumb","itemListElement":[{"@type":"ListItem","position":1,"name":"Home","item":"https:\/\/fodurlandid.is\/"},{"@type":"ListItem","position":2,"name":"Shop","item":"https:\/\/www.vorulagerinn.is\/heildsala\/en\/shop\/"},{"@type":"ListItem","position":3,"name":"120W hle\u00f0slutengi \u00ed b\u00edl me\u00f0 3x USB tengjum (1x USB-A &#038; 2x USB-C) fyrir snjallt\u00e6ki, fart\u00f6lvur o.fl."}]},{"@type":"WebSite","@id":"https:\/\/fodurlandid.is\/#website","url":"https:\/\/fodurlandid.is\/","name":"F\u00f6\u00f0urlandi\u00f0 ehf, heildsala","description":"Innflutnings, umbo&eth;s- og dreifingara&eth;ili","publisher":{"@id":"https:\/\/fodurlandid.is\/#organization"},"alternateName":"Innflutnings, umbo\u00f0s- og dreifingara\u00f0ili","potentialAction":[{"@type":"SearchAction","target":{"@type":"EntryPoint","urlTemplate":"https:\/\/fodurlandid.is\/?s={search_term_string}"},"query-input":{"@type":"PropertyValueSpecification","valueRequired":true,"valueName":"search_term_string"}}],"inLanguage":"en-US"},{"@type":"Organization","@id":"https:\/\/fodurlandid.is\/#organization","name":"Innflutnings, umbo\u00f0s- og dreifingara\u00f0ili","url":"https:\/\/fodurlandid.is\/","logo":{"@type":"ImageObject","inLanguage":"en-US","@id":"https:\/\/fodurlandid.is\/#\/schema\/logo\/image\/","url":"https:\/\/fodurlandid.is\/wp-content\/uploads\/2024\/05\/Fodurlandid.png","contentUrl":"https:\/\/fodurlandid.is\/wp-content\/uploads\/2024\/05\/Fodurlandid.png","width":400,"height":293,"caption":"Innflutnings, umbo\u00f0s- og dreifingara\u00f0ili"},"image":{"@id":"https:\/\/fodurlandid.is\/#\/schema\/logo\/image\/"}}]}},"_links":{"self":[{"href":"https:\/\/fodurlandid.is\/en\/wp-json\/wp\/v2\/product\/24349","targetHints":{"allow":["GET"]}}],"collection":[{"href":"https:\/\/fodurlandid.is\/en\/wp-json\/wp\/v2\/product"}],"about":[{"href":"https:\/\/fodurlandid.is\/en\/wp-json\/wp\/v2\/types\/product"}],"wp:featuredmedia":[{"embeddable":true,"href":"https:\/\/fodurlandid.is\/en\/wp-json\/wp\/v2\/media\/24350"}],"wp:attachment":[{"href":"https:\/\/fodurlandid.is\/en\/wp-json\/wp\/v2\/media?parent=24349"}],"wp:term":[{"taxonomy":"product_brand","embeddable":true,"href":"https:\/\/fodurlandid.is\/en\/wp-json\/wp\/v2\/product_brand?post=24349"},{"taxonomy":"product_cat","embeddable":true,"href":"https:\/\/fodurlandid.is\/en\/wp-json\/wp\/v2\/product_cat?post=24349"},{"taxonomy":"product_tag","embeddable":true,"href":"https:\/\/fodurlandid.is\/en\/wp-json\/wp\/v2\/product_tag?post=24349"}],"curies":[{"name":"wp","href":"https:\/\/api.w.org\/{rel}","templated":true}]}}