{"id":24326,"date":"2025-07-16T12:07:45","date_gmt":"2025-07-16T12:07:45","guid":{"rendered":"https:\/\/fodurlandid.is\/?post_type=product&#038;p=24326"},"modified":"2026-02-25T13:21:51","modified_gmt":"2026-02-25T13:21:51","slug":"jr-w17","status":"publish","type":"product","link":"https:\/\/fodurlandid.is\/en\/product\/jr-w17\/","title":{"rendered":"3-\u00ed-1 \u00fer\u00e1\u00f0laus 15W Qi2 hra\u00f0hle\u00f0slust\u00f6\u00f0 me\u00f0 \u00f6rugga &amp; st\u00f6\u00f0uga hle\u00f0slu fyrir iPhone, AirPods &amp; iWatch"},"content":{"rendered":"","protected":false},"excerpt":{"rendered":"<p>St\u00edlhreinn og \u00f6flugur 15W Qi2 hra\u00f0hle\u00f0slust\u00f6\u00f0 fyrir iPhone, AirPods &amp; Apple snjall\u00far. Hle\u00f0slust\u00f6\u00f0in er b\u00fain n\u00fdjustu Qi2 \u00fer\u00e1\u00f0lausu t\u00e6kninni og getur hla\u00f0i\u00f0 \u00ferj\u00fa t\u00e6ki \u00ed einu. Til a\u00f0 f\u00e1 Qi2 vottun \u00fearf varan a\u00f0 standast strangar \u00f6ryggispr\u00f3fanir. Qi2 tryggir \u00f6rugga, st\u00f6\u00f0uga og ca 50% hra\u00f0ari hle\u00f0slu en hef\u00f0bundnir hle\u00f0slustandar. Sterkur segull tryggir a\u00f0 iPhone s\u00edminn og snjall\u00fari\u00f0 haldist fast \u00e1 hle\u00f0slust\u00f6\u00f0inni.<\/p>\n<p>Qi2 hra\u00f0hle\u00f0slust\u00f6\u00f0in er me\u00f0 innbygg\u00f0a \u00f6ryggisv\u00f6rn gagnvart ofhle\u00f0slu og ofhitnun. H\u00fan er samanbrj\u00f3tanleg og \u00fev\u00ed au\u00f0velt a\u00f0 taka me\u00f0 \u00ed vinnuna, b\u00fasta\u00f0inn e\u00f0a erlendis. Hra\u00f0hle\u00f0slustandurinn hentar fyrir iPhone 13, 14, 15 og 16 og Android s\u00edma sem sty\u00f0ja Qi2.<\/p>\n<p>\u2013 Litur: Svartur<br \/>\n\u2013 St\u00e6r\u00f0:<br \/>\n\u2013 \u00deyngd: 160g<br \/>\n\u2013 Qi2 t\u00e6kni<br \/>\n\u2013 Input: 5V 3A \/ 9V 2A<br \/>\n\u2013 Output iphone: 15W (max)<br \/>\n\u2013 Output AirPods: 5W (max)<br \/>\n\u2013 Output iWatch: 3W (max)<br \/>\n\u2013 USB-C hle\u00f0slusn\u00fara &amp; lei\u00f0beiningar \u00e1 ensku fylgja me\u00f0<br \/>\n\u2013 Efni: ABS &amp;PC<br \/>\n\u2013 Vottun: CE, RHOS &amp; FCC<\/p>\n","protected":false},"featured_media":24327,"template":"","meta":[],"product_brand":[390],"product_cat":[410],"product_tag":[],"class_list":{"0":"post-24326","1":"product","2":"type-product","3":"status-publish","4":"has-post-thumbnail","6":"product_brand-joyroom","7":"product_cat-hledslustandar","9":"first","10":"instock","11":"taxable","12":"shipping-taxable","13":"product-type-simple"},"yoast_head":"<!-- This site is optimized with the Yoast SEO Premium plugin v21.5 (Yoast SEO v27.3) - https:\/\/yoast.com\/product\/yoast-seo-premium-wordpress\/ -->\n<title>\u00der\u00e1\u00f0laus 15W Qi2 hra\u00f0hle\u00f0slust\u00f6\u00f0 f. iPhone, AirPods &amp; iWatch<\/title>\n<meta name=\"description\" content=\"\u00d6flugur 15W Qi2 hra\u00f0hle\u00f0slust\u00f6\u00f0 fyrir iPhone, AirPods &amp; Apple snjall\u00far. Qi2 tryggir \u00f6rugga, st\u00f6\u00f0uga &amp; ca 50% hra\u00f0ari hle\u00f0slu en hef\u00f0bundnir hle\u00f0slustandar.\" \/>\n<meta name=\"robots\" content=\"index, follow, max-snippet:-1, max-image-preview:large, max-video-preview:-1\" \/>\n<link rel=\"canonical\" href=\"https:\/\/fodurlandid.is\/vara\/jr-w17\/\" \/>\n<meta property=\"og:locale\" content=\"en_US\" \/>\n<meta property=\"og:type\" content=\"article\" \/>\n<meta property=\"og:title\" content=\"3-\u00ed-1 \u00fer\u00e1\u00f0laus 15W Qi2 hra\u00f0hle\u00f0slust\u00f6\u00f0 me\u00f0 \u00f6rugga &amp; st\u00f6\u00f0uga hle\u00f0slu fyrir iPhone, AirPods &amp; iWatch\" \/>\n<meta property=\"og:description\" content=\"\u00d6flugur 15W Qi2 hra\u00f0hle\u00f0slust\u00f6\u00f0 fyrir iPhone, AirPods &amp; Apple snjall\u00far. Qi2 tryggir \u00f6rugga, st\u00f6\u00f0uga &amp; ca 50% hra\u00f0ari hle\u00f0slu en hef\u00f0bundnir hle\u00f0slustandar.\" \/>\n<meta property=\"og:url\" content=\"https:\/\/fodurlandid.is\/vara\/jr-w17\/\" \/>\n<meta property=\"og:site_name\" content=\"F&ouml;&eth;urlandi&eth; heildsala\" \/>\n<meta property=\"article:modified_time\" content=\"2026-02-25T13:21:51+00:00\" \/>\n<meta property=\"og:image\" content=\"https:\/\/fodurlandid.is\/wp-content\/uploads\/2025\/07\/JR-W17.jpg\" \/>\n\t<meta property=\"og:image:width\" content=\"1600\" \/>\n\t<meta property=\"og:image:height\" content=\"1600\" \/>\n\t<meta property=\"og:image:type\" content=\"image\/jpeg\" \/>\n<meta name=\"twitter:card\" content=\"summary_large_image\" \/>\n<meta name=\"twitter:label1\" content=\"Est. reading time\" \/>\n\t<meta name=\"twitter:data1\" content=\"1 minute\" \/>\n<script type=\"application\/ld+json\" class=\"yoast-schema-graph\">{\"@context\":\"https:\\\/\\\/schema.org\",\"@graph\":[{\"@type\":\"WebPage\",\"@id\":\"https:\\\/\\\/fodurlandid.is\\\/vara\\\/jr-w17\\\/\",\"url\":\"https:\\\/\\\/fodurlandid.is\\\/vara\\\/jr-w17\\\/\",\"name\":\"\u00der\u00e1\u00f0laus 15W Qi2 hra\u00f0hle\u00f0slust\u00f6\u00f0 f. iPhone, AirPods & iWatch\",\"isPartOf\":{\"@id\":\"https:\\\/\\\/fodurlandid.is\\\/#website\"},\"primaryImageOfPage\":{\"@id\":\"https:\\\/\\\/fodurlandid.is\\\/vara\\\/jr-w17\\\/#primaryimage\"},\"image\":{\"@id\":\"https:\\\/\\\/fodurlandid.is\\\/vara\\\/jr-w17\\\/#primaryimage\"},\"thumbnailUrl\":\"https:\\\/\\\/fodurlandid.is\\\/wp-content\\\/uploads\\\/2025\\\/07\\\/JR-W17.jpg\",\"datePublished\":\"2025-07-16T12:07:45+00:00\",\"dateModified\":\"2026-02-25T13:21:51+00:00\",\"description\":\"\u00d6flugur 15W Qi2 hra\u00f0hle\u00f0slust\u00f6\u00f0 fyrir iPhone, AirPods & Apple snjall\u00far. Qi2 tryggir \u00f6rugga, st\u00f6\u00f0uga & ca 50% hra\u00f0ari hle\u00f0slu en hef\u00f0bundnir hle\u00f0slustandar.\",\"breadcrumb\":{\"@id\":\"https:\\\/\\\/fodurlandid.is\\\/vara\\\/jr-w17\\\/#breadcrumb\"},\"inLanguage\":\"en-US\",\"potentialAction\":[{\"@type\":\"ReadAction\",\"target\":[\"https:\\\/\\\/fodurlandid.is\\\/vara\\\/jr-w17\\\/\"]}]},{\"@type\":\"ImageObject\",\"inLanguage\":\"en-US\",\"@id\":\"https:\\\/\\\/fodurlandid.is\\\/vara\\\/jr-w17\\\/#primaryimage\",\"url\":\"https:\\\/\\\/fodurlandid.is\\\/wp-content\\\/uploads\\\/2025\\\/07\\\/JR-W17.jpg\",\"contentUrl\":\"https:\\\/\\\/fodurlandid.is\\\/wp-content\\\/uploads\\\/2025\\\/07\\\/JR-W17.jpg\",\"width\":1600,\"height\":1600},{\"@type\":\"BreadcrumbList\",\"@id\":\"https:\\\/\\\/fodurlandid.is\\\/vara\\\/jr-w17\\\/#breadcrumb\",\"itemListElement\":[{\"@type\":\"ListItem\",\"position\":1,\"name\":\"Home\",\"item\":\"https:\\\/\\\/fodurlandid.is\\\/\"},{\"@type\":\"ListItem\",\"position\":2,\"name\":\"Shop\",\"item\":\"https:\\\/\\\/www.vorulagerinn.is\\\/heildsala\\\/en\\\/shop\\\/\"},{\"@type\":\"ListItem\",\"position\":3,\"name\":\"3-\u00ed-1 \u00fer\u00e1\u00f0laus 15W Qi2 hra\u00f0hle\u00f0slust\u00f6\u00f0 me\u00f0 \u00f6rugga &amp; st\u00f6\u00f0uga hle\u00f0slu fyrir iPhone, AirPods &amp; iWatch\"}]},{\"@type\":\"WebSite\",\"@id\":\"https:\\\/\\\/fodurlandid.is\\\/#website\",\"url\":\"https:\\\/\\\/fodurlandid.is\\\/\",\"name\":\"F\u00f6\u00f0urlandi\u00f0 ehf, heildsala\",\"description\":\"Innflutnings, umbo&eth;s- og dreifingara&eth;ili\",\"publisher\":{\"@id\":\"https:\\\/\\\/fodurlandid.is\\\/#organization\"},\"alternateName\":\"Innflutnings, umbo\u00f0s- og dreifingara\u00f0ili\",\"potentialAction\":[{\"@type\":\"SearchAction\",\"target\":{\"@type\":\"EntryPoint\",\"urlTemplate\":\"https:\\\/\\\/fodurlandid.is\\\/?s={search_term_string}\"},\"query-input\":{\"@type\":\"PropertyValueSpecification\",\"valueRequired\":true,\"valueName\":\"search_term_string\"}}],\"inLanguage\":\"en-US\"},{\"@type\":\"Organization\",\"@id\":\"https:\\\/\\\/fodurlandid.is\\\/#organization\",\"name\":\"Innflutnings, umbo\u00f0s- og dreifingara\u00f0ili\",\"url\":\"https:\\\/\\\/fodurlandid.is\\\/\",\"logo\":{\"@type\":\"ImageObject\",\"inLanguage\":\"en-US\",\"@id\":\"https:\\\/\\\/fodurlandid.is\\\/#\\\/schema\\\/logo\\\/image\\\/\",\"url\":\"https:\\\/\\\/fodurlandid.is\\\/wp-content\\\/uploads\\\/2024\\\/05\\\/Fodurlandid.png\",\"contentUrl\":\"https:\\\/\\\/fodurlandid.is\\\/wp-content\\\/uploads\\\/2024\\\/05\\\/Fodurlandid.png\",\"width\":400,\"height\":293,\"caption\":\"Innflutnings, umbo\u00f0s- og dreifingara\u00f0ili\"},\"image\":{\"@id\":\"https:\\\/\\\/fodurlandid.is\\\/#\\\/schema\\\/logo\\\/image\\\/\"}}]}<\/script>\n<!-- \/ Yoast SEO Premium plugin. -->","yoast_head_json":{"title":"\u00der\u00e1\u00f0laus 15W Qi2 hra\u00f0hle\u00f0slust\u00f6\u00f0 f. iPhone, AirPods & iWatch","description":"\u00d6flugur 15W Qi2 hra\u00f0hle\u00f0slust\u00f6\u00f0 fyrir iPhone, AirPods & Apple snjall\u00far. Qi2 tryggir \u00f6rugga, st\u00f6\u00f0uga & ca 50% hra\u00f0ari hle\u00f0slu en hef\u00f0bundnir hle\u00f0slustandar.","robots":{"index":"index","follow":"follow","max-snippet":"max-snippet:-1","max-image-preview":"max-image-preview:large","max-video-preview":"max-video-preview:-1"},"canonical":"https:\/\/fodurlandid.is\/vara\/jr-w17\/","og_locale":"en_US","og_type":"article","og_title":"3-\u00ed-1 \u00fer\u00e1\u00f0laus 15W Qi2 hra\u00f0hle\u00f0slust\u00f6\u00f0 me\u00f0 \u00f6rugga &amp; st\u00f6\u00f0uga hle\u00f0slu fyrir iPhone, AirPods &amp; iWatch","og_description":"\u00d6flugur 15W Qi2 hra\u00f0hle\u00f0slust\u00f6\u00f0 fyrir iPhone, AirPods & Apple snjall\u00far. Qi2 tryggir \u00f6rugga, st\u00f6\u00f0uga & ca 50% hra\u00f0ari hle\u00f0slu en hef\u00f0bundnir hle\u00f0slustandar.","og_url":"https:\/\/fodurlandid.is\/vara\/jr-w17\/","og_site_name":"F&ouml;&eth;urlandi&eth; heildsala","article_modified_time":"2026-02-25T13:21:51+00:00","og_image":[{"width":1600,"height":1600,"url":"https:\/\/fodurlandid.is\/wp-content\/uploads\/2025\/07\/JR-W17.jpg","type":"image\/jpeg"}],"twitter_card":"summary_large_image","twitter_misc":{"Est. reading time":"1 minute"},"schema":{"@context":"https:\/\/schema.org","@graph":[{"@type":"WebPage","@id":"https:\/\/fodurlandid.is\/vara\/jr-w17\/","url":"https:\/\/fodurlandid.is\/vara\/jr-w17\/","name":"\u00der\u00e1\u00f0laus 15W Qi2 hra\u00f0hle\u00f0slust\u00f6\u00f0 f. iPhone, AirPods & iWatch","isPartOf":{"@id":"https:\/\/fodurlandid.is\/#website"},"primaryImageOfPage":{"@id":"https:\/\/fodurlandid.is\/vara\/jr-w17\/#primaryimage"},"image":{"@id":"https:\/\/fodurlandid.is\/vara\/jr-w17\/#primaryimage"},"thumbnailUrl":"https:\/\/fodurlandid.is\/wp-content\/uploads\/2025\/07\/JR-W17.jpg","datePublished":"2025-07-16T12:07:45+00:00","dateModified":"2026-02-25T13:21:51+00:00","description":"\u00d6flugur 15W Qi2 hra\u00f0hle\u00f0slust\u00f6\u00f0 fyrir iPhone, AirPods & Apple snjall\u00far. Qi2 tryggir \u00f6rugga, st\u00f6\u00f0uga & ca 50% hra\u00f0ari hle\u00f0slu en hef\u00f0bundnir hle\u00f0slustandar.","breadcrumb":{"@id":"https:\/\/fodurlandid.is\/vara\/jr-w17\/#breadcrumb"},"inLanguage":"en-US","potentialAction":[{"@type":"ReadAction","target":["https:\/\/fodurlandid.is\/vara\/jr-w17\/"]}]},{"@type":"ImageObject","inLanguage":"en-US","@id":"https:\/\/fodurlandid.is\/vara\/jr-w17\/#primaryimage","url":"https:\/\/fodurlandid.is\/wp-content\/uploads\/2025\/07\/JR-W17.jpg","contentUrl":"https:\/\/fodurlandid.is\/wp-content\/uploads\/2025\/07\/JR-W17.jpg","width":1600,"height":1600},{"@type":"BreadcrumbList","@id":"https:\/\/fodurlandid.is\/vara\/jr-w17\/#breadcrumb","itemListElement":[{"@type":"ListItem","position":1,"name":"Home","item":"https:\/\/fodurlandid.is\/"},{"@type":"ListItem","position":2,"name":"Shop","item":"https:\/\/www.vorulagerinn.is\/heildsala\/en\/shop\/"},{"@type":"ListItem","position":3,"name":"3-\u00ed-1 \u00fer\u00e1\u00f0laus 15W Qi2 hra\u00f0hle\u00f0slust\u00f6\u00f0 me\u00f0 \u00f6rugga &amp; st\u00f6\u00f0uga hle\u00f0slu fyrir iPhone, AirPods &amp; iWatch"}]},{"@type":"WebSite","@id":"https:\/\/fodurlandid.is\/#website","url":"https:\/\/fodurlandid.is\/","name":"F\u00f6\u00f0urlandi\u00f0 ehf, heildsala","description":"Innflutnings, umbo&eth;s- og dreifingara&eth;ili","publisher":{"@id":"https:\/\/fodurlandid.is\/#organization"},"alternateName":"Innflutnings, umbo\u00f0s- og dreifingara\u00f0ili","potentialAction":[{"@type":"SearchAction","target":{"@type":"EntryPoint","urlTemplate":"https:\/\/fodurlandid.is\/?s={search_term_string}"},"query-input":{"@type":"PropertyValueSpecification","valueRequired":true,"valueName":"search_term_string"}}],"inLanguage":"en-US"},{"@type":"Organization","@id":"https:\/\/fodurlandid.is\/#organization","name":"Innflutnings, umbo\u00f0s- og dreifingara\u00f0ili","url":"https:\/\/fodurlandid.is\/","logo":{"@type":"ImageObject","inLanguage":"en-US","@id":"https:\/\/fodurlandid.is\/#\/schema\/logo\/image\/","url":"https:\/\/fodurlandid.is\/wp-content\/uploads\/2024\/05\/Fodurlandid.png","contentUrl":"https:\/\/fodurlandid.is\/wp-content\/uploads\/2024\/05\/Fodurlandid.png","width":400,"height":293,"caption":"Innflutnings, umbo\u00f0s- og dreifingara\u00f0ili"},"image":{"@id":"https:\/\/fodurlandid.is\/#\/schema\/logo\/image\/"}}]}},"_links":{"self":[{"href":"https:\/\/fodurlandid.is\/en\/wp-json\/wp\/v2\/product\/24326","targetHints":{"allow":["GET"]}}],"collection":[{"href":"https:\/\/fodurlandid.is\/en\/wp-json\/wp\/v2\/product"}],"about":[{"href":"https:\/\/fodurlandid.is\/en\/wp-json\/wp\/v2\/types\/product"}],"wp:featuredmedia":[{"embeddable":true,"href":"https:\/\/fodurlandid.is\/en\/wp-json\/wp\/v2\/media\/24327"}],"wp:attachment":[{"href":"https:\/\/fodurlandid.is\/en\/wp-json\/wp\/v2\/media?parent=24326"}],"wp:term":[{"taxonomy":"product_brand","embeddable":true,"href":"https:\/\/fodurlandid.is\/en\/wp-json\/wp\/v2\/product_brand?post=24326"},{"taxonomy":"product_cat","embeddable":true,"href":"https:\/\/fodurlandid.is\/en\/wp-json\/wp\/v2\/product_cat?post=24326"},{"taxonomy":"product_tag","embeddable":true,"href":"https:\/\/fodurlandid.is\/en\/wp-json\/wp\/v2\/product_tag?post=24326"}],"curies":[{"name":"wp","href":"https:\/\/api.w.org\/{rel}","templated":true}]}}