{"id":24302,"date":"2025-07-16T11:02:57","date_gmt":"2025-07-16T11:02:57","guid":{"rendered":"https:\/\/fodurlandid.is\/?post_type=product&#038;p=24302"},"modified":"2025-09-21T13:24:49","modified_gmt":"2025-09-21T13:24:49","slug":"jr%e2%80%91pbf05","status":"publish","type":"product","link":"https:\/\/fodurlandid.is\/en\/product\/jr%e2%80%91pbf05\/","title":{"rendered":"65W \u00f6flugur 30.000 mAh hra\u00f0hle\u00f0slubanki me\u00f0 2x USB-C &amp; USB-A tengi"},"content":{"rendered":"","protected":false},"excerpt":{"rendered":"<p>\u00d6flugur hra\u00f0hle\u00f0slubanki \/ fer\u00f0arafhla\u00f0a sem getur hla\u00f0i\u00f0 allt a\u00f0 \u00ferj\u00fa t\u00e6ki \u00ed einu me\u00f0 tveimur USB-C og einu USB-A tengjum. \u00de\u00fa getur hla\u00f0i\u00f0 fart\u00f6lvu, s\u00edma, heyrnart\u00f3l e\u00f0a \u00f6nnur snjallt\u00e6ki 6x hra\u00f0ar \u00e1 fer\u00f0inni. Hle\u00f0slubankinn er me\u00f0 LED skj\u00e1 sem s\u00fdnir hversu m\u00f6rg pr\u00f3sent eru eftir \u00e1 rafhl\u00f6\u00f0unni. Innbygg\u00f0ur \u201esmart\u201c kubbur sem tryggir vernd gegn ofhle\u00f0slu, ofhitnun og skammhlaupi.\u00a0100W hra\u00f0hle\u00f0slusn\u00fara fylgir me\u00f0.<\/p>\n<p>Ekki ver\u00f0a rafmagnslaus \u00ed vinnunni e\u00f0a fer\u00f0alaginu.<\/p>\n<p>\u2013 Litur: Svartur<br \/>\n\u2013 St\u00e6r\u00f0: 14,4 x 6,9 x 2,9 cm<br \/>\n\u2013 \u00deyngd: 412g<br \/>\n\u2013 Rafhla\u00f0a: 30.000mAh (65W)<br \/>\n\u2013 Hle\u00f0ur allt a\u00f0 \u00ferj\u00fa t\u00e6ki \u00ed einu<br \/>\n\u2013 LED skj\u00e1r s\u00fdnir hva\u00f0 m\u00f6rg pr\u00f3sent eru eftir \u00e1 rafhl\u00f6\u00f0u<br \/>\n\u2013 100W USB-C \u00ed USB-C hle\u00f0slusn\u00fara (1,2 m) fylgir me\u00f0<br \/>\n\u2013 Input: Type-C1\uff1a5V=3A\uff0c9V=3A\uff0c12V=3A 15V=3A 20V=3.25A(65W)<br \/>\n\u2013 Input: Type-C2\uff1a5V=3A\uff0c9V=3A\uff0c12V=3A 15V=3A 20V=3.25A(65W)<br \/>\n\u2013 Output\uff1aType-C1\uff1a5V=3A\uff0c9V=3A\uff0c12V=3A 15V=3A 20V=3.25A(65W)<br \/>\n\u2013 Output\uff1aType-C2\uff1a5V=3A\uff0c9V=3A\uff0c12V=3A 15V=3A 20V=3.25A(65W)<br \/>\n\u2013 Output\uff1aUSB-A\uff1a5V=4.5A 4.5V=5A 5V=3A\uff0c9V=3A\uff0c12V=2.5A \uff0830W\uff09<br \/>\n\u2013 Vottun: CE\/RoHS\/FCC<\/p>\n","protected":false},"featured_media":24305,"template":"","meta":[],"product_brand":[390],"product_cat":[409],"product_tag":[],"class_list":{"0":"post-24302","1":"product","2":"type-product","3":"status-publish","4":"has-post-thumbnail","6":"product_brand-joyroom","7":"product_cat-hledslubanki-ferdarafhlada","9":"first","10":"instock","11":"taxable","12":"shipping-taxable","13":"product-type-simple"},"yoast_head":"<!-- This site is optimized with the Yoast SEO Premium plugin v21.5 (Yoast SEO v27.3) - https:\/\/yoast.com\/product\/yoast-seo-premium-wordpress\/ -->\n<title>65W \u00f6flugur 30.000 mAh hra\u00f0hle\u00f0slubanki | USB-C &amp; USB-A tengi<\/title>\n<meta name=\"description\" content=\"\u00d6flug fer\u00f0arafhla\u00f0a me\u00f0 LED skj\u00e1. Getur hla\u00f0i\u00f0 allt a\u00f0 \u00ferj\u00fa t\u00e6ki \u00ed einu me\u00f0 2x USB-C og 1x USB-A tengjum. 100W hra\u00f0hle\u00f0slusn\u00fara fylgir me\u00f0.\" \/>\n<meta name=\"robots\" content=\"index, follow, max-snippet:-1, max-image-preview:large, max-video-preview:-1\" \/>\n<link rel=\"canonical\" href=\"https:\/\/fodurlandid.is\/vara\/jr\u2011pbf05\/\" \/>\n<meta property=\"og:locale\" content=\"en_US\" \/>\n<meta property=\"og:type\" content=\"article\" \/>\n<meta property=\"og:title\" content=\"65W \u00f6flugur 30.000 mAh hra\u00f0hle\u00f0slubanki me\u00f0 2x USB-C &amp; USB-A tengi\" \/>\n<meta property=\"og:description\" content=\"\u00d6flug fer\u00f0arafhla\u00f0a me\u00f0 LED skj\u00e1. Getur hla\u00f0i\u00f0 allt a\u00f0 \u00ferj\u00fa t\u00e6ki \u00ed einu me\u00f0 2x USB-C og 1x USB-A tengjum. 100W hra\u00f0hle\u00f0slusn\u00fara fylgir me\u00f0.\" \/>\n<meta property=\"og:url\" content=\"https:\/\/fodurlandid.is\/vara\/jr\u2011pbf05\/\" \/>\n<meta property=\"og:site_name\" content=\"F&ouml;&eth;urlandi&eth; heildsala\" \/>\n<meta property=\"article:modified_time\" content=\"2025-09-21T13:24:49+00:00\" \/>\n<meta property=\"og:image\" content=\"https:\/\/fodurlandid.is\/wp-content\/uploads\/2025\/07\/Joyroom_JR\u2011PBF05.jpg\" \/>\n\t<meta property=\"og:image:width\" content=\"600\" \/>\n\t<meta property=\"og:image:height\" content=\"600\" \/>\n\t<meta property=\"og:image:type\" content=\"image\/jpeg\" \/>\n<meta name=\"twitter:card\" content=\"summary_large_image\" \/>\n<meta name=\"twitter:label1\" content=\"Est. reading time\" \/>\n\t<meta name=\"twitter:data1\" content=\"1 minute\" \/>\n<script type=\"application\/ld+json\" class=\"yoast-schema-graph\">{\"@context\":\"https:\\\/\\\/schema.org\",\"@graph\":[{\"@type\":\"WebPage\",\"@id\":\"https:\\\/\\\/fodurlandid.is\\\/vara\\\/jr%e2%80%91pbf05\\\/\",\"url\":\"https:\\\/\\\/fodurlandid.is\\\/vara\\\/jr%e2%80%91pbf05\\\/\",\"name\":\"65W \u00f6flugur 30.000 mAh hra\u00f0hle\u00f0slubanki | USB-C & USB-A tengi\",\"isPartOf\":{\"@id\":\"https:\\\/\\\/fodurlandid.is\\\/#website\"},\"primaryImageOfPage\":{\"@id\":\"https:\\\/\\\/fodurlandid.is\\\/vara\\\/jr%e2%80%91pbf05\\\/#primaryimage\"},\"image\":{\"@id\":\"https:\\\/\\\/fodurlandid.is\\\/vara\\\/jr%e2%80%91pbf05\\\/#primaryimage\"},\"thumbnailUrl\":\"https:\\\/\\\/fodurlandid.is\\\/wp-content\\\/uploads\\\/2025\\\/07\\\/Joyroom_JR\u2011PBF05.jpg\",\"datePublished\":\"2025-07-16T11:02:57+00:00\",\"dateModified\":\"2025-09-21T13:24:49+00:00\",\"description\":\"\u00d6flug fer\u00f0arafhla\u00f0a me\u00f0 LED skj\u00e1. Getur hla\u00f0i\u00f0 allt a\u00f0 \u00ferj\u00fa t\u00e6ki \u00ed einu me\u00f0 2x USB-C og 1x USB-A tengjum. 100W hra\u00f0hle\u00f0slusn\u00fara fylgir me\u00f0.\",\"breadcrumb\":{\"@id\":\"https:\\\/\\\/fodurlandid.is\\\/vara\\\/jr%e2%80%91pbf05\\\/#breadcrumb\"},\"inLanguage\":\"en-US\",\"potentialAction\":[{\"@type\":\"ReadAction\",\"target\":[\"https:\\\/\\\/fodurlandid.is\\\/vara\\\/jr%e2%80%91pbf05\\\/\"]}]},{\"@type\":\"ImageObject\",\"inLanguage\":\"en-US\",\"@id\":\"https:\\\/\\\/fodurlandid.is\\\/vara\\\/jr%e2%80%91pbf05\\\/#primaryimage\",\"url\":\"https:\\\/\\\/fodurlandid.is\\\/wp-content\\\/uploads\\\/2025\\\/07\\\/Joyroom_JR\u2011PBF05.jpg\",\"contentUrl\":\"https:\\\/\\\/fodurlandid.is\\\/wp-content\\\/uploads\\\/2025\\\/07\\\/Joyroom_JR\u2011PBF05.jpg\",\"width\":600,\"height\":600},{\"@type\":\"BreadcrumbList\",\"@id\":\"https:\\\/\\\/fodurlandid.is\\\/vara\\\/jr%e2%80%91pbf05\\\/#breadcrumb\",\"itemListElement\":[{\"@type\":\"ListItem\",\"position\":1,\"name\":\"Home\",\"item\":\"https:\\\/\\\/fodurlandid.is\\\/\"},{\"@type\":\"ListItem\",\"position\":2,\"name\":\"Shop\",\"item\":\"https:\\\/\\\/www.vorulagerinn.is\\\/heildsala\\\/en\\\/shop\\\/\"},{\"@type\":\"ListItem\",\"position\":3,\"name\":\"65W \u00f6flugur 30.000 mAh hra\u00f0hle\u00f0slubanki me\u00f0 2x USB-C &amp; USB-A tengi\"}]},{\"@type\":\"WebSite\",\"@id\":\"https:\\\/\\\/fodurlandid.is\\\/#website\",\"url\":\"https:\\\/\\\/fodurlandid.is\\\/\",\"name\":\"F\u00f6\u00f0urlandi\u00f0 ehf, heildsala\",\"description\":\"Innflutnings, umbo&eth;s- og dreifingara&eth;ili\",\"publisher\":{\"@id\":\"https:\\\/\\\/fodurlandid.is\\\/#organization\"},\"alternateName\":\"Innflutnings, umbo\u00f0s- og dreifingara\u00f0ili\",\"potentialAction\":[{\"@type\":\"SearchAction\",\"target\":{\"@type\":\"EntryPoint\",\"urlTemplate\":\"https:\\\/\\\/fodurlandid.is\\\/?s={search_term_string}\"},\"query-input\":{\"@type\":\"PropertyValueSpecification\",\"valueRequired\":true,\"valueName\":\"search_term_string\"}}],\"inLanguage\":\"en-US\"},{\"@type\":\"Organization\",\"@id\":\"https:\\\/\\\/fodurlandid.is\\\/#organization\",\"name\":\"Innflutnings, umbo\u00f0s- og dreifingara\u00f0ili\",\"url\":\"https:\\\/\\\/fodurlandid.is\\\/\",\"logo\":{\"@type\":\"ImageObject\",\"inLanguage\":\"en-US\",\"@id\":\"https:\\\/\\\/fodurlandid.is\\\/#\\\/schema\\\/logo\\\/image\\\/\",\"url\":\"https:\\\/\\\/fodurlandid.is\\\/wp-content\\\/uploads\\\/2024\\\/05\\\/Fodurlandid.png\",\"contentUrl\":\"https:\\\/\\\/fodurlandid.is\\\/wp-content\\\/uploads\\\/2024\\\/05\\\/Fodurlandid.png\",\"width\":400,\"height\":293,\"caption\":\"Innflutnings, umbo\u00f0s- og dreifingara\u00f0ili\"},\"image\":{\"@id\":\"https:\\\/\\\/fodurlandid.is\\\/#\\\/schema\\\/logo\\\/image\\\/\"}}]}<\/script>\n<!-- \/ Yoast SEO Premium plugin. -->","yoast_head_json":{"title":"65W \u00f6flugur 30.000 mAh hra\u00f0hle\u00f0slubanki | USB-C & USB-A tengi","description":"\u00d6flug fer\u00f0arafhla\u00f0a me\u00f0 LED skj\u00e1. Getur hla\u00f0i\u00f0 allt a\u00f0 \u00ferj\u00fa t\u00e6ki \u00ed einu me\u00f0 2x USB-C og 1x USB-A tengjum. 100W hra\u00f0hle\u00f0slusn\u00fara fylgir me\u00f0.","robots":{"index":"index","follow":"follow","max-snippet":"max-snippet:-1","max-image-preview":"max-image-preview:large","max-video-preview":"max-video-preview:-1"},"canonical":"https:\/\/fodurlandid.is\/vara\/jr\u2011pbf05\/","og_locale":"en_US","og_type":"article","og_title":"65W \u00f6flugur 30.000 mAh hra\u00f0hle\u00f0slubanki me\u00f0 2x USB-C &amp; USB-A tengi","og_description":"\u00d6flug fer\u00f0arafhla\u00f0a me\u00f0 LED skj\u00e1. Getur hla\u00f0i\u00f0 allt a\u00f0 \u00ferj\u00fa t\u00e6ki \u00ed einu me\u00f0 2x USB-C og 1x USB-A tengjum. 100W hra\u00f0hle\u00f0slusn\u00fara fylgir me\u00f0.","og_url":"https:\/\/fodurlandid.is\/vara\/jr\u2011pbf05\/","og_site_name":"F&ouml;&eth;urlandi&eth; heildsala","article_modified_time":"2025-09-21T13:24:49+00:00","og_image":[{"width":600,"height":600,"url":"https:\/\/fodurlandid.is\/wp-content\/uploads\/2025\/07\/Joyroom_JR\u2011PBF05.jpg","type":"image\/jpeg"}],"twitter_card":"summary_large_image","twitter_misc":{"Est. reading time":"1 minute"},"schema":{"@context":"https:\/\/schema.org","@graph":[{"@type":"WebPage","@id":"https:\/\/fodurlandid.is\/vara\/jr%e2%80%91pbf05\/","url":"https:\/\/fodurlandid.is\/vara\/jr%e2%80%91pbf05\/","name":"65W \u00f6flugur 30.000 mAh hra\u00f0hle\u00f0slubanki | USB-C & USB-A tengi","isPartOf":{"@id":"https:\/\/fodurlandid.is\/#website"},"primaryImageOfPage":{"@id":"https:\/\/fodurlandid.is\/vara\/jr%e2%80%91pbf05\/#primaryimage"},"image":{"@id":"https:\/\/fodurlandid.is\/vara\/jr%e2%80%91pbf05\/#primaryimage"},"thumbnailUrl":"https:\/\/fodurlandid.is\/wp-content\/uploads\/2025\/07\/Joyroom_JR\u2011PBF05.jpg","datePublished":"2025-07-16T11:02:57+00:00","dateModified":"2025-09-21T13:24:49+00:00","description":"\u00d6flug fer\u00f0arafhla\u00f0a me\u00f0 LED skj\u00e1. Getur hla\u00f0i\u00f0 allt a\u00f0 \u00ferj\u00fa t\u00e6ki \u00ed einu me\u00f0 2x USB-C og 1x USB-A tengjum. 100W hra\u00f0hle\u00f0slusn\u00fara fylgir me\u00f0.","breadcrumb":{"@id":"https:\/\/fodurlandid.is\/vara\/jr%e2%80%91pbf05\/#breadcrumb"},"inLanguage":"en-US","potentialAction":[{"@type":"ReadAction","target":["https:\/\/fodurlandid.is\/vara\/jr%e2%80%91pbf05\/"]}]},{"@type":"ImageObject","inLanguage":"en-US","@id":"https:\/\/fodurlandid.is\/vara\/jr%e2%80%91pbf05\/#primaryimage","url":"https:\/\/fodurlandid.is\/wp-content\/uploads\/2025\/07\/Joyroom_JR\u2011PBF05.jpg","contentUrl":"https:\/\/fodurlandid.is\/wp-content\/uploads\/2025\/07\/Joyroom_JR\u2011PBF05.jpg","width":600,"height":600},{"@type":"BreadcrumbList","@id":"https:\/\/fodurlandid.is\/vara\/jr%e2%80%91pbf05\/#breadcrumb","itemListElement":[{"@type":"ListItem","position":1,"name":"Home","item":"https:\/\/fodurlandid.is\/"},{"@type":"ListItem","position":2,"name":"Shop","item":"https:\/\/www.vorulagerinn.is\/heildsala\/en\/shop\/"},{"@type":"ListItem","position":3,"name":"65W \u00f6flugur 30.000 mAh hra\u00f0hle\u00f0slubanki me\u00f0 2x USB-C &amp; USB-A tengi"}]},{"@type":"WebSite","@id":"https:\/\/fodurlandid.is\/#website","url":"https:\/\/fodurlandid.is\/","name":"F\u00f6\u00f0urlandi\u00f0 ehf, heildsala","description":"Innflutnings, umbo&eth;s- og dreifingara&eth;ili","publisher":{"@id":"https:\/\/fodurlandid.is\/#organization"},"alternateName":"Innflutnings, umbo\u00f0s- og dreifingara\u00f0ili","potentialAction":[{"@type":"SearchAction","target":{"@type":"EntryPoint","urlTemplate":"https:\/\/fodurlandid.is\/?s={search_term_string}"},"query-input":{"@type":"PropertyValueSpecification","valueRequired":true,"valueName":"search_term_string"}}],"inLanguage":"en-US"},{"@type":"Organization","@id":"https:\/\/fodurlandid.is\/#organization","name":"Innflutnings, umbo\u00f0s- og dreifingara\u00f0ili","url":"https:\/\/fodurlandid.is\/","logo":{"@type":"ImageObject","inLanguage":"en-US","@id":"https:\/\/fodurlandid.is\/#\/schema\/logo\/image\/","url":"https:\/\/fodurlandid.is\/wp-content\/uploads\/2024\/05\/Fodurlandid.png","contentUrl":"https:\/\/fodurlandid.is\/wp-content\/uploads\/2024\/05\/Fodurlandid.png","width":400,"height":293,"caption":"Innflutnings, umbo\u00f0s- og dreifingara\u00f0ili"},"image":{"@id":"https:\/\/fodurlandid.is\/#\/schema\/logo\/image\/"}}]}},"_links":{"self":[{"href":"https:\/\/fodurlandid.is\/en\/wp-json\/wp\/v2\/product\/24302","targetHints":{"allow":["GET"]}}],"collection":[{"href":"https:\/\/fodurlandid.is\/en\/wp-json\/wp\/v2\/product"}],"about":[{"href":"https:\/\/fodurlandid.is\/en\/wp-json\/wp\/v2\/types\/product"}],"wp:featuredmedia":[{"embeddable":true,"href":"https:\/\/fodurlandid.is\/en\/wp-json\/wp\/v2\/media\/24305"}],"wp:attachment":[{"href":"https:\/\/fodurlandid.is\/en\/wp-json\/wp\/v2\/media?parent=24302"}],"wp:term":[{"taxonomy":"product_brand","embeddable":true,"href":"https:\/\/fodurlandid.is\/en\/wp-json\/wp\/v2\/product_brand?post=24302"},{"taxonomy":"product_cat","embeddable":true,"href":"https:\/\/fodurlandid.is\/en\/wp-json\/wp\/v2\/product_cat?post=24302"},{"taxonomy":"product_tag","embeddable":true,"href":"https:\/\/fodurlandid.is\/en\/wp-json\/wp\/v2\/product_tag?post=24302"}],"curies":[{"name":"wp","href":"https:\/\/api.w.org\/{rel}","templated":true}]}}