{"id":24277,"date":"2025-07-16T10:38:47","date_gmt":"2025-07-16T10:38:47","guid":{"rendered":"https:\/\/fodurlandid.is\/?post_type=product&#038;p=24277"},"modified":"2026-02-15T17:07:31","modified_gmt":"2026-02-15T17:07:31","slug":"jr-l012-plus","status":"publish","type":"product","link":"https:\/\/fodurlandid.is\/en\/product\/jr-l012-plus\/","title":{"rendered":"L\u00edtill og \u00f6flugur 22,5W hle\u00f0slubanki me\u00f0 20.000mAh rafhl\u00f6\u00f0u &amp; innbygg\u00f0um USB-C &amp; Lightning sn\u00farum"},"content":{"rendered":"","protected":false},"excerpt":{"rendered":"<p>\u00d6flugur 20.000mAh fer\u00f0arafhla\u00f0a sem fer vel \u00ed veski\/t\u00f6sku og er hinn fullkomni fer\u00f0af\u00e9lagi sem s\u00e9r til \u00feess a\u00f0 t\u00e6kin \u00fe\u00edn eru alltaf hla\u00f0in hvar og hven\u00e6r sem er. Fer\u00f0arafhla\u00f0an er me\u00f0 innbygg\u00f0um USB-C og Lightning sn\u00farum sem geta hla\u00f0i\u00f0 \u00f6ll Apple t\u00e6ki me\u00f0 Lightning e\u00f0a USB-C tengjum. \u00de\u00e1 er h\u00e6gt a\u00f0 hla\u00f0a Android, Samsung, Xiaomi, Huawei, Nokia, MacBook o.fl. me\u00f0 USB-C sn\u00farunni. Fer\u00f0arafhla\u00f0an er me\u00f0 tveimur USB-C tengjum og einu USB-A tengi \u00e1samt LED skj\u00e1 sem s\u00fdnir st\u00f6\u00f0una \u00e1 rafhl\u00f6\u00f0unni. \u00dea\u00f0 er h\u00e6gt a\u00f0 hla\u00f0a fj\u00f6gur t\u00e6ki samt\u00edmis.<\/p>\n<p>Litur: Svartur<br \/>\nSt\u00e6r\u00f0: 11,37 x 7,4 x 3,4 cm<br \/>\n\u00deyngd: 335g<br \/>\nRafhla\u00f0a: 20.000mAh Lithium polymer (22,5W)<br \/>\nInput: Type-C: 5V=3A, 9V=2A, 12V=1.5A (18W)<br \/>\nInput:Lightning: 5V=2.4A (12W)<br \/>\nOutput: USB-A: 4.5V=5A, 5V=4.5A, 5V=3A, 9V=2A, 12V=1.5A (22.5W)<br \/>\nOutput:Type-C: 5V=2.4A, 9V=2.22A, 12V=1.67A ()<br \/>\nOutput:Type-C line: 4.5V=5A, 5V=4.5A, 5V=3A, 9V=2A, 12V=1.5A (22.5W)<br \/>\nOutput:Apple cable: 5V=2.4A, 9V=2.22A ()<br \/>\nTotal output: 5V=3A(Max)<\/p>\n<p>Vottun: CE\/RoHS\/FCC\/UKCA<\/p>\n","protected":false},"featured_media":24280,"template":"","meta":[],"product_brand":[390],"product_cat":[409],"product_tag":[],"class_list":{"0":"post-24277","1":"product","2":"type-product","3":"status-publish","4":"has-post-thumbnail","6":"product_brand-joyroom","7":"product_cat-hledslubanki-ferdarafhlada","9":"first","10":"instock","11":"taxable","12":"shipping-taxable","13":"product-type-simple"},"yoast_head":"<!-- This site is optimized with the Yoast SEO Premium plugin v21.5 (Yoast SEO v27.4) - https:\/\/yoast.com\/product\/yoast-seo-premium-wordpress\/ -->\n<title>\u00d6flugur &amp; nettur 22,5W hle\u00f0slubanki me\u00f0 20.000mAh rafhl\u00f6\u00f0u<\/title>\n<meta name=\"description\" content=\"\u00d6flugur 20.000mAh fer\u00f0arafhla\u00f0a me\u00f0 innbygg\u00f0um USB-C &amp; Lightning sn\u00farum sem geta hla\u00f0i\u00f0 \u00f6ll Apple t\u00e6ki, Android, Samsung o.fl. me\u00f0 USB-C sn\u00farunni.\" \/>\n<meta name=\"robots\" content=\"index, follow, max-snippet:-1, max-image-preview:large, max-video-preview:-1\" \/>\n<link rel=\"canonical\" href=\"https:\/\/fodurlandid.is\/vara\/jr-l012-plus\/\" \/>\n<meta property=\"og:locale\" content=\"en_US\" \/>\n<meta property=\"og:type\" content=\"article\" \/>\n<meta property=\"og:title\" content=\"L\u00edtill og \u00f6flugur 22,5W hle\u00f0slubanki me\u00f0 20.000mAh rafhl\u00f6\u00f0u &amp; innbygg\u00f0um USB-C &amp; Lightning sn\u00farum\" \/>\n<meta property=\"og:description\" content=\"\u00d6flugur 20.000mAh fer\u00f0arafhla\u00f0a me\u00f0 innbygg\u00f0um USB-C &amp; Lightning sn\u00farum sem geta hla\u00f0i\u00f0 \u00f6ll Apple t\u00e6ki, Android, Samsung o.fl. me\u00f0 USB-C sn\u00farunni.\" \/>\n<meta property=\"og:url\" content=\"https:\/\/fodurlandid.is\/vara\/jr-l012-plus\/\" \/>\n<meta property=\"og:site_name\" content=\"F&ouml;&eth;urlandi&eth; heildsala\" \/>\n<meta property=\"article:modified_time\" content=\"2026-02-15T17:07:31+00:00\" \/>\n<meta property=\"og:image\" content=\"https:\/\/fodurlandid.is\/wp-content\/uploads\/2025\/07\/JR-L012-Plus.jpg\" \/>\n\t<meta property=\"og:image:width\" content=\"600\" \/>\n\t<meta property=\"og:image:height\" content=\"600\" \/>\n\t<meta property=\"og:image:type\" content=\"image\/jpeg\" \/>\n<meta name=\"twitter:card\" content=\"summary_large_image\" \/>\n<meta name=\"twitter:label1\" content=\"Est. reading time\" \/>\n\t<meta name=\"twitter:data1\" content=\"1 minute\" \/>\n<script type=\"application\/ld+json\" class=\"yoast-schema-graph\">{\"@context\":\"https:\\\/\\\/schema.org\",\"@graph\":[{\"@type\":\"WebPage\",\"@id\":\"https:\\\/\\\/fodurlandid.is\\\/vara\\\/jr-l012-plus\\\/\",\"url\":\"https:\\\/\\\/fodurlandid.is\\\/vara\\\/jr-l012-plus\\\/\",\"name\":\"\u00d6flugur & nettur 22,5W hle\u00f0slubanki me\u00f0 20.000mAh rafhl\u00f6\u00f0u\",\"isPartOf\":{\"@id\":\"https:\\\/\\\/fodurlandid.is\\\/#website\"},\"primaryImageOfPage\":{\"@id\":\"https:\\\/\\\/fodurlandid.is\\\/vara\\\/jr-l012-plus\\\/#primaryimage\"},\"image\":{\"@id\":\"https:\\\/\\\/fodurlandid.is\\\/vara\\\/jr-l012-plus\\\/#primaryimage\"},\"thumbnailUrl\":\"https:\\\/\\\/fodurlandid.is\\\/wp-content\\\/uploads\\\/2025\\\/07\\\/JR-L012-Plus.jpg\",\"datePublished\":\"2025-07-16T10:38:47+00:00\",\"dateModified\":\"2026-02-15T17:07:31+00:00\",\"description\":\"\u00d6flugur 20.000mAh fer\u00f0arafhla\u00f0a me\u00f0 innbygg\u00f0um USB-C & Lightning sn\u00farum sem geta hla\u00f0i\u00f0 \u00f6ll Apple t\u00e6ki, Android, Samsung o.fl. me\u00f0 USB-C sn\u00farunni.\",\"breadcrumb\":{\"@id\":\"https:\\\/\\\/fodurlandid.is\\\/vara\\\/jr-l012-plus\\\/#breadcrumb\"},\"inLanguage\":\"en-US\",\"potentialAction\":[{\"@type\":\"ReadAction\",\"target\":[\"https:\\\/\\\/fodurlandid.is\\\/vara\\\/jr-l012-plus\\\/\"]}]},{\"@type\":\"ImageObject\",\"inLanguage\":\"en-US\",\"@id\":\"https:\\\/\\\/fodurlandid.is\\\/vara\\\/jr-l012-plus\\\/#primaryimage\",\"url\":\"https:\\\/\\\/fodurlandid.is\\\/wp-content\\\/uploads\\\/2025\\\/07\\\/JR-L012-Plus.jpg\",\"contentUrl\":\"https:\\\/\\\/fodurlandid.is\\\/wp-content\\\/uploads\\\/2025\\\/07\\\/JR-L012-Plus.jpg\",\"width\":600,\"height\":600},{\"@type\":\"BreadcrumbList\",\"@id\":\"https:\\\/\\\/fodurlandid.is\\\/vara\\\/jr-l012-plus\\\/#breadcrumb\",\"itemListElement\":[{\"@type\":\"ListItem\",\"position\":1,\"name\":\"Home\",\"item\":\"https:\\\/\\\/fodurlandid.is\\\/\"},{\"@type\":\"ListItem\",\"position\":2,\"name\":\"Shop\",\"item\":\"https:\\\/\\\/www.vorulagerinn.is\\\/heildsala\\\/en\\\/shop\\\/\"},{\"@type\":\"ListItem\",\"position\":3,\"name\":\"L\u00edtill og \u00f6flugur 22,5W hle\u00f0slubanki me\u00f0 20.000mAh rafhl\u00f6\u00f0u &amp; innbygg\u00f0um USB-C &amp; Lightning sn\u00farum\"}]},{\"@type\":\"WebSite\",\"@id\":\"https:\\\/\\\/fodurlandid.is\\\/#website\",\"url\":\"https:\\\/\\\/fodurlandid.is\\\/\",\"name\":\"F\u00f6\u00f0urlandi\u00f0 ehf, heildsala\",\"description\":\"Innflutnings, umbo&eth;s- og dreifingara&eth;ili\",\"publisher\":{\"@id\":\"https:\\\/\\\/fodurlandid.is\\\/#organization\"},\"alternateName\":\"Innflutnings, umbo\u00f0s- og dreifingara\u00f0ili\",\"potentialAction\":[{\"@type\":\"SearchAction\",\"target\":{\"@type\":\"EntryPoint\",\"urlTemplate\":\"https:\\\/\\\/fodurlandid.is\\\/?s={search_term_string}\"},\"query-input\":{\"@type\":\"PropertyValueSpecification\",\"valueRequired\":true,\"valueName\":\"search_term_string\"}}],\"inLanguage\":\"en-US\"},{\"@type\":\"Organization\",\"@id\":\"https:\\\/\\\/fodurlandid.is\\\/#organization\",\"name\":\"Innflutnings, umbo\u00f0s- og dreifingara\u00f0ili\",\"url\":\"https:\\\/\\\/fodurlandid.is\\\/\",\"logo\":{\"@type\":\"ImageObject\",\"inLanguage\":\"en-US\",\"@id\":\"https:\\\/\\\/fodurlandid.is\\\/#\\\/schema\\\/logo\\\/image\\\/\",\"url\":\"https:\\\/\\\/fodurlandid.is\\\/wp-content\\\/uploads\\\/2024\\\/05\\\/Fodurlandid.png\",\"contentUrl\":\"https:\\\/\\\/fodurlandid.is\\\/wp-content\\\/uploads\\\/2024\\\/05\\\/Fodurlandid.png\",\"width\":400,\"height\":293,\"caption\":\"Innflutnings, umbo\u00f0s- og dreifingara\u00f0ili\"},\"image\":{\"@id\":\"https:\\\/\\\/fodurlandid.is\\\/#\\\/schema\\\/logo\\\/image\\\/\"}}]}<\/script>\n<!-- \/ Yoast SEO Premium plugin. -->","yoast_head_json":{"title":"\u00d6flugur & nettur 22,5W hle\u00f0slubanki me\u00f0 20.000mAh rafhl\u00f6\u00f0u","description":"\u00d6flugur 20.000mAh fer\u00f0arafhla\u00f0a me\u00f0 innbygg\u00f0um USB-C & Lightning sn\u00farum sem geta hla\u00f0i\u00f0 \u00f6ll Apple t\u00e6ki, Android, Samsung o.fl. me\u00f0 USB-C sn\u00farunni.","robots":{"index":"index","follow":"follow","max-snippet":"max-snippet:-1","max-image-preview":"max-image-preview:large","max-video-preview":"max-video-preview:-1"},"canonical":"https:\/\/fodurlandid.is\/vara\/jr-l012-plus\/","og_locale":"en_US","og_type":"article","og_title":"L\u00edtill og \u00f6flugur 22,5W hle\u00f0slubanki me\u00f0 20.000mAh rafhl\u00f6\u00f0u &amp; innbygg\u00f0um USB-C &amp; Lightning sn\u00farum","og_description":"\u00d6flugur 20.000mAh fer\u00f0arafhla\u00f0a me\u00f0 innbygg\u00f0um USB-C & Lightning sn\u00farum sem geta hla\u00f0i\u00f0 \u00f6ll Apple t\u00e6ki, Android, Samsung o.fl. me\u00f0 USB-C sn\u00farunni.","og_url":"https:\/\/fodurlandid.is\/vara\/jr-l012-plus\/","og_site_name":"F&ouml;&eth;urlandi&eth; heildsala","article_modified_time":"2026-02-15T17:07:31+00:00","og_image":[{"width":600,"height":600,"url":"https:\/\/fodurlandid.is\/wp-content\/uploads\/2025\/07\/JR-L012-Plus.jpg","type":"image\/jpeg"}],"twitter_card":"summary_large_image","twitter_misc":{"Est. reading time":"1 minute"},"schema":{"@context":"https:\/\/schema.org","@graph":[{"@type":"WebPage","@id":"https:\/\/fodurlandid.is\/vara\/jr-l012-plus\/","url":"https:\/\/fodurlandid.is\/vara\/jr-l012-plus\/","name":"\u00d6flugur & nettur 22,5W hle\u00f0slubanki me\u00f0 20.000mAh rafhl\u00f6\u00f0u","isPartOf":{"@id":"https:\/\/fodurlandid.is\/#website"},"primaryImageOfPage":{"@id":"https:\/\/fodurlandid.is\/vara\/jr-l012-plus\/#primaryimage"},"image":{"@id":"https:\/\/fodurlandid.is\/vara\/jr-l012-plus\/#primaryimage"},"thumbnailUrl":"https:\/\/fodurlandid.is\/wp-content\/uploads\/2025\/07\/JR-L012-Plus.jpg","datePublished":"2025-07-16T10:38:47+00:00","dateModified":"2026-02-15T17:07:31+00:00","description":"\u00d6flugur 20.000mAh fer\u00f0arafhla\u00f0a me\u00f0 innbygg\u00f0um USB-C & Lightning sn\u00farum sem geta hla\u00f0i\u00f0 \u00f6ll Apple t\u00e6ki, Android, Samsung o.fl. me\u00f0 USB-C sn\u00farunni.","breadcrumb":{"@id":"https:\/\/fodurlandid.is\/vara\/jr-l012-plus\/#breadcrumb"},"inLanguage":"en-US","potentialAction":[{"@type":"ReadAction","target":["https:\/\/fodurlandid.is\/vara\/jr-l012-plus\/"]}]},{"@type":"ImageObject","inLanguage":"en-US","@id":"https:\/\/fodurlandid.is\/vara\/jr-l012-plus\/#primaryimage","url":"https:\/\/fodurlandid.is\/wp-content\/uploads\/2025\/07\/JR-L012-Plus.jpg","contentUrl":"https:\/\/fodurlandid.is\/wp-content\/uploads\/2025\/07\/JR-L012-Plus.jpg","width":600,"height":600},{"@type":"BreadcrumbList","@id":"https:\/\/fodurlandid.is\/vara\/jr-l012-plus\/#breadcrumb","itemListElement":[{"@type":"ListItem","position":1,"name":"Home","item":"https:\/\/fodurlandid.is\/"},{"@type":"ListItem","position":2,"name":"Shop","item":"https:\/\/www.vorulagerinn.is\/heildsala\/en\/shop\/"},{"@type":"ListItem","position":3,"name":"L\u00edtill og \u00f6flugur 22,5W hle\u00f0slubanki me\u00f0 20.000mAh rafhl\u00f6\u00f0u &amp; innbygg\u00f0um USB-C &amp; Lightning sn\u00farum"}]},{"@type":"WebSite","@id":"https:\/\/fodurlandid.is\/#website","url":"https:\/\/fodurlandid.is\/","name":"F\u00f6\u00f0urlandi\u00f0 ehf, heildsala","description":"Innflutnings, umbo&eth;s- og dreifingara&eth;ili","publisher":{"@id":"https:\/\/fodurlandid.is\/#organization"},"alternateName":"Innflutnings, umbo\u00f0s- og dreifingara\u00f0ili","potentialAction":[{"@type":"SearchAction","target":{"@type":"EntryPoint","urlTemplate":"https:\/\/fodurlandid.is\/?s={search_term_string}"},"query-input":{"@type":"PropertyValueSpecification","valueRequired":true,"valueName":"search_term_string"}}],"inLanguage":"en-US"},{"@type":"Organization","@id":"https:\/\/fodurlandid.is\/#organization","name":"Innflutnings, umbo\u00f0s- og dreifingara\u00f0ili","url":"https:\/\/fodurlandid.is\/","logo":{"@type":"ImageObject","inLanguage":"en-US","@id":"https:\/\/fodurlandid.is\/#\/schema\/logo\/image\/","url":"https:\/\/fodurlandid.is\/wp-content\/uploads\/2024\/05\/Fodurlandid.png","contentUrl":"https:\/\/fodurlandid.is\/wp-content\/uploads\/2024\/05\/Fodurlandid.png","width":400,"height":293,"caption":"Innflutnings, umbo\u00f0s- og dreifingara\u00f0ili"},"image":{"@id":"https:\/\/fodurlandid.is\/#\/schema\/logo\/image\/"}}]}},"_links":{"self":[{"href":"https:\/\/fodurlandid.is\/en\/wp-json\/wp\/v2\/product\/24277","targetHints":{"allow":["GET"]}}],"collection":[{"href":"https:\/\/fodurlandid.is\/en\/wp-json\/wp\/v2\/product"}],"about":[{"href":"https:\/\/fodurlandid.is\/en\/wp-json\/wp\/v2\/types\/product"}],"wp:featuredmedia":[{"embeddable":true,"href":"https:\/\/fodurlandid.is\/en\/wp-json\/wp\/v2\/media\/24280"}],"wp:attachment":[{"href":"https:\/\/fodurlandid.is\/en\/wp-json\/wp\/v2\/media?parent=24277"}],"wp:term":[{"taxonomy":"product_brand","embeddable":true,"href":"https:\/\/fodurlandid.is\/en\/wp-json\/wp\/v2\/product_brand?post=24277"},{"taxonomy":"product_cat","embeddable":true,"href":"https:\/\/fodurlandid.is\/en\/wp-json\/wp\/v2\/product_cat?post=24277"},{"taxonomy":"product_tag","embeddable":true,"href":"https:\/\/fodurlandid.is\/en\/wp-json\/wp\/v2\/product_tag?post=24277"}],"curies":[{"name":"wp","href":"https:\/\/api.w.org\/{rel}","templated":true}]}}