{"id":24247,"date":"2025-07-14T12:14:28","date_gmt":"2025-07-14T12:14:28","guid":{"rendered":"https:\/\/fodurlandid.is\/?post_type=product&#038;p=24247"},"modified":"2026-03-31T07:58:24","modified_gmt":"2026-03-31T07:58:24","slug":"duohuepack","status":"publish","type":"product","link":"https:\/\/fodurlandid.is\/en\/product\/duohuepack\/","title":{"rendered":"DuoHuePack er 22 l\u00edtra fart\u00f6lvubakpoki \/ sk\u00f3lataska fyrir allt a\u00f0 15,6&#8243; fart\u00f6lvur &#038; USB hle\u00f0slutengi fyrir snjallt\u00e6ki"},"content":{"rendered":"","protected":false},"excerpt":{"rendered":"<p>Taskan er 22 l\u00edtra me\u00f0 r\u00famg\u00f3\u00f0u r\u00fdmi og er \u00far vatnsfr\u00e1hrindandi Oxford efni. \u00c1 t\u00f6skunni eru m\u00f6rg h\u00f3lf. A\u00f0 framan er st\u00f3r renndur vasi og aftan \u00e1 t\u00f6skunni er annar renndur vasi a\u00f0 svipa\u00f0ri st\u00e6r\u00f0. \u00c1 hli\u00f0um t\u00f6skunnar eru vasar sem henta fyrir vatnsbr\u00fasa, regnhl\u00edfar o.\u00fe.h. Innan \u00ed baki t\u00f6skunnar er s\u00e9r h\u00f3lf fyrir allt a\u00f0 15,6\u2033 fart\u00f6lvu, anna\u00f0 h\u00f3lf fyrir allt a\u00f0 12,9\u2033 spjaldt\u00f6lvu og \u00e1 m\u00f3ti eru tveir vasar annar renndur og hinn opinn. \u00c1 annari hli\u00f0inni er USB-A og USB-C hle\u00f0slutengi sem tengt er vi\u00f0 hle\u00f0slubanka ofan \u00ed t\u00f6skunni og \u00fev\u00ed h\u00e6gt a\u00f0 hla\u00f0a fart\u00f6lvuna og snjalls\u00edmann \u00feegar \u00feess er \u00fe\u00f6rf.<\/p>\n<p>Taskan hentar einstaklega vel sem sk\u00f3lataska \u00fev\u00ed h\u00fan er l\u00e9tt, r\u00famg\u00f3\u00f0 og \u00far vatnsfr\u00e1hrindandi efni.<\/p>\n<p>\u2013 St\u00e6r\u00f0: 45 x 32 x 15 cm (22 l\u00edtrar)<br \/>\n\u2013 Litur: Gr\u00e1r og hv\u00edtur<br \/>\n\u2013 Efni: Oxford 600D (vatnsfr\u00e1hrindandi)<br \/>\n\u2013 \u00deyngd: 0,6 kg<\/p>\n","protected":false},"featured_media":24254,"template":"","meta":[],"product_brand":[401],"product_cat":[403],"product_tag":[],"class_list":{"0":"post-24247","1":"product","2":"type-product","3":"status-publish","4":"has-post-thumbnail","6":"product_brand-mark-ryden","7":"product_cat-bakpokar","9":"first","10":"instock","11":"taxable","12":"shipping-taxable","13":"product-type-variable"},"yoast_head":"<!-- This site is optimized with the Yoast SEO Premium plugin v21.5 (Yoast SEO v27.5) - https:\/\/yoast.com\/product\/yoast-seo-premium-wordpress\/ -->\n<title>DuoHuePack 22 l\u00edtra sk\u00f3lataska | 15,6&quot; fart\u00f6lvur | USB hle\u00f0slutengi<\/title>\n<meta name=\"description\" content=\"DuoHuePack sk\u00f3lataskan fr\u00e1 Mark Ryden er 22 l\u00edtra, l\u00e9tt, \u00fe\u00e6gileg &amp; r\u00famg\u00f3\u00f0. Utan \u00e1 t\u00f6skunni eru USB-A &amp; USB-C hle\u00f0slutengi til a\u00f0 hla\u00f0a fart\u00f6lvuna &amp; GSM\" \/>\n<meta name=\"robots\" content=\"index, follow, max-snippet:-1, max-image-preview:large, max-video-preview:-1\" \/>\n<link rel=\"canonical\" href=\"https:\/\/fodurlandid.is\/vara\/duohuepack\/\" \/>\n<meta property=\"og:locale\" content=\"en_US\" \/>\n<meta property=\"og:type\" content=\"article\" \/>\n<meta property=\"og:title\" content=\"DuoHuePack er 22 l\u00edtra fart\u00f6lvubakpoki \/ sk\u00f3lataska fyrir allt a\u00f0 15,6&quot; fart\u00f6lvur &amp; USB hle\u00f0slutengi fyrir snjallt\u00e6ki\" \/>\n<meta property=\"og:description\" content=\"DuoHuePack sk\u00f3lataskan fr\u00e1 Mark Ryden er 22 l\u00edtra, l\u00e9tt, \u00fe\u00e6gileg &amp; r\u00famg\u00f3\u00f0. Utan \u00e1 t\u00f6skunni eru USB-A &amp; USB-C hle\u00f0slutengi til a\u00f0 hla\u00f0a fart\u00f6lvuna &amp; GSM\" \/>\n<meta property=\"og:url\" content=\"https:\/\/fodurlandid.is\/vara\/duohuepack\/\" \/>\n<meta property=\"og:site_name\" content=\"F&ouml;&eth;urlandi&eth; heildsala\" \/>\n<meta property=\"article:modified_time\" content=\"2026-03-31T07:58:24+00:00\" \/>\n<meta property=\"og:image\" content=\"https:\/\/fodurlandid.is\/wp-content\/uploads\/2025\/07\/MR3606-3.jpg\" \/>\n\t<meta property=\"og:image:width\" content=\"600\" \/>\n\t<meta property=\"og:image:height\" content=\"600\" \/>\n\t<meta property=\"og:image:type\" content=\"image\/jpeg\" \/>\n<meta name=\"twitter:card\" content=\"summary_large_image\" \/>\n<meta name=\"twitter:label1\" content=\"Est. reading time\" \/>\n\t<meta name=\"twitter:data1\" content=\"1 minute\" \/>\n<script type=\"application\/ld+json\" class=\"yoast-schema-graph\">{\"@context\":\"https:\\\/\\\/schema.org\",\"@graph\":[{\"@type\":\"WebPage\",\"@id\":\"https:\\\/\\\/fodurlandid.is\\\/vara\\\/duohuepack\\\/\",\"url\":\"https:\\\/\\\/fodurlandid.is\\\/vara\\\/duohuepack\\\/\",\"name\":\"DuoHuePack 22 l\u00edtra sk\u00f3lataska | 15,6\\\" fart\u00f6lvur | USB hle\u00f0slutengi\",\"isPartOf\":{\"@id\":\"https:\\\/\\\/fodurlandid.is\\\/#website\"},\"primaryImageOfPage\":{\"@id\":\"https:\\\/\\\/fodurlandid.is\\\/vara\\\/duohuepack\\\/#primaryimage\"},\"image\":{\"@id\":\"https:\\\/\\\/fodurlandid.is\\\/vara\\\/duohuepack\\\/#primaryimage\"},\"thumbnailUrl\":\"https:\\\/\\\/fodurlandid.is\\\/wp-content\\\/uploads\\\/2025\\\/07\\\/MR3606-3.jpg\",\"datePublished\":\"2025-07-14T12:14:28+00:00\",\"dateModified\":\"2026-03-31T07:58:24+00:00\",\"description\":\"DuoHuePack sk\u00f3lataskan fr\u00e1 Mark Ryden er 22 l\u00edtra, l\u00e9tt, \u00fe\u00e6gileg & r\u00famg\u00f3\u00f0. Utan \u00e1 t\u00f6skunni eru USB-A & USB-C hle\u00f0slutengi til a\u00f0 hla\u00f0a fart\u00f6lvuna & GSM\",\"breadcrumb\":{\"@id\":\"https:\\\/\\\/fodurlandid.is\\\/vara\\\/duohuepack\\\/#breadcrumb\"},\"inLanguage\":\"en-US\",\"potentialAction\":[{\"@type\":\"ReadAction\",\"target\":[\"https:\\\/\\\/fodurlandid.is\\\/vara\\\/duohuepack\\\/\"]}]},{\"@type\":\"ImageObject\",\"inLanguage\":\"en-US\",\"@id\":\"https:\\\/\\\/fodurlandid.is\\\/vara\\\/duohuepack\\\/#primaryimage\",\"url\":\"https:\\\/\\\/fodurlandid.is\\\/wp-content\\\/uploads\\\/2025\\\/07\\\/MR3606-3.jpg\",\"contentUrl\":\"https:\\\/\\\/fodurlandid.is\\\/wp-content\\\/uploads\\\/2025\\\/07\\\/MR3606-3.jpg\",\"width\":600,\"height\":600},{\"@type\":\"BreadcrumbList\",\"@id\":\"https:\\\/\\\/fodurlandid.is\\\/vara\\\/duohuepack\\\/#breadcrumb\",\"itemListElement\":[{\"@type\":\"ListItem\",\"position\":1,\"name\":\"Home\",\"item\":\"https:\\\/\\\/fodurlandid.is\\\/\"},{\"@type\":\"ListItem\",\"position\":2,\"name\":\"Shop\",\"item\":\"https:\\\/\\\/www.vorulagerinn.is\\\/heildsala\\\/en\\\/shop\\\/\"},{\"@type\":\"ListItem\",\"position\":3,\"name\":\"DuoHuePack er 22 l\u00edtra fart\u00f6lvubakpoki \\\/ sk\u00f3lataska fyrir allt a\u00f0 15,6&#8243; fart\u00f6lvur &#038; USB hle\u00f0slutengi fyrir snjallt\u00e6ki\"}]},{\"@type\":\"WebSite\",\"@id\":\"https:\\\/\\\/fodurlandid.is\\\/#website\",\"url\":\"https:\\\/\\\/fodurlandid.is\\\/\",\"name\":\"F\u00f6\u00f0urlandi\u00f0 ehf, heildsala\",\"description\":\"Innflutnings, umbo&eth;s- og dreifingara&eth;ili\",\"publisher\":{\"@id\":\"https:\\\/\\\/fodurlandid.is\\\/#organization\"},\"alternateName\":\"Innflutnings, umbo\u00f0s- og dreifingara\u00f0ili\",\"potentialAction\":[{\"@type\":\"SearchAction\",\"target\":{\"@type\":\"EntryPoint\",\"urlTemplate\":\"https:\\\/\\\/fodurlandid.is\\\/?s={search_term_string}\"},\"query-input\":{\"@type\":\"PropertyValueSpecification\",\"valueRequired\":true,\"valueName\":\"search_term_string\"}}],\"inLanguage\":\"en-US\"},{\"@type\":\"Organization\",\"@id\":\"https:\\\/\\\/fodurlandid.is\\\/#organization\",\"name\":\"Innflutnings, umbo\u00f0s- og dreifingara\u00f0ili\",\"url\":\"https:\\\/\\\/fodurlandid.is\\\/\",\"logo\":{\"@type\":\"ImageObject\",\"inLanguage\":\"en-US\",\"@id\":\"https:\\\/\\\/fodurlandid.is\\\/#\\\/schema\\\/logo\\\/image\\\/\",\"url\":\"https:\\\/\\\/fodurlandid.is\\\/wp-content\\\/uploads\\\/2024\\\/05\\\/Fodurlandid.png\",\"contentUrl\":\"https:\\\/\\\/fodurlandid.is\\\/wp-content\\\/uploads\\\/2024\\\/05\\\/Fodurlandid.png\",\"width\":400,\"height\":293,\"caption\":\"Innflutnings, umbo\u00f0s- og dreifingara\u00f0ili\"},\"image\":{\"@id\":\"https:\\\/\\\/fodurlandid.is\\\/#\\\/schema\\\/logo\\\/image\\\/\"}}]}<\/script>\n<!-- \/ Yoast SEO Premium plugin. -->","yoast_head_json":{"title":"DuoHuePack 22 l\u00edtra sk\u00f3lataska | 15,6\" fart\u00f6lvur | USB hle\u00f0slutengi","description":"DuoHuePack sk\u00f3lataskan fr\u00e1 Mark Ryden er 22 l\u00edtra, l\u00e9tt, \u00fe\u00e6gileg & r\u00famg\u00f3\u00f0. Utan \u00e1 t\u00f6skunni eru USB-A & USB-C hle\u00f0slutengi til a\u00f0 hla\u00f0a fart\u00f6lvuna & GSM","robots":{"index":"index","follow":"follow","max-snippet":"max-snippet:-1","max-image-preview":"max-image-preview:large","max-video-preview":"max-video-preview:-1"},"canonical":"https:\/\/fodurlandid.is\/vara\/duohuepack\/","og_locale":"en_US","og_type":"article","og_title":"DuoHuePack er 22 l\u00edtra fart\u00f6lvubakpoki \/ sk\u00f3lataska fyrir allt a\u00f0 15,6\" fart\u00f6lvur & USB hle\u00f0slutengi fyrir snjallt\u00e6ki","og_description":"DuoHuePack sk\u00f3lataskan fr\u00e1 Mark Ryden er 22 l\u00edtra, l\u00e9tt, \u00fe\u00e6gileg & r\u00famg\u00f3\u00f0. Utan \u00e1 t\u00f6skunni eru USB-A & USB-C hle\u00f0slutengi til a\u00f0 hla\u00f0a fart\u00f6lvuna & GSM","og_url":"https:\/\/fodurlandid.is\/vara\/duohuepack\/","og_site_name":"F&ouml;&eth;urlandi&eth; heildsala","article_modified_time":"2026-03-31T07:58:24+00:00","og_image":[{"width":600,"height":600,"url":"https:\/\/fodurlandid.is\/wp-content\/uploads\/2025\/07\/MR3606-3.jpg","type":"image\/jpeg"}],"twitter_card":"summary_large_image","twitter_misc":{"Est. reading time":"1 minute"},"schema":{"@context":"https:\/\/schema.org","@graph":[{"@type":"WebPage","@id":"https:\/\/fodurlandid.is\/vara\/duohuepack\/","url":"https:\/\/fodurlandid.is\/vara\/duohuepack\/","name":"DuoHuePack 22 l\u00edtra sk\u00f3lataska | 15,6\" fart\u00f6lvur | USB hle\u00f0slutengi","isPartOf":{"@id":"https:\/\/fodurlandid.is\/#website"},"primaryImageOfPage":{"@id":"https:\/\/fodurlandid.is\/vara\/duohuepack\/#primaryimage"},"image":{"@id":"https:\/\/fodurlandid.is\/vara\/duohuepack\/#primaryimage"},"thumbnailUrl":"https:\/\/fodurlandid.is\/wp-content\/uploads\/2025\/07\/MR3606-3.jpg","datePublished":"2025-07-14T12:14:28+00:00","dateModified":"2026-03-31T07:58:24+00:00","description":"DuoHuePack sk\u00f3lataskan fr\u00e1 Mark Ryden er 22 l\u00edtra, l\u00e9tt, \u00fe\u00e6gileg & r\u00famg\u00f3\u00f0. Utan \u00e1 t\u00f6skunni eru USB-A & USB-C hle\u00f0slutengi til a\u00f0 hla\u00f0a fart\u00f6lvuna & GSM","breadcrumb":{"@id":"https:\/\/fodurlandid.is\/vara\/duohuepack\/#breadcrumb"},"inLanguage":"en-US","potentialAction":[{"@type":"ReadAction","target":["https:\/\/fodurlandid.is\/vara\/duohuepack\/"]}]},{"@type":"ImageObject","inLanguage":"en-US","@id":"https:\/\/fodurlandid.is\/vara\/duohuepack\/#primaryimage","url":"https:\/\/fodurlandid.is\/wp-content\/uploads\/2025\/07\/MR3606-3.jpg","contentUrl":"https:\/\/fodurlandid.is\/wp-content\/uploads\/2025\/07\/MR3606-3.jpg","width":600,"height":600},{"@type":"BreadcrumbList","@id":"https:\/\/fodurlandid.is\/vara\/duohuepack\/#breadcrumb","itemListElement":[{"@type":"ListItem","position":1,"name":"Home","item":"https:\/\/fodurlandid.is\/"},{"@type":"ListItem","position":2,"name":"Shop","item":"https:\/\/www.vorulagerinn.is\/heildsala\/en\/shop\/"},{"@type":"ListItem","position":3,"name":"DuoHuePack er 22 l\u00edtra fart\u00f6lvubakpoki \/ sk\u00f3lataska fyrir allt a\u00f0 15,6&#8243; fart\u00f6lvur &#038; USB hle\u00f0slutengi fyrir snjallt\u00e6ki"}]},{"@type":"WebSite","@id":"https:\/\/fodurlandid.is\/#website","url":"https:\/\/fodurlandid.is\/","name":"F\u00f6\u00f0urlandi\u00f0 ehf, heildsala","description":"Innflutnings, umbo&eth;s- og dreifingara&eth;ili","publisher":{"@id":"https:\/\/fodurlandid.is\/#organization"},"alternateName":"Innflutnings, umbo\u00f0s- og dreifingara\u00f0ili","potentialAction":[{"@type":"SearchAction","target":{"@type":"EntryPoint","urlTemplate":"https:\/\/fodurlandid.is\/?s={search_term_string}"},"query-input":{"@type":"PropertyValueSpecification","valueRequired":true,"valueName":"search_term_string"}}],"inLanguage":"en-US"},{"@type":"Organization","@id":"https:\/\/fodurlandid.is\/#organization","name":"Innflutnings, umbo\u00f0s- og dreifingara\u00f0ili","url":"https:\/\/fodurlandid.is\/","logo":{"@type":"ImageObject","inLanguage":"en-US","@id":"https:\/\/fodurlandid.is\/#\/schema\/logo\/image\/","url":"https:\/\/fodurlandid.is\/wp-content\/uploads\/2024\/05\/Fodurlandid.png","contentUrl":"https:\/\/fodurlandid.is\/wp-content\/uploads\/2024\/05\/Fodurlandid.png","width":400,"height":293,"caption":"Innflutnings, umbo\u00f0s- og dreifingara\u00f0ili"},"image":{"@id":"https:\/\/fodurlandid.is\/#\/schema\/logo\/image\/"}}]}},"_links":{"self":[{"href":"https:\/\/fodurlandid.is\/en\/wp-json\/wp\/v2\/product\/24247","targetHints":{"allow":["GET"]}}],"collection":[{"href":"https:\/\/fodurlandid.is\/en\/wp-json\/wp\/v2\/product"}],"about":[{"href":"https:\/\/fodurlandid.is\/en\/wp-json\/wp\/v2\/types\/product"}],"wp:featuredmedia":[{"embeddable":true,"href":"https:\/\/fodurlandid.is\/en\/wp-json\/wp\/v2\/media\/24254"}],"wp:attachment":[{"href":"https:\/\/fodurlandid.is\/en\/wp-json\/wp\/v2\/media?parent=24247"}],"wp:term":[{"taxonomy":"product_brand","embeddable":true,"href":"https:\/\/fodurlandid.is\/en\/wp-json\/wp\/v2\/product_brand?post=24247"},{"taxonomy":"product_cat","embeddable":true,"href":"https:\/\/fodurlandid.is\/en\/wp-json\/wp\/v2\/product_cat?post=24247"},{"taxonomy":"product_tag","embeddable":true,"href":"https:\/\/fodurlandid.is\/en\/wp-json\/wp\/v2\/product_tag?post=24247"}],"curies":[{"name":"wp","href":"https:\/\/api.w.org\/{rel}","templated":true}]}}