{"id":24232,"date":"2025-07-13T10:55:04","date_gmt":"2025-07-13T10:55:04","guid":{"rendered":"https:\/\/fodurlandid.is\/?post_type=product&#038;p=24232"},"modified":"2026-01-25T17:04:10","modified_gmt":"2026-01-25T17:04:10","slug":"compacto","status":"publish","type":"product","link":"https:\/\/fodurlandid.is\/en\/product\/compacto\/","title":{"rendered":"Compacto er r\u00famg\u00f3\u00f0ur bakpoki me\u00f0 180 gr\u00e1\u00f0u opnun, USB hle\u00f0slutengi, h\u00f3lf fyrir allt a\u00f0 17,3&#8243; fart\u00f6lvur, vatnsheldur me\u00f0 g\u00f3\u00f0ri \u00f6ndun"},"content":{"rendered":"","protected":false},"excerpt":{"rendered":"<p>Gl\u00e6sileg og r\u00famg\u00f3\u00f0 30 l\u00edtra bakpoki me\u00f0 gott geymslur\u00fdmi undir \u00fea\u00f0 helsta. \u00dea\u00f0 er h\u00e6gt a\u00f0 opna t\u00f6skuna \u00ed 180 gr\u00e1\u00f0ur. \u00c1 hli\u00f0 t\u00f6skunnar eru tv\u00f6 USB hle\u00f0slutengi (USB-A og USB-C) sem tengt er \u00ed hle\u00f0slubanka sem geymdur er ofan \u00ed t\u00f6skunni svo h\u00e6gt er a\u00f0 hla\u00f0a snjallt\u00e6kin \u00e1 fer\u00f0inni me\u00f0 \u00fev\u00ed a\u00f0 smella hle\u00f0slusn\u00faru \u00ed USB rauf utan \u00e1 t\u00f6skunni. Taskan er \u00far vatnsheldu efni me\u00f0 g\u00f3\u00f0ri \u00f6ndun vi\u00f0 bak. \u00c1 bakpokanum er festing sem gerir \u00fe\u00e9r kleift a\u00f0 festa t\u00f6skuna beint \u00e1 handfangi\u00f0 \u00e1 fer\u00f0at\u00f6skunni sem vi\u00f0 dr\u00f6gum \u00e1 eftir okkur \u00e1 flugv\u00f6llum.<\/p>\n<p>\u00cd innra r\u00fdmi t\u00f6skunnar vi\u00f0 bak er h\u00f3lf fyrir allt a\u00f0 17,3\u201d fer\u00f0at\u00f6lvu, spjaldt\u00f6lvu, fars\u00edma og fleiri t\u00e6ki. Innra r\u00fdmi t\u00f6skunnar er a\u00f0greint me\u00f0 rennil\u00e1s og neti. Fyrir innan neti\u00f0 er einn renndur vasi og tveir \u00ed hli\u00f0um t\u00f6skunnar. \u00cd \u00fev\u00ed h\u00f3lfi fylgja 2 litlar t\u00f6skur sem eru losanlegar me\u00f0 fr\u00f6nskum rennil\u00e1s. \u00c1 framhli\u00f0 t\u00f6skunnar er eitt st\u00f3rt rennt h\u00f3lf, anna\u00f0 minna fyrir framan og annar minni vasi. \u00c1 axlar\u00f3lum eru vasar fyrir kort, festing fyrir gleraugu\/s\u00f3lgleraugu og ney\u00f0arflauta.<\/p>\n<p>V\u00f6ndu\u00f0 og g\u00f3\u00f0ur bakpoki fyrir vinnuna og fer\u00f0alagi\u00f0.<\/p>\n<p>\u2013 Litur: Svartur<br \/>\n\u2013 St\u00e6r\u00f0: 51cm x 35cm x 17cm (30,3 l\u00edtrar)<br \/>\n\u2013 \u00deyngd: 1,5 kg<br \/>\n\u2013 Efni: Oxford fabric (vatnshelt)<br \/>\n\u2013 Utan\u00e1liggjandi USB-A og USB-C tengi<br \/>\n\u2013 Fart\u00f6lvust\u00e6r\u00f0: allt a\u00f0 17,3\u201d<\/p>\n","protected":false},"featured_media":24245,"template":"","meta":[],"product_brand":[401],"product_cat":[403],"product_tag":[],"class_list":{"0":"post-24232","1":"product","2":"type-product","3":"status-publish","4":"has-post-thumbnail","6":"product_brand-mark-ryden","7":"product_cat-bakpokar","9":"first","10":"instock","11":"taxable","12":"shipping-taxable","13":"product-type-simple"},"yoast_head":"<!-- This site is optimized with the Yoast SEO Premium plugin v21.5 (Yoast SEO v27.3) - https:\/\/yoast.com\/product\/yoast-seo-premium-wordpress\/ -->\n<title>R\u00famg\u00f3\u00f0ur bakpoki | 180 gr\u00e1\u00f0u opnun | USB tengi | 17,3&quot; fart\u00f6lvur<\/title>\n<meta name=\"description\" content=\"Compacto er gl\u00e6silegur 30 l\u00edtra bakpoki fr\u00e1 Mark Ryden. H\u00e6gt a\u00f0 opna t\u00f6skuna 180 gr\u00e1\u00f0ur, Allt a\u00f0 17,3&quot; fart\u00f6lvur, 2x USB hle\u00f0slutengi\" \/>\n<meta name=\"robots\" content=\"index, follow, max-snippet:-1, max-image-preview:large, max-video-preview:-1\" \/>\n<link rel=\"canonical\" href=\"https:\/\/fodurlandid.is\/vara\/compacto\/\" \/>\n<meta property=\"og:locale\" content=\"en_US\" \/>\n<meta property=\"og:type\" content=\"article\" \/>\n<meta property=\"og:title\" content=\"Compacto er r\u00famg\u00f3\u00f0ur bakpoki me\u00f0 180 gr\u00e1\u00f0u opnun, USB hle\u00f0slutengi, h\u00f3lf fyrir allt a\u00f0 17,3&quot; fart\u00f6lvur, vatnsheldur me\u00f0 g\u00f3\u00f0ri \u00f6ndun\" \/>\n<meta property=\"og:description\" content=\"Compacto er gl\u00e6silegur 30 l\u00edtra bakpoki fr\u00e1 Mark Ryden. H\u00e6gt a\u00f0 opna t\u00f6skuna 180 gr\u00e1\u00f0ur, Allt a\u00f0 17,3&quot; fart\u00f6lvur, 2x USB hle\u00f0slutengi\" \/>\n<meta property=\"og:url\" content=\"https:\/\/fodurlandid.is\/vara\/compacto\/\" \/>\n<meta property=\"og:site_name\" content=\"F&ouml;&eth;urlandi&eth; heildsala\" \/>\n<meta property=\"article:modified_time\" content=\"2026-01-25T17:04:10+00:00\" \/>\n<meta property=\"og:image\" content=\"https:\/\/fodurlandid.is\/wp-content\/uploads\/2025\/07\/MR7080D.jpg\" \/>\n\t<meta property=\"og:image:width\" content=\"600\" \/>\n\t<meta property=\"og:image:height\" content=\"600\" \/>\n\t<meta property=\"og:image:type\" content=\"image\/jpeg\" \/>\n<meta name=\"twitter:card\" content=\"summary_large_image\" \/>\n<meta name=\"twitter:label1\" content=\"Est. reading time\" \/>\n\t<meta name=\"twitter:data1\" content=\"1 minute\" \/>\n<script type=\"application\/ld+json\" class=\"yoast-schema-graph\">{\"@context\":\"https:\\\/\\\/schema.org\",\"@graph\":[{\"@type\":\"WebPage\",\"@id\":\"https:\\\/\\\/fodurlandid.is\\\/vara\\\/compacto\\\/\",\"url\":\"https:\\\/\\\/fodurlandid.is\\\/vara\\\/compacto\\\/\",\"name\":\"R\u00famg\u00f3\u00f0ur bakpoki | 180 gr\u00e1\u00f0u opnun | USB tengi | 17,3\\\" fart\u00f6lvur\",\"isPartOf\":{\"@id\":\"https:\\\/\\\/fodurlandid.is\\\/#website\"},\"primaryImageOfPage\":{\"@id\":\"https:\\\/\\\/fodurlandid.is\\\/vara\\\/compacto\\\/#primaryimage\"},\"image\":{\"@id\":\"https:\\\/\\\/fodurlandid.is\\\/vara\\\/compacto\\\/#primaryimage\"},\"thumbnailUrl\":\"https:\\\/\\\/fodurlandid.is\\\/wp-content\\\/uploads\\\/2025\\\/07\\\/MR7080D.jpg\",\"datePublished\":\"2025-07-13T10:55:04+00:00\",\"dateModified\":\"2026-01-25T17:04:10+00:00\",\"description\":\"Compacto er gl\u00e6silegur 30 l\u00edtra bakpoki fr\u00e1 Mark Ryden. H\u00e6gt a\u00f0 opna t\u00f6skuna 180 gr\u00e1\u00f0ur, Allt a\u00f0 17,3\\\" fart\u00f6lvur, 2x USB hle\u00f0slutengi\",\"breadcrumb\":{\"@id\":\"https:\\\/\\\/fodurlandid.is\\\/vara\\\/compacto\\\/#breadcrumb\"},\"inLanguage\":\"en-US\",\"potentialAction\":[{\"@type\":\"ReadAction\",\"target\":[\"https:\\\/\\\/fodurlandid.is\\\/vara\\\/compacto\\\/\"]}]},{\"@type\":\"ImageObject\",\"inLanguage\":\"en-US\",\"@id\":\"https:\\\/\\\/fodurlandid.is\\\/vara\\\/compacto\\\/#primaryimage\",\"url\":\"https:\\\/\\\/fodurlandid.is\\\/wp-content\\\/uploads\\\/2025\\\/07\\\/MR7080D.jpg\",\"contentUrl\":\"https:\\\/\\\/fodurlandid.is\\\/wp-content\\\/uploads\\\/2025\\\/07\\\/MR7080D.jpg\",\"width\":600,\"height\":600},{\"@type\":\"BreadcrumbList\",\"@id\":\"https:\\\/\\\/fodurlandid.is\\\/vara\\\/compacto\\\/#breadcrumb\",\"itemListElement\":[{\"@type\":\"ListItem\",\"position\":1,\"name\":\"Home\",\"item\":\"https:\\\/\\\/fodurlandid.is\\\/\"},{\"@type\":\"ListItem\",\"position\":2,\"name\":\"Shop\",\"item\":\"https:\\\/\\\/www.vorulagerinn.is\\\/heildsala\\\/en\\\/shop\\\/\"},{\"@type\":\"ListItem\",\"position\":3,\"name\":\"Compacto er r\u00famg\u00f3\u00f0ur bakpoki me\u00f0 180 gr\u00e1\u00f0u opnun, USB hle\u00f0slutengi, h\u00f3lf fyrir allt a\u00f0 17,3&#8243; fart\u00f6lvur, vatnsheldur me\u00f0 g\u00f3\u00f0ri \u00f6ndun\"}]},{\"@type\":\"WebSite\",\"@id\":\"https:\\\/\\\/fodurlandid.is\\\/#website\",\"url\":\"https:\\\/\\\/fodurlandid.is\\\/\",\"name\":\"F\u00f6\u00f0urlandi\u00f0 ehf, heildsala\",\"description\":\"Innflutnings, umbo&eth;s- og dreifingara&eth;ili\",\"publisher\":{\"@id\":\"https:\\\/\\\/fodurlandid.is\\\/#organization\"},\"alternateName\":\"Innflutnings, umbo\u00f0s- og dreifingara\u00f0ili\",\"potentialAction\":[{\"@type\":\"SearchAction\",\"target\":{\"@type\":\"EntryPoint\",\"urlTemplate\":\"https:\\\/\\\/fodurlandid.is\\\/?s={search_term_string}\"},\"query-input\":{\"@type\":\"PropertyValueSpecification\",\"valueRequired\":true,\"valueName\":\"search_term_string\"}}],\"inLanguage\":\"en-US\"},{\"@type\":\"Organization\",\"@id\":\"https:\\\/\\\/fodurlandid.is\\\/#organization\",\"name\":\"Innflutnings, umbo\u00f0s- og dreifingara\u00f0ili\",\"url\":\"https:\\\/\\\/fodurlandid.is\\\/\",\"logo\":{\"@type\":\"ImageObject\",\"inLanguage\":\"en-US\",\"@id\":\"https:\\\/\\\/fodurlandid.is\\\/#\\\/schema\\\/logo\\\/image\\\/\",\"url\":\"https:\\\/\\\/fodurlandid.is\\\/wp-content\\\/uploads\\\/2024\\\/05\\\/Fodurlandid.png\",\"contentUrl\":\"https:\\\/\\\/fodurlandid.is\\\/wp-content\\\/uploads\\\/2024\\\/05\\\/Fodurlandid.png\",\"width\":400,\"height\":293,\"caption\":\"Innflutnings, umbo\u00f0s- og dreifingara\u00f0ili\"},\"image\":{\"@id\":\"https:\\\/\\\/fodurlandid.is\\\/#\\\/schema\\\/logo\\\/image\\\/\"}}]}<\/script>\n<!-- \/ Yoast SEO Premium plugin. -->","yoast_head_json":{"title":"R\u00famg\u00f3\u00f0ur bakpoki | 180 gr\u00e1\u00f0u opnun | USB tengi | 17,3\" fart\u00f6lvur","description":"Compacto er gl\u00e6silegur 30 l\u00edtra bakpoki fr\u00e1 Mark Ryden. H\u00e6gt a\u00f0 opna t\u00f6skuna 180 gr\u00e1\u00f0ur, Allt a\u00f0 17,3\" fart\u00f6lvur, 2x USB hle\u00f0slutengi","robots":{"index":"index","follow":"follow","max-snippet":"max-snippet:-1","max-image-preview":"max-image-preview:large","max-video-preview":"max-video-preview:-1"},"canonical":"https:\/\/fodurlandid.is\/vara\/compacto\/","og_locale":"en_US","og_type":"article","og_title":"Compacto er r\u00famg\u00f3\u00f0ur bakpoki me\u00f0 180 gr\u00e1\u00f0u opnun, USB hle\u00f0slutengi, h\u00f3lf fyrir allt a\u00f0 17,3\" fart\u00f6lvur, vatnsheldur me\u00f0 g\u00f3\u00f0ri \u00f6ndun","og_description":"Compacto er gl\u00e6silegur 30 l\u00edtra bakpoki fr\u00e1 Mark Ryden. H\u00e6gt a\u00f0 opna t\u00f6skuna 180 gr\u00e1\u00f0ur, Allt a\u00f0 17,3\" fart\u00f6lvur, 2x USB hle\u00f0slutengi","og_url":"https:\/\/fodurlandid.is\/vara\/compacto\/","og_site_name":"F&ouml;&eth;urlandi&eth; heildsala","article_modified_time":"2026-01-25T17:04:10+00:00","og_image":[{"width":600,"height":600,"url":"https:\/\/fodurlandid.is\/wp-content\/uploads\/2025\/07\/MR7080D.jpg","type":"image\/jpeg"}],"twitter_card":"summary_large_image","twitter_misc":{"Est. reading time":"1 minute"},"schema":{"@context":"https:\/\/schema.org","@graph":[{"@type":"WebPage","@id":"https:\/\/fodurlandid.is\/vara\/compacto\/","url":"https:\/\/fodurlandid.is\/vara\/compacto\/","name":"R\u00famg\u00f3\u00f0ur bakpoki | 180 gr\u00e1\u00f0u opnun | USB tengi | 17,3\" fart\u00f6lvur","isPartOf":{"@id":"https:\/\/fodurlandid.is\/#website"},"primaryImageOfPage":{"@id":"https:\/\/fodurlandid.is\/vara\/compacto\/#primaryimage"},"image":{"@id":"https:\/\/fodurlandid.is\/vara\/compacto\/#primaryimage"},"thumbnailUrl":"https:\/\/fodurlandid.is\/wp-content\/uploads\/2025\/07\/MR7080D.jpg","datePublished":"2025-07-13T10:55:04+00:00","dateModified":"2026-01-25T17:04:10+00:00","description":"Compacto er gl\u00e6silegur 30 l\u00edtra bakpoki fr\u00e1 Mark Ryden. H\u00e6gt a\u00f0 opna t\u00f6skuna 180 gr\u00e1\u00f0ur, Allt a\u00f0 17,3\" fart\u00f6lvur, 2x USB hle\u00f0slutengi","breadcrumb":{"@id":"https:\/\/fodurlandid.is\/vara\/compacto\/#breadcrumb"},"inLanguage":"en-US","potentialAction":[{"@type":"ReadAction","target":["https:\/\/fodurlandid.is\/vara\/compacto\/"]}]},{"@type":"ImageObject","inLanguage":"en-US","@id":"https:\/\/fodurlandid.is\/vara\/compacto\/#primaryimage","url":"https:\/\/fodurlandid.is\/wp-content\/uploads\/2025\/07\/MR7080D.jpg","contentUrl":"https:\/\/fodurlandid.is\/wp-content\/uploads\/2025\/07\/MR7080D.jpg","width":600,"height":600},{"@type":"BreadcrumbList","@id":"https:\/\/fodurlandid.is\/vara\/compacto\/#breadcrumb","itemListElement":[{"@type":"ListItem","position":1,"name":"Home","item":"https:\/\/fodurlandid.is\/"},{"@type":"ListItem","position":2,"name":"Shop","item":"https:\/\/www.vorulagerinn.is\/heildsala\/en\/shop\/"},{"@type":"ListItem","position":3,"name":"Compacto er r\u00famg\u00f3\u00f0ur bakpoki me\u00f0 180 gr\u00e1\u00f0u opnun, USB hle\u00f0slutengi, h\u00f3lf fyrir allt a\u00f0 17,3&#8243; fart\u00f6lvur, vatnsheldur me\u00f0 g\u00f3\u00f0ri \u00f6ndun"}]},{"@type":"WebSite","@id":"https:\/\/fodurlandid.is\/#website","url":"https:\/\/fodurlandid.is\/","name":"F\u00f6\u00f0urlandi\u00f0 ehf, heildsala","description":"Innflutnings, umbo&eth;s- og dreifingara&eth;ili","publisher":{"@id":"https:\/\/fodurlandid.is\/#organization"},"alternateName":"Innflutnings, umbo\u00f0s- og dreifingara\u00f0ili","potentialAction":[{"@type":"SearchAction","target":{"@type":"EntryPoint","urlTemplate":"https:\/\/fodurlandid.is\/?s={search_term_string}"},"query-input":{"@type":"PropertyValueSpecification","valueRequired":true,"valueName":"search_term_string"}}],"inLanguage":"en-US"},{"@type":"Organization","@id":"https:\/\/fodurlandid.is\/#organization","name":"Innflutnings, umbo\u00f0s- og dreifingara\u00f0ili","url":"https:\/\/fodurlandid.is\/","logo":{"@type":"ImageObject","inLanguage":"en-US","@id":"https:\/\/fodurlandid.is\/#\/schema\/logo\/image\/","url":"https:\/\/fodurlandid.is\/wp-content\/uploads\/2024\/05\/Fodurlandid.png","contentUrl":"https:\/\/fodurlandid.is\/wp-content\/uploads\/2024\/05\/Fodurlandid.png","width":400,"height":293,"caption":"Innflutnings, umbo\u00f0s- og dreifingara\u00f0ili"},"image":{"@id":"https:\/\/fodurlandid.is\/#\/schema\/logo\/image\/"}}]}},"_links":{"self":[{"href":"https:\/\/fodurlandid.is\/en\/wp-json\/wp\/v2\/product\/24232","targetHints":{"allow":["GET"]}}],"collection":[{"href":"https:\/\/fodurlandid.is\/en\/wp-json\/wp\/v2\/product"}],"about":[{"href":"https:\/\/fodurlandid.is\/en\/wp-json\/wp\/v2\/types\/product"}],"wp:featuredmedia":[{"embeddable":true,"href":"https:\/\/fodurlandid.is\/en\/wp-json\/wp\/v2\/media\/24245"}],"wp:attachment":[{"href":"https:\/\/fodurlandid.is\/en\/wp-json\/wp\/v2\/media?parent=24232"}],"wp:term":[{"taxonomy":"product_brand","embeddable":true,"href":"https:\/\/fodurlandid.is\/en\/wp-json\/wp\/v2\/product_brand?post=24232"},{"taxonomy":"product_cat","embeddable":true,"href":"https:\/\/fodurlandid.is\/en\/wp-json\/wp\/v2\/product_cat?post=24232"},{"taxonomy":"product_tag","embeddable":true,"href":"https:\/\/fodurlandid.is\/en\/wp-json\/wp\/v2\/product_tag?post=24232"}],"curies":[{"name":"wp","href":"https:\/\/api.w.org\/{rel}","templated":true}]}}