{"id":24213,"date":"2025-07-13T10:40:42","date_gmt":"2025-07-13T10:40:42","guid":{"rendered":"https:\/\/fodurlandid.is\/?post_type=product&#038;p=24213"},"modified":"2025-09-20T12:10:04","modified_gmt":"2025-09-20T12:10:04","slug":"bulk","status":"publish","type":"product","link":"https:\/\/fodurlandid.is\/en\/product\/bulk\/","title":{"rendered":"Bulk er l\u00e9ttur &#038; vatnsheldur 11,2 l\u00edtra hli\u00f0artaska \/ Crossbody bakpoki me\u00f0 h\u00e1g\u00e6\u00f0a YKK rennil\u00e1sum, g\u00f3\u00f0ri \u00f6ndun &#038; RFID kortav\u00f6rn"},"content":{"rendered":"<div style=\"width: 540px;\" class=\"wp-video\"><video class=\"wp-video-shortcode\" id=\"video-24213-1\" width=\"540\" height=\"720\" preload=\"metadata\" controls=\"controls\"><source type=\"video\/mp4\" src=\"https:\/\/fodurlandid.is\/wp-content\/uploads\/2025\/07\/MR-7633-Mark-Ryden.mp4?_=1\" \/><a href=\"https:\/\/fodurlandid.is\/wp-content\/uploads\/2025\/07\/MR-7633-Mark-Ryden.mp4\">https:\/\/fodurlandid.is\/wp-content\/uploads\/2025\/07\/MR-7633-Mark-Ryden.mp4<\/a><\/video><\/div>\n","protected":false},"excerpt":{"rendered":"<p>Gl\u00e6silegur Bulk bakpoki fr\u00e1 Mark Ryden er 11,2 l\u00edtra, vatnsheldur me\u00f0 Crossbody strappa yfir a\u00f0ra \u00f6xlina og h\u00f3lf fyrir spjaldt\u00f6lvur, s\u00edma o.fl. \u00cd t\u00f6skunni er vasi me\u00f0 RFID v\u00f6rn sem kemur \u00ed veg fyrir a\u00f0 \u00fea\u00f0 s\u00e9 h\u00e6gt a\u00f0 stela af \u00fe\u00e9r kortauppl\u00fdsingum e\u00f0a vegabr\u00e9fauppl\u00fdsingum \u00fer\u00e1\u00f0laust. Bakpokinn er me\u00f0 tv\u00f6 h\u00f3lf a\u00f0 framan. Efra h\u00f3lfi\u00f0 er r\u00famgott me\u00f0 rennil\u00e1s og getur geymt flestar st\u00e6r\u00f0ir fars\u00edma \u00e1samt festingu fyrir lykla sem er losanleg me\u00f0 smellu. Ne\u00f0ra h\u00f3lfi\u00f0 er me\u00f0 rennil\u00e1s \u00e1samt tveimur opnum v\u00f6sum. Vi\u00f0 bak t\u00f6skunar er st\u00f3rt rennt h\u00f3lf fyrir allt a\u00f0 9,7\u201d spjaldt\u00f6lvur.<\/p>\n<p>\u00dea\u00f0 er h\u00e6gt a\u00f0 opna t\u00f6skuna \u00ed 180 gr\u00e1\u00f0ur. Inni \u00ed t\u00f6skunni eru \u00fdmis h\u00f3lf, \u00fear \u00e1 me\u00f0al eitt me\u00f0 RFID v\u00f6rn og \u00fear fyrir framan er opinn r\u00famg\u00f3\u00f0ur vasi. Hinum megin a\u00f0 innan er vasi fyrir 9,7\u201d spjaldt\u00f6lvur og fyrir framan er rennt h\u00f3lf me\u00f0 neti. Mj\u00f6g skemmtileg og nett taska me\u00f0 miki\u00f0 notagildi.<\/p>\n<p>\u2013 Sj\u00e1 myndband ne\u00f0ar \u00e1 s\u00ed\u00f0u<br \/>\n\u2013 Litur: Svartur<br \/>\n\u2013 St\u00e6r\u00f0: 36cm x 24cm x 13cm<br \/>\n\u2013 \u00deyngd: 0,67 kg<br \/>\n\u2013 Efni: Oxford fabric, vatnsheldur, slit\u00feolin me\u00f0 blettav\u00f6rn<br \/>\n\u2013 H\u00e1g\u00e6\u00f0a YKK rennil\u00e1s<br \/>\n\u2013 RFID vasi me\u00f0 kortav\u00f6rn<\/p>\n","protected":false},"featured_media":24228,"template":"","meta":[],"product_brand":[401],"product_cat":[406],"product_tag":[],"class_list":{"0":"post-24213","1":"product","2":"type-product","3":"status-publish","4":"has-post-thumbnail","6":"product_brand-mark-ryden","7":"product_cat-hlidartoskur-cross-body-bakpokar","9":"first","10":"outofstock","11":"taxable","12":"shipping-taxable","13":"product-type-simple"},"yoast_head":"<!-- This site is optimized with the Yoast SEO Premium plugin v21.5 (Yoast SEO v27.3) - https:\/\/yoast.com\/product\/yoast-seo-premium-wordpress\/ -->\n<title>St\u00edlhrein, l\u00e9tt &amp; vatnsheld 11,2 l\u00edtra hli\u00f0artaska me\u00f0 RFID kortav\u00f6rn<\/title>\n<meta name=\"description\" content=\"Gl\u00e6silegur Bulk bakpoki fr\u00e1 Mark Ryden. 11,2 l\u00edtra, vatnsheldur me\u00f0 Crossbody strappa yfir a\u00f0ra \u00f6xlina og h\u00f3lf fyrir spjaldt\u00f6lvur, s\u00edma o.fl. RFID kortav\u00f6rn\" \/>\n<meta name=\"robots\" content=\"index, follow, max-snippet:-1, max-image-preview:large, max-video-preview:-1\" \/>\n<link rel=\"canonical\" href=\"https:\/\/fodurlandid.is\/vara\/bulk\/\" \/>\n<meta property=\"og:locale\" content=\"en_US\" \/>\n<meta property=\"og:type\" content=\"article\" \/>\n<meta property=\"og:title\" content=\"Bulk er l\u00e9ttur &amp; vatnsheldur 11,2 l\u00edtra hli\u00f0artaska \/ Crossbody bakpoki me\u00f0 h\u00e1g\u00e6\u00f0a YKK rennil\u00e1sum, g\u00f3\u00f0ri \u00f6ndun &amp; RFID kortav\u00f6rn\" \/>\n<meta property=\"og:description\" content=\"Gl\u00e6silegur Bulk bakpoki fr\u00e1 Mark Ryden. 11,2 l\u00edtra, vatnsheldur me\u00f0 Crossbody strappa yfir a\u00f0ra \u00f6xlina og h\u00f3lf fyrir spjaldt\u00f6lvur, s\u00edma o.fl. RFID kortav\u00f6rn\" \/>\n<meta property=\"og:url\" content=\"https:\/\/fodurlandid.is\/vara\/bulk\/\" \/>\n<meta property=\"og:site_name\" content=\"F&ouml;&eth;urlandi&eth; heildsala\" \/>\n<meta property=\"article:modified_time\" content=\"2025-09-20T12:10:04+00:00\" \/>\n<meta property=\"og:image\" content=\"https:\/\/fodurlandid.is\/wp-content\/uploads\/2025\/07\/MR-7366_.jpg\" \/>\n\t<meta property=\"og:image:width\" content=\"600\" \/>\n\t<meta property=\"og:image:height\" content=\"600\" \/>\n\t<meta property=\"og:image:type\" content=\"image\/jpeg\" \/>\n<meta name=\"twitter:card\" content=\"summary_large_image\" \/>\n<meta name=\"twitter:label1\" content=\"Est. reading time\" \/>\n\t<meta name=\"twitter:data1\" content=\"1 minute\" \/>\n<script type=\"application\/ld+json\" class=\"yoast-schema-graph\">{\"@context\":\"https:\\\/\\\/schema.org\",\"@graph\":[{\"@type\":\"WebPage\",\"@id\":\"https:\\\/\\\/fodurlandid.is\\\/vara\\\/bulk\\\/\",\"url\":\"https:\\\/\\\/fodurlandid.is\\\/vara\\\/bulk\\\/\",\"name\":\"St\u00edlhrein, l\u00e9tt & vatnsheld 11,2 l\u00edtra hli\u00f0artaska me\u00f0 RFID kortav\u00f6rn\",\"isPartOf\":{\"@id\":\"https:\\\/\\\/fodurlandid.is\\\/#website\"},\"primaryImageOfPage\":{\"@id\":\"https:\\\/\\\/fodurlandid.is\\\/vara\\\/bulk\\\/#primaryimage\"},\"image\":{\"@id\":\"https:\\\/\\\/fodurlandid.is\\\/vara\\\/bulk\\\/#primaryimage\"},\"thumbnailUrl\":\"https:\\\/\\\/fodurlandid.is\\\/wp-content\\\/uploads\\\/2025\\\/07\\\/MR-7366_.jpg\",\"datePublished\":\"2025-07-13T10:40:42+00:00\",\"dateModified\":\"2025-09-20T12:10:04+00:00\",\"description\":\"Gl\u00e6silegur Bulk bakpoki fr\u00e1 Mark Ryden. 11,2 l\u00edtra, vatnsheldur me\u00f0 Crossbody strappa yfir a\u00f0ra \u00f6xlina og h\u00f3lf fyrir spjaldt\u00f6lvur, s\u00edma o.fl. RFID kortav\u00f6rn\",\"breadcrumb\":{\"@id\":\"https:\\\/\\\/fodurlandid.is\\\/vara\\\/bulk\\\/#breadcrumb\"},\"inLanguage\":\"en-US\",\"potentialAction\":[{\"@type\":\"ReadAction\",\"target\":[\"https:\\\/\\\/fodurlandid.is\\\/vara\\\/bulk\\\/\"]}]},{\"@type\":\"ImageObject\",\"inLanguage\":\"en-US\",\"@id\":\"https:\\\/\\\/fodurlandid.is\\\/vara\\\/bulk\\\/#primaryimage\",\"url\":\"https:\\\/\\\/fodurlandid.is\\\/wp-content\\\/uploads\\\/2025\\\/07\\\/MR-7366_.jpg\",\"contentUrl\":\"https:\\\/\\\/fodurlandid.is\\\/wp-content\\\/uploads\\\/2025\\\/07\\\/MR-7366_.jpg\",\"width\":600,\"height\":600},{\"@type\":\"BreadcrumbList\",\"@id\":\"https:\\\/\\\/fodurlandid.is\\\/vara\\\/bulk\\\/#breadcrumb\",\"itemListElement\":[{\"@type\":\"ListItem\",\"position\":1,\"name\":\"Home\",\"item\":\"https:\\\/\\\/fodurlandid.is\\\/\"},{\"@type\":\"ListItem\",\"position\":2,\"name\":\"Shop\",\"item\":\"https:\\\/\\\/www.vorulagerinn.is\\\/heildsala\\\/en\\\/shop\\\/\"},{\"@type\":\"ListItem\",\"position\":3,\"name\":\"Bulk er l\u00e9ttur &#038; vatnsheldur 11,2 l\u00edtra hli\u00f0artaska \\\/ Crossbody bakpoki me\u00f0 h\u00e1g\u00e6\u00f0a YKK rennil\u00e1sum, g\u00f3\u00f0ri \u00f6ndun &#038; RFID kortav\u00f6rn\"}]},{\"@type\":\"WebSite\",\"@id\":\"https:\\\/\\\/fodurlandid.is\\\/#website\",\"url\":\"https:\\\/\\\/fodurlandid.is\\\/\",\"name\":\"F\u00f6\u00f0urlandi\u00f0 ehf, heildsala\",\"description\":\"Innflutnings, umbo&eth;s- og dreifingara&eth;ili\",\"publisher\":{\"@id\":\"https:\\\/\\\/fodurlandid.is\\\/#organization\"},\"alternateName\":\"Innflutnings, umbo\u00f0s- og dreifingara\u00f0ili\",\"potentialAction\":[{\"@type\":\"SearchAction\",\"target\":{\"@type\":\"EntryPoint\",\"urlTemplate\":\"https:\\\/\\\/fodurlandid.is\\\/?s={search_term_string}\"},\"query-input\":{\"@type\":\"PropertyValueSpecification\",\"valueRequired\":true,\"valueName\":\"search_term_string\"}}],\"inLanguage\":\"en-US\"},{\"@type\":\"Organization\",\"@id\":\"https:\\\/\\\/fodurlandid.is\\\/#organization\",\"name\":\"Innflutnings, umbo\u00f0s- og dreifingara\u00f0ili\",\"url\":\"https:\\\/\\\/fodurlandid.is\\\/\",\"logo\":{\"@type\":\"ImageObject\",\"inLanguage\":\"en-US\",\"@id\":\"https:\\\/\\\/fodurlandid.is\\\/#\\\/schema\\\/logo\\\/image\\\/\",\"url\":\"https:\\\/\\\/fodurlandid.is\\\/wp-content\\\/uploads\\\/2024\\\/05\\\/Fodurlandid.png\",\"contentUrl\":\"https:\\\/\\\/fodurlandid.is\\\/wp-content\\\/uploads\\\/2024\\\/05\\\/Fodurlandid.png\",\"width\":400,\"height\":293,\"caption\":\"Innflutnings, umbo\u00f0s- og dreifingara\u00f0ili\"},\"image\":{\"@id\":\"https:\\\/\\\/fodurlandid.is\\\/#\\\/schema\\\/logo\\\/image\\\/\"}}]}<\/script>\n<!-- \/ Yoast SEO Premium plugin. -->","yoast_head_json":{"title":"St\u00edlhrein, l\u00e9tt & vatnsheld 11,2 l\u00edtra hli\u00f0artaska me\u00f0 RFID kortav\u00f6rn","description":"Gl\u00e6silegur Bulk bakpoki fr\u00e1 Mark Ryden. 11,2 l\u00edtra, vatnsheldur me\u00f0 Crossbody strappa yfir a\u00f0ra \u00f6xlina og h\u00f3lf fyrir spjaldt\u00f6lvur, s\u00edma o.fl. RFID kortav\u00f6rn","robots":{"index":"index","follow":"follow","max-snippet":"max-snippet:-1","max-image-preview":"max-image-preview:large","max-video-preview":"max-video-preview:-1"},"canonical":"https:\/\/fodurlandid.is\/vara\/bulk\/","og_locale":"en_US","og_type":"article","og_title":"Bulk er l\u00e9ttur & vatnsheldur 11,2 l\u00edtra hli\u00f0artaska \/ Crossbody bakpoki me\u00f0 h\u00e1g\u00e6\u00f0a YKK rennil\u00e1sum, g\u00f3\u00f0ri \u00f6ndun & RFID kortav\u00f6rn","og_description":"Gl\u00e6silegur Bulk bakpoki fr\u00e1 Mark Ryden. 11,2 l\u00edtra, vatnsheldur me\u00f0 Crossbody strappa yfir a\u00f0ra \u00f6xlina og h\u00f3lf fyrir spjaldt\u00f6lvur, s\u00edma o.fl. RFID kortav\u00f6rn","og_url":"https:\/\/fodurlandid.is\/vara\/bulk\/","og_site_name":"F&ouml;&eth;urlandi&eth; heildsala","article_modified_time":"2025-09-20T12:10:04+00:00","og_image":[{"width":600,"height":600,"url":"https:\/\/fodurlandid.is\/wp-content\/uploads\/2025\/07\/MR-7366_.jpg","type":"image\/jpeg"}],"twitter_card":"summary_large_image","twitter_misc":{"Est. reading time":"1 minute"},"schema":{"@context":"https:\/\/schema.org","@graph":[{"@type":"WebPage","@id":"https:\/\/fodurlandid.is\/vara\/bulk\/","url":"https:\/\/fodurlandid.is\/vara\/bulk\/","name":"St\u00edlhrein, l\u00e9tt & vatnsheld 11,2 l\u00edtra hli\u00f0artaska me\u00f0 RFID kortav\u00f6rn","isPartOf":{"@id":"https:\/\/fodurlandid.is\/#website"},"primaryImageOfPage":{"@id":"https:\/\/fodurlandid.is\/vara\/bulk\/#primaryimage"},"image":{"@id":"https:\/\/fodurlandid.is\/vara\/bulk\/#primaryimage"},"thumbnailUrl":"https:\/\/fodurlandid.is\/wp-content\/uploads\/2025\/07\/MR-7366_.jpg","datePublished":"2025-07-13T10:40:42+00:00","dateModified":"2025-09-20T12:10:04+00:00","description":"Gl\u00e6silegur Bulk bakpoki fr\u00e1 Mark Ryden. 11,2 l\u00edtra, vatnsheldur me\u00f0 Crossbody strappa yfir a\u00f0ra \u00f6xlina og h\u00f3lf fyrir spjaldt\u00f6lvur, s\u00edma o.fl. RFID kortav\u00f6rn","breadcrumb":{"@id":"https:\/\/fodurlandid.is\/vara\/bulk\/#breadcrumb"},"inLanguage":"en-US","potentialAction":[{"@type":"ReadAction","target":["https:\/\/fodurlandid.is\/vara\/bulk\/"]}]},{"@type":"ImageObject","inLanguage":"en-US","@id":"https:\/\/fodurlandid.is\/vara\/bulk\/#primaryimage","url":"https:\/\/fodurlandid.is\/wp-content\/uploads\/2025\/07\/MR-7366_.jpg","contentUrl":"https:\/\/fodurlandid.is\/wp-content\/uploads\/2025\/07\/MR-7366_.jpg","width":600,"height":600},{"@type":"BreadcrumbList","@id":"https:\/\/fodurlandid.is\/vara\/bulk\/#breadcrumb","itemListElement":[{"@type":"ListItem","position":1,"name":"Home","item":"https:\/\/fodurlandid.is\/"},{"@type":"ListItem","position":2,"name":"Shop","item":"https:\/\/www.vorulagerinn.is\/heildsala\/en\/shop\/"},{"@type":"ListItem","position":3,"name":"Bulk er l\u00e9ttur &#038; vatnsheldur 11,2 l\u00edtra hli\u00f0artaska \/ Crossbody bakpoki me\u00f0 h\u00e1g\u00e6\u00f0a YKK rennil\u00e1sum, g\u00f3\u00f0ri \u00f6ndun &#038; RFID kortav\u00f6rn"}]},{"@type":"WebSite","@id":"https:\/\/fodurlandid.is\/#website","url":"https:\/\/fodurlandid.is\/","name":"F\u00f6\u00f0urlandi\u00f0 ehf, heildsala","description":"Innflutnings, umbo&eth;s- og dreifingara&eth;ili","publisher":{"@id":"https:\/\/fodurlandid.is\/#organization"},"alternateName":"Innflutnings, umbo\u00f0s- og dreifingara\u00f0ili","potentialAction":[{"@type":"SearchAction","target":{"@type":"EntryPoint","urlTemplate":"https:\/\/fodurlandid.is\/?s={search_term_string}"},"query-input":{"@type":"PropertyValueSpecification","valueRequired":true,"valueName":"search_term_string"}}],"inLanguage":"en-US"},{"@type":"Organization","@id":"https:\/\/fodurlandid.is\/#organization","name":"Innflutnings, umbo\u00f0s- og dreifingara\u00f0ili","url":"https:\/\/fodurlandid.is\/","logo":{"@type":"ImageObject","inLanguage":"en-US","@id":"https:\/\/fodurlandid.is\/#\/schema\/logo\/image\/","url":"https:\/\/fodurlandid.is\/wp-content\/uploads\/2024\/05\/Fodurlandid.png","contentUrl":"https:\/\/fodurlandid.is\/wp-content\/uploads\/2024\/05\/Fodurlandid.png","width":400,"height":293,"caption":"Innflutnings, umbo\u00f0s- og dreifingara\u00f0ili"},"image":{"@id":"https:\/\/fodurlandid.is\/#\/schema\/logo\/image\/"}}]}},"_links":{"self":[{"href":"https:\/\/fodurlandid.is\/en\/wp-json\/wp\/v2\/product\/24213","targetHints":{"allow":["GET"]}}],"collection":[{"href":"https:\/\/fodurlandid.is\/en\/wp-json\/wp\/v2\/product"}],"about":[{"href":"https:\/\/fodurlandid.is\/en\/wp-json\/wp\/v2\/types\/product"}],"wp:featuredmedia":[{"embeddable":true,"href":"https:\/\/fodurlandid.is\/en\/wp-json\/wp\/v2\/media\/24228"}],"wp:attachment":[{"href":"https:\/\/fodurlandid.is\/en\/wp-json\/wp\/v2\/media?parent=24213"}],"wp:term":[{"taxonomy":"product_brand","embeddable":true,"href":"https:\/\/fodurlandid.is\/en\/wp-json\/wp\/v2\/product_brand?post=24213"},{"taxonomy":"product_cat","embeddable":true,"href":"https:\/\/fodurlandid.is\/en\/wp-json\/wp\/v2\/product_cat?post=24213"},{"taxonomy":"product_tag","embeddable":true,"href":"https:\/\/fodurlandid.is\/en\/wp-json\/wp\/v2\/product_tag?post=24213"}],"curies":[{"name":"wp","href":"https:\/\/api.w.org\/{rel}","templated":true}]}}