{"id":24200,"date":"2025-07-13T09:56:51","date_gmt":"2025-07-13T09:56:51","guid":{"rendered":"https:\/\/fodurlandid.is\/?post_type=product&#038;p=24200"},"modified":"2026-03-04T14:04:10","modified_gmt":"2026-03-04T14:04:10","slug":"casio-ii-supreme","status":"publish","type":"product","link":"https:\/\/fodurlandid.is\/en\/product\/casio-ii-supreme\/","title":{"rendered":"CASIO II Supreme er 23 l\u00edtra vatnsheldur bakpoki fyrir allt a\u00f0 15,6&#8243; fart\u00f6lvur, er me\u00f0 USB hle\u00f0slutengi til a\u00f0 hla\u00f0a snjallt\u00e6ki \u00e1 fer\u00f0inni &#038; hentar einstaklega vel fyrir vinnu og sk\u00f3la"},"content":{"rendered":"<div style=\"width: 960px;\" class=\"wp-video\"><video class=\"wp-video-shortcode\" id=\"video-24200-1\" width=\"960\" height=\"540\" preload=\"metadata\" controls=\"controls\"><source type=\"video\/mp4\" src=\"https:\/\/fodurlandid.is\/wp-content\/uploads\/2025\/07\/MR9191DY-SJ00.mp4?_=1\" \/><a href=\"https:\/\/fodurlandid.is\/wp-content\/uploads\/2025\/07\/MR9191DY-SJ00.mp4\">https:\/\/fodurlandid.is\/wp-content\/uploads\/2025\/07\/MR9191DY-SJ00.mp4<\/a><\/video><\/div>\n","protected":false},"excerpt":{"rendered":"<p>St\u00edlhreinn og gl\u00e6silegur 23 l\u00edtra bakpoki fyrir allt a\u00f0 15,6&#8243; fart\u00f6lvur. Hann er me\u00f0 utan\u00e1liggjandi USB tengi \u00e1 hli\u00f0 t\u00f6skunnar sem tengt er \u00ed hle\u00f0slubanka ofan \u00ed t\u00f6skunni svo \u00fea\u00f0 er h\u00e6gt a\u00f0 hla\u00f0a snjallt\u00e6kin hvar og hven\u00e6r sem er. Bakpokinn er b\u00fdr yfir margskonar h\u00f3lfum og v\u00f6sum. Framan \u00e1 t\u00f6skunni er st\u00f3r vasi me\u00f0 rennil\u00e1s og ne\u00f0arlega \u00e1 baki t\u00f6skunnar er einnig renndur vasi. Ofan \u00e1 t\u00f6skunni er h\u00e6gt a\u00f0 opna tv\u00f6 r\u00fdmi, fremra er mj\u00f6g r\u00famgott og me\u00f0 tveimur opnum v\u00f6sum. \u00cd aftara r\u00fdminu er h\u00f3lf fyrir allt a\u00f0 15.6\u201d fart\u00f6lvur \u00e1samt g\u00f3\u00f0u r\u00fdmi \u00fear fyrir framan. \u00c1 hli\u00f0um t\u00f6skunnar eru tveir vasar sem henta vel fyrir vatnsfl\u00f6skur, regnhl\u00edf o.s.frv. Fr\u00e1b\u00e6r fj\u00f6lh\u00f3lfa taska sem fer vel \u00e1 baki..<\/p>\n<p>Sj\u00e1\u00f0u myndband af v\u00f6runni ne\u00f0ar \u00e1 \u00feessari s\u00ed\u00f0u.<\/p>\n<p>\u2013 Litur: Svartur<br \/>\n\u2013 St\u00e6r\u00f0: 46cm x 32cm x 16cm<br \/>\n\u2013 Efni: Oxford fabric, water-repellent<br \/>\n\u2013 \u00deyngd: 1,1 kg<br \/>\n\u2013 Fyrir allt a\u00f0 15,6&#8243; fart\u00f6lvur<br \/>\n\u2013 USB-A hle\u00f0slutengi<\/p>\n","protected":false},"featured_media":24209,"template":"","meta":[],"product_brand":[401],"product_cat":[403],"product_tag":[],"class_list":{"0":"post-24200","1":"product","2":"type-product","3":"status-publish","4":"has-post-thumbnail","6":"product_brand-mark-ryden","7":"product_cat-bakpokar","9":"first","10":"instock","11":"taxable","12":"shipping-taxable","13":"product-type-simple"},"yoast_head":"<!-- This site is optimized with the Yoast SEO Premium plugin v21.5 (Yoast SEO v27.5) - https:\/\/yoast.com\/product\/yoast-seo-premium-wordpress\/ -->\n<title>23 l\u00edtra fart\u00f6lvu bakpoki (15,6&quot;) | USB tengi fyrir vinnu og sk\u00f3la<\/title>\n<meta name=\"description\" content=\"St\u00edlhreinn og gl\u00e6silegur 23 l\u00edtra bakpoki fyrir allt a\u00f0 15,6&quot; fart\u00f6lvur. Utan\u00e1liggjandi USB-A tengi \u00e1 hli\u00f0 t\u00f6skunnar til a\u00f0 hla\u00f0a snjallt\u00e6kin \u00e1 fer\u00f0inni.\" \/>\n<meta name=\"robots\" content=\"index, follow, max-snippet:-1, max-image-preview:large, max-video-preview:-1\" \/>\n<link rel=\"canonical\" href=\"https:\/\/fodurlandid.is\/vara\/casio-ii-supreme\/\" \/>\n<meta property=\"og:locale\" content=\"en_US\" \/>\n<meta property=\"og:type\" content=\"article\" \/>\n<meta property=\"og:title\" content=\"CASIO II Supreme er 23 l\u00edtra vatnsheldur bakpoki fyrir allt a\u00f0 15,6&quot; fart\u00f6lvur, er me\u00f0 USB hle\u00f0slutengi til a\u00f0 hla\u00f0a snjallt\u00e6ki \u00e1 fer\u00f0inni &amp; hentar einstaklega vel fyrir vinnu og sk\u00f3la\" \/>\n<meta property=\"og:description\" content=\"St\u00edlhreinn og gl\u00e6silegur 23 l\u00edtra bakpoki fyrir allt a\u00f0 15,6&quot; fart\u00f6lvur. Utan\u00e1liggjandi USB-A tengi \u00e1 hli\u00f0 t\u00f6skunnar til a\u00f0 hla\u00f0a snjallt\u00e6kin \u00e1 fer\u00f0inni.\" \/>\n<meta property=\"og:url\" content=\"https:\/\/fodurlandid.is\/vara\/casio-ii-supreme\/\" \/>\n<meta property=\"og:site_name\" content=\"F&ouml;&eth;urlandi&eth; heildsala\" \/>\n<meta property=\"article:modified_time\" content=\"2026-03-04T14:04:10+00:00\" \/>\n<meta property=\"og:image\" content=\"https:\/\/fodurlandid.is\/wp-content\/uploads\/2025\/07\/MR9191DY-SJ00.jpg\" \/>\n\t<meta property=\"og:image:width\" content=\"600\" \/>\n\t<meta property=\"og:image:height\" content=\"600\" \/>\n\t<meta property=\"og:image:type\" content=\"image\/jpeg\" \/>\n<meta name=\"twitter:card\" content=\"summary_large_image\" \/>\n<meta name=\"twitter:label1\" content=\"Est. reading time\" \/>\n\t<meta name=\"twitter:data1\" content=\"1 minute\" \/>\n<script type=\"application\/ld+json\" class=\"yoast-schema-graph\">{\"@context\":\"https:\\\/\\\/schema.org\",\"@graph\":[{\"@type\":\"WebPage\",\"@id\":\"https:\\\/\\\/fodurlandid.is\\\/vara\\\/casio-ii-supreme\\\/\",\"url\":\"https:\\\/\\\/fodurlandid.is\\\/vara\\\/casio-ii-supreme\\\/\",\"name\":\"23 l\u00edtra fart\u00f6lvu bakpoki (15,6\\\") | USB tengi fyrir vinnu og sk\u00f3la\",\"isPartOf\":{\"@id\":\"https:\\\/\\\/fodurlandid.is\\\/#website\"},\"primaryImageOfPage\":{\"@id\":\"https:\\\/\\\/fodurlandid.is\\\/vara\\\/casio-ii-supreme\\\/#primaryimage\"},\"image\":{\"@id\":\"https:\\\/\\\/fodurlandid.is\\\/vara\\\/casio-ii-supreme\\\/#primaryimage\"},\"thumbnailUrl\":\"https:\\\/\\\/fodurlandid.is\\\/wp-content\\\/uploads\\\/2025\\\/07\\\/MR9191DY-SJ00.jpg\",\"datePublished\":\"2025-07-13T09:56:51+00:00\",\"dateModified\":\"2026-03-04T14:04:10+00:00\",\"description\":\"St\u00edlhreinn og gl\u00e6silegur 23 l\u00edtra bakpoki fyrir allt a\u00f0 15,6\\\" fart\u00f6lvur. Utan\u00e1liggjandi USB-A tengi \u00e1 hli\u00f0 t\u00f6skunnar til a\u00f0 hla\u00f0a snjallt\u00e6kin \u00e1 fer\u00f0inni.\",\"breadcrumb\":{\"@id\":\"https:\\\/\\\/fodurlandid.is\\\/vara\\\/casio-ii-supreme\\\/#breadcrumb\"},\"inLanguage\":\"en-US\",\"potentialAction\":[{\"@type\":\"ReadAction\",\"target\":[\"https:\\\/\\\/fodurlandid.is\\\/vara\\\/casio-ii-supreme\\\/\"]}]},{\"@type\":\"ImageObject\",\"inLanguage\":\"en-US\",\"@id\":\"https:\\\/\\\/fodurlandid.is\\\/vara\\\/casio-ii-supreme\\\/#primaryimage\",\"url\":\"https:\\\/\\\/fodurlandid.is\\\/wp-content\\\/uploads\\\/2025\\\/07\\\/MR9191DY-SJ00.jpg\",\"contentUrl\":\"https:\\\/\\\/fodurlandid.is\\\/wp-content\\\/uploads\\\/2025\\\/07\\\/MR9191DY-SJ00.jpg\",\"width\":600,\"height\":600},{\"@type\":\"BreadcrumbList\",\"@id\":\"https:\\\/\\\/fodurlandid.is\\\/vara\\\/casio-ii-supreme\\\/#breadcrumb\",\"itemListElement\":[{\"@type\":\"ListItem\",\"position\":1,\"name\":\"Home\",\"item\":\"https:\\\/\\\/fodurlandid.is\\\/\"},{\"@type\":\"ListItem\",\"position\":2,\"name\":\"Shop\",\"item\":\"https:\\\/\\\/www.vorulagerinn.is\\\/heildsala\\\/en\\\/shop\\\/\"},{\"@type\":\"ListItem\",\"position\":3,\"name\":\"CASIO II Supreme er 23 l\u00edtra vatnsheldur bakpoki fyrir allt a\u00f0 15,6&#8243; fart\u00f6lvur, er me\u00f0 USB hle\u00f0slutengi til a\u00f0 hla\u00f0a snjallt\u00e6ki \u00e1 fer\u00f0inni &#038; hentar einstaklega vel fyrir vinnu og sk\u00f3la\"}]},{\"@type\":\"WebSite\",\"@id\":\"https:\\\/\\\/fodurlandid.is\\\/#website\",\"url\":\"https:\\\/\\\/fodurlandid.is\\\/\",\"name\":\"F\u00f6\u00f0urlandi\u00f0 ehf, heildsala\",\"description\":\"Innflutnings, umbo&eth;s- og dreifingara&eth;ili\",\"publisher\":{\"@id\":\"https:\\\/\\\/fodurlandid.is\\\/#organization\"},\"alternateName\":\"Innflutnings, umbo\u00f0s- og dreifingara\u00f0ili\",\"potentialAction\":[{\"@type\":\"SearchAction\",\"target\":{\"@type\":\"EntryPoint\",\"urlTemplate\":\"https:\\\/\\\/fodurlandid.is\\\/?s={search_term_string}\"},\"query-input\":{\"@type\":\"PropertyValueSpecification\",\"valueRequired\":true,\"valueName\":\"search_term_string\"}}],\"inLanguage\":\"en-US\"},{\"@type\":\"Organization\",\"@id\":\"https:\\\/\\\/fodurlandid.is\\\/#organization\",\"name\":\"Innflutnings, umbo\u00f0s- og dreifingara\u00f0ili\",\"url\":\"https:\\\/\\\/fodurlandid.is\\\/\",\"logo\":{\"@type\":\"ImageObject\",\"inLanguage\":\"en-US\",\"@id\":\"https:\\\/\\\/fodurlandid.is\\\/#\\\/schema\\\/logo\\\/image\\\/\",\"url\":\"https:\\\/\\\/fodurlandid.is\\\/wp-content\\\/uploads\\\/2024\\\/05\\\/Fodurlandid.png\",\"contentUrl\":\"https:\\\/\\\/fodurlandid.is\\\/wp-content\\\/uploads\\\/2024\\\/05\\\/Fodurlandid.png\",\"width\":400,\"height\":293,\"caption\":\"Innflutnings, umbo\u00f0s- og dreifingara\u00f0ili\"},\"image\":{\"@id\":\"https:\\\/\\\/fodurlandid.is\\\/#\\\/schema\\\/logo\\\/image\\\/\"}}]}<\/script>\n<!-- \/ Yoast SEO Premium plugin. -->","yoast_head_json":{"title":"23 l\u00edtra fart\u00f6lvu bakpoki (15,6\") | USB tengi fyrir vinnu og sk\u00f3la","description":"St\u00edlhreinn og gl\u00e6silegur 23 l\u00edtra bakpoki fyrir allt a\u00f0 15,6\" fart\u00f6lvur. Utan\u00e1liggjandi USB-A tengi \u00e1 hli\u00f0 t\u00f6skunnar til a\u00f0 hla\u00f0a snjallt\u00e6kin \u00e1 fer\u00f0inni.","robots":{"index":"index","follow":"follow","max-snippet":"max-snippet:-1","max-image-preview":"max-image-preview:large","max-video-preview":"max-video-preview:-1"},"canonical":"https:\/\/fodurlandid.is\/vara\/casio-ii-supreme\/","og_locale":"en_US","og_type":"article","og_title":"CASIO II Supreme er 23 l\u00edtra vatnsheldur bakpoki fyrir allt a\u00f0 15,6\" fart\u00f6lvur, er me\u00f0 USB hle\u00f0slutengi til a\u00f0 hla\u00f0a snjallt\u00e6ki \u00e1 fer\u00f0inni & hentar einstaklega vel fyrir vinnu og sk\u00f3la","og_description":"St\u00edlhreinn og gl\u00e6silegur 23 l\u00edtra bakpoki fyrir allt a\u00f0 15,6\" fart\u00f6lvur. Utan\u00e1liggjandi USB-A tengi \u00e1 hli\u00f0 t\u00f6skunnar til a\u00f0 hla\u00f0a snjallt\u00e6kin \u00e1 fer\u00f0inni.","og_url":"https:\/\/fodurlandid.is\/vara\/casio-ii-supreme\/","og_site_name":"F&ouml;&eth;urlandi&eth; heildsala","article_modified_time":"2026-03-04T14:04:10+00:00","og_image":[{"width":600,"height":600,"url":"https:\/\/fodurlandid.is\/wp-content\/uploads\/2025\/07\/MR9191DY-SJ00.jpg","type":"image\/jpeg"}],"twitter_card":"summary_large_image","twitter_misc":{"Est. reading time":"1 minute"},"schema":{"@context":"https:\/\/schema.org","@graph":[{"@type":"WebPage","@id":"https:\/\/fodurlandid.is\/vara\/casio-ii-supreme\/","url":"https:\/\/fodurlandid.is\/vara\/casio-ii-supreme\/","name":"23 l\u00edtra fart\u00f6lvu bakpoki (15,6\") | USB tengi fyrir vinnu og sk\u00f3la","isPartOf":{"@id":"https:\/\/fodurlandid.is\/#website"},"primaryImageOfPage":{"@id":"https:\/\/fodurlandid.is\/vara\/casio-ii-supreme\/#primaryimage"},"image":{"@id":"https:\/\/fodurlandid.is\/vara\/casio-ii-supreme\/#primaryimage"},"thumbnailUrl":"https:\/\/fodurlandid.is\/wp-content\/uploads\/2025\/07\/MR9191DY-SJ00.jpg","datePublished":"2025-07-13T09:56:51+00:00","dateModified":"2026-03-04T14:04:10+00:00","description":"St\u00edlhreinn og gl\u00e6silegur 23 l\u00edtra bakpoki fyrir allt a\u00f0 15,6\" fart\u00f6lvur. Utan\u00e1liggjandi USB-A tengi \u00e1 hli\u00f0 t\u00f6skunnar til a\u00f0 hla\u00f0a snjallt\u00e6kin \u00e1 fer\u00f0inni.","breadcrumb":{"@id":"https:\/\/fodurlandid.is\/vara\/casio-ii-supreme\/#breadcrumb"},"inLanguage":"en-US","potentialAction":[{"@type":"ReadAction","target":["https:\/\/fodurlandid.is\/vara\/casio-ii-supreme\/"]}]},{"@type":"ImageObject","inLanguage":"en-US","@id":"https:\/\/fodurlandid.is\/vara\/casio-ii-supreme\/#primaryimage","url":"https:\/\/fodurlandid.is\/wp-content\/uploads\/2025\/07\/MR9191DY-SJ00.jpg","contentUrl":"https:\/\/fodurlandid.is\/wp-content\/uploads\/2025\/07\/MR9191DY-SJ00.jpg","width":600,"height":600},{"@type":"BreadcrumbList","@id":"https:\/\/fodurlandid.is\/vara\/casio-ii-supreme\/#breadcrumb","itemListElement":[{"@type":"ListItem","position":1,"name":"Home","item":"https:\/\/fodurlandid.is\/"},{"@type":"ListItem","position":2,"name":"Shop","item":"https:\/\/www.vorulagerinn.is\/heildsala\/en\/shop\/"},{"@type":"ListItem","position":3,"name":"CASIO II Supreme er 23 l\u00edtra vatnsheldur bakpoki fyrir allt a\u00f0 15,6&#8243; fart\u00f6lvur, er me\u00f0 USB hle\u00f0slutengi til a\u00f0 hla\u00f0a snjallt\u00e6ki \u00e1 fer\u00f0inni &#038; hentar einstaklega vel fyrir vinnu og sk\u00f3la"}]},{"@type":"WebSite","@id":"https:\/\/fodurlandid.is\/#website","url":"https:\/\/fodurlandid.is\/","name":"F\u00f6\u00f0urlandi\u00f0 ehf, heildsala","description":"Innflutnings, umbo&eth;s- og dreifingara&eth;ili","publisher":{"@id":"https:\/\/fodurlandid.is\/#organization"},"alternateName":"Innflutnings, umbo\u00f0s- og dreifingara\u00f0ili","potentialAction":[{"@type":"SearchAction","target":{"@type":"EntryPoint","urlTemplate":"https:\/\/fodurlandid.is\/?s={search_term_string}"},"query-input":{"@type":"PropertyValueSpecification","valueRequired":true,"valueName":"search_term_string"}}],"inLanguage":"en-US"},{"@type":"Organization","@id":"https:\/\/fodurlandid.is\/#organization","name":"Innflutnings, umbo\u00f0s- og dreifingara\u00f0ili","url":"https:\/\/fodurlandid.is\/","logo":{"@type":"ImageObject","inLanguage":"en-US","@id":"https:\/\/fodurlandid.is\/#\/schema\/logo\/image\/","url":"https:\/\/fodurlandid.is\/wp-content\/uploads\/2024\/05\/Fodurlandid.png","contentUrl":"https:\/\/fodurlandid.is\/wp-content\/uploads\/2024\/05\/Fodurlandid.png","width":400,"height":293,"caption":"Innflutnings, umbo\u00f0s- og dreifingara\u00f0ili"},"image":{"@id":"https:\/\/fodurlandid.is\/#\/schema\/logo\/image\/"}}]}},"_links":{"self":[{"href":"https:\/\/fodurlandid.is\/en\/wp-json\/wp\/v2\/product\/24200","targetHints":{"allow":["GET"]}}],"collection":[{"href":"https:\/\/fodurlandid.is\/en\/wp-json\/wp\/v2\/product"}],"about":[{"href":"https:\/\/fodurlandid.is\/en\/wp-json\/wp\/v2\/types\/product"}],"wp:featuredmedia":[{"embeddable":true,"href":"https:\/\/fodurlandid.is\/en\/wp-json\/wp\/v2\/media\/24209"}],"wp:attachment":[{"href":"https:\/\/fodurlandid.is\/en\/wp-json\/wp\/v2\/media?parent=24200"}],"wp:term":[{"taxonomy":"product_brand","embeddable":true,"href":"https:\/\/fodurlandid.is\/en\/wp-json\/wp\/v2\/product_brand?post=24200"},{"taxonomy":"product_cat","embeddable":true,"href":"https:\/\/fodurlandid.is\/en\/wp-json\/wp\/v2\/product_cat?post=24200"},{"taxonomy":"product_tag","embeddable":true,"href":"https:\/\/fodurlandid.is\/en\/wp-json\/wp\/v2\/product_tag?post=24200"}],"curies":[{"name":"wp","href":"https:\/\/api.w.org\/{rel}","templated":true}]}}