{"id":24191,"date":"2025-07-13T09:44:49","date_gmt":"2025-07-13T09:44:49","guid":{"rendered":"https:\/\/fodurlandid.is\/?post_type=product&#038;p=24191"},"modified":"2025-09-21T08:48:47","modified_gmt":"2025-09-21T08:48:47","slug":"muke-ii","status":"publish","type":"product","link":"https:\/\/fodurlandid.is\/en\/product\/muke-ii\/","title":{"rendered":"Muke II er st\u00edlhreinn og gl\u00e6silegur bakpoki fyrir allt a\u00f0 15,6&#8243; fart\u00f6lvur"},"content":{"rendered":"","protected":false},"excerpt":{"rendered":"<p>Muke II fr\u00e1 Mark Ryden er me\u00f0 st\u00edlhreina h\u00f6nnun sem vekur mikla athygli. Taskan er \u00far Oxford efni og PU me\u00f0 g\u00f3\u00f0a vatnsheldni. H\u00fan lokar innra r\u00fdmi me\u00f0 rennil\u00e1s og smellum \u00e1 hli\u00f0um en svo leggst toppurinn yfir og smellist a\u00f0 framan me\u00f0 segulsmellum. A\u00f0 framan eru tveir renndir r\u00famg\u00f3\u00f0ir vasar og einn st\u00f3r me\u00f0 fr\u00f6nskum rennil\u00e1s. Innra r\u00fdmi t\u00f6skunnar samanstendur af h\u00f3lfi fyrir allt a\u00f0 15,6\u201d fart\u00f6lvur og hinum megin er renndur vasi \u00e1samt tveimur opnum. Aftan \u00e1 t\u00f6sku vi\u00f0 bak er falinn renndur vasi me\u00f0 miklu geymslur\u00fdmi. Gl\u00e6sileg taska fyrir f\u00f3lk \u00e1 fer\u00f0inni sem teki\u00f0 er eftir.<\/p>\n<p>-\u200c Sj\u00e1 myndband ne\u00f0ar \u00e1 s\u00ed\u00f0u<br \/>\n\u2013 Litur: Svartur<br \/>\n\u2013 St\u00e6r\u00f0: 40 x 30 x 13 cm (15,6 l\u00edtra)<br \/>\n\u2013 \u00deyngd: 0,85 kg.<br \/>\n\u2013 Efni \u00ed t\u00f6sku: Oxford efni &amp; PU. Vatnsvarin<br \/>\n\u2013 St\u00e6kkanlegar axlar\u00f3lar: 45-90 cm<\/p>\n","protected":false},"featured_media":24192,"template":"","meta":[],"product_brand":[401],"product_cat":[403],"product_tag":[],"class_list":{"0":"post-24191","1":"product","2":"type-product","3":"status-publish","4":"has-post-thumbnail","6":"product_brand-mark-ryden","7":"product_cat-bakpokar","9":"first","10":"outofstock","11":"taxable","12":"shipping-taxable","13":"product-type-simple"},"yoast_head":"<!-- This site is optimized with the Yoast SEO Premium plugin v21.5 (Yoast SEO v27.4) - https:\/\/yoast.com\/product\/yoast-seo-premium-wordpress\/ -->\n<title>Muke II er st\u00edlhreinn &amp; gl\u00e6silegur bakpoki fyrir allt a\u00f0 15,6&quot; fart\u00f6lvur<\/title>\n<meta name=\"description\" content=\"Muke II fr\u00e1 Mark Ryden er me\u00f0 st\u00edlhreina h\u00f6nnun sem vekur mikla athygli. Er \u00far Oxford efni &amp; PU me\u00f0 g\u00f3\u00f0a vatnsheldni. Falleg taska fyrir f\u00f3lk \u00e1 fer\u00f0inni\" \/>\n<meta name=\"robots\" content=\"index, follow, max-snippet:-1, max-image-preview:large, max-video-preview:-1\" \/>\n<link rel=\"canonical\" href=\"https:\/\/fodurlandid.is\/vara\/muke-ii\/\" \/>\n<meta property=\"og:locale\" content=\"en_US\" \/>\n<meta property=\"og:type\" content=\"article\" \/>\n<meta property=\"og:title\" content=\"Muke II er st\u00edlhreinn og gl\u00e6silegur bakpoki fyrir allt a\u00f0 15,6&quot; fart\u00f6lvur\" \/>\n<meta property=\"og:description\" content=\"Muke II fr\u00e1 Mark Ryden er me\u00f0 st\u00edlhreina h\u00f6nnun sem vekur mikla athygli. Er \u00far Oxford efni &amp; PU me\u00f0 g\u00f3\u00f0a vatnsheldni. Falleg taska fyrir f\u00f3lk \u00e1 fer\u00f0inni\" \/>\n<meta property=\"og:url\" content=\"https:\/\/fodurlandid.is\/vara\/muke-ii\/\" \/>\n<meta property=\"og:site_name\" content=\"F&ouml;&eth;urlandi&eth; heildsala\" \/>\n<meta property=\"article:modified_time\" content=\"2025-09-21T08:48:47+00:00\" \/>\n<meta property=\"og:image\" content=\"https:\/\/fodurlandid.is\/wp-content\/uploads\/2025\/07\/MR-1622-Mark-Ryden-bakpoki_-2.jpg\" \/>\n\t<meta property=\"og:image:width\" content=\"600\" \/>\n\t<meta property=\"og:image:height\" content=\"600\" \/>\n\t<meta property=\"og:image:type\" content=\"image\/jpeg\" \/>\n<meta name=\"twitter:card\" content=\"summary_large_image\" \/>\n<meta name=\"twitter:label1\" content=\"Est. reading time\" \/>\n\t<meta name=\"twitter:data1\" content=\"1 minute\" \/>\n<script type=\"application\/ld+json\" class=\"yoast-schema-graph\">{\"@context\":\"https:\\\/\\\/schema.org\",\"@graph\":[{\"@type\":\"WebPage\",\"@id\":\"https:\\\/\\\/fodurlandid.is\\\/vara\\\/muke-ii\\\/\",\"url\":\"https:\\\/\\\/fodurlandid.is\\\/vara\\\/muke-ii\\\/\",\"name\":\"Muke II er st\u00edlhreinn & gl\u00e6silegur bakpoki fyrir allt a\u00f0 15,6\\\" fart\u00f6lvur\",\"isPartOf\":{\"@id\":\"https:\\\/\\\/fodurlandid.is\\\/#website\"},\"primaryImageOfPage\":{\"@id\":\"https:\\\/\\\/fodurlandid.is\\\/vara\\\/muke-ii\\\/#primaryimage\"},\"image\":{\"@id\":\"https:\\\/\\\/fodurlandid.is\\\/vara\\\/muke-ii\\\/#primaryimage\"},\"thumbnailUrl\":\"https:\\\/\\\/fodurlandid.is\\\/wp-content\\\/uploads\\\/2025\\\/07\\\/MR-1622-Mark-Ryden-bakpoki_-2.jpg\",\"datePublished\":\"2025-07-13T09:44:49+00:00\",\"dateModified\":\"2025-09-21T08:48:47+00:00\",\"description\":\"Muke II fr\u00e1 Mark Ryden er me\u00f0 st\u00edlhreina h\u00f6nnun sem vekur mikla athygli. Er \u00far Oxford efni & PU me\u00f0 g\u00f3\u00f0a vatnsheldni. Falleg taska fyrir f\u00f3lk \u00e1 fer\u00f0inni\",\"breadcrumb\":{\"@id\":\"https:\\\/\\\/fodurlandid.is\\\/vara\\\/muke-ii\\\/#breadcrumb\"},\"inLanguage\":\"en-US\",\"potentialAction\":[{\"@type\":\"ReadAction\",\"target\":[\"https:\\\/\\\/fodurlandid.is\\\/vara\\\/muke-ii\\\/\"]}]},{\"@type\":\"ImageObject\",\"inLanguage\":\"en-US\",\"@id\":\"https:\\\/\\\/fodurlandid.is\\\/vara\\\/muke-ii\\\/#primaryimage\",\"url\":\"https:\\\/\\\/fodurlandid.is\\\/wp-content\\\/uploads\\\/2025\\\/07\\\/MR-1622-Mark-Ryden-bakpoki_-2.jpg\",\"contentUrl\":\"https:\\\/\\\/fodurlandid.is\\\/wp-content\\\/uploads\\\/2025\\\/07\\\/MR-1622-Mark-Ryden-bakpoki_-2.jpg\",\"width\":600,\"height\":600},{\"@type\":\"BreadcrumbList\",\"@id\":\"https:\\\/\\\/fodurlandid.is\\\/vara\\\/muke-ii\\\/#breadcrumb\",\"itemListElement\":[{\"@type\":\"ListItem\",\"position\":1,\"name\":\"Home\",\"item\":\"https:\\\/\\\/fodurlandid.is\\\/\"},{\"@type\":\"ListItem\",\"position\":2,\"name\":\"Shop\",\"item\":\"https:\\\/\\\/www.vorulagerinn.is\\\/heildsala\\\/en\\\/shop\\\/\"},{\"@type\":\"ListItem\",\"position\":3,\"name\":\"Muke II er st\u00edlhreinn og gl\u00e6silegur bakpoki fyrir allt a\u00f0 15,6&#8243; fart\u00f6lvur\"}]},{\"@type\":\"WebSite\",\"@id\":\"https:\\\/\\\/fodurlandid.is\\\/#website\",\"url\":\"https:\\\/\\\/fodurlandid.is\\\/\",\"name\":\"F\u00f6\u00f0urlandi\u00f0 ehf, heildsala\",\"description\":\"Innflutnings, umbo&eth;s- og dreifingara&eth;ili\",\"publisher\":{\"@id\":\"https:\\\/\\\/fodurlandid.is\\\/#organization\"},\"alternateName\":\"Innflutnings, umbo\u00f0s- og dreifingara\u00f0ili\",\"potentialAction\":[{\"@type\":\"SearchAction\",\"target\":{\"@type\":\"EntryPoint\",\"urlTemplate\":\"https:\\\/\\\/fodurlandid.is\\\/?s={search_term_string}\"},\"query-input\":{\"@type\":\"PropertyValueSpecification\",\"valueRequired\":true,\"valueName\":\"search_term_string\"}}],\"inLanguage\":\"en-US\"},{\"@type\":\"Organization\",\"@id\":\"https:\\\/\\\/fodurlandid.is\\\/#organization\",\"name\":\"Innflutnings, umbo\u00f0s- og dreifingara\u00f0ili\",\"url\":\"https:\\\/\\\/fodurlandid.is\\\/\",\"logo\":{\"@type\":\"ImageObject\",\"inLanguage\":\"en-US\",\"@id\":\"https:\\\/\\\/fodurlandid.is\\\/#\\\/schema\\\/logo\\\/image\\\/\",\"url\":\"https:\\\/\\\/fodurlandid.is\\\/wp-content\\\/uploads\\\/2024\\\/05\\\/Fodurlandid.png\",\"contentUrl\":\"https:\\\/\\\/fodurlandid.is\\\/wp-content\\\/uploads\\\/2024\\\/05\\\/Fodurlandid.png\",\"width\":400,\"height\":293,\"caption\":\"Innflutnings, umbo\u00f0s- og dreifingara\u00f0ili\"},\"image\":{\"@id\":\"https:\\\/\\\/fodurlandid.is\\\/#\\\/schema\\\/logo\\\/image\\\/\"}}]}<\/script>\n<!-- \/ Yoast SEO Premium plugin. -->","yoast_head_json":{"title":"Muke II er st\u00edlhreinn & gl\u00e6silegur bakpoki fyrir allt a\u00f0 15,6\" fart\u00f6lvur","description":"Muke II fr\u00e1 Mark Ryden er me\u00f0 st\u00edlhreina h\u00f6nnun sem vekur mikla athygli. Er \u00far Oxford efni & PU me\u00f0 g\u00f3\u00f0a vatnsheldni. Falleg taska fyrir f\u00f3lk \u00e1 fer\u00f0inni","robots":{"index":"index","follow":"follow","max-snippet":"max-snippet:-1","max-image-preview":"max-image-preview:large","max-video-preview":"max-video-preview:-1"},"canonical":"https:\/\/fodurlandid.is\/vara\/muke-ii\/","og_locale":"en_US","og_type":"article","og_title":"Muke II er st\u00edlhreinn og gl\u00e6silegur bakpoki fyrir allt a\u00f0 15,6\" fart\u00f6lvur","og_description":"Muke II fr\u00e1 Mark Ryden er me\u00f0 st\u00edlhreina h\u00f6nnun sem vekur mikla athygli. Er \u00far Oxford efni & PU me\u00f0 g\u00f3\u00f0a vatnsheldni. Falleg taska fyrir f\u00f3lk \u00e1 fer\u00f0inni","og_url":"https:\/\/fodurlandid.is\/vara\/muke-ii\/","og_site_name":"F&ouml;&eth;urlandi&eth; heildsala","article_modified_time":"2025-09-21T08:48:47+00:00","og_image":[{"width":600,"height":600,"url":"https:\/\/fodurlandid.is\/wp-content\/uploads\/2025\/07\/MR-1622-Mark-Ryden-bakpoki_-2.jpg","type":"image\/jpeg"}],"twitter_card":"summary_large_image","twitter_misc":{"Est. reading time":"1 minute"},"schema":{"@context":"https:\/\/schema.org","@graph":[{"@type":"WebPage","@id":"https:\/\/fodurlandid.is\/vara\/muke-ii\/","url":"https:\/\/fodurlandid.is\/vara\/muke-ii\/","name":"Muke II er st\u00edlhreinn & gl\u00e6silegur bakpoki fyrir allt a\u00f0 15,6\" fart\u00f6lvur","isPartOf":{"@id":"https:\/\/fodurlandid.is\/#website"},"primaryImageOfPage":{"@id":"https:\/\/fodurlandid.is\/vara\/muke-ii\/#primaryimage"},"image":{"@id":"https:\/\/fodurlandid.is\/vara\/muke-ii\/#primaryimage"},"thumbnailUrl":"https:\/\/fodurlandid.is\/wp-content\/uploads\/2025\/07\/MR-1622-Mark-Ryden-bakpoki_-2.jpg","datePublished":"2025-07-13T09:44:49+00:00","dateModified":"2025-09-21T08:48:47+00:00","description":"Muke II fr\u00e1 Mark Ryden er me\u00f0 st\u00edlhreina h\u00f6nnun sem vekur mikla athygli. Er \u00far Oxford efni & PU me\u00f0 g\u00f3\u00f0a vatnsheldni. Falleg taska fyrir f\u00f3lk \u00e1 fer\u00f0inni","breadcrumb":{"@id":"https:\/\/fodurlandid.is\/vara\/muke-ii\/#breadcrumb"},"inLanguage":"en-US","potentialAction":[{"@type":"ReadAction","target":["https:\/\/fodurlandid.is\/vara\/muke-ii\/"]}]},{"@type":"ImageObject","inLanguage":"en-US","@id":"https:\/\/fodurlandid.is\/vara\/muke-ii\/#primaryimage","url":"https:\/\/fodurlandid.is\/wp-content\/uploads\/2025\/07\/MR-1622-Mark-Ryden-bakpoki_-2.jpg","contentUrl":"https:\/\/fodurlandid.is\/wp-content\/uploads\/2025\/07\/MR-1622-Mark-Ryden-bakpoki_-2.jpg","width":600,"height":600},{"@type":"BreadcrumbList","@id":"https:\/\/fodurlandid.is\/vara\/muke-ii\/#breadcrumb","itemListElement":[{"@type":"ListItem","position":1,"name":"Home","item":"https:\/\/fodurlandid.is\/"},{"@type":"ListItem","position":2,"name":"Shop","item":"https:\/\/www.vorulagerinn.is\/heildsala\/en\/shop\/"},{"@type":"ListItem","position":3,"name":"Muke II er st\u00edlhreinn og gl\u00e6silegur bakpoki fyrir allt a\u00f0 15,6&#8243; fart\u00f6lvur"}]},{"@type":"WebSite","@id":"https:\/\/fodurlandid.is\/#website","url":"https:\/\/fodurlandid.is\/","name":"F\u00f6\u00f0urlandi\u00f0 ehf, heildsala","description":"Innflutnings, umbo&eth;s- og dreifingara&eth;ili","publisher":{"@id":"https:\/\/fodurlandid.is\/#organization"},"alternateName":"Innflutnings, umbo\u00f0s- og dreifingara\u00f0ili","potentialAction":[{"@type":"SearchAction","target":{"@type":"EntryPoint","urlTemplate":"https:\/\/fodurlandid.is\/?s={search_term_string}"},"query-input":{"@type":"PropertyValueSpecification","valueRequired":true,"valueName":"search_term_string"}}],"inLanguage":"en-US"},{"@type":"Organization","@id":"https:\/\/fodurlandid.is\/#organization","name":"Innflutnings, umbo\u00f0s- og dreifingara\u00f0ili","url":"https:\/\/fodurlandid.is\/","logo":{"@type":"ImageObject","inLanguage":"en-US","@id":"https:\/\/fodurlandid.is\/#\/schema\/logo\/image\/","url":"https:\/\/fodurlandid.is\/wp-content\/uploads\/2024\/05\/Fodurlandid.png","contentUrl":"https:\/\/fodurlandid.is\/wp-content\/uploads\/2024\/05\/Fodurlandid.png","width":400,"height":293,"caption":"Innflutnings, umbo\u00f0s- og dreifingara\u00f0ili"},"image":{"@id":"https:\/\/fodurlandid.is\/#\/schema\/logo\/image\/"}}]}},"_links":{"self":[{"href":"https:\/\/fodurlandid.is\/en\/wp-json\/wp\/v2\/product\/24191","targetHints":{"allow":["GET"]}}],"collection":[{"href":"https:\/\/fodurlandid.is\/en\/wp-json\/wp\/v2\/product"}],"about":[{"href":"https:\/\/fodurlandid.is\/en\/wp-json\/wp\/v2\/types\/product"}],"wp:featuredmedia":[{"embeddable":true,"href":"https:\/\/fodurlandid.is\/en\/wp-json\/wp\/v2\/media\/24192"}],"wp:attachment":[{"href":"https:\/\/fodurlandid.is\/en\/wp-json\/wp\/v2\/media?parent=24191"}],"wp:term":[{"taxonomy":"product_brand","embeddable":true,"href":"https:\/\/fodurlandid.is\/en\/wp-json\/wp\/v2\/product_brand?post=24191"},{"taxonomy":"product_cat","embeddable":true,"href":"https:\/\/fodurlandid.is\/en\/wp-json\/wp\/v2\/product_cat?post=24191"},{"taxonomy":"product_tag","embeddable":true,"href":"https:\/\/fodurlandid.is\/en\/wp-json\/wp\/v2\/product_tag?post=24191"}],"curies":[{"name":"wp","href":"https:\/\/api.w.org\/{rel}","templated":true}]}}