{"id":24167,"date":"2025-07-13T09:05:59","date_gmt":"2025-07-13T09:05:59","guid":{"rendered":"https:\/\/fodurlandid.is\/?post_type=product&#038;p=24167"},"modified":"2025-11-24T08:57:35","modified_gmt":"2025-11-24T08:57:35","slug":"lassic-ii","status":"publish","type":"product","link":"https:\/\/fodurlandid.is\/en\/product\/lassic-ii\/","title":{"rendered":"Classic II er st\u00edlhrein og falleg fart\u00f6lvutaska fyrir allt a\u00f0 15,6&#8243; fart\u00f6lvur"},"content":{"rendered":"<div style=\"width: 1020px;\" class=\"wp-video\"><video class=\"wp-video-shortcode\" id=\"video-24167-1\" width=\"1020\" height=\"574\" preload=\"metadata\" controls=\"controls\"><source type=\"video\/mp4\" src=\"https:\/\/fodurlandid.is\/wp-content\/uploads\/2025\/07\/MR8003.mp4?_=1\" \/><a href=\"https:\/\/fodurlandid.is\/wp-content\/uploads\/2025\/07\/MR8003.mp4\">https:\/\/fodurlandid.is\/wp-content\/uploads\/2025\/07\/MR8003.mp4<\/a><\/video><\/div>\n","protected":false},"excerpt":{"rendered":"<p>Mark Ryden Classic II fart\u00f6lvutaskan er einstaklega falleg, st\u00edlhreinn, vatnsheld og st\u00edf sem ver fart\u00f6lvuna fyrir h\u00f6ggum. A\u00f0 framan er st\u00f3r renndur r\u00famg\u00f3\u00f0ur vasi me\u00f0 tveimur opnum v\u00f6sum og a\u00f0 aftan er st\u00f3r renndur vasi me\u00f0 tveimur opnum v\u00f6sum. Innra r\u00fdmi t\u00f6skunnar er r\u00famgott me\u00f0 fart\u00f6lvuvasa fyrir fart\u00f6lvur allt a\u00f0 15,6 tommur a\u00f0 st\u00e6r\u00f0. Hinum megin er st\u00f3r renndur vasi \u00e1samt tveimur opnum v\u00f6sum og tveimur pennav\u00f6sum. H\u00e1g\u00e6\u00f0a YKK rennil\u00e1sar sem eru \u00feeir bestu \u00e1 marka\u00f0inum og endast mun lengur. Gl\u00e6sileg fart\u00f6lvutaska fyrir f\u00f3lk \u00e1 fer\u00f0inni.<\/p>\n<p>\u2013 Sj\u00e1 myndband ne\u00f0ar \u00e1 s\u00ed\u00f0u<br \/>\n\u2013 Litur: Svartur<br \/>\n\u2013 St\u00e6r\u00f0: 40 x 9 x 31,5 cm<br \/>\n\u2013 \u00deyngd: 0,91 kg<br \/>\n\u2013 Efni: Oxford efni, Vatnshelt, blettav\u00f6rn og au\u00f0veld \u00ed \u00ferifum<br \/>\n\u2013 H\u00e1g\u00e6\u00f0a YKK rennil\u00e1sar<\/p>\n","protected":false},"featured_media":24174,"template":"","meta":[],"product_brand":[401],"product_cat":[404],"product_tag":[],"class_list":{"0":"post-24167","1":"product","2":"type-product","3":"status-publish","4":"has-post-thumbnail","6":"product_brand-mark-ryden","7":"product_cat-fartolvutoskur","9":"first","10":"outofstock","11":"taxable","12":"shipping-taxable","13":"product-type-simple"},"yoast_head":"<!-- This site is optimized with the Yoast SEO Premium plugin v21.5 (Yoast SEO v27.5) - https:\/\/yoast.com\/product\/yoast-seo-premium-wordpress\/ -->\n<title>Classic II er st\u00edlhrein &amp; falleg fart\u00f6lvutaska fyrir allt a\u00f0 15,6&quot; fart\u00f6lvur<\/title>\n<meta name=\"description\" content=\"Classic II fart\u00f6lvutaskan fr\u00e1 Mark Ryden er falleg, st\u00edlhreinn, vatnsheld &amp; st\u00edf sem ver fart\u00f6lvuna fyrir h\u00f6ggum. R\u00famg\u00f3\u00f0 &amp; hentar fyrir allt a\u00f0 15,6&quot; t\u00f6lvur\" \/>\n<meta name=\"robots\" content=\"index, follow, max-snippet:-1, max-image-preview:large, max-video-preview:-1\" \/>\n<link rel=\"canonical\" href=\"https:\/\/fodurlandid.is\/vara\/lassic-ii\/\" \/>\n<meta property=\"og:locale\" content=\"en_US\" \/>\n<meta property=\"og:type\" content=\"article\" \/>\n<meta property=\"og:title\" content=\"Classic II er st\u00edlhrein og falleg fart\u00f6lvutaska fyrir allt a\u00f0 15,6&quot; fart\u00f6lvur\" \/>\n<meta property=\"og:description\" content=\"Classic II fart\u00f6lvutaskan fr\u00e1 Mark Ryden er falleg, st\u00edlhreinn, vatnsheld &amp; st\u00edf sem ver fart\u00f6lvuna fyrir h\u00f6ggum. R\u00famg\u00f3\u00f0 &amp; hentar fyrir allt a\u00f0 15,6&quot; t\u00f6lvur\" \/>\n<meta property=\"og:url\" content=\"https:\/\/fodurlandid.is\/vara\/lassic-ii\/\" \/>\n<meta property=\"og:site_name\" content=\"F&ouml;&eth;urlandi&eth; heildsala\" \/>\n<meta property=\"article:modified_time\" content=\"2025-11-24T08:57:35+00:00\" \/>\n<meta property=\"og:image\" content=\"https:\/\/fodurlandid.is\/wp-content\/uploads\/2025\/07\/MR-8003-Mark-Ryden-fartolvutaska_-6.jpg\" \/>\n\t<meta property=\"og:image:width\" content=\"600\" \/>\n\t<meta property=\"og:image:height\" content=\"600\" \/>\n\t<meta property=\"og:image:type\" content=\"image\/jpeg\" \/>\n<meta name=\"twitter:card\" content=\"summary_large_image\" \/>\n<meta name=\"twitter:label1\" content=\"Est. reading time\" \/>\n\t<meta name=\"twitter:data1\" content=\"1 minute\" \/>\n<script type=\"application\/ld+json\" class=\"yoast-schema-graph\">{\"@context\":\"https:\\\/\\\/schema.org\",\"@graph\":[{\"@type\":\"WebPage\",\"@id\":\"https:\\\/\\\/fodurlandid.is\\\/vara\\\/lassic-ii\\\/\",\"url\":\"https:\\\/\\\/fodurlandid.is\\\/vara\\\/lassic-ii\\\/\",\"name\":\"Classic II er st\u00edlhrein & falleg fart\u00f6lvutaska fyrir allt a\u00f0 15,6\\\" fart\u00f6lvur\",\"isPartOf\":{\"@id\":\"https:\\\/\\\/fodurlandid.is\\\/#website\"},\"primaryImageOfPage\":{\"@id\":\"https:\\\/\\\/fodurlandid.is\\\/vara\\\/lassic-ii\\\/#primaryimage\"},\"image\":{\"@id\":\"https:\\\/\\\/fodurlandid.is\\\/vara\\\/lassic-ii\\\/#primaryimage\"},\"thumbnailUrl\":\"https:\\\/\\\/fodurlandid.is\\\/wp-content\\\/uploads\\\/2025\\\/07\\\/MR-8003-Mark-Ryden-fartolvutaska_-6.jpg\",\"datePublished\":\"2025-07-13T09:05:59+00:00\",\"dateModified\":\"2025-11-24T08:57:35+00:00\",\"description\":\"Classic II fart\u00f6lvutaskan fr\u00e1 Mark Ryden er falleg, st\u00edlhreinn, vatnsheld & st\u00edf sem ver fart\u00f6lvuna fyrir h\u00f6ggum. R\u00famg\u00f3\u00f0 & hentar fyrir allt a\u00f0 15,6\\\" t\u00f6lvur\",\"breadcrumb\":{\"@id\":\"https:\\\/\\\/fodurlandid.is\\\/vara\\\/lassic-ii\\\/#breadcrumb\"},\"inLanguage\":\"en-US\",\"potentialAction\":[{\"@type\":\"ReadAction\",\"target\":[\"https:\\\/\\\/fodurlandid.is\\\/vara\\\/lassic-ii\\\/\"]}]},{\"@type\":\"ImageObject\",\"inLanguage\":\"en-US\",\"@id\":\"https:\\\/\\\/fodurlandid.is\\\/vara\\\/lassic-ii\\\/#primaryimage\",\"url\":\"https:\\\/\\\/fodurlandid.is\\\/wp-content\\\/uploads\\\/2025\\\/07\\\/MR-8003-Mark-Ryden-fartolvutaska_-6.jpg\",\"contentUrl\":\"https:\\\/\\\/fodurlandid.is\\\/wp-content\\\/uploads\\\/2025\\\/07\\\/MR-8003-Mark-Ryden-fartolvutaska_-6.jpg\",\"width\":600,\"height\":600},{\"@type\":\"BreadcrumbList\",\"@id\":\"https:\\\/\\\/fodurlandid.is\\\/vara\\\/lassic-ii\\\/#breadcrumb\",\"itemListElement\":[{\"@type\":\"ListItem\",\"position\":1,\"name\":\"Home\",\"item\":\"https:\\\/\\\/fodurlandid.is\\\/\"},{\"@type\":\"ListItem\",\"position\":2,\"name\":\"Shop\",\"item\":\"https:\\\/\\\/www.vorulagerinn.is\\\/heildsala\\\/en\\\/shop\\\/\"},{\"@type\":\"ListItem\",\"position\":3,\"name\":\"Classic II er st\u00edlhrein og falleg fart\u00f6lvutaska fyrir allt a\u00f0 15,6&#8243; fart\u00f6lvur\"}]},{\"@type\":\"WebSite\",\"@id\":\"https:\\\/\\\/fodurlandid.is\\\/#website\",\"url\":\"https:\\\/\\\/fodurlandid.is\\\/\",\"name\":\"F\u00f6\u00f0urlandi\u00f0 ehf, heildsala\",\"description\":\"Innflutnings, umbo&eth;s- og dreifingara&eth;ili\",\"publisher\":{\"@id\":\"https:\\\/\\\/fodurlandid.is\\\/#organization\"},\"alternateName\":\"Innflutnings, umbo\u00f0s- og dreifingara\u00f0ili\",\"potentialAction\":[{\"@type\":\"SearchAction\",\"target\":{\"@type\":\"EntryPoint\",\"urlTemplate\":\"https:\\\/\\\/fodurlandid.is\\\/?s={search_term_string}\"},\"query-input\":{\"@type\":\"PropertyValueSpecification\",\"valueRequired\":true,\"valueName\":\"search_term_string\"}}],\"inLanguage\":\"en-US\"},{\"@type\":\"Organization\",\"@id\":\"https:\\\/\\\/fodurlandid.is\\\/#organization\",\"name\":\"Innflutnings, umbo\u00f0s- og dreifingara\u00f0ili\",\"url\":\"https:\\\/\\\/fodurlandid.is\\\/\",\"logo\":{\"@type\":\"ImageObject\",\"inLanguage\":\"en-US\",\"@id\":\"https:\\\/\\\/fodurlandid.is\\\/#\\\/schema\\\/logo\\\/image\\\/\",\"url\":\"https:\\\/\\\/fodurlandid.is\\\/wp-content\\\/uploads\\\/2024\\\/05\\\/Fodurlandid.png\",\"contentUrl\":\"https:\\\/\\\/fodurlandid.is\\\/wp-content\\\/uploads\\\/2024\\\/05\\\/Fodurlandid.png\",\"width\":400,\"height\":293,\"caption\":\"Innflutnings, umbo\u00f0s- og dreifingara\u00f0ili\"},\"image\":{\"@id\":\"https:\\\/\\\/fodurlandid.is\\\/#\\\/schema\\\/logo\\\/image\\\/\"}}]}<\/script>\n<!-- \/ Yoast SEO Premium plugin. -->","yoast_head_json":{"title":"Classic II er st\u00edlhrein & falleg fart\u00f6lvutaska fyrir allt a\u00f0 15,6\" fart\u00f6lvur","description":"Classic II fart\u00f6lvutaskan fr\u00e1 Mark Ryden er falleg, st\u00edlhreinn, vatnsheld & st\u00edf sem ver fart\u00f6lvuna fyrir h\u00f6ggum. R\u00famg\u00f3\u00f0 & hentar fyrir allt a\u00f0 15,6\" t\u00f6lvur","robots":{"index":"index","follow":"follow","max-snippet":"max-snippet:-1","max-image-preview":"max-image-preview:large","max-video-preview":"max-video-preview:-1"},"canonical":"https:\/\/fodurlandid.is\/vara\/lassic-ii\/","og_locale":"en_US","og_type":"article","og_title":"Classic II er st\u00edlhrein og falleg fart\u00f6lvutaska fyrir allt a\u00f0 15,6\" fart\u00f6lvur","og_description":"Classic II fart\u00f6lvutaskan fr\u00e1 Mark Ryden er falleg, st\u00edlhreinn, vatnsheld & st\u00edf sem ver fart\u00f6lvuna fyrir h\u00f6ggum. R\u00famg\u00f3\u00f0 & hentar fyrir allt a\u00f0 15,6\" t\u00f6lvur","og_url":"https:\/\/fodurlandid.is\/vara\/lassic-ii\/","og_site_name":"F&ouml;&eth;urlandi&eth; heildsala","article_modified_time":"2025-11-24T08:57:35+00:00","og_image":[{"width":600,"height":600,"url":"https:\/\/fodurlandid.is\/wp-content\/uploads\/2025\/07\/MR-8003-Mark-Ryden-fartolvutaska_-6.jpg","type":"image\/jpeg"}],"twitter_card":"summary_large_image","twitter_misc":{"Est. reading time":"1 minute"},"schema":{"@context":"https:\/\/schema.org","@graph":[{"@type":"WebPage","@id":"https:\/\/fodurlandid.is\/vara\/lassic-ii\/","url":"https:\/\/fodurlandid.is\/vara\/lassic-ii\/","name":"Classic II er st\u00edlhrein & falleg fart\u00f6lvutaska fyrir allt a\u00f0 15,6\" fart\u00f6lvur","isPartOf":{"@id":"https:\/\/fodurlandid.is\/#website"},"primaryImageOfPage":{"@id":"https:\/\/fodurlandid.is\/vara\/lassic-ii\/#primaryimage"},"image":{"@id":"https:\/\/fodurlandid.is\/vara\/lassic-ii\/#primaryimage"},"thumbnailUrl":"https:\/\/fodurlandid.is\/wp-content\/uploads\/2025\/07\/MR-8003-Mark-Ryden-fartolvutaska_-6.jpg","datePublished":"2025-07-13T09:05:59+00:00","dateModified":"2025-11-24T08:57:35+00:00","description":"Classic II fart\u00f6lvutaskan fr\u00e1 Mark Ryden er falleg, st\u00edlhreinn, vatnsheld & st\u00edf sem ver fart\u00f6lvuna fyrir h\u00f6ggum. R\u00famg\u00f3\u00f0 & hentar fyrir allt a\u00f0 15,6\" t\u00f6lvur","breadcrumb":{"@id":"https:\/\/fodurlandid.is\/vara\/lassic-ii\/#breadcrumb"},"inLanguage":"en-US","potentialAction":[{"@type":"ReadAction","target":["https:\/\/fodurlandid.is\/vara\/lassic-ii\/"]}]},{"@type":"ImageObject","inLanguage":"en-US","@id":"https:\/\/fodurlandid.is\/vara\/lassic-ii\/#primaryimage","url":"https:\/\/fodurlandid.is\/wp-content\/uploads\/2025\/07\/MR-8003-Mark-Ryden-fartolvutaska_-6.jpg","contentUrl":"https:\/\/fodurlandid.is\/wp-content\/uploads\/2025\/07\/MR-8003-Mark-Ryden-fartolvutaska_-6.jpg","width":600,"height":600},{"@type":"BreadcrumbList","@id":"https:\/\/fodurlandid.is\/vara\/lassic-ii\/#breadcrumb","itemListElement":[{"@type":"ListItem","position":1,"name":"Home","item":"https:\/\/fodurlandid.is\/"},{"@type":"ListItem","position":2,"name":"Shop","item":"https:\/\/www.vorulagerinn.is\/heildsala\/en\/shop\/"},{"@type":"ListItem","position":3,"name":"Classic II er st\u00edlhrein og falleg fart\u00f6lvutaska fyrir allt a\u00f0 15,6&#8243; fart\u00f6lvur"}]},{"@type":"WebSite","@id":"https:\/\/fodurlandid.is\/#website","url":"https:\/\/fodurlandid.is\/","name":"F\u00f6\u00f0urlandi\u00f0 ehf, heildsala","description":"Innflutnings, umbo&eth;s- og dreifingara&eth;ili","publisher":{"@id":"https:\/\/fodurlandid.is\/#organization"},"alternateName":"Innflutnings, umbo\u00f0s- og dreifingara\u00f0ili","potentialAction":[{"@type":"SearchAction","target":{"@type":"EntryPoint","urlTemplate":"https:\/\/fodurlandid.is\/?s={search_term_string}"},"query-input":{"@type":"PropertyValueSpecification","valueRequired":true,"valueName":"search_term_string"}}],"inLanguage":"en-US"},{"@type":"Organization","@id":"https:\/\/fodurlandid.is\/#organization","name":"Innflutnings, umbo\u00f0s- og dreifingara\u00f0ili","url":"https:\/\/fodurlandid.is\/","logo":{"@type":"ImageObject","inLanguage":"en-US","@id":"https:\/\/fodurlandid.is\/#\/schema\/logo\/image\/","url":"https:\/\/fodurlandid.is\/wp-content\/uploads\/2024\/05\/Fodurlandid.png","contentUrl":"https:\/\/fodurlandid.is\/wp-content\/uploads\/2024\/05\/Fodurlandid.png","width":400,"height":293,"caption":"Innflutnings, umbo\u00f0s- og dreifingara\u00f0ili"},"image":{"@id":"https:\/\/fodurlandid.is\/#\/schema\/logo\/image\/"}}]}},"_links":{"self":[{"href":"https:\/\/fodurlandid.is\/en\/wp-json\/wp\/v2\/product\/24167","targetHints":{"allow":["GET"]}}],"collection":[{"href":"https:\/\/fodurlandid.is\/en\/wp-json\/wp\/v2\/product"}],"about":[{"href":"https:\/\/fodurlandid.is\/en\/wp-json\/wp\/v2\/types\/product"}],"wp:featuredmedia":[{"embeddable":true,"href":"https:\/\/fodurlandid.is\/en\/wp-json\/wp\/v2\/media\/24174"}],"wp:attachment":[{"href":"https:\/\/fodurlandid.is\/en\/wp-json\/wp\/v2\/media?parent=24167"}],"wp:term":[{"taxonomy":"product_brand","embeddable":true,"href":"https:\/\/fodurlandid.is\/en\/wp-json\/wp\/v2\/product_brand?post=24167"},{"taxonomy":"product_cat","embeddable":true,"href":"https:\/\/fodurlandid.is\/en\/wp-json\/wp\/v2\/product_cat?post=24167"},{"taxonomy":"product_tag","embeddable":true,"href":"https:\/\/fodurlandid.is\/en\/wp-json\/wp\/v2\/product_tag?post=24167"}],"curies":[{"name":"wp","href":"https:\/\/api.w.org\/{rel}","templated":true}]}}