{"id":24151,"date":"2025-07-12T18:27:33","date_gmt":"2025-07-12T18:27:33","guid":{"rendered":"https:\/\/fodurlandid.is\/?post_type=product&#038;p=24151"},"modified":"2026-02-10T11:04:27","modified_gmt":"2026-02-10T11:04:27","slug":"mr7507","status":"publish","type":"product","link":"https:\/\/fodurlandid.is\/en\/product\/mr7507\/","title":{"rendered":"Rhombus Crossbody \/ hli\u00f0artaskan er me\u00f0 har\u00f0ri varnarskel og USB tengjum til a\u00f0 hla\u00f0a snjallt\u00e6kin \u00e1 fer\u00f0inni"},"content":{"rendered":"<div style=\"width: 960px;\" class=\"wp-video\"><video class=\"wp-video-shortcode\" id=\"video-24151-1\" width=\"960\" height=\"540\" preload=\"metadata\" controls=\"controls\"><source type=\"video\/mp4\" src=\"https:\/\/fodurlandid.is\/wp-content\/uploads\/2025\/07\/MR7507.mp4?_=1\" \/><a href=\"https:\/\/fodurlandid.is\/wp-content\/uploads\/2025\/07\/MR7507.mp4\">https:\/\/fodurlandid.is\/wp-content\/uploads\/2025\/07\/MR7507.mp4<\/a><\/video><\/div>\n","protected":false},"excerpt":{"rendered":"<p>Rhombus Crossbody \/ hli\u00f0artaskan fr\u00e1 Mark Ryden er me\u00f0 har\u00f0ri varnarskel sem ver innihald t\u00f6skunar.\u00a0 Aftan \u00e1 t\u00f6skunni vi\u00f0 baki\u00f0 er falinn rennil\u00e1s me\u00f0 g\u00f3\u00f0um vasa. \u00cd innra r\u00fdmi t\u00f6skunnar eru 3 vasar. Einn vasinn er renndur me\u00f0 neti en hinir tveir eru opnir og r\u00famg\u00f3\u00f0ir \u00e1samt lyklafestingu.<\/p>\n<p>\u00c1 hli\u00f0 t\u00f6skunnar eru USB-A og USB-C tengi sem tengjast vi\u00f0 hle\u00f0slubanka sem geymdur er ofan \u00ed t\u00f6skunni. \u00deetta gerir f\u00f3lki kleift a\u00f0 hla\u00f0a snjallt\u00e6kin \u00e1 fer\u00f0inni. Taskan er me\u00f0 h\u00e1g\u00e6\u00f0a YKK rennil\u00e1s sem talinn er s\u00e1 besti \u00ed heimi og er nota\u00f0ur \u00e1 l\u00faxusv\u00f6rur \u00e1 bor\u00f0 vi\u00f0 GUCCI, DIORMCM, LV o.s.frv. Gl\u00e6sileg og v\u00f6ndu\u00f0 taska sem vekur eftirtekt.<\/p>\n<p>Sj\u00e1\u00f0u myndband af v\u00f6runni ne\u00f0ar \u00e1 \u00feessari s\u00ed\u00f0u.<\/p>\n<p>\u2013 Litur: Svartur<br \/>\n\u2013 St\u00e6r\u00f0: 30 x 20 x 8 cm<br \/>\n\u2013 \u00deyngd: 0,51 kg.<br \/>\n\u2013 Efni: Vatnsheld Oxford efni, PU, slit\u00feolin og au\u00f0veld \u00ed \u00ferifum<br \/>\n\u2013 H\u00e1g\u00e6\u00f0a YKK rennil\u00e1s<\/p>\n","protected":false},"featured_media":24154,"template":"","meta":[],"product_brand":[401],"product_cat":[406],"product_tag":[],"class_list":{"0":"post-24151","1":"product","2":"type-product","3":"status-publish","4":"has-post-thumbnail","6":"product_brand-mark-ryden","7":"product_cat-hlidartoskur-cross-body-bakpokar","9":"first","10":"instock","11":"taxable","12":"shipping-taxable","13":"product-type-simple"},"yoast_head":"<!-- This site is optimized with the Yoast SEO Premium plugin v21.5 (Yoast SEO v27.3) - https:\/\/yoast.com\/product\/yoast-seo-premium-wordpress\/ -->\n<title>Rhombus hli\u00f0artaskan er me\u00f0 har\u00f0ri varnarskel &amp; USB tengjum<\/title>\n<meta name=\"description\" content=\"Rhombus fr\u00e1 Mark Ryden er me\u00f0 har\u00f0ri varnarskel sem ver innihald t\u00f6skunar.\u00a0USB-A og USB-C tengi utan \u00e1 t\u00f6skunni sem tengjast vi\u00f0 hle\u00f0slubanka. YKK rennil\u00e1s\" \/>\n<meta name=\"robots\" content=\"index, follow, max-snippet:-1, max-image-preview:large, max-video-preview:-1\" \/>\n<link rel=\"canonical\" href=\"https:\/\/fodurlandid.is\/vara\/mr7507\/\" \/>\n<meta property=\"og:locale\" content=\"en_US\" \/>\n<meta property=\"og:type\" content=\"article\" \/>\n<meta property=\"og:title\" content=\"Rhombus Crossbody \/ hli\u00f0artaskan er me\u00f0 har\u00f0ri varnarskel og USB tengjum til a\u00f0 hla\u00f0a snjallt\u00e6kin \u00e1 fer\u00f0inni\" \/>\n<meta property=\"og:description\" content=\"Rhombus fr\u00e1 Mark Ryden er me\u00f0 har\u00f0ri varnarskel sem ver innihald t\u00f6skunar.\u00a0USB-A og USB-C tengi utan \u00e1 t\u00f6skunni sem tengjast vi\u00f0 hle\u00f0slubanka. YKK rennil\u00e1s\" \/>\n<meta property=\"og:url\" content=\"https:\/\/fodurlandid.is\/vara\/mr7507\/\" \/>\n<meta property=\"og:site_name\" content=\"F&ouml;&eth;urlandi&eth; heildsala\" \/>\n<meta property=\"article:modified_time\" content=\"2026-02-10T11:04:27+00:00\" \/>\n<meta property=\"og:image\" content=\"https:\/\/fodurlandid.is\/wp-content\/uploads\/2025\/07\/MR-7507-Mark-Ryden_-3.jpg\" \/>\n\t<meta property=\"og:image:width\" content=\"600\" \/>\n\t<meta property=\"og:image:height\" content=\"600\" \/>\n\t<meta property=\"og:image:type\" content=\"image\/jpeg\" \/>\n<meta name=\"twitter:card\" content=\"summary_large_image\" \/>\n<meta name=\"twitter:label1\" content=\"Est. reading time\" \/>\n\t<meta name=\"twitter:data1\" content=\"1 minute\" \/>\n<script type=\"application\/ld+json\" class=\"yoast-schema-graph\">{\"@context\":\"https:\\\/\\\/schema.org\",\"@graph\":[{\"@type\":\"WebPage\",\"@id\":\"https:\\\/\\\/fodurlandid.is\\\/vara\\\/mr7507\\\/\",\"url\":\"https:\\\/\\\/fodurlandid.is\\\/vara\\\/mr7507\\\/\",\"name\":\"Rhombus hli\u00f0artaskan er me\u00f0 har\u00f0ri varnarskel & USB tengjum\",\"isPartOf\":{\"@id\":\"https:\\\/\\\/fodurlandid.is\\\/#website\"},\"primaryImageOfPage\":{\"@id\":\"https:\\\/\\\/fodurlandid.is\\\/vara\\\/mr7507\\\/#primaryimage\"},\"image\":{\"@id\":\"https:\\\/\\\/fodurlandid.is\\\/vara\\\/mr7507\\\/#primaryimage\"},\"thumbnailUrl\":\"https:\\\/\\\/fodurlandid.is\\\/wp-content\\\/uploads\\\/2025\\\/07\\\/MR-7507-Mark-Ryden_-3.jpg\",\"datePublished\":\"2025-07-12T18:27:33+00:00\",\"dateModified\":\"2026-02-10T11:04:27+00:00\",\"description\":\"Rhombus fr\u00e1 Mark Ryden er me\u00f0 har\u00f0ri varnarskel sem ver innihald t\u00f6skunar.\u00a0USB-A og USB-C tengi utan \u00e1 t\u00f6skunni sem tengjast vi\u00f0 hle\u00f0slubanka. YKK rennil\u00e1s\",\"breadcrumb\":{\"@id\":\"https:\\\/\\\/fodurlandid.is\\\/vara\\\/mr7507\\\/#breadcrumb\"},\"inLanguage\":\"en-US\",\"potentialAction\":[{\"@type\":\"ReadAction\",\"target\":[\"https:\\\/\\\/fodurlandid.is\\\/vara\\\/mr7507\\\/\"]}]},{\"@type\":\"ImageObject\",\"inLanguage\":\"en-US\",\"@id\":\"https:\\\/\\\/fodurlandid.is\\\/vara\\\/mr7507\\\/#primaryimage\",\"url\":\"https:\\\/\\\/fodurlandid.is\\\/wp-content\\\/uploads\\\/2025\\\/07\\\/MR-7507-Mark-Ryden_-3.jpg\",\"contentUrl\":\"https:\\\/\\\/fodurlandid.is\\\/wp-content\\\/uploads\\\/2025\\\/07\\\/MR-7507-Mark-Ryden_-3.jpg\",\"width\":600,\"height\":600},{\"@type\":\"BreadcrumbList\",\"@id\":\"https:\\\/\\\/fodurlandid.is\\\/vara\\\/mr7507\\\/#breadcrumb\",\"itemListElement\":[{\"@type\":\"ListItem\",\"position\":1,\"name\":\"Home\",\"item\":\"https:\\\/\\\/fodurlandid.is\\\/\"},{\"@type\":\"ListItem\",\"position\":2,\"name\":\"Shop\",\"item\":\"https:\\\/\\\/www.vorulagerinn.is\\\/heildsala\\\/en\\\/shop\\\/\"},{\"@type\":\"ListItem\",\"position\":3,\"name\":\"Rhombus Crossbody \\\/ hli\u00f0artaskan er me\u00f0 har\u00f0ri varnarskel og USB tengjum til a\u00f0 hla\u00f0a snjallt\u00e6kin \u00e1 fer\u00f0inni\"}]},{\"@type\":\"WebSite\",\"@id\":\"https:\\\/\\\/fodurlandid.is\\\/#website\",\"url\":\"https:\\\/\\\/fodurlandid.is\\\/\",\"name\":\"F\u00f6\u00f0urlandi\u00f0 ehf, heildsala\",\"description\":\"Innflutnings, umbo&eth;s- og dreifingara&eth;ili\",\"publisher\":{\"@id\":\"https:\\\/\\\/fodurlandid.is\\\/#organization\"},\"alternateName\":\"Innflutnings, umbo\u00f0s- og dreifingara\u00f0ili\",\"potentialAction\":[{\"@type\":\"SearchAction\",\"target\":{\"@type\":\"EntryPoint\",\"urlTemplate\":\"https:\\\/\\\/fodurlandid.is\\\/?s={search_term_string}\"},\"query-input\":{\"@type\":\"PropertyValueSpecification\",\"valueRequired\":true,\"valueName\":\"search_term_string\"}}],\"inLanguage\":\"en-US\"},{\"@type\":\"Organization\",\"@id\":\"https:\\\/\\\/fodurlandid.is\\\/#organization\",\"name\":\"Innflutnings, umbo\u00f0s- og dreifingara\u00f0ili\",\"url\":\"https:\\\/\\\/fodurlandid.is\\\/\",\"logo\":{\"@type\":\"ImageObject\",\"inLanguage\":\"en-US\",\"@id\":\"https:\\\/\\\/fodurlandid.is\\\/#\\\/schema\\\/logo\\\/image\\\/\",\"url\":\"https:\\\/\\\/fodurlandid.is\\\/wp-content\\\/uploads\\\/2024\\\/05\\\/Fodurlandid.png\",\"contentUrl\":\"https:\\\/\\\/fodurlandid.is\\\/wp-content\\\/uploads\\\/2024\\\/05\\\/Fodurlandid.png\",\"width\":400,\"height\":293,\"caption\":\"Innflutnings, umbo\u00f0s- og dreifingara\u00f0ili\"},\"image\":{\"@id\":\"https:\\\/\\\/fodurlandid.is\\\/#\\\/schema\\\/logo\\\/image\\\/\"}}]}<\/script>\n<!-- \/ Yoast SEO Premium plugin. -->","yoast_head_json":{"title":"Rhombus hli\u00f0artaskan er me\u00f0 har\u00f0ri varnarskel & USB tengjum","description":"Rhombus fr\u00e1 Mark Ryden er me\u00f0 har\u00f0ri varnarskel sem ver innihald t\u00f6skunar.\u00a0USB-A og USB-C tengi utan \u00e1 t\u00f6skunni sem tengjast vi\u00f0 hle\u00f0slubanka. YKK rennil\u00e1s","robots":{"index":"index","follow":"follow","max-snippet":"max-snippet:-1","max-image-preview":"max-image-preview:large","max-video-preview":"max-video-preview:-1"},"canonical":"https:\/\/fodurlandid.is\/vara\/mr7507\/","og_locale":"en_US","og_type":"article","og_title":"Rhombus Crossbody \/ hli\u00f0artaskan er me\u00f0 har\u00f0ri varnarskel og USB tengjum til a\u00f0 hla\u00f0a snjallt\u00e6kin \u00e1 fer\u00f0inni","og_description":"Rhombus fr\u00e1 Mark Ryden er me\u00f0 har\u00f0ri varnarskel sem ver innihald t\u00f6skunar.\u00a0USB-A og USB-C tengi utan \u00e1 t\u00f6skunni sem tengjast vi\u00f0 hle\u00f0slubanka. YKK rennil\u00e1s","og_url":"https:\/\/fodurlandid.is\/vara\/mr7507\/","og_site_name":"F&ouml;&eth;urlandi&eth; heildsala","article_modified_time":"2026-02-10T11:04:27+00:00","og_image":[{"width":600,"height":600,"url":"https:\/\/fodurlandid.is\/wp-content\/uploads\/2025\/07\/MR-7507-Mark-Ryden_-3.jpg","type":"image\/jpeg"}],"twitter_card":"summary_large_image","twitter_misc":{"Est. reading time":"1 minute"},"schema":{"@context":"https:\/\/schema.org","@graph":[{"@type":"WebPage","@id":"https:\/\/fodurlandid.is\/vara\/mr7507\/","url":"https:\/\/fodurlandid.is\/vara\/mr7507\/","name":"Rhombus hli\u00f0artaskan er me\u00f0 har\u00f0ri varnarskel & USB tengjum","isPartOf":{"@id":"https:\/\/fodurlandid.is\/#website"},"primaryImageOfPage":{"@id":"https:\/\/fodurlandid.is\/vara\/mr7507\/#primaryimage"},"image":{"@id":"https:\/\/fodurlandid.is\/vara\/mr7507\/#primaryimage"},"thumbnailUrl":"https:\/\/fodurlandid.is\/wp-content\/uploads\/2025\/07\/MR-7507-Mark-Ryden_-3.jpg","datePublished":"2025-07-12T18:27:33+00:00","dateModified":"2026-02-10T11:04:27+00:00","description":"Rhombus fr\u00e1 Mark Ryden er me\u00f0 har\u00f0ri varnarskel sem ver innihald t\u00f6skunar.\u00a0USB-A og USB-C tengi utan \u00e1 t\u00f6skunni sem tengjast vi\u00f0 hle\u00f0slubanka. YKK rennil\u00e1s","breadcrumb":{"@id":"https:\/\/fodurlandid.is\/vara\/mr7507\/#breadcrumb"},"inLanguage":"en-US","potentialAction":[{"@type":"ReadAction","target":["https:\/\/fodurlandid.is\/vara\/mr7507\/"]}]},{"@type":"ImageObject","inLanguage":"en-US","@id":"https:\/\/fodurlandid.is\/vara\/mr7507\/#primaryimage","url":"https:\/\/fodurlandid.is\/wp-content\/uploads\/2025\/07\/MR-7507-Mark-Ryden_-3.jpg","contentUrl":"https:\/\/fodurlandid.is\/wp-content\/uploads\/2025\/07\/MR-7507-Mark-Ryden_-3.jpg","width":600,"height":600},{"@type":"BreadcrumbList","@id":"https:\/\/fodurlandid.is\/vara\/mr7507\/#breadcrumb","itemListElement":[{"@type":"ListItem","position":1,"name":"Home","item":"https:\/\/fodurlandid.is\/"},{"@type":"ListItem","position":2,"name":"Shop","item":"https:\/\/www.vorulagerinn.is\/heildsala\/en\/shop\/"},{"@type":"ListItem","position":3,"name":"Rhombus Crossbody \/ hli\u00f0artaskan er me\u00f0 har\u00f0ri varnarskel og USB tengjum til a\u00f0 hla\u00f0a snjallt\u00e6kin \u00e1 fer\u00f0inni"}]},{"@type":"WebSite","@id":"https:\/\/fodurlandid.is\/#website","url":"https:\/\/fodurlandid.is\/","name":"F\u00f6\u00f0urlandi\u00f0 ehf, heildsala","description":"Innflutnings, umbo&eth;s- og dreifingara&eth;ili","publisher":{"@id":"https:\/\/fodurlandid.is\/#organization"},"alternateName":"Innflutnings, umbo\u00f0s- og dreifingara\u00f0ili","potentialAction":[{"@type":"SearchAction","target":{"@type":"EntryPoint","urlTemplate":"https:\/\/fodurlandid.is\/?s={search_term_string}"},"query-input":{"@type":"PropertyValueSpecification","valueRequired":true,"valueName":"search_term_string"}}],"inLanguage":"en-US"},{"@type":"Organization","@id":"https:\/\/fodurlandid.is\/#organization","name":"Innflutnings, umbo\u00f0s- og dreifingara\u00f0ili","url":"https:\/\/fodurlandid.is\/","logo":{"@type":"ImageObject","inLanguage":"en-US","@id":"https:\/\/fodurlandid.is\/#\/schema\/logo\/image\/","url":"https:\/\/fodurlandid.is\/wp-content\/uploads\/2024\/05\/Fodurlandid.png","contentUrl":"https:\/\/fodurlandid.is\/wp-content\/uploads\/2024\/05\/Fodurlandid.png","width":400,"height":293,"caption":"Innflutnings, umbo\u00f0s- og dreifingara\u00f0ili"},"image":{"@id":"https:\/\/fodurlandid.is\/#\/schema\/logo\/image\/"}}]}},"_links":{"self":[{"href":"https:\/\/fodurlandid.is\/en\/wp-json\/wp\/v2\/product\/24151","targetHints":{"allow":["GET"]}}],"collection":[{"href":"https:\/\/fodurlandid.is\/en\/wp-json\/wp\/v2\/product"}],"about":[{"href":"https:\/\/fodurlandid.is\/en\/wp-json\/wp\/v2\/types\/product"}],"wp:featuredmedia":[{"embeddable":true,"href":"https:\/\/fodurlandid.is\/en\/wp-json\/wp\/v2\/media\/24154"}],"wp:attachment":[{"href":"https:\/\/fodurlandid.is\/en\/wp-json\/wp\/v2\/media?parent=24151"}],"wp:term":[{"taxonomy":"product_brand","embeddable":true,"href":"https:\/\/fodurlandid.is\/en\/wp-json\/wp\/v2\/product_brand?post=24151"},{"taxonomy":"product_cat","embeddable":true,"href":"https:\/\/fodurlandid.is\/en\/wp-json\/wp\/v2\/product_cat?post=24151"},{"taxonomy":"product_tag","embeddable":true,"href":"https:\/\/fodurlandid.is\/en\/wp-json\/wp\/v2\/product_tag?post=24151"}],"curies":[{"name":"wp","href":"https:\/\/api.w.org\/{rel}","templated":true}]}}