{"id":24123,"date":"2025-07-12T10:54:35","date_gmt":"2025-07-12T10:54:35","guid":{"rendered":"https:\/\/fodurlandid.is\/?post_type=product&#038;p=24123"},"modified":"2025-09-21T09:05:46","modified_gmt":"2025-09-21T09:05:46","slug":"explorer","status":"publish","type":"product","link":"https:\/\/fodurlandid.is\/en\/product\/explorer\/","title":{"rendered":"Explorer er 34 l\u00edtra r\u00famg\u00f3\u00f0ur bakpoki og st\u00e6kkanlegur \u00ed 45,6 l\u00edtra fyrir \u00fe\u00e1 kr\u00f6fuh\u00f6r\u00f0ustu"},"content":{"rendered":"<div style=\"width: 522px;\" class=\"wp-video\"><video class=\"wp-video-shortcode\" id=\"video-24123-1\" width=\"522\" height=\"360\" preload=\"metadata\" controls=\"controls\"><source type=\"video\/mp4\" src=\"https:\/\/fodurlandid.is\/wp-content\/uploads\/2025\/07\/MR9907-Mark-Ryden.mp4?_=1\" \/><a href=\"https:\/\/fodurlandid.is\/wp-content\/uploads\/2025\/07\/MR9907-Mark-Ryden.mp4\">https:\/\/fodurlandid.is\/wp-content\/uploads\/2025\/07\/MR9907-Mark-Ryden.mp4<\/a><\/video><\/div>\n","protected":false},"excerpt":{"rendered":"<p>Gl\u00e6silegur og vanda\u00f0ur 34 l\u00edtra bakpoki me\u00f0 vasa fyrir allt a\u00f0 17,3\u2033 fart\u00f6lvu, 11\u2033 spjaldt\u00f6lvu og USB tengi utan \u00e1 hli\u00f0 t\u00f6skunnar me\u00f0 tengi inni \u00ed t\u00f6sku fyrir hle\u00f0slubanka svo au\u00f0velt s\u00e9 a\u00f0 hla\u00f0a t\u00e6kin \u00e1 fer\u00f0inni. Taskan er tv\u00edskipt og \u00ed \u00f6\u00f0ru h\u00f3lfinu er einn st\u00f3r vasi me\u00f0 rennil\u00e1s og fj\u00f3rir opnir vasar. \u00cd hinu h\u00f3lfinu er vasi fyrir fer\u00f0at\u00f6lvu og annar fyrir spjaldt\u00f6lvu \u00e1samt fj\u00f3rum opnum v\u00f6sum. A\u00f0 framan er einn st\u00f3r vasi me\u00f0 rennil\u00e1s og a\u00f0 aftan er einn vasi me\u00f0 rennil\u00e1s. USB-A tengi \u00e1 hli\u00f0 \u00e1samt 1x USB-A tengi inni \u00ed t\u00f6skunni \u00e1samt vasa fyrir hle\u00f0slubanka.<\/p>\n<p>\u00dea\u00f0 er h\u00e6gt a\u00f0 st\u00e6kka t\u00f6skuna um 8cm sem eykur pl\u00e1ssur verulega e\u00f0a \u00far 34 l\u00edtrum \u00ed 45,6 l\u00edtra \u00feegar \u00feess er \u00fe\u00f6rf. Aftan \u00e1 t\u00f6skunni er festing fyrir fer\u00f0at\u00f6skur svo au\u00f0velt s\u00e9 a\u00f0 fer\u00f0ast me\u00f0 hana fasta vi\u00f0 handfang fer\u00f0at\u00f6skunnar \u00ed fer\u00f0alaginu. Ney\u00f0arflauta er \u00e1 smellu og \u00fea\u00f0 eru \u00ferj\u00fa handf\u00f6ng til a\u00f0 halda \u00e1 t\u00f6skunni auk \u00feess sem h\u00e6gt er a\u00f0 setja hana \u00e1 baki\u00f0. Bakpokinn er me\u00f0 h\u00e1g\u00e6\u00f0a YKK rennil\u00e1sum sem eru \u00feeir bestu \u00e1 marka\u00f0inum og endast mun lengur.\u00a0Virkilega g\u00f3\u00f0 taska sem kemur a\u00f0 g\u00f3\u00f0um notum til daglegra nota e\u00f0a \u00ed styttri fer\u00f0ir.<\/p>\n<p>SJ\u00e1 myndband af v\u00f6ru ne\u00f0ar \u00e1 \u00feessari s\u00ed\u00f0u.<\/p>\n<p>\u2013 Litur: Gr\u00e1r og svartur<br \/>\n\u2013 St\u00e6r\u00f0: 46x31x24 cm (34,2 l\u00edtrar)<br \/>\n\u2013 St\u00e6kku\u00f0 st\u00e6r\u00f0: 46x31x32 cm (45,6 l\u00edtra)<br \/>\n\u2013 \u00deyngd: 1,65 kg<br \/>\n\u2013 Efni: Oxford sem hrindir fr\u00e1 vatni<br \/>\n\u2013 H\u00e1g\u00e6\u00f0a YKK rennil\u00e1sar<\/p>\n","protected":false},"featured_media":24132,"template":"","meta":[],"product_brand":[401],"product_cat":[403],"product_tag":[],"class_list":{"0":"post-24123","1":"product","2":"type-product","3":"status-publish","4":"has-post-thumbnail","6":"product_brand-mark-ryden","7":"product_cat-bakpokar","9":"first","10":"outofstock","11":"taxable","12":"shipping-taxable","13":"product-type-variable"},"yoast_head":"<!-- This site is optimized with the Yoast SEO Premium plugin v21.5 (Yoast SEO v27.3) - https:\/\/yoast.com\/product\/yoast-seo-premium-wordpress\/ -->\n<title>Explorer 34 l\u00edtra r\u00famg\u00f3\u00f0ur bakpoki og st\u00e6kkanlegur \u00ed 45,6 l\u00edtra<\/title>\n<meta name=\"description\" content=\"Vanda\u00f0ur 34 l\u00edtra bakpoki (st\u00e6kkanlegur \u00ed 45,6 l\u00edtra) me\u00f0 vasa fyrir allt a\u00f0 17,3\u2033 fart\u00f6lvu, 11\u2033 spjaldt\u00f6lvu &amp; USB tengi til a\u00f0 hla\u00f0a snjallt\u00e6kin \u00e1 fer\u00f0inni\" \/>\n<meta name=\"robots\" content=\"index, follow, max-snippet:-1, max-image-preview:large, max-video-preview:-1\" \/>\n<link rel=\"canonical\" href=\"https:\/\/fodurlandid.is\/vara\/explorer\/\" \/>\n<meta property=\"og:locale\" content=\"en_US\" \/>\n<meta property=\"og:type\" content=\"article\" \/>\n<meta property=\"og:title\" content=\"Explorer er 34 l\u00edtra r\u00famg\u00f3\u00f0ur bakpoki og st\u00e6kkanlegur \u00ed 45,6 l\u00edtra fyrir \u00fe\u00e1 kr\u00f6fuh\u00f6r\u00f0ustu\" \/>\n<meta property=\"og:description\" content=\"Vanda\u00f0ur 34 l\u00edtra bakpoki (st\u00e6kkanlegur \u00ed 45,6 l\u00edtra) me\u00f0 vasa fyrir allt a\u00f0 17,3\u2033 fart\u00f6lvu, 11\u2033 spjaldt\u00f6lvu &amp; USB tengi til a\u00f0 hla\u00f0a snjallt\u00e6kin \u00e1 fer\u00f0inni\" \/>\n<meta property=\"og:url\" content=\"https:\/\/fodurlandid.is\/vara\/explorer\/\" \/>\n<meta property=\"og:site_name\" content=\"F&ouml;&eth;urlandi&eth; heildsala\" \/>\n<meta property=\"article:modified_time\" content=\"2025-09-21T09:05:46+00:00\" \/>\n<meta property=\"og:image\" content=\"https:\/\/fodurlandid.is\/wp-content\/uploads\/2025\/07\/MR9907-Mark-Ryden_4.jpg\" \/>\n\t<meta property=\"og:image:width\" content=\"600\" \/>\n\t<meta property=\"og:image:height\" content=\"600\" \/>\n\t<meta property=\"og:image:type\" content=\"image\/jpeg\" \/>\n<meta name=\"twitter:card\" content=\"summary_large_image\" \/>\n<meta name=\"twitter:label1\" content=\"Est. reading time\" \/>\n\t<meta name=\"twitter:data1\" content=\"1 minute\" \/>\n<script type=\"application\/ld+json\" class=\"yoast-schema-graph\">{\"@context\":\"https:\\\/\\\/schema.org\",\"@graph\":[{\"@type\":\"WebPage\",\"@id\":\"https:\\\/\\\/fodurlandid.is\\\/vara\\\/explorer\\\/\",\"url\":\"https:\\\/\\\/fodurlandid.is\\\/vara\\\/explorer\\\/\",\"name\":\"Explorer 34 l\u00edtra r\u00famg\u00f3\u00f0ur bakpoki og st\u00e6kkanlegur \u00ed 45,6 l\u00edtra\",\"isPartOf\":{\"@id\":\"https:\\\/\\\/fodurlandid.is\\\/#website\"},\"primaryImageOfPage\":{\"@id\":\"https:\\\/\\\/fodurlandid.is\\\/vara\\\/explorer\\\/#primaryimage\"},\"image\":{\"@id\":\"https:\\\/\\\/fodurlandid.is\\\/vara\\\/explorer\\\/#primaryimage\"},\"thumbnailUrl\":\"https:\\\/\\\/fodurlandid.is\\\/wp-content\\\/uploads\\\/2025\\\/07\\\/MR9907-Mark-Ryden_4.jpg\",\"datePublished\":\"2025-07-12T10:54:35+00:00\",\"dateModified\":\"2025-09-21T09:05:46+00:00\",\"description\":\"Vanda\u00f0ur 34 l\u00edtra bakpoki (st\u00e6kkanlegur \u00ed 45,6 l\u00edtra) me\u00f0 vasa fyrir allt a\u00f0 17,3\u2033 fart\u00f6lvu, 11\u2033 spjaldt\u00f6lvu & USB tengi til a\u00f0 hla\u00f0a snjallt\u00e6kin \u00e1 fer\u00f0inni\",\"breadcrumb\":{\"@id\":\"https:\\\/\\\/fodurlandid.is\\\/vara\\\/explorer\\\/#breadcrumb\"},\"inLanguage\":\"en-US\",\"potentialAction\":[{\"@type\":\"ReadAction\",\"target\":[\"https:\\\/\\\/fodurlandid.is\\\/vara\\\/explorer\\\/\"]}]},{\"@type\":\"ImageObject\",\"inLanguage\":\"en-US\",\"@id\":\"https:\\\/\\\/fodurlandid.is\\\/vara\\\/explorer\\\/#primaryimage\",\"url\":\"https:\\\/\\\/fodurlandid.is\\\/wp-content\\\/uploads\\\/2025\\\/07\\\/MR9907-Mark-Ryden_4.jpg\",\"contentUrl\":\"https:\\\/\\\/fodurlandid.is\\\/wp-content\\\/uploads\\\/2025\\\/07\\\/MR9907-Mark-Ryden_4.jpg\",\"width\":600,\"height\":600},{\"@type\":\"BreadcrumbList\",\"@id\":\"https:\\\/\\\/fodurlandid.is\\\/vara\\\/explorer\\\/#breadcrumb\",\"itemListElement\":[{\"@type\":\"ListItem\",\"position\":1,\"name\":\"Home\",\"item\":\"https:\\\/\\\/fodurlandid.is\\\/\"},{\"@type\":\"ListItem\",\"position\":2,\"name\":\"Shop\",\"item\":\"https:\\\/\\\/www.vorulagerinn.is\\\/heildsala\\\/en\\\/shop\\\/\"},{\"@type\":\"ListItem\",\"position\":3,\"name\":\"Explorer er 34 l\u00edtra r\u00famg\u00f3\u00f0ur bakpoki og st\u00e6kkanlegur \u00ed 45,6 l\u00edtra fyrir \u00fe\u00e1 kr\u00f6fuh\u00f6r\u00f0ustu\"}]},{\"@type\":\"WebSite\",\"@id\":\"https:\\\/\\\/fodurlandid.is\\\/#website\",\"url\":\"https:\\\/\\\/fodurlandid.is\\\/\",\"name\":\"F\u00f6\u00f0urlandi\u00f0 ehf, heildsala\",\"description\":\"Innflutnings, umbo&eth;s- og dreifingara&eth;ili\",\"publisher\":{\"@id\":\"https:\\\/\\\/fodurlandid.is\\\/#organization\"},\"alternateName\":\"Innflutnings, umbo\u00f0s- og dreifingara\u00f0ili\",\"potentialAction\":[{\"@type\":\"SearchAction\",\"target\":{\"@type\":\"EntryPoint\",\"urlTemplate\":\"https:\\\/\\\/fodurlandid.is\\\/?s={search_term_string}\"},\"query-input\":{\"@type\":\"PropertyValueSpecification\",\"valueRequired\":true,\"valueName\":\"search_term_string\"}}],\"inLanguage\":\"en-US\"},{\"@type\":\"Organization\",\"@id\":\"https:\\\/\\\/fodurlandid.is\\\/#organization\",\"name\":\"Innflutnings, umbo\u00f0s- og dreifingara\u00f0ili\",\"url\":\"https:\\\/\\\/fodurlandid.is\\\/\",\"logo\":{\"@type\":\"ImageObject\",\"inLanguage\":\"en-US\",\"@id\":\"https:\\\/\\\/fodurlandid.is\\\/#\\\/schema\\\/logo\\\/image\\\/\",\"url\":\"https:\\\/\\\/fodurlandid.is\\\/wp-content\\\/uploads\\\/2024\\\/05\\\/Fodurlandid.png\",\"contentUrl\":\"https:\\\/\\\/fodurlandid.is\\\/wp-content\\\/uploads\\\/2024\\\/05\\\/Fodurlandid.png\",\"width\":400,\"height\":293,\"caption\":\"Innflutnings, umbo\u00f0s- og dreifingara\u00f0ili\"},\"image\":{\"@id\":\"https:\\\/\\\/fodurlandid.is\\\/#\\\/schema\\\/logo\\\/image\\\/\"}}]}<\/script>\n<!-- \/ Yoast SEO Premium plugin. -->","yoast_head_json":{"title":"Explorer 34 l\u00edtra r\u00famg\u00f3\u00f0ur bakpoki og st\u00e6kkanlegur \u00ed 45,6 l\u00edtra","description":"Vanda\u00f0ur 34 l\u00edtra bakpoki (st\u00e6kkanlegur \u00ed 45,6 l\u00edtra) me\u00f0 vasa fyrir allt a\u00f0 17,3\u2033 fart\u00f6lvu, 11\u2033 spjaldt\u00f6lvu & USB tengi til a\u00f0 hla\u00f0a snjallt\u00e6kin \u00e1 fer\u00f0inni","robots":{"index":"index","follow":"follow","max-snippet":"max-snippet:-1","max-image-preview":"max-image-preview:large","max-video-preview":"max-video-preview:-1"},"canonical":"https:\/\/fodurlandid.is\/vara\/explorer\/","og_locale":"en_US","og_type":"article","og_title":"Explorer er 34 l\u00edtra r\u00famg\u00f3\u00f0ur bakpoki og st\u00e6kkanlegur \u00ed 45,6 l\u00edtra fyrir \u00fe\u00e1 kr\u00f6fuh\u00f6r\u00f0ustu","og_description":"Vanda\u00f0ur 34 l\u00edtra bakpoki (st\u00e6kkanlegur \u00ed 45,6 l\u00edtra) me\u00f0 vasa fyrir allt a\u00f0 17,3\u2033 fart\u00f6lvu, 11\u2033 spjaldt\u00f6lvu & USB tengi til a\u00f0 hla\u00f0a snjallt\u00e6kin \u00e1 fer\u00f0inni","og_url":"https:\/\/fodurlandid.is\/vara\/explorer\/","og_site_name":"F&ouml;&eth;urlandi&eth; heildsala","article_modified_time":"2025-09-21T09:05:46+00:00","og_image":[{"width":600,"height":600,"url":"https:\/\/fodurlandid.is\/wp-content\/uploads\/2025\/07\/MR9907-Mark-Ryden_4.jpg","type":"image\/jpeg"}],"twitter_card":"summary_large_image","twitter_misc":{"Est. reading time":"1 minute"},"schema":{"@context":"https:\/\/schema.org","@graph":[{"@type":"WebPage","@id":"https:\/\/fodurlandid.is\/vara\/explorer\/","url":"https:\/\/fodurlandid.is\/vara\/explorer\/","name":"Explorer 34 l\u00edtra r\u00famg\u00f3\u00f0ur bakpoki og st\u00e6kkanlegur \u00ed 45,6 l\u00edtra","isPartOf":{"@id":"https:\/\/fodurlandid.is\/#website"},"primaryImageOfPage":{"@id":"https:\/\/fodurlandid.is\/vara\/explorer\/#primaryimage"},"image":{"@id":"https:\/\/fodurlandid.is\/vara\/explorer\/#primaryimage"},"thumbnailUrl":"https:\/\/fodurlandid.is\/wp-content\/uploads\/2025\/07\/MR9907-Mark-Ryden_4.jpg","datePublished":"2025-07-12T10:54:35+00:00","dateModified":"2025-09-21T09:05:46+00:00","description":"Vanda\u00f0ur 34 l\u00edtra bakpoki (st\u00e6kkanlegur \u00ed 45,6 l\u00edtra) me\u00f0 vasa fyrir allt a\u00f0 17,3\u2033 fart\u00f6lvu, 11\u2033 spjaldt\u00f6lvu & USB tengi til a\u00f0 hla\u00f0a snjallt\u00e6kin \u00e1 fer\u00f0inni","breadcrumb":{"@id":"https:\/\/fodurlandid.is\/vara\/explorer\/#breadcrumb"},"inLanguage":"en-US","potentialAction":[{"@type":"ReadAction","target":["https:\/\/fodurlandid.is\/vara\/explorer\/"]}]},{"@type":"ImageObject","inLanguage":"en-US","@id":"https:\/\/fodurlandid.is\/vara\/explorer\/#primaryimage","url":"https:\/\/fodurlandid.is\/wp-content\/uploads\/2025\/07\/MR9907-Mark-Ryden_4.jpg","contentUrl":"https:\/\/fodurlandid.is\/wp-content\/uploads\/2025\/07\/MR9907-Mark-Ryden_4.jpg","width":600,"height":600},{"@type":"BreadcrumbList","@id":"https:\/\/fodurlandid.is\/vara\/explorer\/#breadcrumb","itemListElement":[{"@type":"ListItem","position":1,"name":"Home","item":"https:\/\/fodurlandid.is\/"},{"@type":"ListItem","position":2,"name":"Shop","item":"https:\/\/www.vorulagerinn.is\/heildsala\/en\/shop\/"},{"@type":"ListItem","position":3,"name":"Explorer er 34 l\u00edtra r\u00famg\u00f3\u00f0ur bakpoki og st\u00e6kkanlegur \u00ed 45,6 l\u00edtra fyrir \u00fe\u00e1 kr\u00f6fuh\u00f6r\u00f0ustu"}]},{"@type":"WebSite","@id":"https:\/\/fodurlandid.is\/#website","url":"https:\/\/fodurlandid.is\/","name":"F\u00f6\u00f0urlandi\u00f0 ehf, heildsala","description":"Innflutnings, umbo&eth;s- og dreifingara&eth;ili","publisher":{"@id":"https:\/\/fodurlandid.is\/#organization"},"alternateName":"Innflutnings, umbo\u00f0s- og dreifingara\u00f0ili","potentialAction":[{"@type":"SearchAction","target":{"@type":"EntryPoint","urlTemplate":"https:\/\/fodurlandid.is\/?s={search_term_string}"},"query-input":{"@type":"PropertyValueSpecification","valueRequired":true,"valueName":"search_term_string"}}],"inLanguage":"en-US"},{"@type":"Organization","@id":"https:\/\/fodurlandid.is\/#organization","name":"Innflutnings, umbo\u00f0s- og dreifingara\u00f0ili","url":"https:\/\/fodurlandid.is\/","logo":{"@type":"ImageObject","inLanguage":"en-US","@id":"https:\/\/fodurlandid.is\/#\/schema\/logo\/image\/","url":"https:\/\/fodurlandid.is\/wp-content\/uploads\/2024\/05\/Fodurlandid.png","contentUrl":"https:\/\/fodurlandid.is\/wp-content\/uploads\/2024\/05\/Fodurlandid.png","width":400,"height":293,"caption":"Innflutnings, umbo\u00f0s- og dreifingara\u00f0ili"},"image":{"@id":"https:\/\/fodurlandid.is\/#\/schema\/logo\/image\/"}}]}},"_links":{"self":[{"href":"https:\/\/fodurlandid.is\/en\/wp-json\/wp\/v2\/product\/24123","targetHints":{"allow":["GET"]}}],"collection":[{"href":"https:\/\/fodurlandid.is\/en\/wp-json\/wp\/v2\/product"}],"about":[{"href":"https:\/\/fodurlandid.is\/en\/wp-json\/wp\/v2\/types\/product"}],"wp:featuredmedia":[{"embeddable":true,"href":"https:\/\/fodurlandid.is\/en\/wp-json\/wp\/v2\/media\/24132"}],"wp:attachment":[{"href":"https:\/\/fodurlandid.is\/en\/wp-json\/wp\/v2\/media?parent=24123"}],"wp:term":[{"taxonomy":"product_brand","embeddable":true,"href":"https:\/\/fodurlandid.is\/en\/wp-json\/wp\/v2\/product_brand?post=24123"},{"taxonomy":"product_cat","embeddable":true,"href":"https:\/\/fodurlandid.is\/en\/wp-json\/wp\/v2\/product_cat?post=24123"},{"taxonomy":"product_tag","embeddable":true,"href":"https:\/\/fodurlandid.is\/en\/wp-json\/wp\/v2\/product_tag?post=24123"}],"curies":[{"name":"wp","href":"https:\/\/api.w.org\/{rel}","templated":true}]}}