{"id":24114,"date":"2025-07-12T10:18:26","date_gmt":"2025-07-12T10:18:26","guid":{"rendered":"https:\/\/fodurlandid.is\/?post_type=product&#038;p=24114"},"modified":"2025-09-20T12:41:11","modified_gmt":"2025-09-20T12:41:11","slug":"mr5818","status":"publish","type":"product","link":"https:\/\/fodurlandid.is\/en\/product\/mr5818\/","title":{"rendered":"13,2 l\u00edtra hli\u00f0artaska \/ Crossbody bakpoki fyrir allt a\u00f0 12,9&#8243; spjaldt\u00f6lvur, vatnsheld &#038; slit\u00feolin"},"content":{"rendered":"","protected":false},"excerpt":{"rendered":"<p>St\u00edlhrein og falleg 13,2 l\u00edtra hli\u00f0artaska \/ crossbody bakpoki fr\u00e1 Mark Ryden \u00far vatnsfr\u00e1hrindandi Polyester efni. A\u00f0 framan er vasi me\u00f0 vatnsheldum rennil\u00e1s. Taskan lokast me\u00f0 segulsmellum sem halda t\u00f6skunni loka\u00f0ri. \u00deegar framhli\u00f0 t\u00f6sku er opnu\u00f0 er annar renndur r\u00famg\u00f3\u00f0ur vasi. Innra r\u00fdmi t\u00f6skunnar er r\u00famgott og opi\u00f0. \u00c1 hli\u00f0 t\u00f6skunnar er vasi sem hentar fyrir vatnsfl\u00f6skur, regnhl\u00edf o.\u00fe.h. \u00dea\u00f0 er h\u00e6gt a\u00f0 setja allt a\u00f0 12,9\u2033 spjaldt\u00f6lvur \u00ed t\u00f6skuna \u00e1samt \u00fev\u00ed helsta.<\/p>\n<p>\u2013 Litur: Svartur<br \/>\n\u2013 St\u00e6r\u00f0: 41 x 30,5 x 7 cm<br \/>\n\u2013 \u00deyngd: 0,69 kg<br \/>\n\u2013 Efni: Oxford, vatnhelt, slit\u00feoli\u00f0 og au\u00f0velt \u00ed \u00ferifum<\/p>\n","protected":false},"featured_media":24121,"template":"","meta":[],"product_brand":[401],"product_cat":[406],"product_tag":[],"class_list":{"0":"post-24114","1":"product","2":"type-product","3":"status-publish","4":"has-post-thumbnail","6":"product_brand-mark-ryden","7":"product_cat-hlidartoskur-cross-body-bakpokar","9":"first","10":"instock","11":"taxable","12":"shipping-taxable","13":"product-type-simple"},"yoast_head":"<!-- This site is optimized with the Yoast SEO Premium plugin v21.5 (Yoast SEO v27.3) - https:\/\/yoast.com\/product\/yoast-seo-premium-wordpress\/ -->\n<title>13.2 l\u00edtra hli\u00f0artaska \/ Crossbody bakpoki fyrir allt a\u00f0 12.9&quot; spjaldt\u00f6lvu<\/title>\n<meta name=\"description\" content=\"St\u00edlhrein 13,2 l\u00edtra hli\u00f0artaska \/ crossbody bakpoki fr\u00e1 Mark Ryden undir \u00fea\u00f0 helsta. Margir vasar og pl\u00e1ss fyrir allt a\u00f0 12,9&quot; spjaldt\u00f6lvu og margt fleira.\" \/>\n<meta name=\"robots\" content=\"index, follow, max-snippet:-1, max-image-preview:large, max-video-preview:-1\" \/>\n<link rel=\"canonical\" href=\"https:\/\/fodurlandid.is\/vara\/mr5818\/\" \/>\n<meta property=\"og:locale\" content=\"en_US\" \/>\n<meta property=\"og:type\" content=\"article\" \/>\n<meta property=\"og:title\" content=\"13,2 l\u00edtra hli\u00f0artaska \/ Crossbody bakpoki fyrir allt a\u00f0 12,9&quot; spjaldt\u00f6lvur, vatnsheld &amp; slit\u00feolin\" \/>\n<meta property=\"og:description\" content=\"St\u00edlhrein 13,2 l\u00edtra hli\u00f0artaska \/ crossbody bakpoki fr\u00e1 Mark Ryden undir \u00fea\u00f0 helsta. Margir vasar og pl\u00e1ss fyrir allt a\u00f0 12,9&quot; spjaldt\u00f6lvu og margt fleira.\" \/>\n<meta property=\"og:url\" content=\"https:\/\/fodurlandid.is\/vara\/mr5818\/\" \/>\n<meta property=\"og:site_name\" content=\"F&ouml;&eth;urlandi&eth; heildsala\" \/>\n<meta property=\"article:modified_time\" content=\"2025-09-20T12:41:11+00:00\" \/>\n<meta property=\"og:image\" content=\"https:\/\/fodurlandid.is\/wp-content\/uploads\/2025\/07\/MR-5818_-5.jpg\" \/>\n\t<meta property=\"og:image:width\" content=\"600\" \/>\n\t<meta property=\"og:image:height\" content=\"600\" \/>\n\t<meta property=\"og:image:type\" content=\"image\/jpeg\" \/>\n<meta name=\"twitter:card\" content=\"summary_large_image\" \/>\n<meta name=\"twitter:label1\" content=\"Est. reading time\" \/>\n\t<meta name=\"twitter:data1\" content=\"1 minute\" \/>\n<script type=\"application\/ld+json\" class=\"yoast-schema-graph\">{\"@context\":\"https:\\\/\\\/schema.org\",\"@graph\":[{\"@type\":\"WebPage\",\"@id\":\"https:\\\/\\\/fodurlandid.is\\\/vara\\\/mr5818\\\/\",\"url\":\"https:\\\/\\\/fodurlandid.is\\\/vara\\\/mr5818\\\/\",\"name\":\"13.2 l\u00edtra hli\u00f0artaska \\\/ Crossbody bakpoki fyrir allt a\u00f0 12.9\\\" spjaldt\u00f6lvu\",\"isPartOf\":{\"@id\":\"https:\\\/\\\/fodurlandid.is\\\/#website\"},\"primaryImageOfPage\":{\"@id\":\"https:\\\/\\\/fodurlandid.is\\\/vara\\\/mr5818\\\/#primaryimage\"},\"image\":{\"@id\":\"https:\\\/\\\/fodurlandid.is\\\/vara\\\/mr5818\\\/#primaryimage\"},\"thumbnailUrl\":\"https:\\\/\\\/fodurlandid.is\\\/wp-content\\\/uploads\\\/2025\\\/07\\\/MR-5818_-5.jpg\",\"datePublished\":\"2025-07-12T10:18:26+00:00\",\"dateModified\":\"2025-09-20T12:41:11+00:00\",\"description\":\"St\u00edlhrein 13,2 l\u00edtra hli\u00f0artaska \\\/ crossbody bakpoki fr\u00e1 Mark Ryden undir \u00fea\u00f0 helsta. Margir vasar og pl\u00e1ss fyrir allt a\u00f0 12,9\\\" spjaldt\u00f6lvu og margt fleira.\",\"breadcrumb\":{\"@id\":\"https:\\\/\\\/fodurlandid.is\\\/vara\\\/mr5818\\\/#breadcrumb\"},\"inLanguage\":\"en-US\",\"potentialAction\":[{\"@type\":\"ReadAction\",\"target\":[\"https:\\\/\\\/fodurlandid.is\\\/vara\\\/mr5818\\\/\"]}]},{\"@type\":\"ImageObject\",\"inLanguage\":\"en-US\",\"@id\":\"https:\\\/\\\/fodurlandid.is\\\/vara\\\/mr5818\\\/#primaryimage\",\"url\":\"https:\\\/\\\/fodurlandid.is\\\/wp-content\\\/uploads\\\/2025\\\/07\\\/MR-5818_-5.jpg\",\"contentUrl\":\"https:\\\/\\\/fodurlandid.is\\\/wp-content\\\/uploads\\\/2025\\\/07\\\/MR-5818_-5.jpg\",\"width\":600,\"height\":600},{\"@type\":\"BreadcrumbList\",\"@id\":\"https:\\\/\\\/fodurlandid.is\\\/vara\\\/mr5818\\\/#breadcrumb\",\"itemListElement\":[{\"@type\":\"ListItem\",\"position\":1,\"name\":\"Home\",\"item\":\"https:\\\/\\\/fodurlandid.is\\\/\"},{\"@type\":\"ListItem\",\"position\":2,\"name\":\"Shop\",\"item\":\"https:\\\/\\\/www.vorulagerinn.is\\\/heildsala\\\/en\\\/shop\\\/\"},{\"@type\":\"ListItem\",\"position\":3,\"name\":\"13,2 l\u00edtra hli\u00f0artaska \\\/ Crossbody bakpoki fyrir allt a\u00f0 12,9&#8243; spjaldt\u00f6lvur, vatnsheld &#038; slit\u00feolin\"}]},{\"@type\":\"WebSite\",\"@id\":\"https:\\\/\\\/fodurlandid.is\\\/#website\",\"url\":\"https:\\\/\\\/fodurlandid.is\\\/\",\"name\":\"F\u00f6\u00f0urlandi\u00f0 ehf, heildsala\",\"description\":\"Innflutnings, umbo&eth;s- og dreifingara&eth;ili\",\"publisher\":{\"@id\":\"https:\\\/\\\/fodurlandid.is\\\/#organization\"},\"alternateName\":\"Innflutnings, umbo\u00f0s- og dreifingara\u00f0ili\",\"potentialAction\":[{\"@type\":\"SearchAction\",\"target\":{\"@type\":\"EntryPoint\",\"urlTemplate\":\"https:\\\/\\\/fodurlandid.is\\\/?s={search_term_string}\"},\"query-input\":{\"@type\":\"PropertyValueSpecification\",\"valueRequired\":true,\"valueName\":\"search_term_string\"}}],\"inLanguage\":\"en-US\"},{\"@type\":\"Organization\",\"@id\":\"https:\\\/\\\/fodurlandid.is\\\/#organization\",\"name\":\"Innflutnings, umbo\u00f0s- og dreifingara\u00f0ili\",\"url\":\"https:\\\/\\\/fodurlandid.is\\\/\",\"logo\":{\"@type\":\"ImageObject\",\"inLanguage\":\"en-US\",\"@id\":\"https:\\\/\\\/fodurlandid.is\\\/#\\\/schema\\\/logo\\\/image\\\/\",\"url\":\"https:\\\/\\\/fodurlandid.is\\\/wp-content\\\/uploads\\\/2024\\\/05\\\/Fodurlandid.png\",\"contentUrl\":\"https:\\\/\\\/fodurlandid.is\\\/wp-content\\\/uploads\\\/2024\\\/05\\\/Fodurlandid.png\",\"width\":400,\"height\":293,\"caption\":\"Innflutnings, umbo\u00f0s- og dreifingara\u00f0ili\"},\"image\":{\"@id\":\"https:\\\/\\\/fodurlandid.is\\\/#\\\/schema\\\/logo\\\/image\\\/\"}}]}<\/script>\n<!-- \/ Yoast SEO Premium plugin. -->","yoast_head_json":{"title":"13.2 l\u00edtra hli\u00f0artaska \/ Crossbody bakpoki fyrir allt a\u00f0 12.9\" spjaldt\u00f6lvu","description":"St\u00edlhrein 13,2 l\u00edtra hli\u00f0artaska \/ crossbody bakpoki fr\u00e1 Mark Ryden undir \u00fea\u00f0 helsta. Margir vasar og pl\u00e1ss fyrir allt a\u00f0 12,9\" spjaldt\u00f6lvu og margt fleira.","robots":{"index":"index","follow":"follow","max-snippet":"max-snippet:-1","max-image-preview":"max-image-preview:large","max-video-preview":"max-video-preview:-1"},"canonical":"https:\/\/fodurlandid.is\/vara\/mr5818\/","og_locale":"en_US","og_type":"article","og_title":"13,2 l\u00edtra hli\u00f0artaska \/ Crossbody bakpoki fyrir allt a\u00f0 12,9\" spjaldt\u00f6lvur, vatnsheld & slit\u00feolin","og_description":"St\u00edlhrein 13,2 l\u00edtra hli\u00f0artaska \/ crossbody bakpoki fr\u00e1 Mark Ryden undir \u00fea\u00f0 helsta. Margir vasar og pl\u00e1ss fyrir allt a\u00f0 12,9\" spjaldt\u00f6lvu og margt fleira.","og_url":"https:\/\/fodurlandid.is\/vara\/mr5818\/","og_site_name":"F&ouml;&eth;urlandi&eth; heildsala","article_modified_time":"2025-09-20T12:41:11+00:00","og_image":[{"width":600,"height":600,"url":"https:\/\/fodurlandid.is\/wp-content\/uploads\/2025\/07\/MR-5818_-5.jpg","type":"image\/jpeg"}],"twitter_card":"summary_large_image","twitter_misc":{"Est. reading time":"1 minute"},"schema":{"@context":"https:\/\/schema.org","@graph":[{"@type":"WebPage","@id":"https:\/\/fodurlandid.is\/vara\/mr5818\/","url":"https:\/\/fodurlandid.is\/vara\/mr5818\/","name":"13.2 l\u00edtra hli\u00f0artaska \/ Crossbody bakpoki fyrir allt a\u00f0 12.9\" spjaldt\u00f6lvu","isPartOf":{"@id":"https:\/\/fodurlandid.is\/#website"},"primaryImageOfPage":{"@id":"https:\/\/fodurlandid.is\/vara\/mr5818\/#primaryimage"},"image":{"@id":"https:\/\/fodurlandid.is\/vara\/mr5818\/#primaryimage"},"thumbnailUrl":"https:\/\/fodurlandid.is\/wp-content\/uploads\/2025\/07\/MR-5818_-5.jpg","datePublished":"2025-07-12T10:18:26+00:00","dateModified":"2025-09-20T12:41:11+00:00","description":"St\u00edlhrein 13,2 l\u00edtra hli\u00f0artaska \/ crossbody bakpoki fr\u00e1 Mark Ryden undir \u00fea\u00f0 helsta. Margir vasar og pl\u00e1ss fyrir allt a\u00f0 12,9\" spjaldt\u00f6lvu og margt fleira.","breadcrumb":{"@id":"https:\/\/fodurlandid.is\/vara\/mr5818\/#breadcrumb"},"inLanguage":"en-US","potentialAction":[{"@type":"ReadAction","target":["https:\/\/fodurlandid.is\/vara\/mr5818\/"]}]},{"@type":"ImageObject","inLanguage":"en-US","@id":"https:\/\/fodurlandid.is\/vara\/mr5818\/#primaryimage","url":"https:\/\/fodurlandid.is\/wp-content\/uploads\/2025\/07\/MR-5818_-5.jpg","contentUrl":"https:\/\/fodurlandid.is\/wp-content\/uploads\/2025\/07\/MR-5818_-5.jpg","width":600,"height":600},{"@type":"BreadcrumbList","@id":"https:\/\/fodurlandid.is\/vara\/mr5818\/#breadcrumb","itemListElement":[{"@type":"ListItem","position":1,"name":"Home","item":"https:\/\/fodurlandid.is\/"},{"@type":"ListItem","position":2,"name":"Shop","item":"https:\/\/www.vorulagerinn.is\/heildsala\/en\/shop\/"},{"@type":"ListItem","position":3,"name":"13,2 l\u00edtra hli\u00f0artaska \/ Crossbody bakpoki fyrir allt a\u00f0 12,9&#8243; spjaldt\u00f6lvur, vatnsheld &#038; slit\u00feolin"}]},{"@type":"WebSite","@id":"https:\/\/fodurlandid.is\/#website","url":"https:\/\/fodurlandid.is\/","name":"F\u00f6\u00f0urlandi\u00f0 ehf, heildsala","description":"Innflutnings, umbo&eth;s- og dreifingara&eth;ili","publisher":{"@id":"https:\/\/fodurlandid.is\/#organization"},"alternateName":"Innflutnings, umbo\u00f0s- og dreifingara\u00f0ili","potentialAction":[{"@type":"SearchAction","target":{"@type":"EntryPoint","urlTemplate":"https:\/\/fodurlandid.is\/?s={search_term_string}"},"query-input":{"@type":"PropertyValueSpecification","valueRequired":true,"valueName":"search_term_string"}}],"inLanguage":"en-US"},{"@type":"Organization","@id":"https:\/\/fodurlandid.is\/#organization","name":"Innflutnings, umbo\u00f0s- og dreifingara\u00f0ili","url":"https:\/\/fodurlandid.is\/","logo":{"@type":"ImageObject","inLanguage":"en-US","@id":"https:\/\/fodurlandid.is\/#\/schema\/logo\/image\/","url":"https:\/\/fodurlandid.is\/wp-content\/uploads\/2024\/05\/Fodurlandid.png","contentUrl":"https:\/\/fodurlandid.is\/wp-content\/uploads\/2024\/05\/Fodurlandid.png","width":400,"height":293,"caption":"Innflutnings, umbo\u00f0s- og dreifingara\u00f0ili"},"image":{"@id":"https:\/\/fodurlandid.is\/#\/schema\/logo\/image\/"}}]}},"_links":{"self":[{"href":"https:\/\/fodurlandid.is\/en\/wp-json\/wp\/v2\/product\/24114","targetHints":{"allow":["GET"]}}],"collection":[{"href":"https:\/\/fodurlandid.is\/en\/wp-json\/wp\/v2\/product"}],"about":[{"href":"https:\/\/fodurlandid.is\/en\/wp-json\/wp\/v2\/types\/product"}],"wp:featuredmedia":[{"embeddable":true,"href":"https:\/\/fodurlandid.is\/en\/wp-json\/wp\/v2\/media\/24121"}],"wp:attachment":[{"href":"https:\/\/fodurlandid.is\/en\/wp-json\/wp\/v2\/media?parent=24114"}],"wp:term":[{"taxonomy":"product_brand","embeddable":true,"href":"https:\/\/fodurlandid.is\/en\/wp-json\/wp\/v2\/product_brand?post=24114"},{"taxonomy":"product_cat","embeddable":true,"href":"https:\/\/fodurlandid.is\/en\/wp-json\/wp\/v2\/product_cat?post=24114"},{"taxonomy":"product_tag","embeddable":true,"href":"https:\/\/fodurlandid.is\/en\/wp-json\/wp\/v2\/product_tag?post=24114"}],"curies":[{"name":"wp","href":"https:\/\/api.w.org\/{rel}","templated":true}]}}