{"id":24099,"date":"2025-07-12T09:34:49","date_gmt":"2025-07-12T09:34:49","guid":{"rendered":"https:\/\/fodurlandid.is\/?post_type=product&#038;p=24099"},"modified":"2025-09-20T11:58:11","modified_gmt":"2025-09-20T11:58:11","slug":"metroflex","status":"publish","type":"product","link":"https:\/\/fodurlandid.is\/en\/product\/metroflex\/","title":{"rendered":"MetroFlex Crossbody \/ mittistaska me\u00f0 g\u00f3\u00f0u geymslur\u00fdmi &#038; m\u00f6rgum v\u00f6sum"},"content":{"rendered":"<div style=\"width: 606px;\" class=\"wp-video\"><video class=\"wp-video-shortcode\" id=\"video-24099-1\" width=\"606\" height=\"1080\" preload=\"metadata\" controls=\"controls\"><source type=\"video\/mp4\" src=\"https:\/\/fodurlandid.is\/wp-content\/uploads\/2025\/07\/MR5860.mp4?_=1\" \/><a href=\"https:\/\/fodurlandid.is\/wp-content\/uploads\/2025\/07\/MR5860.mp4\">https:\/\/fodurlandid.is\/wp-content\/uploads\/2025\/07\/MR5860.mp4<\/a><\/video><\/div>\n","protected":false},"excerpt":{"rendered":"<p>Gl\u00e6sileg og r\u00famg\u00f3\u00f0 taska sem hentar b\u00e6\u00f0i sem mittistaska og Crossbody taska. Framan \u00e1 t\u00f6skunni er st\u00f3r renndur vasi. Innra r\u00fdmi t\u00f6skunnar er r\u00famgott og samanstendur af einum renndum vasa og tveimur opnum v\u00f6sum. Mi\u00f0r\u00fdmi t\u00f6skunnar er r\u00famgott en fyrirfer\u00f0al\u00edti\u00f0 vegna tv\u00f6faldri festingu beggja megin \u00e1 t\u00f6skunni. Taskan er me\u00f0 h\u00e1g\u00e6\u00f0a YKK rennil\u00e1s sem hefur mun lengri endingu. YKK rennil\u00e1sin er talinn s\u00e1 besti \u00ed heimi og er nota\u00f0ur \u00e1 l\u00faxusv\u00f6rur \u00e1 bor\u00f0 vi\u00f0 GUCCI, DIORMCM, LV o.s.frv.<\/p>\n<p>Sj\u00e1\u00f0u myndband af v\u00f6runni ne\u00f0ar \u00e1 \u00feessari s\u00ed\u00f0u.<\/p>\n<p>\u2013 Litur: Svartur<br \/>\n\u2013 St\u00e6r\u00f0: 36 x 14 x 8 cm<br \/>\n\u2013 \u00deyngd: 0,33 kg<br \/>\n\u2013 Efni: Oxford efni,PU vatnsheldni, slit\u00feoli\u00f0 og au\u00f0velt \u00ed \u00ferifum<br \/>\n\u2013 Tegund: Mittistaska \/ Crossbody taska<br \/>\n\u2013 H\u00e1g\u00e6\u00f0a YKK rennil\u00e1s<\/p>\n","protected":false},"featured_media":24105,"template":"","meta":[],"product_brand":[401],"product_cat":[406,408],"product_tag":[],"class_list":{"0":"post-24099","1":"product","2":"type-product","3":"status-publish","4":"has-post-thumbnail","6":"product_brand-mark-ryden","7":"product_cat-hlidartoskur-cross-body-bakpokar","8":"product_cat-mittistoskur","10":"first","11":"instock","12":"taxable","13":"shipping-taxable","14":"product-type-simple"},"yoast_head":"<!-- This site is optimized with the Yoast SEO Premium plugin v21.5 (Yoast SEO v27.3) - https:\/\/yoast.com\/product\/yoast-seo-premium-wordpress\/ -->\n<title>MetroFlex Crossbody \/ mittistaska er me\u00f0 g\u00f3\u00f0u geymslur\u00fdmi &amp; m\u00f6rgum v\u00f6sum<\/title>\n<meta name=\"description\" content=\"Gl\u00e6sileg og r\u00famg\u00f3\u00f0 taska sem hentar b\u00e6\u00f0i sem mittistaska og Crossbody taska. Taskan er me\u00f0 h\u00e1g\u00e6\u00f0a YKK rennil\u00e1s. R\u00famg\u00f3\u00f0 taska me\u00f0 m\u00f6rgum v\u00f6sum.\" \/>\n<meta name=\"robots\" content=\"index, follow, max-snippet:-1, max-image-preview:large, max-video-preview:-1\" \/>\n<link rel=\"canonical\" href=\"https:\/\/fodurlandid.is\/vara\/metroflex\/\" \/>\n<meta property=\"og:locale\" content=\"en_US\" \/>\n<meta property=\"og:type\" content=\"article\" \/>\n<meta property=\"og:title\" content=\"MetroFlex Crossbody \/ mittistaska me\u00f0 g\u00f3\u00f0u geymslur\u00fdmi &amp; m\u00f6rgum v\u00f6sum\" \/>\n<meta property=\"og:description\" content=\"Gl\u00e6sileg og r\u00famg\u00f3\u00f0 taska sem hentar b\u00e6\u00f0i sem mittistaska og Crossbody taska. Taskan er me\u00f0 h\u00e1g\u00e6\u00f0a YKK rennil\u00e1s. R\u00famg\u00f3\u00f0 taska me\u00f0 m\u00f6rgum v\u00f6sum.\" \/>\n<meta property=\"og:url\" content=\"https:\/\/fodurlandid.is\/vara\/metroflex\/\" \/>\n<meta property=\"og:site_name\" content=\"F&ouml;&eth;urlandi&eth; heildsala\" \/>\n<meta property=\"article:modified_time\" content=\"2025-09-20T11:58:11+00:00\" \/>\n<meta property=\"og:image\" content=\"https:\/\/fodurlandid.is\/wp-content\/uploads\/2025\/07\/MR5860-Mark-Ryden_-2.jpg\" \/>\n\t<meta property=\"og:image:width\" content=\"600\" \/>\n\t<meta property=\"og:image:height\" content=\"600\" \/>\n\t<meta property=\"og:image:type\" content=\"image\/jpeg\" \/>\n<meta name=\"twitter:card\" content=\"summary_large_image\" \/>\n<meta name=\"twitter:label1\" content=\"Est. reading time\" \/>\n\t<meta name=\"twitter:data1\" content=\"1 minute\" \/>\n<script type=\"application\/ld+json\" class=\"yoast-schema-graph\">{\"@context\":\"https:\\\/\\\/schema.org\",\"@graph\":[{\"@type\":\"WebPage\",\"@id\":\"https:\\\/\\\/fodurlandid.is\\\/vara\\\/metroflex\\\/\",\"url\":\"https:\\\/\\\/fodurlandid.is\\\/vara\\\/metroflex\\\/\",\"name\":\"MetroFlex Crossbody \\\/ mittistaska er me\u00f0 g\u00f3\u00f0u geymslur\u00fdmi & m\u00f6rgum v\u00f6sum\",\"isPartOf\":{\"@id\":\"https:\\\/\\\/fodurlandid.is\\\/#website\"},\"primaryImageOfPage\":{\"@id\":\"https:\\\/\\\/fodurlandid.is\\\/vara\\\/metroflex\\\/#primaryimage\"},\"image\":{\"@id\":\"https:\\\/\\\/fodurlandid.is\\\/vara\\\/metroflex\\\/#primaryimage\"},\"thumbnailUrl\":\"https:\\\/\\\/fodurlandid.is\\\/wp-content\\\/uploads\\\/2025\\\/07\\\/MR5860-Mark-Ryden_-2.jpg\",\"datePublished\":\"2025-07-12T09:34:49+00:00\",\"dateModified\":\"2025-09-20T11:58:11+00:00\",\"description\":\"Gl\u00e6sileg og r\u00famg\u00f3\u00f0 taska sem hentar b\u00e6\u00f0i sem mittistaska og Crossbody taska. Taskan er me\u00f0 h\u00e1g\u00e6\u00f0a YKK rennil\u00e1s. R\u00famg\u00f3\u00f0 taska me\u00f0 m\u00f6rgum v\u00f6sum.\",\"breadcrumb\":{\"@id\":\"https:\\\/\\\/fodurlandid.is\\\/vara\\\/metroflex\\\/#breadcrumb\"},\"inLanguage\":\"en-US\",\"potentialAction\":[{\"@type\":\"ReadAction\",\"target\":[\"https:\\\/\\\/fodurlandid.is\\\/vara\\\/metroflex\\\/\"]}]},{\"@type\":\"ImageObject\",\"inLanguage\":\"en-US\",\"@id\":\"https:\\\/\\\/fodurlandid.is\\\/vara\\\/metroflex\\\/#primaryimage\",\"url\":\"https:\\\/\\\/fodurlandid.is\\\/wp-content\\\/uploads\\\/2025\\\/07\\\/MR5860-Mark-Ryden_-2.jpg\",\"contentUrl\":\"https:\\\/\\\/fodurlandid.is\\\/wp-content\\\/uploads\\\/2025\\\/07\\\/MR5860-Mark-Ryden_-2.jpg\",\"width\":600,\"height\":600},{\"@type\":\"BreadcrumbList\",\"@id\":\"https:\\\/\\\/fodurlandid.is\\\/vara\\\/metroflex\\\/#breadcrumb\",\"itemListElement\":[{\"@type\":\"ListItem\",\"position\":1,\"name\":\"Home\",\"item\":\"https:\\\/\\\/fodurlandid.is\\\/\"},{\"@type\":\"ListItem\",\"position\":2,\"name\":\"Shop\",\"item\":\"https:\\\/\\\/www.vorulagerinn.is\\\/heildsala\\\/en\\\/shop\\\/\"},{\"@type\":\"ListItem\",\"position\":3,\"name\":\"MetroFlex Crossbody \\\/ mittistaska me\u00f0 g\u00f3\u00f0u geymslur\u00fdmi &#038; m\u00f6rgum v\u00f6sum\"}]},{\"@type\":\"WebSite\",\"@id\":\"https:\\\/\\\/fodurlandid.is\\\/#website\",\"url\":\"https:\\\/\\\/fodurlandid.is\\\/\",\"name\":\"F\u00f6\u00f0urlandi\u00f0 ehf, heildsala\",\"description\":\"Innflutnings, umbo&eth;s- og dreifingara&eth;ili\",\"publisher\":{\"@id\":\"https:\\\/\\\/fodurlandid.is\\\/#organization\"},\"alternateName\":\"Innflutnings, umbo\u00f0s- og dreifingara\u00f0ili\",\"potentialAction\":[{\"@type\":\"SearchAction\",\"target\":{\"@type\":\"EntryPoint\",\"urlTemplate\":\"https:\\\/\\\/fodurlandid.is\\\/?s={search_term_string}\"},\"query-input\":{\"@type\":\"PropertyValueSpecification\",\"valueRequired\":true,\"valueName\":\"search_term_string\"}}],\"inLanguage\":\"en-US\"},{\"@type\":\"Organization\",\"@id\":\"https:\\\/\\\/fodurlandid.is\\\/#organization\",\"name\":\"Innflutnings, umbo\u00f0s- og dreifingara\u00f0ili\",\"url\":\"https:\\\/\\\/fodurlandid.is\\\/\",\"logo\":{\"@type\":\"ImageObject\",\"inLanguage\":\"en-US\",\"@id\":\"https:\\\/\\\/fodurlandid.is\\\/#\\\/schema\\\/logo\\\/image\\\/\",\"url\":\"https:\\\/\\\/fodurlandid.is\\\/wp-content\\\/uploads\\\/2024\\\/05\\\/Fodurlandid.png\",\"contentUrl\":\"https:\\\/\\\/fodurlandid.is\\\/wp-content\\\/uploads\\\/2024\\\/05\\\/Fodurlandid.png\",\"width\":400,\"height\":293,\"caption\":\"Innflutnings, umbo\u00f0s- og dreifingara\u00f0ili\"},\"image\":{\"@id\":\"https:\\\/\\\/fodurlandid.is\\\/#\\\/schema\\\/logo\\\/image\\\/\"}}]}<\/script>\n<!-- \/ Yoast SEO Premium plugin. -->","yoast_head_json":{"title":"MetroFlex Crossbody \/ mittistaska er me\u00f0 g\u00f3\u00f0u geymslur\u00fdmi & m\u00f6rgum v\u00f6sum","description":"Gl\u00e6sileg og r\u00famg\u00f3\u00f0 taska sem hentar b\u00e6\u00f0i sem mittistaska og Crossbody taska. Taskan er me\u00f0 h\u00e1g\u00e6\u00f0a YKK rennil\u00e1s. R\u00famg\u00f3\u00f0 taska me\u00f0 m\u00f6rgum v\u00f6sum.","robots":{"index":"index","follow":"follow","max-snippet":"max-snippet:-1","max-image-preview":"max-image-preview:large","max-video-preview":"max-video-preview:-1"},"canonical":"https:\/\/fodurlandid.is\/vara\/metroflex\/","og_locale":"en_US","og_type":"article","og_title":"MetroFlex Crossbody \/ mittistaska me\u00f0 g\u00f3\u00f0u geymslur\u00fdmi & m\u00f6rgum v\u00f6sum","og_description":"Gl\u00e6sileg og r\u00famg\u00f3\u00f0 taska sem hentar b\u00e6\u00f0i sem mittistaska og Crossbody taska. Taskan er me\u00f0 h\u00e1g\u00e6\u00f0a YKK rennil\u00e1s. R\u00famg\u00f3\u00f0 taska me\u00f0 m\u00f6rgum v\u00f6sum.","og_url":"https:\/\/fodurlandid.is\/vara\/metroflex\/","og_site_name":"F&ouml;&eth;urlandi&eth; heildsala","article_modified_time":"2025-09-20T11:58:11+00:00","og_image":[{"width":600,"height":600,"url":"https:\/\/fodurlandid.is\/wp-content\/uploads\/2025\/07\/MR5860-Mark-Ryden_-2.jpg","type":"image\/jpeg"}],"twitter_card":"summary_large_image","twitter_misc":{"Est. reading time":"1 minute"},"schema":{"@context":"https:\/\/schema.org","@graph":[{"@type":"WebPage","@id":"https:\/\/fodurlandid.is\/vara\/metroflex\/","url":"https:\/\/fodurlandid.is\/vara\/metroflex\/","name":"MetroFlex Crossbody \/ mittistaska er me\u00f0 g\u00f3\u00f0u geymslur\u00fdmi & m\u00f6rgum v\u00f6sum","isPartOf":{"@id":"https:\/\/fodurlandid.is\/#website"},"primaryImageOfPage":{"@id":"https:\/\/fodurlandid.is\/vara\/metroflex\/#primaryimage"},"image":{"@id":"https:\/\/fodurlandid.is\/vara\/metroflex\/#primaryimage"},"thumbnailUrl":"https:\/\/fodurlandid.is\/wp-content\/uploads\/2025\/07\/MR5860-Mark-Ryden_-2.jpg","datePublished":"2025-07-12T09:34:49+00:00","dateModified":"2025-09-20T11:58:11+00:00","description":"Gl\u00e6sileg og r\u00famg\u00f3\u00f0 taska sem hentar b\u00e6\u00f0i sem mittistaska og Crossbody taska. Taskan er me\u00f0 h\u00e1g\u00e6\u00f0a YKK rennil\u00e1s. R\u00famg\u00f3\u00f0 taska me\u00f0 m\u00f6rgum v\u00f6sum.","breadcrumb":{"@id":"https:\/\/fodurlandid.is\/vara\/metroflex\/#breadcrumb"},"inLanguage":"en-US","potentialAction":[{"@type":"ReadAction","target":["https:\/\/fodurlandid.is\/vara\/metroflex\/"]}]},{"@type":"ImageObject","inLanguage":"en-US","@id":"https:\/\/fodurlandid.is\/vara\/metroflex\/#primaryimage","url":"https:\/\/fodurlandid.is\/wp-content\/uploads\/2025\/07\/MR5860-Mark-Ryden_-2.jpg","contentUrl":"https:\/\/fodurlandid.is\/wp-content\/uploads\/2025\/07\/MR5860-Mark-Ryden_-2.jpg","width":600,"height":600},{"@type":"BreadcrumbList","@id":"https:\/\/fodurlandid.is\/vara\/metroflex\/#breadcrumb","itemListElement":[{"@type":"ListItem","position":1,"name":"Home","item":"https:\/\/fodurlandid.is\/"},{"@type":"ListItem","position":2,"name":"Shop","item":"https:\/\/www.vorulagerinn.is\/heildsala\/en\/shop\/"},{"@type":"ListItem","position":3,"name":"MetroFlex Crossbody \/ mittistaska me\u00f0 g\u00f3\u00f0u geymslur\u00fdmi &#038; m\u00f6rgum v\u00f6sum"}]},{"@type":"WebSite","@id":"https:\/\/fodurlandid.is\/#website","url":"https:\/\/fodurlandid.is\/","name":"F\u00f6\u00f0urlandi\u00f0 ehf, heildsala","description":"Innflutnings, umbo&eth;s- og dreifingara&eth;ili","publisher":{"@id":"https:\/\/fodurlandid.is\/#organization"},"alternateName":"Innflutnings, umbo\u00f0s- og dreifingara\u00f0ili","potentialAction":[{"@type":"SearchAction","target":{"@type":"EntryPoint","urlTemplate":"https:\/\/fodurlandid.is\/?s={search_term_string}"},"query-input":{"@type":"PropertyValueSpecification","valueRequired":true,"valueName":"search_term_string"}}],"inLanguage":"en-US"},{"@type":"Organization","@id":"https:\/\/fodurlandid.is\/#organization","name":"Innflutnings, umbo\u00f0s- og dreifingara\u00f0ili","url":"https:\/\/fodurlandid.is\/","logo":{"@type":"ImageObject","inLanguage":"en-US","@id":"https:\/\/fodurlandid.is\/#\/schema\/logo\/image\/","url":"https:\/\/fodurlandid.is\/wp-content\/uploads\/2024\/05\/Fodurlandid.png","contentUrl":"https:\/\/fodurlandid.is\/wp-content\/uploads\/2024\/05\/Fodurlandid.png","width":400,"height":293,"caption":"Innflutnings, umbo\u00f0s- og dreifingara\u00f0ili"},"image":{"@id":"https:\/\/fodurlandid.is\/#\/schema\/logo\/image\/"}}]}},"_links":{"self":[{"href":"https:\/\/fodurlandid.is\/en\/wp-json\/wp\/v2\/product\/24099","targetHints":{"allow":["GET"]}}],"collection":[{"href":"https:\/\/fodurlandid.is\/en\/wp-json\/wp\/v2\/product"}],"about":[{"href":"https:\/\/fodurlandid.is\/en\/wp-json\/wp\/v2\/types\/product"}],"wp:featuredmedia":[{"embeddable":true,"href":"https:\/\/fodurlandid.is\/en\/wp-json\/wp\/v2\/media\/24105"}],"wp:attachment":[{"href":"https:\/\/fodurlandid.is\/en\/wp-json\/wp\/v2\/media?parent=24099"}],"wp:term":[{"taxonomy":"product_brand","embeddable":true,"href":"https:\/\/fodurlandid.is\/en\/wp-json\/wp\/v2\/product_brand?post=24099"},{"taxonomy":"product_cat","embeddable":true,"href":"https:\/\/fodurlandid.is\/en\/wp-json\/wp\/v2\/product_cat?post=24099"},{"taxonomy":"product_tag","embeddable":true,"href":"https:\/\/fodurlandid.is\/en\/wp-json\/wp\/v2\/product_tag?post=24099"}],"curies":[{"name":"wp","href":"https:\/\/api.w.org\/{rel}","templated":true}]}}