{"id":24090,"date":"2025-07-12T09:24:05","date_gmt":"2025-07-12T09:24:05","guid":{"rendered":"https:\/\/fodurlandid.is\/?post_type=product&#038;p=24090"},"modified":"2026-02-19T11:46:45","modified_gmt":"2026-02-19T11:46:45","slug":"sheer-professional","status":"publish","type":"product","link":"https:\/\/fodurlandid.is\/en\/product\/sheer-professional\/","title":{"rendered":"Sheer Professional fart\u00f6lvuvasi fyrir allt a\u00f0 15&#8243; fart\u00f6lvur"},"content":{"rendered":"<div style=\"width: 1020px;\" class=\"wp-video\"><video class=\"wp-video-shortcode\" id=\"video-24090-1\" width=\"1020\" height=\"574\" preload=\"metadata\" controls=\"controls\"><source type=\"video\/mp4\" src=\"https:\/\/fodurlandid.is\/wp-content\/uploads\/2025\/07\/MR67D.mp4?_=1\" \/><a href=\"https:\/\/fodurlandid.is\/wp-content\/uploads\/2025\/07\/MR67D.mp4\">https:\/\/fodurlandid.is\/wp-content\/uploads\/2025\/07\/MR67D.mp4<\/a><\/video><\/div>\n","protected":false},"excerpt":{"rendered":"<p>Gl\u00e6silegur fart\u00f6lvuvasi fr\u00e1 Mark Ryden me\u00f0 segulfestingu. Fart\u00f6lvuvasinn er fyrir allt a\u00f0 15,4\u2033 fart\u00f6lvur og er \u00far Oxford efni, PU og vatnsv\u00f6rn. Vasinn opnast og lokast me\u00f0 segulfestingu.<\/p>\n<p>Sj\u00e1\u00f0u myndband af v\u00f6runni ne\u00f0ar \u00e1 \u00feessari s\u00ed\u00f0u.<\/p>\n<p>\u2013 Litur: Svartur<br \/>\n\u2013 \u00deyngd: 0,24 kg<br \/>\n\u2013 St\u00e6r\u00f0: 40 cm x 28 cm x 0,5 cm<br \/>\n\u2013 Segull sem lokar vasanum<br \/>\n\u2013 15,4&#8243; fart\u00f6lvuvasi<br \/>\n\u2013 Efni \u00ed t\u00f6sku: Oxford efni, PU og vatnheldni<\/p>\n","protected":false},"featured_media":24093,"template":"","meta":[],"product_brand":[401],"product_cat":[404],"product_tag":[],"class_list":{"0":"post-24090","1":"product","2":"type-product","3":"status-publish","4":"has-post-thumbnail","6":"product_brand-mark-ryden","7":"product_cat-fartolvutoskur","9":"first","10":"instock","11":"taxable","12":"shipping-taxable","13":"product-type-simple"},"yoast_head":"<!-- This site is optimized with the Yoast SEO Premium plugin v21.5 (Yoast SEO v27.5) - https:\/\/yoast.com\/product\/yoast-seo-premium-wordpress\/ -->\n<title>Sheer Professional fart\u00f6lvuvasi fyrir allt a\u00f0 15&quot; fart\u00f6lvu<\/title>\n<meta name=\"description\" content=\"Fallegur fart\u00f6lvuvasi fr\u00e1 Mark Ryden me\u00f0 segulfestingu. Fart\u00f6lvuvasinn er fyrir allt a\u00f0 15,4\u2033 fart\u00f6lvur og er \u00far Oxford efni, PU og vatnsv\u00f6rn.\" \/>\n<meta name=\"robots\" content=\"index, follow, max-snippet:-1, max-image-preview:large, max-video-preview:-1\" \/>\n<link rel=\"canonical\" href=\"https:\/\/fodurlandid.is\/vara\/sheer-professional\/\" \/>\n<meta property=\"og:locale\" content=\"en_US\" \/>\n<meta property=\"og:type\" content=\"article\" \/>\n<meta property=\"og:title\" content=\"Sheer Professional fart\u00f6lvuvasi fyrir allt a\u00f0 15&quot; fart\u00f6lvur\" \/>\n<meta property=\"og:description\" content=\"Fallegur fart\u00f6lvuvasi fr\u00e1 Mark Ryden me\u00f0 segulfestingu. Fart\u00f6lvuvasinn er fyrir allt a\u00f0 15,4\u2033 fart\u00f6lvur og er \u00far Oxford efni, PU og vatnsv\u00f6rn.\" \/>\n<meta property=\"og:url\" content=\"https:\/\/fodurlandid.is\/vara\/sheer-professional\/\" \/>\n<meta property=\"og:site_name\" content=\"F&ouml;&eth;urlandi&eth; heildsala\" \/>\n<meta property=\"article:modified_time\" content=\"2026-02-19T11:46:45+00:00\" \/>\n<meta property=\"og:image\" content=\"https:\/\/fodurlandid.is\/wp-content\/uploads\/2025\/07\/L_MR67D_23.jpg\" \/>\n\t<meta property=\"og:image:width\" content=\"600\" \/>\n\t<meta property=\"og:image:height\" content=\"600\" \/>\n\t<meta property=\"og:image:type\" content=\"image\/jpeg\" \/>\n<meta name=\"twitter:card\" content=\"summary_large_image\" \/>\n<meta name=\"twitter:label1\" content=\"Est. reading time\" \/>\n\t<meta name=\"twitter:data1\" content=\"1 minute\" \/>\n<script type=\"application\/ld+json\" class=\"yoast-schema-graph\">{\"@context\":\"https:\\\/\\\/schema.org\",\"@graph\":[{\"@type\":\"WebPage\",\"@id\":\"https:\\\/\\\/fodurlandid.is\\\/vara\\\/sheer-professional\\\/\",\"url\":\"https:\\\/\\\/fodurlandid.is\\\/vara\\\/sheer-professional\\\/\",\"name\":\"Sheer Professional fart\u00f6lvuvasi fyrir allt a\u00f0 15\\\" fart\u00f6lvu\",\"isPartOf\":{\"@id\":\"https:\\\/\\\/fodurlandid.is\\\/#website\"},\"primaryImageOfPage\":{\"@id\":\"https:\\\/\\\/fodurlandid.is\\\/vara\\\/sheer-professional\\\/#primaryimage\"},\"image\":{\"@id\":\"https:\\\/\\\/fodurlandid.is\\\/vara\\\/sheer-professional\\\/#primaryimage\"},\"thumbnailUrl\":\"https:\\\/\\\/fodurlandid.is\\\/wp-content\\\/uploads\\\/2025\\\/07\\\/L_MR67D_23.jpg\",\"datePublished\":\"2025-07-12T09:24:05+00:00\",\"dateModified\":\"2026-02-19T11:46:45+00:00\",\"description\":\"Fallegur fart\u00f6lvuvasi fr\u00e1 Mark Ryden me\u00f0 segulfestingu. Fart\u00f6lvuvasinn er fyrir allt a\u00f0 15,4\u2033 fart\u00f6lvur og er \u00far Oxford efni, PU og vatnsv\u00f6rn.\",\"breadcrumb\":{\"@id\":\"https:\\\/\\\/fodurlandid.is\\\/vara\\\/sheer-professional\\\/#breadcrumb\"},\"inLanguage\":\"en-US\",\"potentialAction\":[{\"@type\":\"ReadAction\",\"target\":[\"https:\\\/\\\/fodurlandid.is\\\/vara\\\/sheer-professional\\\/\"]}]},{\"@type\":\"ImageObject\",\"inLanguage\":\"en-US\",\"@id\":\"https:\\\/\\\/fodurlandid.is\\\/vara\\\/sheer-professional\\\/#primaryimage\",\"url\":\"https:\\\/\\\/fodurlandid.is\\\/wp-content\\\/uploads\\\/2025\\\/07\\\/L_MR67D_23.jpg\",\"contentUrl\":\"https:\\\/\\\/fodurlandid.is\\\/wp-content\\\/uploads\\\/2025\\\/07\\\/L_MR67D_23.jpg\",\"width\":600,\"height\":600},{\"@type\":\"BreadcrumbList\",\"@id\":\"https:\\\/\\\/fodurlandid.is\\\/vara\\\/sheer-professional\\\/#breadcrumb\",\"itemListElement\":[{\"@type\":\"ListItem\",\"position\":1,\"name\":\"Home\",\"item\":\"https:\\\/\\\/fodurlandid.is\\\/\"},{\"@type\":\"ListItem\",\"position\":2,\"name\":\"Shop\",\"item\":\"https:\\\/\\\/www.vorulagerinn.is\\\/heildsala\\\/en\\\/shop\\\/\"},{\"@type\":\"ListItem\",\"position\":3,\"name\":\"Sheer Professional fart\u00f6lvuvasi fyrir allt a\u00f0 15&#8243; fart\u00f6lvur\"}]},{\"@type\":\"WebSite\",\"@id\":\"https:\\\/\\\/fodurlandid.is\\\/#website\",\"url\":\"https:\\\/\\\/fodurlandid.is\\\/\",\"name\":\"F\u00f6\u00f0urlandi\u00f0 ehf, heildsala\",\"description\":\"Innflutnings, umbo&eth;s- og dreifingara&eth;ili\",\"publisher\":{\"@id\":\"https:\\\/\\\/fodurlandid.is\\\/#organization\"},\"alternateName\":\"Innflutnings, umbo\u00f0s- og dreifingara\u00f0ili\",\"potentialAction\":[{\"@type\":\"SearchAction\",\"target\":{\"@type\":\"EntryPoint\",\"urlTemplate\":\"https:\\\/\\\/fodurlandid.is\\\/?s={search_term_string}\"},\"query-input\":{\"@type\":\"PropertyValueSpecification\",\"valueRequired\":true,\"valueName\":\"search_term_string\"}}],\"inLanguage\":\"en-US\"},{\"@type\":\"Organization\",\"@id\":\"https:\\\/\\\/fodurlandid.is\\\/#organization\",\"name\":\"Innflutnings, umbo\u00f0s- og dreifingara\u00f0ili\",\"url\":\"https:\\\/\\\/fodurlandid.is\\\/\",\"logo\":{\"@type\":\"ImageObject\",\"inLanguage\":\"en-US\",\"@id\":\"https:\\\/\\\/fodurlandid.is\\\/#\\\/schema\\\/logo\\\/image\\\/\",\"url\":\"https:\\\/\\\/fodurlandid.is\\\/wp-content\\\/uploads\\\/2024\\\/05\\\/Fodurlandid.png\",\"contentUrl\":\"https:\\\/\\\/fodurlandid.is\\\/wp-content\\\/uploads\\\/2024\\\/05\\\/Fodurlandid.png\",\"width\":400,\"height\":293,\"caption\":\"Innflutnings, umbo\u00f0s- og dreifingara\u00f0ili\"},\"image\":{\"@id\":\"https:\\\/\\\/fodurlandid.is\\\/#\\\/schema\\\/logo\\\/image\\\/\"}}]}<\/script>\n<!-- \/ Yoast SEO Premium plugin. -->","yoast_head_json":{"title":"Sheer Professional fart\u00f6lvuvasi fyrir allt a\u00f0 15\" fart\u00f6lvu","description":"Fallegur fart\u00f6lvuvasi fr\u00e1 Mark Ryden me\u00f0 segulfestingu. Fart\u00f6lvuvasinn er fyrir allt a\u00f0 15,4\u2033 fart\u00f6lvur og er \u00far Oxford efni, PU og vatnsv\u00f6rn.","robots":{"index":"index","follow":"follow","max-snippet":"max-snippet:-1","max-image-preview":"max-image-preview:large","max-video-preview":"max-video-preview:-1"},"canonical":"https:\/\/fodurlandid.is\/vara\/sheer-professional\/","og_locale":"en_US","og_type":"article","og_title":"Sheer Professional fart\u00f6lvuvasi fyrir allt a\u00f0 15\" fart\u00f6lvur","og_description":"Fallegur fart\u00f6lvuvasi fr\u00e1 Mark Ryden me\u00f0 segulfestingu. Fart\u00f6lvuvasinn er fyrir allt a\u00f0 15,4\u2033 fart\u00f6lvur og er \u00far Oxford efni, PU og vatnsv\u00f6rn.","og_url":"https:\/\/fodurlandid.is\/vara\/sheer-professional\/","og_site_name":"F&ouml;&eth;urlandi&eth; heildsala","article_modified_time":"2026-02-19T11:46:45+00:00","og_image":[{"width":600,"height":600,"url":"https:\/\/fodurlandid.is\/wp-content\/uploads\/2025\/07\/L_MR67D_23.jpg","type":"image\/jpeg"}],"twitter_card":"summary_large_image","twitter_misc":{"Est. reading time":"1 minute"},"schema":{"@context":"https:\/\/schema.org","@graph":[{"@type":"WebPage","@id":"https:\/\/fodurlandid.is\/vara\/sheer-professional\/","url":"https:\/\/fodurlandid.is\/vara\/sheer-professional\/","name":"Sheer Professional fart\u00f6lvuvasi fyrir allt a\u00f0 15\" fart\u00f6lvu","isPartOf":{"@id":"https:\/\/fodurlandid.is\/#website"},"primaryImageOfPage":{"@id":"https:\/\/fodurlandid.is\/vara\/sheer-professional\/#primaryimage"},"image":{"@id":"https:\/\/fodurlandid.is\/vara\/sheer-professional\/#primaryimage"},"thumbnailUrl":"https:\/\/fodurlandid.is\/wp-content\/uploads\/2025\/07\/L_MR67D_23.jpg","datePublished":"2025-07-12T09:24:05+00:00","dateModified":"2026-02-19T11:46:45+00:00","description":"Fallegur fart\u00f6lvuvasi fr\u00e1 Mark Ryden me\u00f0 segulfestingu. Fart\u00f6lvuvasinn er fyrir allt a\u00f0 15,4\u2033 fart\u00f6lvur og er \u00far Oxford efni, PU og vatnsv\u00f6rn.","breadcrumb":{"@id":"https:\/\/fodurlandid.is\/vara\/sheer-professional\/#breadcrumb"},"inLanguage":"en-US","potentialAction":[{"@type":"ReadAction","target":["https:\/\/fodurlandid.is\/vara\/sheer-professional\/"]}]},{"@type":"ImageObject","inLanguage":"en-US","@id":"https:\/\/fodurlandid.is\/vara\/sheer-professional\/#primaryimage","url":"https:\/\/fodurlandid.is\/wp-content\/uploads\/2025\/07\/L_MR67D_23.jpg","contentUrl":"https:\/\/fodurlandid.is\/wp-content\/uploads\/2025\/07\/L_MR67D_23.jpg","width":600,"height":600},{"@type":"BreadcrumbList","@id":"https:\/\/fodurlandid.is\/vara\/sheer-professional\/#breadcrumb","itemListElement":[{"@type":"ListItem","position":1,"name":"Home","item":"https:\/\/fodurlandid.is\/"},{"@type":"ListItem","position":2,"name":"Shop","item":"https:\/\/www.vorulagerinn.is\/heildsala\/en\/shop\/"},{"@type":"ListItem","position":3,"name":"Sheer Professional fart\u00f6lvuvasi fyrir allt a\u00f0 15&#8243; fart\u00f6lvur"}]},{"@type":"WebSite","@id":"https:\/\/fodurlandid.is\/#website","url":"https:\/\/fodurlandid.is\/","name":"F\u00f6\u00f0urlandi\u00f0 ehf, heildsala","description":"Innflutnings, umbo&eth;s- og dreifingara&eth;ili","publisher":{"@id":"https:\/\/fodurlandid.is\/#organization"},"alternateName":"Innflutnings, umbo\u00f0s- og dreifingara\u00f0ili","potentialAction":[{"@type":"SearchAction","target":{"@type":"EntryPoint","urlTemplate":"https:\/\/fodurlandid.is\/?s={search_term_string}"},"query-input":{"@type":"PropertyValueSpecification","valueRequired":true,"valueName":"search_term_string"}}],"inLanguage":"en-US"},{"@type":"Organization","@id":"https:\/\/fodurlandid.is\/#organization","name":"Innflutnings, umbo\u00f0s- og dreifingara\u00f0ili","url":"https:\/\/fodurlandid.is\/","logo":{"@type":"ImageObject","inLanguage":"en-US","@id":"https:\/\/fodurlandid.is\/#\/schema\/logo\/image\/","url":"https:\/\/fodurlandid.is\/wp-content\/uploads\/2024\/05\/Fodurlandid.png","contentUrl":"https:\/\/fodurlandid.is\/wp-content\/uploads\/2024\/05\/Fodurlandid.png","width":400,"height":293,"caption":"Innflutnings, umbo\u00f0s- og dreifingara\u00f0ili"},"image":{"@id":"https:\/\/fodurlandid.is\/#\/schema\/logo\/image\/"}}]}},"_links":{"self":[{"href":"https:\/\/fodurlandid.is\/en\/wp-json\/wp\/v2\/product\/24090","targetHints":{"allow":["GET"]}}],"collection":[{"href":"https:\/\/fodurlandid.is\/en\/wp-json\/wp\/v2\/product"}],"about":[{"href":"https:\/\/fodurlandid.is\/en\/wp-json\/wp\/v2\/types\/product"}],"wp:featuredmedia":[{"embeddable":true,"href":"https:\/\/fodurlandid.is\/en\/wp-json\/wp\/v2\/media\/24093"}],"wp:attachment":[{"href":"https:\/\/fodurlandid.is\/en\/wp-json\/wp\/v2\/media?parent=24090"}],"wp:term":[{"taxonomy":"product_brand","embeddable":true,"href":"https:\/\/fodurlandid.is\/en\/wp-json\/wp\/v2\/product_brand?post=24090"},{"taxonomy":"product_cat","embeddable":true,"href":"https:\/\/fodurlandid.is\/en\/wp-json\/wp\/v2\/product_cat?post=24090"},{"taxonomy":"product_tag","embeddable":true,"href":"https:\/\/fodurlandid.is\/en\/wp-json\/wp\/v2\/product_tag?post=24090"}],"curies":[{"name":"wp","href":"https:\/\/api.w.org\/{rel}","templated":true}]}}