{"id":24073,"date":"2025-07-12T09:01:44","date_gmt":"2025-07-12T09:01:44","guid":{"rendered":"https:\/\/fodurlandid.is\/?post_type=product&#038;p=24073"},"modified":"2026-04-01T13:55:12","modified_gmt":"2026-04-01T13:55:12","slug":"the-aspect","status":"publish","type":"product","link":"https:\/\/fodurlandid.is\/en\/product\/the-aspect\/","title":{"rendered":"The Aspect myndav\u00e9lataskan er 20 l\u00edtra en st\u00e6kkanleg \u00ed 30 l\u00edtra, h\u00f6ggvarin, vatnsheld &#038; slit\u00feolin"},"content":{"rendered":"<div style=\"width: 960px;\" class=\"wp-video\"><video class=\"wp-video-shortcode\" id=\"video-24073-1\" width=\"960\" height=\"540\" preload=\"metadata\" controls=\"controls\"><source type=\"video\/mp4\" src=\"https:\/\/fodurlandid.is\/wp-content\/uploads\/2025\/07\/MR-2913-Mark-Ryden.mp4?_=1\" \/><a href=\"https:\/\/fodurlandid.is\/wp-content\/uploads\/2025\/07\/MR-2913-Mark-Ryden.mp4\">https:\/\/fodurlandid.is\/wp-content\/uploads\/2025\/07\/MR-2913-Mark-Ryden.mp4<\/a><\/video><\/div>\n","protected":false},"excerpt":{"rendered":"<p>Gl\u00e6sileg 20 l\u00edtra myndav\u00e9lataska sem h\u00e6gt er a\u00f0 st\u00e6kka \u00ed 30 l\u00edtra eftir \u00fe\u00f6rfum me\u00f0 st\u00f3ru vi\u00f0b\u00f3tarh\u00f3lfi ofan \u00e1 t\u00f6slunni. Myndav\u00e9lataskan er me\u00f0 har\u00f0i varnarskel sem ver b\u00fana\u00f0inn \u00ed t\u00f6skunni. H\u00fan er \u00far vatnsfr\u00e1hrindandi Oxford efni og me\u00f0 EVA h\u00f6ggvarnarskel til a\u00f0 verja innra r\u00fdmi t\u00f6skunnar fyrir skemmdum. Innan \u00e1 varnarskelinni eru 2 renndir vasar \u00e1samt 3 litlum lokanlegum h\u00f3lfum. Aftan \u00e1 t\u00f6skunni er festing fyrir fer\u00f0at\u00f6skur svo au\u00f0velt s\u00e9 a\u00f0 fer\u00f0ast me\u00f0 hana fasta vi\u00f0 handfang fer\u00f0at\u00f6skunnar \u00ed fer\u00f0alaginu.<\/p>\n<p>H\u00f3lfin inni \u00ed t\u00f6skunni eru st\u00e6kkanleg og minnkanleg a\u00f0 \u00fe\u00f6rfum notanda. \u00deegar varnarh\u00f3lfi\u00f0 er opna\u00f0 er \u00f6nnur rennd vatnsv\u00f6rn til a\u00f0 verja myndav\u00e9lab\u00fana\u00f0inn. Taskan getur teki\u00f0 allt a\u00f0 15.6 tommu fart\u00f6lvu og hefur vasa fyrir fars\u00edma, spjaldt\u00f6lvu o.fl. \u00c1 hli\u00f0um t\u00f6skunnar eru vasar fyrir t.d. vatnsbr\u00fasa, regnhl\u00edf o.fl. Myndav\u00e9lataskan er me\u00f0 YKK rennil\u00e1sum sem eru taldir \u00feeir bestu \u00e1 marka\u00f0inum og endast mun lengur.<\/p>\n<p>Sj\u00e1\u00f0u myndband af v\u00f6runni ne\u00f0ar \u00e1 s\u00ed\u00f0u<\/p>\n<p>\u2013 Litur: Svartur<br \/>\n\u2013 St\u00e6r\u00f0: 48-56 x 27 x 19 cm<br \/>\n\u2013 \u00deyngd: 1,37 kg<br \/>\n\u2013 Efni: High-density Oxford fabric, vatnsheld, rispu- og slit\u00feol<br \/>\n\u2013 Tegund: St\u00f3r myndav\u00e9lataska<br \/>\n\u2013 YKK rennil\u00e1sar<\/p>\n","protected":false},"featured_media":24074,"template":"","meta":[],"product_brand":[401],"product_cat":[403,407],"product_tag":[],"class_list":{"0":"post-24073","1":"product","2":"type-product","3":"status-publish","4":"has-post-thumbnail","6":"product_brand-mark-ryden","7":"product_cat-bakpokar","8":"product_cat-myndavelataska","10":"first","11":"instock","12":"taxable","13":"shipping-taxable","14":"product-type-simple"},"yoast_head":"<!-- This site is optimized with the Yoast SEO Premium plugin v21.5 (Yoast SEO v27.3) - https:\/\/yoast.com\/product\/yoast-seo-premium-wordpress\/ -->\n<title>Myndav\u00e9lataska | 20 l\u00edtra | St\u00e6kkanleg \u00ed 30 l\u00edtra | H\u00f6ggvarin &amp; vatnsheld<\/title>\n<meta name=\"robots\" content=\"index, follow, max-snippet:-1, max-image-preview:large, max-video-preview:-1\" \/>\n<link rel=\"canonical\" href=\"https:\/\/fodurlandid.is\/vara\/the-aspect\/\" \/>\n<meta property=\"og:locale\" content=\"en_US\" \/>\n<meta property=\"og:type\" content=\"article\" \/>\n<meta property=\"og:title\" content=\"The Aspect myndav\u00e9lataskan er 20 l\u00edtra en st\u00e6kkanleg \u00ed 30 l\u00edtra, h\u00f6ggvarin, vatnsheld &amp; slit\u00feolin\" \/>\n<meta property=\"og:description\" content=\"Gl\u00e6sileg 20 l\u00edtra myndav\u00e9lataska sem h\u00e6gt er a\u00f0 st\u00e6kka \u00ed 30 l\u00edtra eftir \u00fe\u00f6rfum me\u00f0 st\u00f3ru vi\u00f0b\u00f3tarh\u00f3lfi ofan \u00e1 t\u00f6slunni. Myndav\u00e9lataskan er me\u00f0 har\u00f0i varnarskel sem ver b\u00fana\u00f0inn \u00ed t\u00f6skunni. H\u00fan er \u00far vatnsfr\u00e1hrindandi Oxford efni og me\u00f0 EVA h\u00f6ggvarnarskel til a\u00f0 verja innra r\u00fdmi t\u00f6skunnar fyrir skemmdum. Innan \u00e1 varnarskelinni eru 2 renndir vasar \u00e1samt 3 litlum lokanlegum h\u00f3lfum. Aftan \u00e1 t\u00f6skunni er festing fyrir fer\u00f0at\u00f6skur svo au\u00f0velt s\u00e9 a\u00f0 fer\u00f0ast me\u00f0 hana fasta vi\u00f0 handfang fer\u00f0at\u00f6skunnar \u00ed fer\u00f0alaginu.  H\u00f3lfin inni \u00ed t\u00f6skunni eru st\u00e6kkanleg og minnkanleg a\u00f0 \u00fe\u00f6rfum notanda. \u00deegar varnarh\u00f3lfi\u00f0 er opna\u00f0 er \u00f6nnur rennd vatnsv\u00f6rn til a\u00f0 verja myndav\u00e9lab\u00fana\u00f0inn. Taskan getur teki\u00f0 allt a\u00f0 15.6 tommu fart\u00f6lvu og hefur vasa fyrir fars\u00edma, spjaldt\u00f6lvu o.fl. \u00c1 hli\u00f0um t\u00f6skunnar eru vasar fyrir t.d. vatnsbr\u00fasa, regnhl\u00edf o.fl. Myndav\u00e9lataskan er me\u00f0 YKK rennil\u00e1sum sem eru taldir \u00feeir bestu \u00e1 marka\u00f0inum og endast mun lengur.  Sj\u00e1\u00f0u myndband af v\u00f6runni ne\u00f0ar \u00e1 s\u00ed\u00f0u  \u2013 Litur: Svartur \u2013 St\u00e6r\u00f0: 48-56 x 27 x 19 cm \u2013 \u00deyngd: 1,37 kg \u2013 Efni: High-density Oxford fabric, vatnsheld, rispu- og slit\u00feol \u2013 Tegund: St\u00f3r myndav\u00e9lataska \u2013 YKK rennil\u00e1sar\" \/>\n<meta property=\"og:url\" content=\"https:\/\/fodurlandid.is\/vara\/the-aspect\/\" \/>\n<meta property=\"og:site_name\" content=\"F&ouml;&eth;urlandi&eth; heildsala\" \/>\n<meta property=\"article:modified_time\" content=\"2026-04-01T13:55:12+00:00\" \/>\n<meta property=\"og:image\" content=\"https:\/\/fodurlandid.is\/wp-content\/uploads\/2025\/07\/MR-2913_Myndavelataska.jpg\" \/>\n\t<meta property=\"og:image:width\" content=\"600\" \/>\n\t<meta property=\"og:image:height\" content=\"600\" \/>\n\t<meta property=\"og:image:type\" content=\"image\/jpeg\" \/>\n<meta name=\"twitter:card\" content=\"summary_large_image\" \/>\n<meta name=\"twitter:label1\" content=\"Est. reading time\" \/>\n\t<meta name=\"twitter:data1\" content=\"1 minute\" \/>\n<script type=\"application\/ld+json\" class=\"yoast-schema-graph\">{\"@context\":\"https:\\\/\\\/schema.org\",\"@graph\":[{\"@type\":\"WebPage\",\"@id\":\"https:\\\/\\\/fodurlandid.is\\\/vara\\\/the-aspect\\\/\",\"url\":\"https:\\\/\\\/fodurlandid.is\\\/vara\\\/the-aspect\\\/\",\"name\":\"Myndav\u00e9lataska | 20 l\u00edtra | St\u00e6kkanleg \u00ed 30 l\u00edtra | H\u00f6ggvarin & vatnsheld\",\"isPartOf\":{\"@id\":\"https:\\\/\\\/fodurlandid.is\\\/#website\"},\"primaryImageOfPage\":{\"@id\":\"https:\\\/\\\/fodurlandid.is\\\/vara\\\/the-aspect\\\/#primaryimage\"},\"image\":{\"@id\":\"https:\\\/\\\/fodurlandid.is\\\/vara\\\/the-aspect\\\/#primaryimage\"},\"thumbnailUrl\":\"https:\\\/\\\/fodurlandid.is\\\/wp-content\\\/uploads\\\/2025\\\/07\\\/MR-2913_Myndavelataska.jpg\",\"datePublished\":\"2025-07-12T09:01:44+00:00\",\"dateModified\":\"2026-04-01T13:55:12+00:00\",\"breadcrumb\":{\"@id\":\"https:\\\/\\\/fodurlandid.is\\\/vara\\\/the-aspect\\\/#breadcrumb\"},\"inLanguage\":\"en-US\",\"potentialAction\":[{\"@type\":\"ReadAction\",\"target\":[\"https:\\\/\\\/fodurlandid.is\\\/vara\\\/the-aspect\\\/\"]}]},{\"@type\":\"ImageObject\",\"inLanguage\":\"en-US\",\"@id\":\"https:\\\/\\\/fodurlandid.is\\\/vara\\\/the-aspect\\\/#primaryimage\",\"url\":\"https:\\\/\\\/fodurlandid.is\\\/wp-content\\\/uploads\\\/2025\\\/07\\\/MR-2913_Myndavelataska.jpg\",\"contentUrl\":\"https:\\\/\\\/fodurlandid.is\\\/wp-content\\\/uploads\\\/2025\\\/07\\\/MR-2913_Myndavelataska.jpg\",\"width\":600,\"height\":600},{\"@type\":\"BreadcrumbList\",\"@id\":\"https:\\\/\\\/fodurlandid.is\\\/vara\\\/the-aspect\\\/#breadcrumb\",\"itemListElement\":[{\"@type\":\"ListItem\",\"position\":1,\"name\":\"Home\",\"item\":\"https:\\\/\\\/fodurlandid.is\\\/\"},{\"@type\":\"ListItem\",\"position\":2,\"name\":\"Shop\",\"item\":\"https:\\\/\\\/www.vorulagerinn.is\\\/heildsala\\\/en\\\/shop\\\/\"},{\"@type\":\"ListItem\",\"position\":3,\"name\":\"The Aspect myndav\u00e9lataskan er 20 l\u00edtra en st\u00e6kkanleg \u00ed 30 l\u00edtra, h\u00f6ggvarin, vatnsheld &#038; slit\u00feolin\"}]},{\"@type\":\"WebSite\",\"@id\":\"https:\\\/\\\/fodurlandid.is\\\/#website\",\"url\":\"https:\\\/\\\/fodurlandid.is\\\/\",\"name\":\"F\u00f6\u00f0urlandi\u00f0 ehf, heildsala\",\"description\":\"Innflutnings, umbo&eth;s- og dreifingara&eth;ili\",\"publisher\":{\"@id\":\"https:\\\/\\\/fodurlandid.is\\\/#organization\"},\"alternateName\":\"Innflutnings, umbo\u00f0s- og dreifingara\u00f0ili\",\"potentialAction\":[{\"@type\":\"SearchAction\",\"target\":{\"@type\":\"EntryPoint\",\"urlTemplate\":\"https:\\\/\\\/fodurlandid.is\\\/?s={search_term_string}\"},\"query-input\":{\"@type\":\"PropertyValueSpecification\",\"valueRequired\":true,\"valueName\":\"search_term_string\"}}],\"inLanguage\":\"en-US\"},{\"@type\":\"Organization\",\"@id\":\"https:\\\/\\\/fodurlandid.is\\\/#organization\",\"name\":\"Innflutnings, umbo\u00f0s- og dreifingara\u00f0ili\",\"url\":\"https:\\\/\\\/fodurlandid.is\\\/\",\"logo\":{\"@type\":\"ImageObject\",\"inLanguage\":\"en-US\",\"@id\":\"https:\\\/\\\/fodurlandid.is\\\/#\\\/schema\\\/logo\\\/image\\\/\",\"url\":\"https:\\\/\\\/fodurlandid.is\\\/wp-content\\\/uploads\\\/2024\\\/05\\\/Fodurlandid.png\",\"contentUrl\":\"https:\\\/\\\/fodurlandid.is\\\/wp-content\\\/uploads\\\/2024\\\/05\\\/Fodurlandid.png\",\"width\":400,\"height\":293,\"caption\":\"Innflutnings, umbo\u00f0s- og dreifingara\u00f0ili\"},\"image\":{\"@id\":\"https:\\\/\\\/fodurlandid.is\\\/#\\\/schema\\\/logo\\\/image\\\/\"}}]}<\/script>\n<!-- \/ Yoast SEO Premium plugin. -->","yoast_head_json":{"title":"Myndav\u00e9lataska | 20 l\u00edtra | St\u00e6kkanleg \u00ed 30 l\u00edtra | H\u00f6ggvarin & vatnsheld","robots":{"index":"index","follow":"follow","max-snippet":"max-snippet:-1","max-image-preview":"max-image-preview:large","max-video-preview":"max-video-preview:-1"},"canonical":"https:\/\/fodurlandid.is\/vara\/the-aspect\/","og_locale":"en_US","og_type":"article","og_title":"The Aspect myndav\u00e9lataskan er 20 l\u00edtra en st\u00e6kkanleg \u00ed 30 l\u00edtra, h\u00f6ggvarin, vatnsheld & slit\u00feolin","og_description":"Gl\u00e6sileg 20 l\u00edtra myndav\u00e9lataska sem h\u00e6gt er a\u00f0 st\u00e6kka \u00ed 30 l\u00edtra eftir \u00fe\u00f6rfum me\u00f0 st\u00f3ru vi\u00f0b\u00f3tarh\u00f3lfi ofan \u00e1 t\u00f6slunni. Myndav\u00e9lataskan er me\u00f0 har\u00f0i varnarskel sem ver b\u00fana\u00f0inn \u00ed t\u00f6skunni. H\u00fan er \u00far vatnsfr\u00e1hrindandi Oxford efni og me\u00f0 EVA h\u00f6ggvarnarskel til a\u00f0 verja innra r\u00fdmi t\u00f6skunnar fyrir skemmdum. Innan \u00e1 varnarskelinni eru 2 renndir vasar \u00e1samt 3 litlum lokanlegum h\u00f3lfum. Aftan \u00e1 t\u00f6skunni er festing fyrir fer\u00f0at\u00f6skur svo au\u00f0velt s\u00e9 a\u00f0 fer\u00f0ast me\u00f0 hana fasta vi\u00f0 handfang fer\u00f0at\u00f6skunnar \u00ed fer\u00f0alaginu.  H\u00f3lfin inni \u00ed t\u00f6skunni eru st\u00e6kkanleg og minnkanleg a\u00f0 \u00fe\u00f6rfum notanda. \u00deegar varnarh\u00f3lfi\u00f0 er opna\u00f0 er \u00f6nnur rennd vatnsv\u00f6rn til a\u00f0 verja myndav\u00e9lab\u00fana\u00f0inn. Taskan getur teki\u00f0 allt a\u00f0 15.6 tommu fart\u00f6lvu og hefur vasa fyrir fars\u00edma, spjaldt\u00f6lvu o.fl. \u00c1 hli\u00f0um t\u00f6skunnar eru vasar fyrir t.d. vatnsbr\u00fasa, regnhl\u00edf o.fl. Myndav\u00e9lataskan er me\u00f0 YKK rennil\u00e1sum sem eru taldir \u00feeir bestu \u00e1 marka\u00f0inum og endast mun lengur.  Sj\u00e1\u00f0u myndband af v\u00f6runni ne\u00f0ar \u00e1 s\u00ed\u00f0u  \u2013 Litur: Svartur \u2013 St\u00e6r\u00f0: 48-56 x 27 x 19 cm \u2013 \u00deyngd: 1,37 kg \u2013 Efni: High-density Oxford fabric, vatnsheld, rispu- og slit\u00feol \u2013 Tegund: St\u00f3r myndav\u00e9lataska \u2013 YKK rennil\u00e1sar","og_url":"https:\/\/fodurlandid.is\/vara\/the-aspect\/","og_site_name":"F&ouml;&eth;urlandi&eth; heildsala","article_modified_time":"2026-04-01T13:55:12+00:00","og_image":[{"width":600,"height":600,"url":"https:\/\/fodurlandid.is\/wp-content\/uploads\/2025\/07\/MR-2913_Myndavelataska.jpg","type":"image\/jpeg"}],"twitter_card":"summary_large_image","twitter_misc":{"Est. reading time":"1 minute"},"schema":{"@context":"https:\/\/schema.org","@graph":[{"@type":"WebPage","@id":"https:\/\/fodurlandid.is\/vara\/the-aspect\/","url":"https:\/\/fodurlandid.is\/vara\/the-aspect\/","name":"Myndav\u00e9lataska | 20 l\u00edtra | St\u00e6kkanleg \u00ed 30 l\u00edtra | H\u00f6ggvarin & vatnsheld","isPartOf":{"@id":"https:\/\/fodurlandid.is\/#website"},"primaryImageOfPage":{"@id":"https:\/\/fodurlandid.is\/vara\/the-aspect\/#primaryimage"},"image":{"@id":"https:\/\/fodurlandid.is\/vara\/the-aspect\/#primaryimage"},"thumbnailUrl":"https:\/\/fodurlandid.is\/wp-content\/uploads\/2025\/07\/MR-2913_Myndavelataska.jpg","datePublished":"2025-07-12T09:01:44+00:00","dateModified":"2026-04-01T13:55:12+00:00","breadcrumb":{"@id":"https:\/\/fodurlandid.is\/vara\/the-aspect\/#breadcrumb"},"inLanguage":"en-US","potentialAction":[{"@type":"ReadAction","target":["https:\/\/fodurlandid.is\/vara\/the-aspect\/"]}]},{"@type":"ImageObject","inLanguage":"en-US","@id":"https:\/\/fodurlandid.is\/vara\/the-aspect\/#primaryimage","url":"https:\/\/fodurlandid.is\/wp-content\/uploads\/2025\/07\/MR-2913_Myndavelataska.jpg","contentUrl":"https:\/\/fodurlandid.is\/wp-content\/uploads\/2025\/07\/MR-2913_Myndavelataska.jpg","width":600,"height":600},{"@type":"BreadcrumbList","@id":"https:\/\/fodurlandid.is\/vara\/the-aspect\/#breadcrumb","itemListElement":[{"@type":"ListItem","position":1,"name":"Home","item":"https:\/\/fodurlandid.is\/"},{"@type":"ListItem","position":2,"name":"Shop","item":"https:\/\/www.vorulagerinn.is\/heildsala\/en\/shop\/"},{"@type":"ListItem","position":3,"name":"The Aspect myndav\u00e9lataskan er 20 l\u00edtra en st\u00e6kkanleg \u00ed 30 l\u00edtra, h\u00f6ggvarin, vatnsheld &#038; slit\u00feolin"}]},{"@type":"WebSite","@id":"https:\/\/fodurlandid.is\/#website","url":"https:\/\/fodurlandid.is\/","name":"F\u00f6\u00f0urlandi\u00f0 ehf, heildsala","description":"Innflutnings, umbo&eth;s- og dreifingara&eth;ili","publisher":{"@id":"https:\/\/fodurlandid.is\/#organization"},"alternateName":"Innflutnings, umbo\u00f0s- og dreifingara\u00f0ili","potentialAction":[{"@type":"SearchAction","target":{"@type":"EntryPoint","urlTemplate":"https:\/\/fodurlandid.is\/?s={search_term_string}"},"query-input":{"@type":"PropertyValueSpecification","valueRequired":true,"valueName":"search_term_string"}}],"inLanguage":"en-US"},{"@type":"Organization","@id":"https:\/\/fodurlandid.is\/#organization","name":"Innflutnings, umbo\u00f0s- og dreifingara\u00f0ili","url":"https:\/\/fodurlandid.is\/","logo":{"@type":"ImageObject","inLanguage":"en-US","@id":"https:\/\/fodurlandid.is\/#\/schema\/logo\/image\/","url":"https:\/\/fodurlandid.is\/wp-content\/uploads\/2024\/05\/Fodurlandid.png","contentUrl":"https:\/\/fodurlandid.is\/wp-content\/uploads\/2024\/05\/Fodurlandid.png","width":400,"height":293,"caption":"Innflutnings, umbo\u00f0s- og dreifingara\u00f0ili"},"image":{"@id":"https:\/\/fodurlandid.is\/#\/schema\/logo\/image\/"}}]}},"_links":{"self":[{"href":"https:\/\/fodurlandid.is\/en\/wp-json\/wp\/v2\/product\/24073","targetHints":{"allow":["GET"]}}],"collection":[{"href":"https:\/\/fodurlandid.is\/en\/wp-json\/wp\/v2\/product"}],"about":[{"href":"https:\/\/fodurlandid.is\/en\/wp-json\/wp\/v2\/types\/product"}],"wp:featuredmedia":[{"embeddable":true,"href":"https:\/\/fodurlandid.is\/en\/wp-json\/wp\/v2\/media\/24074"}],"wp:attachment":[{"href":"https:\/\/fodurlandid.is\/en\/wp-json\/wp\/v2\/media?parent=24073"}],"wp:term":[{"taxonomy":"product_brand","embeddable":true,"href":"https:\/\/fodurlandid.is\/en\/wp-json\/wp\/v2\/product_brand?post=24073"},{"taxonomy":"product_cat","embeddable":true,"href":"https:\/\/fodurlandid.is\/en\/wp-json\/wp\/v2\/product_cat?post=24073"},{"taxonomy":"product_tag","embeddable":true,"href":"https:\/\/fodurlandid.is\/en\/wp-json\/wp\/v2\/product_tag?post=24073"}],"curies":[{"name":"wp","href":"https:\/\/api.w.org\/{rel}","templated":true}]}}