{"id":24059,"date":"2025-07-11T08:16:38","date_gmt":"2025-07-11T08:16:38","guid":{"rendered":"https:\/\/fodurlandid.is\/?post_type=product&#038;p=24059"},"modified":"2025-09-21T18:30:20","modified_gmt":"2025-09-21T18:30:20","slug":"muke-iii","status":"publish","type":"product","link":"https:\/\/fodurlandid.is\/en\/product\/muke-iii\/","title":{"rendered":"Muke III er st\u00edlhrein &#038; gl\u00e6sileg fart\u00f6lvutaska sem f\u00e6r f\u00f3lk til a\u00f0 sn\u00faa h\u00f6f\u00f0inu"},"content":{"rendered":"<div style=\"width: 960px;\" class=\"wp-video\"><video class=\"wp-video-shortcode\" id=\"video-24059-1\" width=\"960\" height=\"540\" preload=\"metadata\" controls=\"controls\"><source type=\"video\/mp4\" src=\"https:\/\/fodurlandid.is\/wp-content\/uploads\/2025\/07\/L_MR6602-Mark-Ryden.mp4?_=1\" \/><a href=\"https:\/\/fodurlandid.is\/wp-content\/uploads\/2025\/07\/L_MR6602-Mark-Ryden.mp4\">https:\/\/fodurlandid.is\/wp-content\/uploads\/2025\/07\/L_MR6602-Mark-Ryden.mp4<\/a><\/video><\/div>\n","protected":false},"excerpt":{"rendered":"<p>Gl\u00e6sileg Muke III baktaska fr\u00e1 Mark Ryden f\u00e6r f\u00f3lk til \u00feess a\u00f0 sn\u00faa h\u00f6f\u00f0inu. Falleg klass\u00edsk h\u00f6nnun sem fer ekki framhj\u00e1 neinum. Taskan er \u00far le\u00f0ri og Oxford efni sem gerir t\u00f6skuna mj\u00f6g slit\u00feolna auk \u00feess sem h\u00fan hrindir fr\u00e1 s\u00e9r vatni. Taskan lokar innra r\u00fdmi me\u00f0 rennil\u00e1s og lokast svo a\u00f0 framan me\u00f0 segulsmellum. A\u00f0 framan er renndur r\u00famg\u00f3\u00f0ur vasi me\u00f0 einum renndum netavasa og einum opnum vasa.<\/p>\n<p>Innra r\u00fdmi t\u00f6skunnar er me\u00f0 fart\u00f6lvuvasa fyrir allt a\u00f0 15,6&#8243; fart\u00f6lvur en hinum megin er st\u00f3r renndur vasi \u00e1samt tveimum opnum v\u00f6sum. \u00c1 bakhli\u00f0 t\u00f6skunnar er st\u00f3r renndur vasi og \u00e1 hli\u00f0um t\u00f6skunnar eru tveir vasar sem henta einstaklega vel fyrir vatnsfl\u00f6sku, regnhl\u00edf o.\u00fe.h. Mj\u00f6g falleg h\u00f6nnun me\u00f0 miki\u00f0 notagildi.<\/p>\n<p>Sj\u00e1\u00f0u myndband af v\u00f6runni ne\u00f0ar \u00e1 s\u00ed\u00f0unni.<\/p>\n<p>\u2013 Litur: Svartur<br \/>\n\u2013 St\u00e6r\u00f0: 43 x 30 x 16 cm<br \/>\n\u2013 \u00deyngd: 1.37 kg<br \/>\n\u2013 Efni \u00ed t\u00f6sku: Le\u00f0ur og Oxford<br \/>\n\u2013 St\u00e6kkanlega axlar\u00f3lar: 49-98 cm<\/p>\n","protected":false},"featured_media":24067,"template":"","meta":[],"product_brand":[401],"product_cat":[403],"product_tag":[],"class_list":{"0":"post-24059","1":"product","2":"type-product","3":"status-publish","4":"has-post-thumbnail","6":"product_brand-mark-ryden","7":"product_cat-bakpokar","9":"first","10":"instock","11":"taxable","12":"shipping-taxable","13":"product-type-simple"},"yoast_head":"<!-- This site is optimized with the Yoast SEO Premium plugin v21.5 (Yoast SEO v27.3) - https:\/\/yoast.com\/product\/yoast-seo-premium-wordpress\/ -->\n<title>Muke III fart\u00f6lvutaska 15,6&quot; sem f\u00e6r f\u00f3lk til a\u00f0 sn\u00faa h\u00f6f\u00f0inu<\/title>\n<meta name=\"description\" content=\"Muke III baktaska fr\u00e1 Mark Ryden f\u00e6r f\u00f3lk til \u00feess a\u00f0 sn\u00faa h\u00f6f\u00f0inu. Falleg klass\u00edsk h\u00f6nnun sem fer ekki framhj\u00e1 neinum. Slit\u00feolin og hrindir fr\u00e1 s\u00e9r vatni\" \/>\n<meta name=\"robots\" content=\"index, follow, max-snippet:-1, max-image-preview:large, max-video-preview:-1\" \/>\n<link rel=\"canonical\" href=\"https:\/\/fodurlandid.is\/vara\/muke-iii\/\" \/>\n<meta property=\"og:locale\" content=\"en_US\" \/>\n<meta property=\"og:type\" content=\"article\" \/>\n<meta property=\"og:title\" content=\"Muke III er st\u00edlhrein &amp; gl\u00e6sileg fart\u00f6lvutaska sem f\u00e6r f\u00f3lk til a\u00f0 sn\u00faa h\u00f6f\u00f0inu\" \/>\n<meta property=\"og:description\" content=\"Muke III baktaska fr\u00e1 Mark Ryden f\u00e6r f\u00f3lk til \u00feess a\u00f0 sn\u00faa h\u00f6f\u00f0inu. Falleg klass\u00edsk h\u00f6nnun sem fer ekki framhj\u00e1 neinum. Slit\u00feolin og hrindir fr\u00e1 s\u00e9r vatni\" \/>\n<meta property=\"og:url\" content=\"https:\/\/fodurlandid.is\/vara\/muke-iii\/\" \/>\n<meta property=\"og:site_name\" content=\"F&ouml;&eth;urlandi&eth; heildsala\" \/>\n<meta property=\"article:modified_time\" content=\"2025-09-21T18:30:20+00:00\" \/>\n<meta property=\"og:image\" content=\"https:\/\/fodurlandid.is\/wp-content\/uploads\/2025\/07\/L_MR6602-Mark-Ryden_-7.jpg\" \/>\n\t<meta property=\"og:image:width\" content=\"600\" \/>\n\t<meta property=\"og:image:height\" content=\"600\" \/>\n\t<meta property=\"og:image:type\" content=\"image\/jpeg\" \/>\n<meta name=\"twitter:card\" content=\"summary_large_image\" \/>\n<meta name=\"twitter:label1\" content=\"Est. reading time\" \/>\n\t<meta name=\"twitter:data1\" content=\"1 minute\" \/>\n<script type=\"application\/ld+json\" class=\"yoast-schema-graph\">{\"@context\":\"https:\\\/\\\/schema.org\",\"@graph\":[{\"@type\":\"WebPage\",\"@id\":\"https:\\\/\\\/fodurlandid.is\\\/vara\\\/muke-iii\\\/\",\"url\":\"https:\\\/\\\/fodurlandid.is\\\/vara\\\/muke-iii\\\/\",\"name\":\"Muke III fart\u00f6lvutaska 15,6\\\" sem f\u00e6r f\u00f3lk til a\u00f0 sn\u00faa h\u00f6f\u00f0inu\",\"isPartOf\":{\"@id\":\"https:\\\/\\\/fodurlandid.is\\\/#website\"},\"primaryImageOfPage\":{\"@id\":\"https:\\\/\\\/fodurlandid.is\\\/vara\\\/muke-iii\\\/#primaryimage\"},\"image\":{\"@id\":\"https:\\\/\\\/fodurlandid.is\\\/vara\\\/muke-iii\\\/#primaryimage\"},\"thumbnailUrl\":\"https:\\\/\\\/fodurlandid.is\\\/wp-content\\\/uploads\\\/2025\\\/07\\\/L_MR6602-Mark-Ryden_-7.jpg\",\"datePublished\":\"2025-07-11T08:16:38+00:00\",\"dateModified\":\"2025-09-21T18:30:20+00:00\",\"description\":\"Muke III baktaska fr\u00e1 Mark Ryden f\u00e6r f\u00f3lk til \u00feess a\u00f0 sn\u00faa h\u00f6f\u00f0inu. Falleg klass\u00edsk h\u00f6nnun sem fer ekki framhj\u00e1 neinum. Slit\u00feolin og hrindir fr\u00e1 s\u00e9r vatni\",\"breadcrumb\":{\"@id\":\"https:\\\/\\\/fodurlandid.is\\\/vara\\\/muke-iii\\\/#breadcrumb\"},\"inLanguage\":\"en-US\",\"potentialAction\":[{\"@type\":\"ReadAction\",\"target\":[\"https:\\\/\\\/fodurlandid.is\\\/vara\\\/muke-iii\\\/\"]}]},{\"@type\":\"ImageObject\",\"inLanguage\":\"en-US\",\"@id\":\"https:\\\/\\\/fodurlandid.is\\\/vara\\\/muke-iii\\\/#primaryimage\",\"url\":\"https:\\\/\\\/fodurlandid.is\\\/wp-content\\\/uploads\\\/2025\\\/07\\\/L_MR6602-Mark-Ryden_-7.jpg\",\"contentUrl\":\"https:\\\/\\\/fodurlandid.is\\\/wp-content\\\/uploads\\\/2025\\\/07\\\/L_MR6602-Mark-Ryden_-7.jpg\",\"width\":600,\"height\":600},{\"@type\":\"BreadcrumbList\",\"@id\":\"https:\\\/\\\/fodurlandid.is\\\/vara\\\/muke-iii\\\/#breadcrumb\",\"itemListElement\":[{\"@type\":\"ListItem\",\"position\":1,\"name\":\"Home\",\"item\":\"https:\\\/\\\/fodurlandid.is\\\/\"},{\"@type\":\"ListItem\",\"position\":2,\"name\":\"Shop\",\"item\":\"https:\\\/\\\/www.vorulagerinn.is\\\/heildsala\\\/en\\\/shop\\\/\"},{\"@type\":\"ListItem\",\"position\":3,\"name\":\"Muke III er st\u00edlhrein &#038; gl\u00e6sileg fart\u00f6lvutaska sem f\u00e6r f\u00f3lk til a\u00f0 sn\u00faa h\u00f6f\u00f0inu\"}]},{\"@type\":\"WebSite\",\"@id\":\"https:\\\/\\\/fodurlandid.is\\\/#website\",\"url\":\"https:\\\/\\\/fodurlandid.is\\\/\",\"name\":\"F\u00f6\u00f0urlandi\u00f0 ehf, heildsala\",\"description\":\"Innflutnings, umbo&eth;s- og dreifingara&eth;ili\",\"publisher\":{\"@id\":\"https:\\\/\\\/fodurlandid.is\\\/#organization\"},\"alternateName\":\"Innflutnings, umbo\u00f0s- og dreifingara\u00f0ili\",\"potentialAction\":[{\"@type\":\"SearchAction\",\"target\":{\"@type\":\"EntryPoint\",\"urlTemplate\":\"https:\\\/\\\/fodurlandid.is\\\/?s={search_term_string}\"},\"query-input\":{\"@type\":\"PropertyValueSpecification\",\"valueRequired\":true,\"valueName\":\"search_term_string\"}}],\"inLanguage\":\"en-US\"},{\"@type\":\"Organization\",\"@id\":\"https:\\\/\\\/fodurlandid.is\\\/#organization\",\"name\":\"Innflutnings, umbo\u00f0s- og dreifingara\u00f0ili\",\"url\":\"https:\\\/\\\/fodurlandid.is\\\/\",\"logo\":{\"@type\":\"ImageObject\",\"inLanguage\":\"en-US\",\"@id\":\"https:\\\/\\\/fodurlandid.is\\\/#\\\/schema\\\/logo\\\/image\\\/\",\"url\":\"https:\\\/\\\/fodurlandid.is\\\/wp-content\\\/uploads\\\/2024\\\/05\\\/Fodurlandid.png\",\"contentUrl\":\"https:\\\/\\\/fodurlandid.is\\\/wp-content\\\/uploads\\\/2024\\\/05\\\/Fodurlandid.png\",\"width\":400,\"height\":293,\"caption\":\"Innflutnings, umbo\u00f0s- og dreifingara\u00f0ili\"},\"image\":{\"@id\":\"https:\\\/\\\/fodurlandid.is\\\/#\\\/schema\\\/logo\\\/image\\\/\"}}]}<\/script>\n<!-- \/ Yoast SEO Premium plugin. -->","yoast_head_json":{"title":"Muke III fart\u00f6lvutaska 15,6\" sem f\u00e6r f\u00f3lk til a\u00f0 sn\u00faa h\u00f6f\u00f0inu","description":"Muke III baktaska fr\u00e1 Mark Ryden f\u00e6r f\u00f3lk til \u00feess a\u00f0 sn\u00faa h\u00f6f\u00f0inu. Falleg klass\u00edsk h\u00f6nnun sem fer ekki framhj\u00e1 neinum. Slit\u00feolin og hrindir fr\u00e1 s\u00e9r vatni","robots":{"index":"index","follow":"follow","max-snippet":"max-snippet:-1","max-image-preview":"max-image-preview:large","max-video-preview":"max-video-preview:-1"},"canonical":"https:\/\/fodurlandid.is\/vara\/muke-iii\/","og_locale":"en_US","og_type":"article","og_title":"Muke III er st\u00edlhrein & gl\u00e6sileg fart\u00f6lvutaska sem f\u00e6r f\u00f3lk til a\u00f0 sn\u00faa h\u00f6f\u00f0inu","og_description":"Muke III baktaska fr\u00e1 Mark Ryden f\u00e6r f\u00f3lk til \u00feess a\u00f0 sn\u00faa h\u00f6f\u00f0inu. Falleg klass\u00edsk h\u00f6nnun sem fer ekki framhj\u00e1 neinum. Slit\u00feolin og hrindir fr\u00e1 s\u00e9r vatni","og_url":"https:\/\/fodurlandid.is\/vara\/muke-iii\/","og_site_name":"F&ouml;&eth;urlandi&eth; heildsala","article_modified_time":"2025-09-21T18:30:20+00:00","og_image":[{"width":600,"height":600,"url":"https:\/\/fodurlandid.is\/wp-content\/uploads\/2025\/07\/L_MR6602-Mark-Ryden_-7.jpg","type":"image\/jpeg"}],"twitter_card":"summary_large_image","twitter_misc":{"Est. reading time":"1 minute"},"schema":{"@context":"https:\/\/schema.org","@graph":[{"@type":"WebPage","@id":"https:\/\/fodurlandid.is\/vara\/muke-iii\/","url":"https:\/\/fodurlandid.is\/vara\/muke-iii\/","name":"Muke III fart\u00f6lvutaska 15,6\" sem f\u00e6r f\u00f3lk til a\u00f0 sn\u00faa h\u00f6f\u00f0inu","isPartOf":{"@id":"https:\/\/fodurlandid.is\/#website"},"primaryImageOfPage":{"@id":"https:\/\/fodurlandid.is\/vara\/muke-iii\/#primaryimage"},"image":{"@id":"https:\/\/fodurlandid.is\/vara\/muke-iii\/#primaryimage"},"thumbnailUrl":"https:\/\/fodurlandid.is\/wp-content\/uploads\/2025\/07\/L_MR6602-Mark-Ryden_-7.jpg","datePublished":"2025-07-11T08:16:38+00:00","dateModified":"2025-09-21T18:30:20+00:00","description":"Muke III baktaska fr\u00e1 Mark Ryden f\u00e6r f\u00f3lk til \u00feess a\u00f0 sn\u00faa h\u00f6f\u00f0inu. Falleg klass\u00edsk h\u00f6nnun sem fer ekki framhj\u00e1 neinum. Slit\u00feolin og hrindir fr\u00e1 s\u00e9r vatni","breadcrumb":{"@id":"https:\/\/fodurlandid.is\/vara\/muke-iii\/#breadcrumb"},"inLanguage":"en-US","potentialAction":[{"@type":"ReadAction","target":["https:\/\/fodurlandid.is\/vara\/muke-iii\/"]}]},{"@type":"ImageObject","inLanguage":"en-US","@id":"https:\/\/fodurlandid.is\/vara\/muke-iii\/#primaryimage","url":"https:\/\/fodurlandid.is\/wp-content\/uploads\/2025\/07\/L_MR6602-Mark-Ryden_-7.jpg","contentUrl":"https:\/\/fodurlandid.is\/wp-content\/uploads\/2025\/07\/L_MR6602-Mark-Ryden_-7.jpg","width":600,"height":600},{"@type":"BreadcrumbList","@id":"https:\/\/fodurlandid.is\/vara\/muke-iii\/#breadcrumb","itemListElement":[{"@type":"ListItem","position":1,"name":"Home","item":"https:\/\/fodurlandid.is\/"},{"@type":"ListItem","position":2,"name":"Shop","item":"https:\/\/www.vorulagerinn.is\/heildsala\/en\/shop\/"},{"@type":"ListItem","position":3,"name":"Muke III er st\u00edlhrein &#038; gl\u00e6sileg fart\u00f6lvutaska sem f\u00e6r f\u00f3lk til a\u00f0 sn\u00faa h\u00f6f\u00f0inu"}]},{"@type":"WebSite","@id":"https:\/\/fodurlandid.is\/#website","url":"https:\/\/fodurlandid.is\/","name":"F\u00f6\u00f0urlandi\u00f0 ehf, heildsala","description":"Innflutnings, umbo&eth;s- og dreifingara&eth;ili","publisher":{"@id":"https:\/\/fodurlandid.is\/#organization"},"alternateName":"Innflutnings, umbo\u00f0s- og dreifingara\u00f0ili","potentialAction":[{"@type":"SearchAction","target":{"@type":"EntryPoint","urlTemplate":"https:\/\/fodurlandid.is\/?s={search_term_string}"},"query-input":{"@type":"PropertyValueSpecification","valueRequired":true,"valueName":"search_term_string"}}],"inLanguage":"en-US"},{"@type":"Organization","@id":"https:\/\/fodurlandid.is\/#organization","name":"Innflutnings, umbo\u00f0s- og dreifingara\u00f0ili","url":"https:\/\/fodurlandid.is\/","logo":{"@type":"ImageObject","inLanguage":"en-US","@id":"https:\/\/fodurlandid.is\/#\/schema\/logo\/image\/","url":"https:\/\/fodurlandid.is\/wp-content\/uploads\/2024\/05\/Fodurlandid.png","contentUrl":"https:\/\/fodurlandid.is\/wp-content\/uploads\/2024\/05\/Fodurlandid.png","width":400,"height":293,"caption":"Innflutnings, umbo\u00f0s- og dreifingara\u00f0ili"},"image":{"@id":"https:\/\/fodurlandid.is\/#\/schema\/logo\/image\/"}}]}},"_links":{"self":[{"href":"https:\/\/fodurlandid.is\/en\/wp-json\/wp\/v2\/product\/24059","targetHints":{"allow":["GET"]}}],"collection":[{"href":"https:\/\/fodurlandid.is\/en\/wp-json\/wp\/v2\/product"}],"about":[{"href":"https:\/\/fodurlandid.is\/en\/wp-json\/wp\/v2\/types\/product"}],"wp:featuredmedia":[{"embeddable":true,"href":"https:\/\/fodurlandid.is\/en\/wp-json\/wp\/v2\/media\/24067"}],"wp:attachment":[{"href":"https:\/\/fodurlandid.is\/en\/wp-json\/wp\/v2\/media?parent=24059"}],"wp:term":[{"taxonomy":"product_brand","embeddable":true,"href":"https:\/\/fodurlandid.is\/en\/wp-json\/wp\/v2\/product_brand?post=24059"},{"taxonomy":"product_cat","embeddable":true,"href":"https:\/\/fodurlandid.is\/en\/wp-json\/wp\/v2\/product_cat?post=24059"},{"taxonomy":"product_tag","embeddable":true,"href":"https:\/\/fodurlandid.is\/en\/wp-json\/wp\/v2\/product_tag?post=24059"}],"curies":[{"name":"wp","href":"https:\/\/api.w.org\/{rel}","templated":true}]}}