{"id":24048,"date":"2025-07-10T19:40:58","date_gmt":"2025-07-10T19:40:58","guid":{"rendered":"https:\/\/fodurlandid.is\/?post_type=product&#038;p=24048"},"modified":"2026-01-05T15:20:49","modified_gmt":"2026-01-05T15:20:49","slug":"mini-compacto-pro","status":"publish","type":"product","link":"https:\/\/fodurlandid.is\/en\/product\/mini-compacto-pro\/","title":{"rendered":"Mini Compacto Pro er fullkomin og l\u00e9tt 12,3 l\u00edtra axlartaska fyrir n\u00fat\u00edma l\u00edfsst\u00edl"},"content":{"rendered":"","protected":false},"excerpt":{"rendered":"<p>Mini Compacto Pro axlartaskan \/ Cross body er h\u00f6nnu\u00f0 fyrir f\u00f3lk \u00e1 fer\u00f0inni. Taskan er me\u00f0 innbygg\u00f0u USB-A hle\u00f0slutengi fyrir hle\u00f0slubanka sem geymdur er ofan \u00ed t\u00f6skunni. Bakpokinn er \u00far vatnsfr\u00e1hrindandi efni og hefur geymslur\u00fdmi fyrir allt a\u00f0 9,7\u2033 spjaldt\u00f6lvu, snjalls\u00edma og lykla. \u00c1 vinstri hli\u00f0 er st\u00e6kkanlegt r\u00fdmi me\u00f0 rennil\u00e1s fyrir vatnsfl\u00f6sku. Taskan er me\u00f0 h\u00e1g\u00e6\u00f0a YKK rennil\u00e1s sem er talinn s\u00e1 besti \u00ed heimi og er nota\u00f0ur \u00e1 l\u00faxusv\u00f6rur \u00e1 bor\u00f0 vi\u00f0 GUCCI, DIORMCM, LV o.s.frv.<\/p>\n<p>A\u00f0 framan er r\u00famg\u00f3\u00f0ur dj\u00fapur vasi me\u00f0 rennil\u00e1s en a\u00f0 aftan er renndur vasi undir veski, s\u00edma, lykla o.fl. Innra r\u00fdmi t\u00f6skunnar er r\u00famgott. \u00c1 annari hli\u00f0inni er st\u00f3r dj\u00fapur vasi en \u00e1 hinni er renndur vasi \u00e1samt vasa. Axlar\u00f3lin er stillanleg me\u00f0 vasa me\u00f0 rennil\u00e1s fyrir t.d. kort, se\u00f0la og lykla.<\/p>\n<p>\u2013 Sj\u00e1 myndband ne\u00f0st \u00e1 s\u00ed\u00f0u<br \/>\n\u2013 Litur: Svartur<br \/>\n\u2013 \u00deyngd: 0,6 kg<br \/>\n\u2013 Efni: Vatnshelt Oxford, PU og Nylon<br \/>\n\u2013 St\u00e6r\u00f0: 38 x 14 x 23 cm<br \/>\n\u2013 H\u00e1g\u00e6\u00f0a YKK rennil\u00e1s<\/p>\n","protected":false},"featured_media":24055,"template":"","meta":[],"product_brand":[401],"product_cat":[406],"product_tag":[],"class_list":{"0":"post-24048","1":"product","2":"type-product","3":"status-publish","4":"has-post-thumbnail","6":"product_brand-mark-ryden","7":"product_cat-hlidartoskur-cross-body-bakpokar","9":"first","10":"instock","11":"taxable","12":"shipping-taxable","13":"product-type-simple"},"yoast_head":"<!-- This site is optimized with the Yoast SEO Premium plugin v21.5 (Yoast SEO v27.3) - https:\/\/yoast.com\/product\/yoast-seo-premium-wordpress\/ -->\n<title>Mini Compacto Pro er fullkomin og l\u00e9tt 12,3 l\u00edtra axlartaska<\/title>\n<meta name=\"description\" content=\"Axlartaskan \/ Cross body er h\u00f6nnu\u00f0 fyrir f\u00f3lk \u00e1 fer\u00f0inni. Innbyggt USB-A hle\u00f0slutengi fyrir hle\u00f0slubanka sem geymdur er ofan \u00ed t\u00f6skunni. H\u00e1g\u00e6\u00f0a YKK rennil\u00e1s\" \/>\n<meta name=\"robots\" content=\"index, follow, max-snippet:-1, max-image-preview:large, max-video-preview:-1\" \/>\n<link rel=\"canonical\" href=\"https:\/\/fodurlandid.is\/vara\/mini-compacto-pro\/\" \/>\n<meta property=\"og:locale\" content=\"en_US\" \/>\n<meta property=\"og:type\" content=\"article\" \/>\n<meta property=\"og:title\" content=\"Mini Compacto Pro er fullkomin og l\u00e9tt 12,3 l\u00edtra axlartaska fyrir n\u00fat\u00edma l\u00edfsst\u00edl\" \/>\n<meta property=\"og:description\" content=\"Axlartaskan \/ Cross body er h\u00f6nnu\u00f0 fyrir f\u00f3lk \u00e1 fer\u00f0inni. Innbyggt USB-A hle\u00f0slutengi fyrir hle\u00f0slubanka sem geymdur er ofan \u00ed t\u00f6skunni. H\u00e1g\u00e6\u00f0a YKK rennil\u00e1s\" \/>\n<meta property=\"og:url\" content=\"https:\/\/fodurlandid.is\/vara\/mini-compacto-pro\/\" \/>\n<meta property=\"og:site_name\" content=\"F&ouml;&eth;urlandi&eth; heildsala\" \/>\n<meta property=\"article:modified_time\" content=\"2026-01-05T15:20:49+00:00\" \/>\n<meta property=\"og:image\" content=\"https:\/\/fodurlandid.is\/wp-content\/uploads\/2025\/07\/MR-7069-Mark-Ryden_3.jpg\" \/>\n\t<meta property=\"og:image:width\" content=\"600\" \/>\n\t<meta property=\"og:image:height\" content=\"600\" \/>\n\t<meta property=\"og:image:type\" content=\"image\/jpeg\" \/>\n<meta name=\"twitter:card\" content=\"summary_large_image\" \/>\n<meta name=\"twitter:label1\" content=\"Est. reading time\" \/>\n\t<meta name=\"twitter:data1\" content=\"1 minute\" \/>\n<script type=\"application\/ld+json\" class=\"yoast-schema-graph\">{\"@context\":\"https:\\\/\\\/schema.org\",\"@graph\":[{\"@type\":\"WebPage\",\"@id\":\"https:\\\/\\\/fodurlandid.is\\\/vara\\\/mini-compacto-pro\\\/\",\"url\":\"https:\\\/\\\/fodurlandid.is\\\/vara\\\/mini-compacto-pro\\\/\",\"name\":\"Mini Compacto Pro er fullkomin og l\u00e9tt 12,3 l\u00edtra axlartaska\",\"isPartOf\":{\"@id\":\"https:\\\/\\\/fodurlandid.is\\\/#website\"},\"primaryImageOfPage\":{\"@id\":\"https:\\\/\\\/fodurlandid.is\\\/vara\\\/mini-compacto-pro\\\/#primaryimage\"},\"image\":{\"@id\":\"https:\\\/\\\/fodurlandid.is\\\/vara\\\/mini-compacto-pro\\\/#primaryimage\"},\"thumbnailUrl\":\"https:\\\/\\\/fodurlandid.is\\\/wp-content\\\/uploads\\\/2025\\\/07\\\/MR-7069-Mark-Ryden_3.jpg\",\"datePublished\":\"2025-07-10T19:40:58+00:00\",\"dateModified\":\"2026-01-05T15:20:49+00:00\",\"description\":\"Axlartaskan \\\/ Cross body er h\u00f6nnu\u00f0 fyrir f\u00f3lk \u00e1 fer\u00f0inni. Innbyggt USB-A hle\u00f0slutengi fyrir hle\u00f0slubanka sem geymdur er ofan \u00ed t\u00f6skunni. H\u00e1g\u00e6\u00f0a YKK rennil\u00e1s\",\"breadcrumb\":{\"@id\":\"https:\\\/\\\/fodurlandid.is\\\/vara\\\/mini-compacto-pro\\\/#breadcrumb\"},\"inLanguage\":\"en-US\",\"potentialAction\":[{\"@type\":\"ReadAction\",\"target\":[\"https:\\\/\\\/fodurlandid.is\\\/vara\\\/mini-compacto-pro\\\/\"]}]},{\"@type\":\"ImageObject\",\"inLanguage\":\"en-US\",\"@id\":\"https:\\\/\\\/fodurlandid.is\\\/vara\\\/mini-compacto-pro\\\/#primaryimage\",\"url\":\"https:\\\/\\\/fodurlandid.is\\\/wp-content\\\/uploads\\\/2025\\\/07\\\/MR-7069-Mark-Ryden_3.jpg\",\"contentUrl\":\"https:\\\/\\\/fodurlandid.is\\\/wp-content\\\/uploads\\\/2025\\\/07\\\/MR-7069-Mark-Ryden_3.jpg\",\"width\":600,\"height\":600},{\"@type\":\"BreadcrumbList\",\"@id\":\"https:\\\/\\\/fodurlandid.is\\\/vara\\\/mini-compacto-pro\\\/#breadcrumb\",\"itemListElement\":[{\"@type\":\"ListItem\",\"position\":1,\"name\":\"Home\",\"item\":\"https:\\\/\\\/fodurlandid.is\\\/\"},{\"@type\":\"ListItem\",\"position\":2,\"name\":\"Shop\",\"item\":\"https:\\\/\\\/www.vorulagerinn.is\\\/heildsala\\\/en\\\/shop\\\/\"},{\"@type\":\"ListItem\",\"position\":3,\"name\":\"Mini Compacto Pro er fullkomin og l\u00e9tt 12,3 l\u00edtra axlartaska fyrir n\u00fat\u00edma l\u00edfsst\u00edl\"}]},{\"@type\":\"WebSite\",\"@id\":\"https:\\\/\\\/fodurlandid.is\\\/#website\",\"url\":\"https:\\\/\\\/fodurlandid.is\\\/\",\"name\":\"F\u00f6\u00f0urlandi\u00f0 ehf, heildsala\",\"description\":\"Innflutnings, umbo&eth;s- og dreifingara&eth;ili\",\"publisher\":{\"@id\":\"https:\\\/\\\/fodurlandid.is\\\/#organization\"},\"alternateName\":\"Innflutnings, umbo\u00f0s- og dreifingara\u00f0ili\",\"potentialAction\":[{\"@type\":\"SearchAction\",\"target\":{\"@type\":\"EntryPoint\",\"urlTemplate\":\"https:\\\/\\\/fodurlandid.is\\\/?s={search_term_string}\"},\"query-input\":{\"@type\":\"PropertyValueSpecification\",\"valueRequired\":true,\"valueName\":\"search_term_string\"}}],\"inLanguage\":\"en-US\"},{\"@type\":\"Organization\",\"@id\":\"https:\\\/\\\/fodurlandid.is\\\/#organization\",\"name\":\"Innflutnings, umbo\u00f0s- og dreifingara\u00f0ili\",\"url\":\"https:\\\/\\\/fodurlandid.is\\\/\",\"logo\":{\"@type\":\"ImageObject\",\"inLanguage\":\"en-US\",\"@id\":\"https:\\\/\\\/fodurlandid.is\\\/#\\\/schema\\\/logo\\\/image\\\/\",\"url\":\"https:\\\/\\\/fodurlandid.is\\\/wp-content\\\/uploads\\\/2024\\\/05\\\/Fodurlandid.png\",\"contentUrl\":\"https:\\\/\\\/fodurlandid.is\\\/wp-content\\\/uploads\\\/2024\\\/05\\\/Fodurlandid.png\",\"width\":400,\"height\":293,\"caption\":\"Innflutnings, umbo\u00f0s- og dreifingara\u00f0ili\"},\"image\":{\"@id\":\"https:\\\/\\\/fodurlandid.is\\\/#\\\/schema\\\/logo\\\/image\\\/\"}}]}<\/script>\n<!-- \/ Yoast SEO Premium plugin. -->","yoast_head_json":{"title":"Mini Compacto Pro er fullkomin og l\u00e9tt 12,3 l\u00edtra axlartaska","description":"Axlartaskan \/ Cross body er h\u00f6nnu\u00f0 fyrir f\u00f3lk \u00e1 fer\u00f0inni. Innbyggt USB-A hle\u00f0slutengi fyrir hle\u00f0slubanka sem geymdur er ofan \u00ed t\u00f6skunni. H\u00e1g\u00e6\u00f0a YKK rennil\u00e1s","robots":{"index":"index","follow":"follow","max-snippet":"max-snippet:-1","max-image-preview":"max-image-preview:large","max-video-preview":"max-video-preview:-1"},"canonical":"https:\/\/fodurlandid.is\/vara\/mini-compacto-pro\/","og_locale":"en_US","og_type":"article","og_title":"Mini Compacto Pro er fullkomin og l\u00e9tt 12,3 l\u00edtra axlartaska fyrir n\u00fat\u00edma l\u00edfsst\u00edl","og_description":"Axlartaskan \/ Cross body er h\u00f6nnu\u00f0 fyrir f\u00f3lk \u00e1 fer\u00f0inni. Innbyggt USB-A hle\u00f0slutengi fyrir hle\u00f0slubanka sem geymdur er ofan \u00ed t\u00f6skunni. H\u00e1g\u00e6\u00f0a YKK rennil\u00e1s","og_url":"https:\/\/fodurlandid.is\/vara\/mini-compacto-pro\/","og_site_name":"F&ouml;&eth;urlandi&eth; heildsala","article_modified_time":"2026-01-05T15:20:49+00:00","og_image":[{"width":600,"height":600,"url":"https:\/\/fodurlandid.is\/wp-content\/uploads\/2025\/07\/MR-7069-Mark-Ryden_3.jpg","type":"image\/jpeg"}],"twitter_card":"summary_large_image","twitter_misc":{"Est. reading time":"1 minute"},"schema":{"@context":"https:\/\/schema.org","@graph":[{"@type":"WebPage","@id":"https:\/\/fodurlandid.is\/vara\/mini-compacto-pro\/","url":"https:\/\/fodurlandid.is\/vara\/mini-compacto-pro\/","name":"Mini Compacto Pro er fullkomin og l\u00e9tt 12,3 l\u00edtra axlartaska","isPartOf":{"@id":"https:\/\/fodurlandid.is\/#website"},"primaryImageOfPage":{"@id":"https:\/\/fodurlandid.is\/vara\/mini-compacto-pro\/#primaryimage"},"image":{"@id":"https:\/\/fodurlandid.is\/vara\/mini-compacto-pro\/#primaryimage"},"thumbnailUrl":"https:\/\/fodurlandid.is\/wp-content\/uploads\/2025\/07\/MR-7069-Mark-Ryden_3.jpg","datePublished":"2025-07-10T19:40:58+00:00","dateModified":"2026-01-05T15:20:49+00:00","description":"Axlartaskan \/ Cross body er h\u00f6nnu\u00f0 fyrir f\u00f3lk \u00e1 fer\u00f0inni. Innbyggt USB-A hle\u00f0slutengi fyrir hle\u00f0slubanka sem geymdur er ofan \u00ed t\u00f6skunni. H\u00e1g\u00e6\u00f0a YKK rennil\u00e1s","breadcrumb":{"@id":"https:\/\/fodurlandid.is\/vara\/mini-compacto-pro\/#breadcrumb"},"inLanguage":"en-US","potentialAction":[{"@type":"ReadAction","target":["https:\/\/fodurlandid.is\/vara\/mini-compacto-pro\/"]}]},{"@type":"ImageObject","inLanguage":"en-US","@id":"https:\/\/fodurlandid.is\/vara\/mini-compacto-pro\/#primaryimage","url":"https:\/\/fodurlandid.is\/wp-content\/uploads\/2025\/07\/MR-7069-Mark-Ryden_3.jpg","contentUrl":"https:\/\/fodurlandid.is\/wp-content\/uploads\/2025\/07\/MR-7069-Mark-Ryden_3.jpg","width":600,"height":600},{"@type":"BreadcrumbList","@id":"https:\/\/fodurlandid.is\/vara\/mini-compacto-pro\/#breadcrumb","itemListElement":[{"@type":"ListItem","position":1,"name":"Home","item":"https:\/\/fodurlandid.is\/"},{"@type":"ListItem","position":2,"name":"Shop","item":"https:\/\/www.vorulagerinn.is\/heildsala\/en\/shop\/"},{"@type":"ListItem","position":3,"name":"Mini Compacto Pro er fullkomin og l\u00e9tt 12,3 l\u00edtra axlartaska fyrir n\u00fat\u00edma l\u00edfsst\u00edl"}]},{"@type":"WebSite","@id":"https:\/\/fodurlandid.is\/#website","url":"https:\/\/fodurlandid.is\/","name":"F\u00f6\u00f0urlandi\u00f0 ehf, heildsala","description":"Innflutnings, umbo&eth;s- og dreifingara&eth;ili","publisher":{"@id":"https:\/\/fodurlandid.is\/#organization"},"alternateName":"Innflutnings, umbo\u00f0s- og dreifingara\u00f0ili","potentialAction":[{"@type":"SearchAction","target":{"@type":"EntryPoint","urlTemplate":"https:\/\/fodurlandid.is\/?s={search_term_string}"},"query-input":{"@type":"PropertyValueSpecification","valueRequired":true,"valueName":"search_term_string"}}],"inLanguage":"en-US"},{"@type":"Organization","@id":"https:\/\/fodurlandid.is\/#organization","name":"Innflutnings, umbo\u00f0s- og dreifingara\u00f0ili","url":"https:\/\/fodurlandid.is\/","logo":{"@type":"ImageObject","inLanguage":"en-US","@id":"https:\/\/fodurlandid.is\/#\/schema\/logo\/image\/","url":"https:\/\/fodurlandid.is\/wp-content\/uploads\/2024\/05\/Fodurlandid.png","contentUrl":"https:\/\/fodurlandid.is\/wp-content\/uploads\/2024\/05\/Fodurlandid.png","width":400,"height":293,"caption":"Innflutnings, umbo\u00f0s- og dreifingara\u00f0ili"},"image":{"@id":"https:\/\/fodurlandid.is\/#\/schema\/logo\/image\/"}}]}},"_links":{"self":[{"href":"https:\/\/fodurlandid.is\/en\/wp-json\/wp\/v2\/product\/24048","targetHints":{"allow":["GET"]}}],"collection":[{"href":"https:\/\/fodurlandid.is\/en\/wp-json\/wp\/v2\/product"}],"about":[{"href":"https:\/\/fodurlandid.is\/en\/wp-json\/wp\/v2\/types\/product"}],"wp:featuredmedia":[{"embeddable":true,"href":"https:\/\/fodurlandid.is\/en\/wp-json\/wp\/v2\/media\/24055"}],"wp:attachment":[{"href":"https:\/\/fodurlandid.is\/en\/wp-json\/wp\/v2\/media?parent=24048"}],"wp:term":[{"taxonomy":"product_brand","embeddable":true,"href":"https:\/\/fodurlandid.is\/en\/wp-json\/wp\/v2\/product_brand?post=24048"},{"taxonomy":"product_cat","embeddable":true,"href":"https:\/\/fodurlandid.is\/en\/wp-json\/wp\/v2\/product_cat?post=24048"},{"taxonomy":"product_tag","embeddable":true,"href":"https:\/\/fodurlandid.is\/en\/wp-json\/wp\/v2\/product_tag?post=24048"}],"curies":[{"name":"wp","href":"https:\/\/api.w.org\/{rel}","templated":true}]}}