{"id":24032,"date":"2025-07-10T10:59:58","date_gmt":"2025-07-10T10:59:58","guid":{"rendered":"https:\/\/fodurlandid.is\/?post_type=product&#038;p=24032"},"modified":"2026-02-15T19:25:53","modified_gmt":"2026-02-15T19:25:53","slug":"carry","status":"publish","type":"product","link":"https:\/\/fodurlandid.is\/en\/product\/carry\/","title":{"rendered":"Carry er gl\u00e6sileg 33 l\u00edtra helgar- og \u00ed\u00fer\u00f3ttataska undir \u00fea\u00f0 helsta"},"content":{"rendered":"<div style=\"width: 960px;\" class=\"wp-video\"><video class=\"wp-video-shortcode\" id=\"video-24032-1\" width=\"960\" height=\"540\" preload=\"metadata\" controls=\"controls\"><source type=\"video\/mp4\" src=\"https:\/\/fodurlandid.is\/wp-content\/uploads\/2025\/07\/MR-8066.mp4?_=1\" \/><a href=\"https:\/\/fodurlandid.is\/wp-content\/uploads\/2025\/07\/MR-8066.mp4\">https:\/\/fodurlandid.is\/wp-content\/uploads\/2025\/07\/MR-8066.mp4<\/a><\/video><\/div>\n","protected":false},"excerpt":{"rendered":"<p>Falleg, st\u00edlhrein og v\u00f6ndu\u00f0 33 l\u00edtra helgartaska \/ \u00ed\u00fer\u00f3ttataska fr\u00e1 Mark Ryden. Taskan er me\u00f0 einu st\u00f3ru a\u00f0alh\u00f3lfi, vatnsheldum vasa me\u00f0 rennil\u00e1s \u00e1samt tveimur opnum v\u00f6sum. A\u00f0 framan er vasi me\u00f0 rennil\u00e1s \u00e1samt festingu fyrir fer\u00f0at\u00f6skur svo au\u00f0velt s\u00e9 a\u00f0 fer\u00f0ast me\u00f0 hana fasta vi\u00f0 handfang fer\u00f0at\u00f6skunnar \u00ed fer\u00f0alaginu.Taskan hrindir fr\u00e1 s\u00e9r vatni og hentar einstaklega vel til a\u00f0 taka me\u00f0 \u00ed r\u00e6ktina, sund, \u00e6fingu, b\u00fasta\u00f0inn e\u00f0a erlendis.<\/p>\n<p>Sj\u00e1 myndband af v\u00f6runni ne\u00f0ar \u00e1 \u00feessari s\u00ed\u00f0u<\/p>\n<p>&#8211; Litur: Svartur<br \/>\n&#8211; St\u00e6r\u00f0: 50x35x19 cm (33 l\u00edtra)<br \/>\n&#8211; \u00deyngd: 0,75 kg<br \/>\n&#8211; Efni: Oxford Fabric<br \/>\n&#8211; Hrindir fr\u00e1 s\u00e9r vatni<\/p>\n","protected":false},"featured_media":24038,"template":"","meta":[],"product_brand":[401],"product_cat":[405],"product_tag":[],"class_list":{"0":"post-24032","1":"product","2":"type-product","3":"status-publish","4":"has-post-thumbnail","6":"product_brand-mark-ryden","7":"product_cat-helgar-og-ithrottatoskur","9":"first","10":"instock","11":"taxable","12":"shipping-taxable","13":"product-type-simple"},"yoast_head":"<!-- This site is optimized with the Yoast SEO Premium plugin v21.5 (Yoast SEO v27.3) - https:\/\/yoast.com\/product\/yoast-seo-premium-wordpress\/ -->\n<title>Carry er 33 l\u00edtra helgar- og \u00ed\u00fer\u00f3ttataska undir \u00fea\u00f0 helsta<\/title>\n<meta name=\"description\" content=\"Falleg, st\u00edlhrein og v\u00f6ndu\u00f0 33 l\u00edtra \u00ed\u00fer\u00f3tta- og helgartaska fr\u00e1 Mark Ryden. Gl\u00e6sileg taska til a\u00f0 taka me\u00f0 \u00ed r\u00e6ktina, sund, \u00e6fingu, b\u00fasta\u00f0inn e\u00f0a erlendis.\" \/>\n<meta name=\"robots\" content=\"index, follow, max-snippet:-1, max-image-preview:large, max-video-preview:-1\" \/>\n<link rel=\"canonical\" href=\"https:\/\/fodurlandid.is\/vara\/carry\/\" \/>\n<meta property=\"og:locale\" content=\"en_US\" \/>\n<meta property=\"og:type\" content=\"article\" \/>\n<meta property=\"og:title\" content=\"Carry er gl\u00e6sileg 33 l\u00edtra helgar- og \u00ed\u00fer\u00f3ttataska undir \u00fea\u00f0 helsta\" \/>\n<meta property=\"og:description\" content=\"Falleg, st\u00edlhrein og v\u00f6ndu\u00f0 33 l\u00edtra \u00ed\u00fer\u00f3tta- og helgartaska fr\u00e1 Mark Ryden. Gl\u00e6sileg taska til a\u00f0 taka me\u00f0 \u00ed r\u00e6ktina, sund, \u00e6fingu, b\u00fasta\u00f0inn e\u00f0a erlendis.\" \/>\n<meta property=\"og:url\" content=\"https:\/\/fodurlandid.is\/vara\/carry\/\" \/>\n<meta property=\"og:site_name\" content=\"F&ouml;&eth;urlandi&eth; heildsala\" \/>\n<meta property=\"article:modified_time\" content=\"2026-02-15T19:25:53+00:00\" \/>\n<meta property=\"og:image\" content=\"https:\/\/fodurlandid.is\/wp-content\/uploads\/2025\/07\/MR-8066-1.jpg\" \/>\n\t<meta property=\"og:image:width\" content=\"600\" \/>\n\t<meta property=\"og:image:height\" content=\"600\" \/>\n\t<meta property=\"og:image:type\" content=\"image\/jpeg\" \/>\n<meta name=\"twitter:card\" content=\"summary_large_image\" \/>\n<meta name=\"twitter:label1\" content=\"Est. reading time\" \/>\n\t<meta name=\"twitter:data1\" content=\"1 minute\" \/>\n<script type=\"application\/ld+json\" class=\"yoast-schema-graph\">{\"@context\":\"https:\\\/\\\/schema.org\",\"@graph\":[{\"@type\":\"WebPage\",\"@id\":\"https:\\\/\\\/fodurlandid.is\\\/vara\\\/carry\\\/\",\"url\":\"https:\\\/\\\/fodurlandid.is\\\/vara\\\/carry\\\/\",\"name\":\"Carry er 33 l\u00edtra helgar- og \u00ed\u00fer\u00f3ttataska undir \u00fea\u00f0 helsta\",\"isPartOf\":{\"@id\":\"https:\\\/\\\/fodurlandid.is\\\/#website\"},\"primaryImageOfPage\":{\"@id\":\"https:\\\/\\\/fodurlandid.is\\\/vara\\\/carry\\\/#primaryimage\"},\"image\":{\"@id\":\"https:\\\/\\\/fodurlandid.is\\\/vara\\\/carry\\\/#primaryimage\"},\"thumbnailUrl\":\"https:\\\/\\\/fodurlandid.is\\\/wp-content\\\/uploads\\\/2025\\\/07\\\/MR-8066-1.jpg\",\"datePublished\":\"2025-07-10T10:59:58+00:00\",\"dateModified\":\"2026-02-15T19:25:53+00:00\",\"description\":\"Falleg, st\u00edlhrein og v\u00f6ndu\u00f0 33 l\u00edtra \u00ed\u00fer\u00f3tta- og helgartaska fr\u00e1 Mark Ryden. Gl\u00e6sileg taska til a\u00f0 taka me\u00f0 \u00ed r\u00e6ktina, sund, \u00e6fingu, b\u00fasta\u00f0inn e\u00f0a erlendis.\",\"breadcrumb\":{\"@id\":\"https:\\\/\\\/fodurlandid.is\\\/vara\\\/carry\\\/#breadcrumb\"},\"inLanguage\":\"en-US\",\"potentialAction\":[{\"@type\":\"ReadAction\",\"target\":[\"https:\\\/\\\/fodurlandid.is\\\/vara\\\/carry\\\/\"]}]},{\"@type\":\"ImageObject\",\"inLanguage\":\"en-US\",\"@id\":\"https:\\\/\\\/fodurlandid.is\\\/vara\\\/carry\\\/#primaryimage\",\"url\":\"https:\\\/\\\/fodurlandid.is\\\/wp-content\\\/uploads\\\/2025\\\/07\\\/MR-8066-1.jpg\",\"contentUrl\":\"https:\\\/\\\/fodurlandid.is\\\/wp-content\\\/uploads\\\/2025\\\/07\\\/MR-8066-1.jpg\",\"width\":600,\"height\":600},{\"@type\":\"BreadcrumbList\",\"@id\":\"https:\\\/\\\/fodurlandid.is\\\/vara\\\/carry\\\/#breadcrumb\",\"itemListElement\":[{\"@type\":\"ListItem\",\"position\":1,\"name\":\"Home\",\"item\":\"https:\\\/\\\/fodurlandid.is\\\/\"},{\"@type\":\"ListItem\",\"position\":2,\"name\":\"Shop\",\"item\":\"https:\\\/\\\/www.vorulagerinn.is\\\/heildsala\\\/en\\\/shop\\\/\"},{\"@type\":\"ListItem\",\"position\":3,\"name\":\"Carry er gl\u00e6sileg 33 l\u00edtra helgar- og \u00ed\u00fer\u00f3ttataska undir \u00fea\u00f0 helsta\"}]},{\"@type\":\"WebSite\",\"@id\":\"https:\\\/\\\/fodurlandid.is\\\/#website\",\"url\":\"https:\\\/\\\/fodurlandid.is\\\/\",\"name\":\"F\u00f6\u00f0urlandi\u00f0 ehf, heildsala\",\"description\":\"Innflutnings, umbo&eth;s- og dreifingara&eth;ili\",\"publisher\":{\"@id\":\"https:\\\/\\\/fodurlandid.is\\\/#organization\"},\"alternateName\":\"Innflutnings, umbo\u00f0s- og dreifingara\u00f0ili\",\"potentialAction\":[{\"@type\":\"SearchAction\",\"target\":{\"@type\":\"EntryPoint\",\"urlTemplate\":\"https:\\\/\\\/fodurlandid.is\\\/?s={search_term_string}\"},\"query-input\":{\"@type\":\"PropertyValueSpecification\",\"valueRequired\":true,\"valueName\":\"search_term_string\"}}],\"inLanguage\":\"en-US\"},{\"@type\":\"Organization\",\"@id\":\"https:\\\/\\\/fodurlandid.is\\\/#organization\",\"name\":\"Innflutnings, umbo\u00f0s- og dreifingara\u00f0ili\",\"url\":\"https:\\\/\\\/fodurlandid.is\\\/\",\"logo\":{\"@type\":\"ImageObject\",\"inLanguage\":\"en-US\",\"@id\":\"https:\\\/\\\/fodurlandid.is\\\/#\\\/schema\\\/logo\\\/image\\\/\",\"url\":\"https:\\\/\\\/fodurlandid.is\\\/wp-content\\\/uploads\\\/2024\\\/05\\\/Fodurlandid.png\",\"contentUrl\":\"https:\\\/\\\/fodurlandid.is\\\/wp-content\\\/uploads\\\/2024\\\/05\\\/Fodurlandid.png\",\"width\":400,\"height\":293,\"caption\":\"Innflutnings, umbo\u00f0s- og dreifingara\u00f0ili\"},\"image\":{\"@id\":\"https:\\\/\\\/fodurlandid.is\\\/#\\\/schema\\\/logo\\\/image\\\/\"}}]}<\/script>\n<!-- \/ Yoast SEO Premium plugin. -->","yoast_head_json":{"title":"Carry er 33 l\u00edtra helgar- og \u00ed\u00fer\u00f3ttataska undir \u00fea\u00f0 helsta","description":"Falleg, st\u00edlhrein og v\u00f6ndu\u00f0 33 l\u00edtra \u00ed\u00fer\u00f3tta- og helgartaska fr\u00e1 Mark Ryden. Gl\u00e6sileg taska til a\u00f0 taka me\u00f0 \u00ed r\u00e6ktina, sund, \u00e6fingu, b\u00fasta\u00f0inn e\u00f0a erlendis.","robots":{"index":"index","follow":"follow","max-snippet":"max-snippet:-1","max-image-preview":"max-image-preview:large","max-video-preview":"max-video-preview:-1"},"canonical":"https:\/\/fodurlandid.is\/vara\/carry\/","og_locale":"en_US","og_type":"article","og_title":"Carry er gl\u00e6sileg 33 l\u00edtra helgar- og \u00ed\u00fer\u00f3ttataska undir \u00fea\u00f0 helsta","og_description":"Falleg, st\u00edlhrein og v\u00f6ndu\u00f0 33 l\u00edtra \u00ed\u00fer\u00f3tta- og helgartaska fr\u00e1 Mark Ryden. Gl\u00e6sileg taska til a\u00f0 taka me\u00f0 \u00ed r\u00e6ktina, sund, \u00e6fingu, b\u00fasta\u00f0inn e\u00f0a erlendis.","og_url":"https:\/\/fodurlandid.is\/vara\/carry\/","og_site_name":"F&ouml;&eth;urlandi&eth; heildsala","article_modified_time":"2026-02-15T19:25:53+00:00","og_image":[{"width":600,"height":600,"url":"https:\/\/fodurlandid.is\/wp-content\/uploads\/2025\/07\/MR-8066-1.jpg","type":"image\/jpeg"}],"twitter_card":"summary_large_image","twitter_misc":{"Est. reading time":"1 minute"},"schema":{"@context":"https:\/\/schema.org","@graph":[{"@type":"WebPage","@id":"https:\/\/fodurlandid.is\/vara\/carry\/","url":"https:\/\/fodurlandid.is\/vara\/carry\/","name":"Carry er 33 l\u00edtra helgar- og \u00ed\u00fer\u00f3ttataska undir \u00fea\u00f0 helsta","isPartOf":{"@id":"https:\/\/fodurlandid.is\/#website"},"primaryImageOfPage":{"@id":"https:\/\/fodurlandid.is\/vara\/carry\/#primaryimage"},"image":{"@id":"https:\/\/fodurlandid.is\/vara\/carry\/#primaryimage"},"thumbnailUrl":"https:\/\/fodurlandid.is\/wp-content\/uploads\/2025\/07\/MR-8066-1.jpg","datePublished":"2025-07-10T10:59:58+00:00","dateModified":"2026-02-15T19:25:53+00:00","description":"Falleg, st\u00edlhrein og v\u00f6ndu\u00f0 33 l\u00edtra \u00ed\u00fer\u00f3tta- og helgartaska fr\u00e1 Mark Ryden. Gl\u00e6sileg taska til a\u00f0 taka me\u00f0 \u00ed r\u00e6ktina, sund, \u00e6fingu, b\u00fasta\u00f0inn e\u00f0a erlendis.","breadcrumb":{"@id":"https:\/\/fodurlandid.is\/vara\/carry\/#breadcrumb"},"inLanguage":"en-US","potentialAction":[{"@type":"ReadAction","target":["https:\/\/fodurlandid.is\/vara\/carry\/"]}]},{"@type":"ImageObject","inLanguage":"en-US","@id":"https:\/\/fodurlandid.is\/vara\/carry\/#primaryimage","url":"https:\/\/fodurlandid.is\/wp-content\/uploads\/2025\/07\/MR-8066-1.jpg","contentUrl":"https:\/\/fodurlandid.is\/wp-content\/uploads\/2025\/07\/MR-8066-1.jpg","width":600,"height":600},{"@type":"BreadcrumbList","@id":"https:\/\/fodurlandid.is\/vara\/carry\/#breadcrumb","itemListElement":[{"@type":"ListItem","position":1,"name":"Home","item":"https:\/\/fodurlandid.is\/"},{"@type":"ListItem","position":2,"name":"Shop","item":"https:\/\/www.vorulagerinn.is\/heildsala\/en\/shop\/"},{"@type":"ListItem","position":3,"name":"Carry er gl\u00e6sileg 33 l\u00edtra helgar- og \u00ed\u00fer\u00f3ttataska undir \u00fea\u00f0 helsta"}]},{"@type":"WebSite","@id":"https:\/\/fodurlandid.is\/#website","url":"https:\/\/fodurlandid.is\/","name":"F\u00f6\u00f0urlandi\u00f0 ehf, heildsala","description":"Innflutnings, umbo&eth;s- og dreifingara&eth;ili","publisher":{"@id":"https:\/\/fodurlandid.is\/#organization"},"alternateName":"Innflutnings, umbo\u00f0s- og dreifingara\u00f0ili","potentialAction":[{"@type":"SearchAction","target":{"@type":"EntryPoint","urlTemplate":"https:\/\/fodurlandid.is\/?s={search_term_string}"},"query-input":{"@type":"PropertyValueSpecification","valueRequired":true,"valueName":"search_term_string"}}],"inLanguage":"en-US"},{"@type":"Organization","@id":"https:\/\/fodurlandid.is\/#organization","name":"Innflutnings, umbo\u00f0s- og dreifingara\u00f0ili","url":"https:\/\/fodurlandid.is\/","logo":{"@type":"ImageObject","inLanguage":"en-US","@id":"https:\/\/fodurlandid.is\/#\/schema\/logo\/image\/","url":"https:\/\/fodurlandid.is\/wp-content\/uploads\/2024\/05\/Fodurlandid.png","contentUrl":"https:\/\/fodurlandid.is\/wp-content\/uploads\/2024\/05\/Fodurlandid.png","width":400,"height":293,"caption":"Innflutnings, umbo\u00f0s- og dreifingara\u00f0ili"},"image":{"@id":"https:\/\/fodurlandid.is\/#\/schema\/logo\/image\/"}}]}},"_links":{"self":[{"href":"https:\/\/fodurlandid.is\/en\/wp-json\/wp\/v2\/product\/24032","targetHints":{"allow":["GET"]}}],"collection":[{"href":"https:\/\/fodurlandid.is\/en\/wp-json\/wp\/v2\/product"}],"about":[{"href":"https:\/\/fodurlandid.is\/en\/wp-json\/wp\/v2\/types\/product"}],"wp:featuredmedia":[{"embeddable":true,"href":"https:\/\/fodurlandid.is\/en\/wp-json\/wp\/v2\/media\/24038"}],"wp:attachment":[{"href":"https:\/\/fodurlandid.is\/en\/wp-json\/wp\/v2\/media?parent=24032"}],"wp:term":[{"taxonomy":"product_brand","embeddable":true,"href":"https:\/\/fodurlandid.is\/en\/wp-json\/wp\/v2\/product_brand?post=24032"},{"taxonomy":"product_cat","embeddable":true,"href":"https:\/\/fodurlandid.is\/en\/wp-json\/wp\/v2\/product_cat?post=24032"},{"taxonomy":"product_tag","embeddable":true,"href":"https:\/\/fodurlandid.is\/en\/wp-json\/wp\/v2\/product_tag?post=24032"}],"curies":[{"name":"wp","href":"https:\/\/api.w.org\/{rel}","templated":true}]}}