{"id":24021,"date":"2025-07-10T10:26:01","date_gmt":"2025-07-10T10:26:01","guid":{"rendered":"https:\/\/fodurlandid.is\/?post_type=product&#038;p=24021"},"modified":"2026-01-21T12:15:26","modified_gmt":"2026-01-21T12:15:26","slug":"the-worksman","status":"publish","type":"product","link":"https:\/\/fodurlandid.is\/en\/product\/the-worksman\/","title":{"rendered":"The Worksman er 45 l\u00edtra st\u00edlhrein helgar- og \u00ed\u00fer\u00f3ttataska me\u00f0 s\u00e9r h\u00f3lfi fyrir sk\u00f3b\u00fana\u00f0"},"content":{"rendered":"<div style=\"width: 540px;\" class=\"wp-video\"><video class=\"wp-video-shortcode\" id=\"video-24021-1\" width=\"540\" height=\"540\" preload=\"metadata\" controls=\"controls\"><source type=\"video\/mp4\" src=\"https:\/\/fodurlandid.is\/wp-content\/uploads\/2025\/07\/MR-8206.mp4?_=1\" \/><a href=\"https:\/\/fodurlandid.is\/wp-content\/uploads\/2025\/07\/MR-8206.mp4\">https:\/\/fodurlandid.is\/wp-content\/uploads\/2025\/07\/MR-8206.mp4<\/a><\/video><\/div>\n","protected":false},"excerpt":{"rendered":"<p>St\u00edlhrein og gl\u00e6sileg 45 l\u00edtra helgar- og \u00ed\u00fer\u00f3ttataska me\u00f0 einu a\u00f0alh\u00f3lfi, \u00feremur v\u00f6sum me\u00f0 rennil\u00e1s og tveimur opnum v\u00f6sum. A\u00f0 framan er einn st\u00f3r vasi me\u00f0 rennil\u00e1s \u00e1samt tveimur opnum v\u00f6sum. A\u00f0 aftan er einn vasi me\u00f0 rennil\u00e1s og einn opin vasi. \u00c1 annari hli\u00f0inni er vasi me\u00f0 rennil\u00e1s en \u00e1 hinni er st\u00f3r vasi me\u00f0 loftun og rennil\u00e1s fyrir sk\u00f3b\u00fana\u00f0. Taskan er vatnsheld og hentar einstaklega vel undir \u00fea\u00f0 helsta \u00ed fer\u00f0alagi\u00f0, r\u00e6ktina, sund, \u00e6fingu, b\u00fasta\u00f0inn e\u00f0a erlendis.<\/p>\n<p>Sj\u00e1\u00f0u myndbandi\u00f0 af v\u00f6runni ne\u00f0ar \u00e1 \u00feessari s\u00ed\u00f0u.<\/p>\n<p>\u2013 Litur: Svartur<br \/>\n\u2013 St\u00e6r\u00f0: 55x33x25 cm (45,4 l\u00edtra)<br \/>\n\u2013 \u00deyngd: 1,54 kg<br \/>\n\u2013 Efni: Oxford (vatnsheld)<br \/>\n\u2013 S\u00e9r h\u00f3lf fyrir sk\u00f3b\u00fana\u00f0 (max nr. 45)<\/p>\n","protected":false},"featured_media":24030,"template":"","meta":[],"product_brand":[401],"product_cat":[405],"product_tag":[],"class_list":{"0":"post-24021","1":"product","2":"type-product","3":"status-publish","4":"has-post-thumbnail","6":"product_brand-mark-ryden","7":"product_cat-helgar-og-ithrottatoskur","9":"first","10":"instock","11":"taxable","12":"shipping-taxable","13":"product-type-simple"},"yoast_head":"<!-- This site is optimized with the Yoast SEO Premium plugin v21.5 (Yoast SEO v27.3) - https:\/\/yoast.com\/product\/yoast-seo-premium-wordpress\/ -->\n<title>The Worksman | 45 l\u00edtra helgar- &amp; \u00ed\u00fer\u00f3ttataska | H\u00f3lf fyrir sk\u00f3b\u00fana\u00f0<\/title>\n<meta name=\"description\" content=\"Gl\u00e6sileg 45 l\u00edtra helgar- og \u00ed\u00fer\u00f3ttataska me\u00f0 s\u00e9r vasa me\u00f0 loftun fyrir sk\u00f3b\u00fana\u00f0. Upplagt a\u00f0 taka t\u00f6skuna me\u00f0 \u00ed r\u00e6ktina, sund, \u00e6fingu e\u00f0a b\u00fasta\u00f0inn\" \/>\n<meta name=\"robots\" content=\"index, follow, max-snippet:-1, max-image-preview:large, max-video-preview:-1\" \/>\n<link rel=\"canonical\" href=\"https:\/\/fodurlandid.is\/vara\/the-worksman\/\" \/>\n<meta property=\"og:locale\" content=\"en_US\" \/>\n<meta property=\"og:type\" content=\"article\" \/>\n<meta property=\"og:title\" content=\"The Worksman er 45 l\u00edtra st\u00edlhrein helgar- og \u00ed\u00fer\u00f3ttataska me\u00f0 s\u00e9r h\u00f3lfi fyrir sk\u00f3b\u00fana\u00f0\" \/>\n<meta property=\"og:description\" content=\"Gl\u00e6sileg 45 l\u00edtra helgar- og \u00ed\u00fer\u00f3ttataska me\u00f0 s\u00e9r vasa me\u00f0 loftun fyrir sk\u00f3b\u00fana\u00f0. Upplagt a\u00f0 taka t\u00f6skuna me\u00f0 \u00ed r\u00e6ktina, sund, \u00e6fingu e\u00f0a b\u00fasta\u00f0inn\" \/>\n<meta property=\"og:url\" content=\"https:\/\/fodurlandid.is\/vara\/the-worksman\/\" \/>\n<meta property=\"og:site_name\" content=\"F&ouml;&eth;urlandi&eth; heildsala\" \/>\n<meta property=\"article:modified_time\" content=\"2026-01-21T12:15:26+00:00\" \/>\n<meta property=\"og:image\" content=\"https:\/\/fodurlandid.is\/wp-content\/uploads\/2025\/07\/MR-8206-_-.jpg\" \/>\n\t<meta property=\"og:image:width\" content=\"600\" \/>\n\t<meta property=\"og:image:height\" content=\"600\" \/>\n\t<meta property=\"og:image:type\" content=\"image\/jpeg\" \/>\n<meta name=\"twitter:card\" content=\"summary_large_image\" \/>\n<meta name=\"twitter:label1\" content=\"Est. reading time\" \/>\n\t<meta name=\"twitter:data1\" content=\"1 minute\" \/>\n<script type=\"application\/ld+json\" class=\"yoast-schema-graph\">{\"@context\":\"https:\\\/\\\/schema.org\",\"@graph\":[{\"@type\":\"WebPage\",\"@id\":\"https:\\\/\\\/fodurlandid.is\\\/vara\\\/the-worksman\\\/\",\"url\":\"https:\\\/\\\/fodurlandid.is\\\/vara\\\/the-worksman\\\/\",\"name\":\"The Worksman | 45 l\u00edtra helgar- & \u00ed\u00fer\u00f3ttataska | H\u00f3lf fyrir sk\u00f3b\u00fana\u00f0\",\"isPartOf\":{\"@id\":\"https:\\\/\\\/fodurlandid.is\\\/#website\"},\"primaryImageOfPage\":{\"@id\":\"https:\\\/\\\/fodurlandid.is\\\/vara\\\/the-worksman\\\/#primaryimage\"},\"image\":{\"@id\":\"https:\\\/\\\/fodurlandid.is\\\/vara\\\/the-worksman\\\/#primaryimage\"},\"thumbnailUrl\":\"https:\\\/\\\/fodurlandid.is\\\/wp-content\\\/uploads\\\/2025\\\/07\\\/MR-8206-_-.jpg\",\"datePublished\":\"2025-07-10T10:26:01+00:00\",\"dateModified\":\"2026-01-21T12:15:26+00:00\",\"description\":\"Gl\u00e6sileg 45 l\u00edtra helgar- og \u00ed\u00fer\u00f3ttataska me\u00f0 s\u00e9r vasa me\u00f0 loftun fyrir sk\u00f3b\u00fana\u00f0. Upplagt a\u00f0 taka t\u00f6skuna me\u00f0 \u00ed r\u00e6ktina, sund, \u00e6fingu e\u00f0a b\u00fasta\u00f0inn\",\"breadcrumb\":{\"@id\":\"https:\\\/\\\/fodurlandid.is\\\/vara\\\/the-worksman\\\/#breadcrumb\"},\"inLanguage\":\"en-US\",\"potentialAction\":[{\"@type\":\"ReadAction\",\"target\":[\"https:\\\/\\\/fodurlandid.is\\\/vara\\\/the-worksman\\\/\"]}]},{\"@type\":\"ImageObject\",\"inLanguage\":\"en-US\",\"@id\":\"https:\\\/\\\/fodurlandid.is\\\/vara\\\/the-worksman\\\/#primaryimage\",\"url\":\"https:\\\/\\\/fodurlandid.is\\\/wp-content\\\/uploads\\\/2025\\\/07\\\/MR-8206-_-.jpg\",\"contentUrl\":\"https:\\\/\\\/fodurlandid.is\\\/wp-content\\\/uploads\\\/2025\\\/07\\\/MR-8206-_-.jpg\",\"width\":600,\"height\":600},{\"@type\":\"BreadcrumbList\",\"@id\":\"https:\\\/\\\/fodurlandid.is\\\/vara\\\/the-worksman\\\/#breadcrumb\",\"itemListElement\":[{\"@type\":\"ListItem\",\"position\":1,\"name\":\"Home\",\"item\":\"https:\\\/\\\/fodurlandid.is\\\/\"},{\"@type\":\"ListItem\",\"position\":2,\"name\":\"Shop\",\"item\":\"https:\\\/\\\/www.vorulagerinn.is\\\/heildsala\\\/en\\\/shop\\\/\"},{\"@type\":\"ListItem\",\"position\":3,\"name\":\"The Worksman er 45 l\u00edtra st\u00edlhrein helgar- og \u00ed\u00fer\u00f3ttataska me\u00f0 s\u00e9r h\u00f3lfi fyrir sk\u00f3b\u00fana\u00f0\"}]},{\"@type\":\"WebSite\",\"@id\":\"https:\\\/\\\/fodurlandid.is\\\/#website\",\"url\":\"https:\\\/\\\/fodurlandid.is\\\/\",\"name\":\"F\u00f6\u00f0urlandi\u00f0 ehf, heildsala\",\"description\":\"Innflutnings, umbo&eth;s- og dreifingara&eth;ili\",\"publisher\":{\"@id\":\"https:\\\/\\\/fodurlandid.is\\\/#organization\"},\"alternateName\":\"Innflutnings, umbo\u00f0s- og dreifingara\u00f0ili\",\"potentialAction\":[{\"@type\":\"SearchAction\",\"target\":{\"@type\":\"EntryPoint\",\"urlTemplate\":\"https:\\\/\\\/fodurlandid.is\\\/?s={search_term_string}\"},\"query-input\":{\"@type\":\"PropertyValueSpecification\",\"valueRequired\":true,\"valueName\":\"search_term_string\"}}],\"inLanguage\":\"en-US\"},{\"@type\":\"Organization\",\"@id\":\"https:\\\/\\\/fodurlandid.is\\\/#organization\",\"name\":\"Innflutnings, umbo\u00f0s- og dreifingara\u00f0ili\",\"url\":\"https:\\\/\\\/fodurlandid.is\\\/\",\"logo\":{\"@type\":\"ImageObject\",\"inLanguage\":\"en-US\",\"@id\":\"https:\\\/\\\/fodurlandid.is\\\/#\\\/schema\\\/logo\\\/image\\\/\",\"url\":\"https:\\\/\\\/fodurlandid.is\\\/wp-content\\\/uploads\\\/2024\\\/05\\\/Fodurlandid.png\",\"contentUrl\":\"https:\\\/\\\/fodurlandid.is\\\/wp-content\\\/uploads\\\/2024\\\/05\\\/Fodurlandid.png\",\"width\":400,\"height\":293,\"caption\":\"Innflutnings, umbo\u00f0s- og dreifingara\u00f0ili\"},\"image\":{\"@id\":\"https:\\\/\\\/fodurlandid.is\\\/#\\\/schema\\\/logo\\\/image\\\/\"}}]}<\/script>\n<!-- \/ Yoast SEO Premium plugin. -->","yoast_head_json":{"title":"The Worksman | 45 l\u00edtra helgar- & \u00ed\u00fer\u00f3ttataska | H\u00f3lf fyrir sk\u00f3b\u00fana\u00f0","description":"Gl\u00e6sileg 45 l\u00edtra helgar- og \u00ed\u00fer\u00f3ttataska me\u00f0 s\u00e9r vasa me\u00f0 loftun fyrir sk\u00f3b\u00fana\u00f0. Upplagt a\u00f0 taka t\u00f6skuna me\u00f0 \u00ed r\u00e6ktina, sund, \u00e6fingu e\u00f0a b\u00fasta\u00f0inn","robots":{"index":"index","follow":"follow","max-snippet":"max-snippet:-1","max-image-preview":"max-image-preview:large","max-video-preview":"max-video-preview:-1"},"canonical":"https:\/\/fodurlandid.is\/vara\/the-worksman\/","og_locale":"en_US","og_type":"article","og_title":"The Worksman er 45 l\u00edtra st\u00edlhrein helgar- og \u00ed\u00fer\u00f3ttataska me\u00f0 s\u00e9r h\u00f3lfi fyrir sk\u00f3b\u00fana\u00f0","og_description":"Gl\u00e6sileg 45 l\u00edtra helgar- og \u00ed\u00fer\u00f3ttataska me\u00f0 s\u00e9r vasa me\u00f0 loftun fyrir sk\u00f3b\u00fana\u00f0. Upplagt a\u00f0 taka t\u00f6skuna me\u00f0 \u00ed r\u00e6ktina, sund, \u00e6fingu e\u00f0a b\u00fasta\u00f0inn","og_url":"https:\/\/fodurlandid.is\/vara\/the-worksman\/","og_site_name":"F&ouml;&eth;urlandi&eth; heildsala","article_modified_time":"2026-01-21T12:15:26+00:00","og_image":[{"width":600,"height":600,"url":"https:\/\/fodurlandid.is\/wp-content\/uploads\/2025\/07\/MR-8206-_-.jpg","type":"image\/jpeg"}],"twitter_card":"summary_large_image","twitter_misc":{"Est. reading time":"1 minute"},"schema":{"@context":"https:\/\/schema.org","@graph":[{"@type":"WebPage","@id":"https:\/\/fodurlandid.is\/vara\/the-worksman\/","url":"https:\/\/fodurlandid.is\/vara\/the-worksman\/","name":"The Worksman | 45 l\u00edtra helgar- & \u00ed\u00fer\u00f3ttataska | H\u00f3lf fyrir sk\u00f3b\u00fana\u00f0","isPartOf":{"@id":"https:\/\/fodurlandid.is\/#website"},"primaryImageOfPage":{"@id":"https:\/\/fodurlandid.is\/vara\/the-worksman\/#primaryimage"},"image":{"@id":"https:\/\/fodurlandid.is\/vara\/the-worksman\/#primaryimage"},"thumbnailUrl":"https:\/\/fodurlandid.is\/wp-content\/uploads\/2025\/07\/MR-8206-_-.jpg","datePublished":"2025-07-10T10:26:01+00:00","dateModified":"2026-01-21T12:15:26+00:00","description":"Gl\u00e6sileg 45 l\u00edtra helgar- og \u00ed\u00fer\u00f3ttataska me\u00f0 s\u00e9r vasa me\u00f0 loftun fyrir sk\u00f3b\u00fana\u00f0. Upplagt a\u00f0 taka t\u00f6skuna me\u00f0 \u00ed r\u00e6ktina, sund, \u00e6fingu e\u00f0a b\u00fasta\u00f0inn","breadcrumb":{"@id":"https:\/\/fodurlandid.is\/vara\/the-worksman\/#breadcrumb"},"inLanguage":"en-US","potentialAction":[{"@type":"ReadAction","target":["https:\/\/fodurlandid.is\/vara\/the-worksman\/"]}]},{"@type":"ImageObject","inLanguage":"en-US","@id":"https:\/\/fodurlandid.is\/vara\/the-worksman\/#primaryimage","url":"https:\/\/fodurlandid.is\/wp-content\/uploads\/2025\/07\/MR-8206-_-.jpg","contentUrl":"https:\/\/fodurlandid.is\/wp-content\/uploads\/2025\/07\/MR-8206-_-.jpg","width":600,"height":600},{"@type":"BreadcrumbList","@id":"https:\/\/fodurlandid.is\/vara\/the-worksman\/#breadcrumb","itemListElement":[{"@type":"ListItem","position":1,"name":"Home","item":"https:\/\/fodurlandid.is\/"},{"@type":"ListItem","position":2,"name":"Shop","item":"https:\/\/www.vorulagerinn.is\/heildsala\/en\/shop\/"},{"@type":"ListItem","position":3,"name":"The Worksman er 45 l\u00edtra st\u00edlhrein helgar- og \u00ed\u00fer\u00f3ttataska me\u00f0 s\u00e9r h\u00f3lfi fyrir sk\u00f3b\u00fana\u00f0"}]},{"@type":"WebSite","@id":"https:\/\/fodurlandid.is\/#website","url":"https:\/\/fodurlandid.is\/","name":"F\u00f6\u00f0urlandi\u00f0 ehf, heildsala","description":"Innflutnings, umbo&eth;s- og dreifingara&eth;ili","publisher":{"@id":"https:\/\/fodurlandid.is\/#organization"},"alternateName":"Innflutnings, umbo\u00f0s- og dreifingara\u00f0ili","potentialAction":[{"@type":"SearchAction","target":{"@type":"EntryPoint","urlTemplate":"https:\/\/fodurlandid.is\/?s={search_term_string}"},"query-input":{"@type":"PropertyValueSpecification","valueRequired":true,"valueName":"search_term_string"}}],"inLanguage":"en-US"},{"@type":"Organization","@id":"https:\/\/fodurlandid.is\/#organization","name":"Innflutnings, umbo\u00f0s- og dreifingara\u00f0ili","url":"https:\/\/fodurlandid.is\/","logo":{"@type":"ImageObject","inLanguage":"en-US","@id":"https:\/\/fodurlandid.is\/#\/schema\/logo\/image\/","url":"https:\/\/fodurlandid.is\/wp-content\/uploads\/2024\/05\/Fodurlandid.png","contentUrl":"https:\/\/fodurlandid.is\/wp-content\/uploads\/2024\/05\/Fodurlandid.png","width":400,"height":293,"caption":"Innflutnings, umbo\u00f0s- og dreifingara\u00f0ili"},"image":{"@id":"https:\/\/fodurlandid.is\/#\/schema\/logo\/image\/"}}]}},"_links":{"self":[{"href":"https:\/\/fodurlandid.is\/en\/wp-json\/wp\/v2\/product\/24021","targetHints":{"allow":["GET"]}}],"collection":[{"href":"https:\/\/fodurlandid.is\/en\/wp-json\/wp\/v2\/product"}],"about":[{"href":"https:\/\/fodurlandid.is\/en\/wp-json\/wp\/v2\/types\/product"}],"wp:featuredmedia":[{"embeddable":true,"href":"https:\/\/fodurlandid.is\/en\/wp-json\/wp\/v2\/media\/24030"}],"wp:attachment":[{"href":"https:\/\/fodurlandid.is\/en\/wp-json\/wp\/v2\/media?parent=24021"}],"wp:term":[{"taxonomy":"product_brand","embeddable":true,"href":"https:\/\/fodurlandid.is\/en\/wp-json\/wp\/v2\/product_brand?post=24021"},{"taxonomy":"product_cat","embeddable":true,"href":"https:\/\/fodurlandid.is\/en\/wp-json\/wp\/v2\/product_cat?post=24021"},{"taxonomy":"product_tag","embeddable":true,"href":"https:\/\/fodurlandid.is\/en\/wp-json\/wp\/v2\/product_tag?post=24021"}],"curies":[{"name":"wp","href":"https:\/\/api.w.org\/{rel}","templated":true}]}}