{"id":23997,"date":"2025-07-10T08:53:52","date_gmt":"2025-07-10T08:53:52","guid":{"rendered":"https:\/\/fodurlandid.is\/?post_type=product&#038;p=23997"},"modified":"2025-09-21T09:02:59","modified_gmt":"2025-09-21T09:02:59","slug":"compacto-pro","status":"publish","type":"product","link":"https:\/\/fodurlandid.is\/en\/product\/compacto-pro\/","title":{"rendered":"Compacto Pro er flaggskipi\u00f0 \u00ed vi\u00f0skiptal\u00ednunni fr\u00e1 Mark Ryden og er fyrir f\u00f3lk \u00e1 fer\u00f0inni"},"content":{"rendered":"<div style=\"width: 1020px;\" class=\"wp-video\"><video class=\"wp-video-shortcode\" id=\"video-23997-1\" width=\"1020\" height=\"574\" preload=\"metadata\" controls=\"controls\"><source type=\"video\/mp4\" src=\"https:\/\/fodurlandid.is\/wp-content\/uploads\/2025\/07\/MR9031.mp4?_=1\" \/><a href=\"https:\/\/fodurlandid.is\/wp-content\/uploads\/2025\/07\/MR9031.mp4\">https:\/\/fodurlandid.is\/wp-content\/uploads\/2025\/07\/MR9031.mp4<\/a><\/video><\/div>\n","protected":false},"excerpt":{"rendered":"<p>Gl\u00e6silegur, vanda\u00f0ur og r\u00famg\u00f3\u00f0ur 31 l\u00edtra bakpoki me\u00f0 g\u00f3\u00f0u geymslur\u00fdmi, YKK rennil\u00e1sum og USB-A og USB-C rauf utan \u00e1 t\u00f6skunni sem tengt er vi\u00f0 hle\u00f0slubanka sem geymdur er ofan \u00ed t\u00f6skunni svo au\u00f0velt er a\u00f0 hla\u00f0a snjallt\u00e6kin \u00e1 fer\u00f0inni e\u00f0a \u00ed fer\u00f0alaginu. Bakpokinn er \u00far vatnsheldu efni, g\u00f3\u00f0um p\u00fa\u00f0um \u00e1 baki og stillanlegum axlab\u00f6ndum sem lofta vel \u00e1samt festingu til a\u00f0 festa bakpokann \u00e1 handfang \u00e1 fer\u00f0at\u00f6sku sem vi\u00f0 dr\u00f6gum \u00e1 eftir okkur \u00e1 flugv\u00f6llum.<\/p>\n<p>Innra r\u00fdmi t\u00f6skunnar er \u00fer\u00edskipt. Framan \u00e1 t\u00f6skunni er st\u00f3rt r\u00fdmi me\u00f0 fj\u00f3rum v\u00f6sum og festingu fyrir lykla \u00e1samt einum renndum vasa. \u00cd mi\u00f0junni er a\u00f0alh\u00f3lfi\u00f0 me\u00f0 fj\u00f3rum v\u00f6sum \u00f6\u00f0ru megin og tveimur v\u00f6sum hinum megin \u00e1samt vasa me\u00f0 rennil\u00e1s. \u00deri\u00f0ja r\u00fdmi\u00f0 er me\u00f0 vasa fyrir allt a\u00f0 17,3\u2033 fart\u00f6lvu, annan fyrir spjaldt\u00f6lvu og r\u00fdmi fyrir t.d. bl\u00f6\u00f0, m\u00f6ppur o.s.frv. \u00c1 baki t\u00f6skunnar er renndur vasi og annar \u00e1 \u00f6\u00f0ru axlabandinu.<\/p>\n<p>G\u00f3\u00f0ur og vanda\u00f0ur bakpoki fyrir f\u00f3lk \u00e1 fer\u00f0inni.<\/p>\n<p>\u2013 Sj\u00e1 myndband ne\u00f0ar \u00e1 s\u00ed\u00f0u.<br \/>\n\u2013 Litur: Svartur<br \/>\n\u2013 St\u00e6r\u00f0: 47cm x 33cm x 20cm (30 l\u00edtrar)<br \/>\n\u2013 \u00deyngd: 1,5 kg<br \/>\n\u2013 Efni: Oxford fabric (vatnshelt)<br \/>\n\u2013 YKK rennil\u00e1sar<br \/>\n\u2013 Utan\u00e1liggjandi USB-A og USB-C tengi<br \/>\n\u2013 Fart\u00f6lvust\u00e6r\u00f0: 17,3\u201d<\/p>\n","protected":false},"featured_media":24002,"template":"","meta":[],"product_brand":[401],"product_cat":[403],"product_tag":[],"class_list":{"0":"post-23997","1":"product","2":"type-product","3":"status-publish","4":"has-post-thumbnail","6":"product_brand-mark-ryden","7":"product_cat-bakpokar","9":"first","10":"instock","11":"taxable","12":"shipping-taxable","13":"product-type-simple"},"yoast_head":"<!-- This site is optimized with the Yoast SEO Premium plugin v21.5 (Yoast SEO v27.3) - https:\/\/yoast.com\/product\/yoast-seo-premium-wordpress\/ -->\n<title>Compacto Pro er flaggskipi\u00f0 \u00ed vi\u00f0skiptal\u00ednunni fr\u00e1 Mark Ryden<\/title>\n<meta name=\"description\" content=\"Gl\u00e6silegur, vanda\u00f0ur &amp; r\u00famg\u00f3\u00f0ur 31 l\u00edtra bakpoki me\u00f0 g\u00f3\u00f0u geymslur\u00fdmi. YKK rennil\u00e1sar, USB-A &amp; USB-C raufar til a\u00f0 hla\u00f0a snjallt\u00e6kin \u00e1 fer\u00f0inni.\" \/>\n<meta name=\"robots\" content=\"index, follow, max-snippet:-1, max-image-preview:large, max-video-preview:-1\" \/>\n<link rel=\"canonical\" href=\"https:\/\/fodurlandid.is\/vara\/compacto-pro\/\" \/>\n<meta property=\"og:locale\" content=\"en_US\" \/>\n<meta property=\"og:type\" content=\"article\" \/>\n<meta property=\"og:title\" content=\"Compacto Pro er flaggskipi\u00f0 \u00ed vi\u00f0skiptal\u00ednunni fr\u00e1 Mark Ryden og er fyrir f\u00f3lk \u00e1 fer\u00f0inni\" \/>\n<meta property=\"og:description\" content=\"Gl\u00e6silegur, vanda\u00f0ur &amp; r\u00famg\u00f3\u00f0ur 31 l\u00edtra bakpoki me\u00f0 g\u00f3\u00f0u geymslur\u00fdmi. YKK rennil\u00e1sar, USB-A &amp; USB-C raufar til a\u00f0 hla\u00f0a snjallt\u00e6kin \u00e1 fer\u00f0inni.\" \/>\n<meta property=\"og:url\" content=\"https:\/\/fodurlandid.is\/vara\/compacto-pro\/\" \/>\n<meta property=\"og:site_name\" content=\"F&ouml;&eth;urlandi&eth; heildsala\" \/>\n<meta property=\"article:modified_time\" content=\"2025-09-21T09:02:59+00:00\" \/>\n<meta property=\"og:image\" content=\"https:\/\/fodurlandid.is\/wp-content\/uploads\/2025\/07\/MR903_1.jpg\" \/>\n\t<meta property=\"og:image:width\" content=\"600\" \/>\n\t<meta property=\"og:image:height\" content=\"600\" \/>\n\t<meta property=\"og:image:type\" content=\"image\/jpeg\" \/>\n<meta name=\"twitter:card\" content=\"summary_large_image\" \/>\n<meta name=\"twitter:label1\" content=\"Est. reading time\" \/>\n\t<meta name=\"twitter:data1\" content=\"1 minute\" \/>\n<script type=\"application\/ld+json\" class=\"yoast-schema-graph\">{\"@context\":\"https:\\\/\\\/schema.org\",\"@graph\":[{\"@type\":\"WebPage\",\"@id\":\"https:\\\/\\\/fodurlandid.is\\\/vara\\\/compacto-pro\\\/\",\"url\":\"https:\\\/\\\/fodurlandid.is\\\/vara\\\/compacto-pro\\\/\",\"name\":\"Compacto Pro er flaggskipi\u00f0 \u00ed vi\u00f0skiptal\u00ednunni fr\u00e1 Mark Ryden\",\"isPartOf\":{\"@id\":\"https:\\\/\\\/fodurlandid.is\\\/#website\"},\"primaryImageOfPage\":{\"@id\":\"https:\\\/\\\/fodurlandid.is\\\/vara\\\/compacto-pro\\\/#primaryimage\"},\"image\":{\"@id\":\"https:\\\/\\\/fodurlandid.is\\\/vara\\\/compacto-pro\\\/#primaryimage\"},\"thumbnailUrl\":\"https:\\\/\\\/fodurlandid.is\\\/wp-content\\\/uploads\\\/2025\\\/07\\\/MR903_1.jpg\",\"datePublished\":\"2025-07-10T08:53:52+00:00\",\"dateModified\":\"2025-09-21T09:02:59+00:00\",\"description\":\"Gl\u00e6silegur, vanda\u00f0ur & r\u00famg\u00f3\u00f0ur 31 l\u00edtra bakpoki me\u00f0 g\u00f3\u00f0u geymslur\u00fdmi. YKK rennil\u00e1sar, USB-A & USB-C raufar til a\u00f0 hla\u00f0a snjallt\u00e6kin \u00e1 fer\u00f0inni.\",\"breadcrumb\":{\"@id\":\"https:\\\/\\\/fodurlandid.is\\\/vara\\\/compacto-pro\\\/#breadcrumb\"},\"inLanguage\":\"en-US\",\"potentialAction\":[{\"@type\":\"ReadAction\",\"target\":[\"https:\\\/\\\/fodurlandid.is\\\/vara\\\/compacto-pro\\\/\"]}]},{\"@type\":\"ImageObject\",\"inLanguage\":\"en-US\",\"@id\":\"https:\\\/\\\/fodurlandid.is\\\/vara\\\/compacto-pro\\\/#primaryimage\",\"url\":\"https:\\\/\\\/fodurlandid.is\\\/wp-content\\\/uploads\\\/2025\\\/07\\\/MR903_1.jpg\",\"contentUrl\":\"https:\\\/\\\/fodurlandid.is\\\/wp-content\\\/uploads\\\/2025\\\/07\\\/MR903_1.jpg\",\"width\":600,\"height\":600},{\"@type\":\"BreadcrumbList\",\"@id\":\"https:\\\/\\\/fodurlandid.is\\\/vara\\\/compacto-pro\\\/#breadcrumb\",\"itemListElement\":[{\"@type\":\"ListItem\",\"position\":1,\"name\":\"Home\",\"item\":\"https:\\\/\\\/fodurlandid.is\\\/\"},{\"@type\":\"ListItem\",\"position\":2,\"name\":\"Shop\",\"item\":\"https:\\\/\\\/www.vorulagerinn.is\\\/heildsala\\\/en\\\/shop\\\/\"},{\"@type\":\"ListItem\",\"position\":3,\"name\":\"Compacto Pro er flaggskipi\u00f0 \u00ed vi\u00f0skiptal\u00ednunni fr\u00e1 Mark Ryden og er fyrir f\u00f3lk \u00e1 fer\u00f0inni\"}]},{\"@type\":\"WebSite\",\"@id\":\"https:\\\/\\\/fodurlandid.is\\\/#website\",\"url\":\"https:\\\/\\\/fodurlandid.is\\\/\",\"name\":\"F\u00f6\u00f0urlandi\u00f0 ehf, heildsala\",\"description\":\"Innflutnings, umbo&eth;s- og dreifingara&eth;ili\",\"publisher\":{\"@id\":\"https:\\\/\\\/fodurlandid.is\\\/#organization\"},\"alternateName\":\"Innflutnings, umbo\u00f0s- og dreifingara\u00f0ili\",\"potentialAction\":[{\"@type\":\"SearchAction\",\"target\":{\"@type\":\"EntryPoint\",\"urlTemplate\":\"https:\\\/\\\/fodurlandid.is\\\/?s={search_term_string}\"},\"query-input\":{\"@type\":\"PropertyValueSpecification\",\"valueRequired\":true,\"valueName\":\"search_term_string\"}}],\"inLanguage\":\"en-US\"},{\"@type\":\"Organization\",\"@id\":\"https:\\\/\\\/fodurlandid.is\\\/#organization\",\"name\":\"Innflutnings, umbo\u00f0s- og dreifingara\u00f0ili\",\"url\":\"https:\\\/\\\/fodurlandid.is\\\/\",\"logo\":{\"@type\":\"ImageObject\",\"inLanguage\":\"en-US\",\"@id\":\"https:\\\/\\\/fodurlandid.is\\\/#\\\/schema\\\/logo\\\/image\\\/\",\"url\":\"https:\\\/\\\/fodurlandid.is\\\/wp-content\\\/uploads\\\/2024\\\/05\\\/Fodurlandid.png\",\"contentUrl\":\"https:\\\/\\\/fodurlandid.is\\\/wp-content\\\/uploads\\\/2024\\\/05\\\/Fodurlandid.png\",\"width\":400,\"height\":293,\"caption\":\"Innflutnings, umbo\u00f0s- og dreifingara\u00f0ili\"},\"image\":{\"@id\":\"https:\\\/\\\/fodurlandid.is\\\/#\\\/schema\\\/logo\\\/image\\\/\"}}]}<\/script>\n<!-- \/ Yoast SEO Premium plugin. -->","yoast_head_json":{"title":"Compacto Pro er flaggskipi\u00f0 \u00ed vi\u00f0skiptal\u00ednunni fr\u00e1 Mark Ryden","description":"Gl\u00e6silegur, vanda\u00f0ur & r\u00famg\u00f3\u00f0ur 31 l\u00edtra bakpoki me\u00f0 g\u00f3\u00f0u geymslur\u00fdmi. YKK rennil\u00e1sar, USB-A & USB-C raufar til a\u00f0 hla\u00f0a snjallt\u00e6kin \u00e1 fer\u00f0inni.","robots":{"index":"index","follow":"follow","max-snippet":"max-snippet:-1","max-image-preview":"max-image-preview:large","max-video-preview":"max-video-preview:-1"},"canonical":"https:\/\/fodurlandid.is\/vara\/compacto-pro\/","og_locale":"en_US","og_type":"article","og_title":"Compacto Pro er flaggskipi\u00f0 \u00ed vi\u00f0skiptal\u00ednunni fr\u00e1 Mark Ryden og er fyrir f\u00f3lk \u00e1 fer\u00f0inni","og_description":"Gl\u00e6silegur, vanda\u00f0ur & r\u00famg\u00f3\u00f0ur 31 l\u00edtra bakpoki me\u00f0 g\u00f3\u00f0u geymslur\u00fdmi. YKK rennil\u00e1sar, USB-A & USB-C raufar til a\u00f0 hla\u00f0a snjallt\u00e6kin \u00e1 fer\u00f0inni.","og_url":"https:\/\/fodurlandid.is\/vara\/compacto-pro\/","og_site_name":"F&ouml;&eth;urlandi&eth; heildsala","article_modified_time":"2025-09-21T09:02:59+00:00","og_image":[{"width":600,"height":600,"url":"https:\/\/fodurlandid.is\/wp-content\/uploads\/2025\/07\/MR903_1.jpg","type":"image\/jpeg"}],"twitter_card":"summary_large_image","twitter_misc":{"Est. reading time":"1 minute"},"schema":{"@context":"https:\/\/schema.org","@graph":[{"@type":"WebPage","@id":"https:\/\/fodurlandid.is\/vara\/compacto-pro\/","url":"https:\/\/fodurlandid.is\/vara\/compacto-pro\/","name":"Compacto Pro er flaggskipi\u00f0 \u00ed vi\u00f0skiptal\u00ednunni fr\u00e1 Mark Ryden","isPartOf":{"@id":"https:\/\/fodurlandid.is\/#website"},"primaryImageOfPage":{"@id":"https:\/\/fodurlandid.is\/vara\/compacto-pro\/#primaryimage"},"image":{"@id":"https:\/\/fodurlandid.is\/vara\/compacto-pro\/#primaryimage"},"thumbnailUrl":"https:\/\/fodurlandid.is\/wp-content\/uploads\/2025\/07\/MR903_1.jpg","datePublished":"2025-07-10T08:53:52+00:00","dateModified":"2025-09-21T09:02:59+00:00","description":"Gl\u00e6silegur, vanda\u00f0ur & r\u00famg\u00f3\u00f0ur 31 l\u00edtra bakpoki me\u00f0 g\u00f3\u00f0u geymslur\u00fdmi. YKK rennil\u00e1sar, USB-A & USB-C raufar til a\u00f0 hla\u00f0a snjallt\u00e6kin \u00e1 fer\u00f0inni.","breadcrumb":{"@id":"https:\/\/fodurlandid.is\/vara\/compacto-pro\/#breadcrumb"},"inLanguage":"en-US","potentialAction":[{"@type":"ReadAction","target":["https:\/\/fodurlandid.is\/vara\/compacto-pro\/"]}]},{"@type":"ImageObject","inLanguage":"en-US","@id":"https:\/\/fodurlandid.is\/vara\/compacto-pro\/#primaryimage","url":"https:\/\/fodurlandid.is\/wp-content\/uploads\/2025\/07\/MR903_1.jpg","contentUrl":"https:\/\/fodurlandid.is\/wp-content\/uploads\/2025\/07\/MR903_1.jpg","width":600,"height":600},{"@type":"BreadcrumbList","@id":"https:\/\/fodurlandid.is\/vara\/compacto-pro\/#breadcrumb","itemListElement":[{"@type":"ListItem","position":1,"name":"Home","item":"https:\/\/fodurlandid.is\/"},{"@type":"ListItem","position":2,"name":"Shop","item":"https:\/\/www.vorulagerinn.is\/heildsala\/en\/shop\/"},{"@type":"ListItem","position":3,"name":"Compacto Pro er flaggskipi\u00f0 \u00ed vi\u00f0skiptal\u00ednunni fr\u00e1 Mark Ryden og er fyrir f\u00f3lk \u00e1 fer\u00f0inni"}]},{"@type":"WebSite","@id":"https:\/\/fodurlandid.is\/#website","url":"https:\/\/fodurlandid.is\/","name":"F\u00f6\u00f0urlandi\u00f0 ehf, heildsala","description":"Innflutnings, umbo&eth;s- og dreifingara&eth;ili","publisher":{"@id":"https:\/\/fodurlandid.is\/#organization"},"alternateName":"Innflutnings, umbo\u00f0s- og dreifingara\u00f0ili","potentialAction":[{"@type":"SearchAction","target":{"@type":"EntryPoint","urlTemplate":"https:\/\/fodurlandid.is\/?s={search_term_string}"},"query-input":{"@type":"PropertyValueSpecification","valueRequired":true,"valueName":"search_term_string"}}],"inLanguage":"en-US"},{"@type":"Organization","@id":"https:\/\/fodurlandid.is\/#organization","name":"Innflutnings, umbo\u00f0s- og dreifingara\u00f0ili","url":"https:\/\/fodurlandid.is\/","logo":{"@type":"ImageObject","inLanguage":"en-US","@id":"https:\/\/fodurlandid.is\/#\/schema\/logo\/image\/","url":"https:\/\/fodurlandid.is\/wp-content\/uploads\/2024\/05\/Fodurlandid.png","contentUrl":"https:\/\/fodurlandid.is\/wp-content\/uploads\/2024\/05\/Fodurlandid.png","width":400,"height":293,"caption":"Innflutnings, umbo\u00f0s- og dreifingara\u00f0ili"},"image":{"@id":"https:\/\/fodurlandid.is\/#\/schema\/logo\/image\/"}}]}},"_links":{"self":[{"href":"https:\/\/fodurlandid.is\/en\/wp-json\/wp\/v2\/product\/23997","targetHints":{"allow":["GET"]}}],"collection":[{"href":"https:\/\/fodurlandid.is\/en\/wp-json\/wp\/v2\/product"}],"about":[{"href":"https:\/\/fodurlandid.is\/en\/wp-json\/wp\/v2\/types\/product"}],"wp:featuredmedia":[{"embeddable":true,"href":"https:\/\/fodurlandid.is\/en\/wp-json\/wp\/v2\/media\/24002"}],"wp:attachment":[{"href":"https:\/\/fodurlandid.is\/en\/wp-json\/wp\/v2\/media?parent=23997"}],"wp:term":[{"taxonomy":"product_brand","embeddable":true,"href":"https:\/\/fodurlandid.is\/en\/wp-json\/wp\/v2\/product_brand?post=23997"},{"taxonomy":"product_cat","embeddable":true,"href":"https:\/\/fodurlandid.is\/en\/wp-json\/wp\/v2\/product_cat?post=23997"},{"taxonomy":"product_tag","embeddable":true,"href":"https:\/\/fodurlandid.is\/en\/wp-json\/wp\/v2\/product_tag?post=23997"}],"curies":[{"name":"wp","href":"https:\/\/api.w.org\/{rel}","templated":true}]}}