{"id":23974,"date":"2025-07-10T08:22:40","date_gmt":"2025-07-10T08:22:40","guid":{"rendered":"https:\/\/fodurlandid.is\/?post_type=product&#038;p=23974"},"modified":"2025-09-20T12:59:13","modified_gmt":"2025-09-20T12:59:13","slug":"the-deformable-ii","status":"publish","type":"product","link":"https:\/\/fodurlandid.is\/en\/product\/the-deformable-ii\/","title":{"rendered":"The Deformable II er 32,5 l\u00edtra helgartaska me\u00f0 st\u00f3ru a\u00f0alh\u00f3lfi &#038; s\u00e9r h\u00f3lfi me\u00f0 loftun fyrir sk\u00f3b\u00fana\u00f0"},"content":{"rendered":"<div style=\"width: 1020px;\" class=\"wp-video\"><video class=\"wp-video-shortcode\" id=\"video-23974-1\" width=\"1020\" height=\"574\" preload=\"metadata\" controls=\"controls\"><source type=\"video\/mp4\" src=\"https:\/\/fodurlandid.is\/wp-content\/uploads\/2025\/07\/Mr3006.mp4?_=1\" \/><a href=\"https:\/\/fodurlandid.is\/wp-content\/uploads\/2025\/07\/Mr3006.mp4\">https:\/\/fodurlandid.is\/wp-content\/uploads\/2025\/07\/Mr3006.mp4<\/a><\/video><\/div>\n","protected":false},"excerpt":{"rendered":"<p>Falleg, st\u00edlhrein og v\u00f6ndu\u00f0 helgartaska sem hentar einstaklega vel \u00ed r\u00e6ktina, \u00ed\u00fer\u00f3ttir og b\u00fasta\u00f0inn. Taskan er 32,5 l\u00edtra me\u00f0 s\u00e9r h\u00f3lfi me\u00f0 loftun fyrir sk\u00f3b\u00fana\u00f0 e\u00f0a blaut f\u00f6t til a\u00f0 halda a\u00f0skildum fr\u00e1 \u00f6\u00f0rum. A\u00f0alh\u00f3lfi\u00f0 er me\u00f0 tveimur hli\u00f0arv\u00f6sum og einum renndum. \u00dea\u00f0 eru tveir st\u00f3rir renndir vasar \u00e1 sitt hvorri hli\u00f0inni \u00e1 t\u00f6skunni og \u00e1 endum er annars vegar h\u00f3lf fyrir sk\u00f3gb\u00fana\u00f0 me\u00f0 rennil\u00e1s og hins vegar vasi fyrir t.d. sjamp\u00f3 og h\u00e1rn\u00e6ringu loka\u00f0 me\u00f0 rennil\u00e1s. Taskan er me\u00f0 YKK rennil\u00e1sum sem eru taldir \u00feeir bestu \u00e1 marka\u00f0inum og endast mun lengur.<\/p>\n<p>Sj\u00e1\u00f0u myndband af t\u00f6skunni ne\u00f0ar \u00e1 \u00feessari s\u00ed\u00f0u.<\/p>\n<p>\u2013 Litur: Svartur<br \/>\n\u2013 St\u00e6r\u00f0: 50cm x 25cm x 26cm (32,5 l\u00edtrar)<br \/>\n\u2013 \u00deyngd: 0,84 kg<br \/>\n\u2013 Efni: Oxford<br \/>\n\u2013 YKK rennil\u00e1sar<\/p>\n","protected":false},"featured_media":23991,"template":"","meta":[],"product_brand":[401],"product_cat":[405],"product_tag":[],"class_list":{"0":"post-23974","1":"product","2":"type-product","3":"status-publish","4":"has-post-thumbnail","6":"product_brand-mark-ryden","7":"product_cat-helgar-og-ithrottatoskur","9":"first","10":"instock","11":"taxable","12":"shipping-taxable","13":"product-type-simple"},"yoast_head":"<!-- This site is optimized with the Yoast SEO Premium plugin v21.5 (Yoast SEO v27.3) - https:\/\/yoast.com\/product\/yoast-seo-premium-wordpress\/ -->\n<title>The Deformable II | 32,5 l\u00edtra helgartaska | S\u00e9r h\u00f3lf fyrir sk\u00f3b\u00fana\u00f0<\/title>\n<meta name=\"description\" content=\"St\u00edlhrein &amp; v\u00f6ndu\u00f0 helgartaska sem hentar einstaklega vel \u00ed r\u00e6ktina, \u00ed\u00fer\u00f3ttir &amp; b\u00fasta\u00f0inn. H\u00fan er 32,5 l\u00edtra me\u00f0 s\u00e9r h\u00f3lfi me\u00f0 loftun fyrir sk\u00f3b\u00fana\u00f0\" \/>\n<meta name=\"robots\" content=\"index, follow, max-snippet:-1, max-image-preview:large, max-video-preview:-1\" \/>\n<link rel=\"canonical\" href=\"https:\/\/fodurlandid.is\/vara\/the-deformable-ii\/\" \/>\n<meta property=\"og:locale\" content=\"en_US\" \/>\n<meta property=\"og:type\" content=\"article\" \/>\n<meta property=\"og:title\" content=\"The Deformable II er 32,5 l\u00edtra helgartaska me\u00f0 st\u00f3ru a\u00f0alh\u00f3lfi &amp; s\u00e9r h\u00f3lfi me\u00f0 loftun fyrir sk\u00f3b\u00fana\u00f0\" \/>\n<meta property=\"og:description\" content=\"St\u00edlhrein &amp; v\u00f6ndu\u00f0 helgartaska sem hentar einstaklega vel \u00ed r\u00e6ktina, \u00ed\u00fer\u00f3ttir &amp; b\u00fasta\u00f0inn. H\u00fan er 32,5 l\u00edtra me\u00f0 s\u00e9r h\u00f3lfi me\u00f0 loftun fyrir sk\u00f3b\u00fana\u00f0\" \/>\n<meta property=\"og:url\" content=\"https:\/\/fodurlandid.is\/vara\/the-deformable-ii\/\" \/>\n<meta property=\"og:site_name\" content=\"F&ouml;&eth;urlandi&eth; heildsala\" \/>\n<meta property=\"article:modified_time\" content=\"2025-09-20T12:59:13+00:00\" \/>\n<meta property=\"og:image\" content=\"https:\/\/fodurlandid.is\/wp-content\/uploads\/2025\/07\/MR3006.jpg\" \/>\n\t<meta property=\"og:image:width\" content=\"600\" \/>\n\t<meta property=\"og:image:height\" content=\"600\" \/>\n\t<meta property=\"og:image:type\" content=\"image\/jpeg\" \/>\n<meta name=\"twitter:card\" content=\"summary_large_image\" \/>\n<meta name=\"twitter:label1\" content=\"Est. reading time\" \/>\n\t<meta name=\"twitter:data1\" content=\"1 minute\" \/>\n<script type=\"application\/ld+json\" class=\"yoast-schema-graph\">{\"@context\":\"https:\\\/\\\/schema.org\",\"@graph\":[{\"@type\":\"WebPage\",\"@id\":\"https:\\\/\\\/fodurlandid.is\\\/vara\\\/the-deformable-ii\\\/\",\"url\":\"https:\\\/\\\/fodurlandid.is\\\/vara\\\/the-deformable-ii\\\/\",\"name\":\"The Deformable II | 32,5 l\u00edtra helgartaska | S\u00e9r h\u00f3lf fyrir sk\u00f3b\u00fana\u00f0\",\"isPartOf\":{\"@id\":\"https:\\\/\\\/fodurlandid.is\\\/#website\"},\"primaryImageOfPage\":{\"@id\":\"https:\\\/\\\/fodurlandid.is\\\/vara\\\/the-deformable-ii\\\/#primaryimage\"},\"image\":{\"@id\":\"https:\\\/\\\/fodurlandid.is\\\/vara\\\/the-deformable-ii\\\/#primaryimage\"},\"thumbnailUrl\":\"https:\\\/\\\/fodurlandid.is\\\/wp-content\\\/uploads\\\/2025\\\/07\\\/MR3006.jpg\",\"datePublished\":\"2025-07-10T08:22:40+00:00\",\"dateModified\":\"2025-09-20T12:59:13+00:00\",\"description\":\"St\u00edlhrein & v\u00f6ndu\u00f0 helgartaska sem hentar einstaklega vel \u00ed r\u00e6ktina, \u00ed\u00fer\u00f3ttir & b\u00fasta\u00f0inn. H\u00fan er 32,5 l\u00edtra me\u00f0 s\u00e9r h\u00f3lfi me\u00f0 loftun fyrir sk\u00f3b\u00fana\u00f0\",\"breadcrumb\":{\"@id\":\"https:\\\/\\\/fodurlandid.is\\\/vara\\\/the-deformable-ii\\\/#breadcrumb\"},\"inLanguage\":\"en-US\",\"potentialAction\":[{\"@type\":\"ReadAction\",\"target\":[\"https:\\\/\\\/fodurlandid.is\\\/vara\\\/the-deformable-ii\\\/\"]}]},{\"@type\":\"ImageObject\",\"inLanguage\":\"en-US\",\"@id\":\"https:\\\/\\\/fodurlandid.is\\\/vara\\\/the-deformable-ii\\\/#primaryimage\",\"url\":\"https:\\\/\\\/fodurlandid.is\\\/wp-content\\\/uploads\\\/2025\\\/07\\\/MR3006.jpg\",\"contentUrl\":\"https:\\\/\\\/fodurlandid.is\\\/wp-content\\\/uploads\\\/2025\\\/07\\\/MR3006.jpg\",\"width\":600,\"height\":600},{\"@type\":\"BreadcrumbList\",\"@id\":\"https:\\\/\\\/fodurlandid.is\\\/vara\\\/the-deformable-ii\\\/#breadcrumb\",\"itemListElement\":[{\"@type\":\"ListItem\",\"position\":1,\"name\":\"Home\",\"item\":\"https:\\\/\\\/fodurlandid.is\\\/\"},{\"@type\":\"ListItem\",\"position\":2,\"name\":\"Shop\",\"item\":\"https:\\\/\\\/www.vorulagerinn.is\\\/heildsala\\\/en\\\/shop\\\/\"},{\"@type\":\"ListItem\",\"position\":3,\"name\":\"The Deformable II er 32,5 l\u00edtra helgartaska me\u00f0 st\u00f3ru a\u00f0alh\u00f3lfi &#038; s\u00e9r h\u00f3lfi me\u00f0 loftun fyrir sk\u00f3b\u00fana\u00f0\"}]},{\"@type\":\"WebSite\",\"@id\":\"https:\\\/\\\/fodurlandid.is\\\/#website\",\"url\":\"https:\\\/\\\/fodurlandid.is\\\/\",\"name\":\"F\u00f6\u00f0urlandi\u00f0 ehf, heildsala\",\"description\":\"Innflutnings, umbo&eth;s- og dreifingara&eth;ili\",\"publisher\":{\"@id\":\"https:\\\/\\\/fodurlandid.is\\\/#organization\"},\"alternateName\":\"Innflutnings, umbo\u00f0s- og dreifingara\u00f0ili\",\"potentialAction\":[{\"@type\":\"SearchAction\",\"target\":{\"@type\":\"EntryPoint\",\"urlTemplate\":\"https:\\\/\\\/fodurlandid.is\\\/?s={search_term_string}\"},\"query-input\":{\"@type\":\"PropertyValueSpecification\",\"valueRequired\":true,\"valueName\":\"search_term_string\"}}],\"inLanguage\":\"en-US\"},{\"@type\":\"Organization\",\"@id\":\"https:\\\/\\\/fodurlandid.is\\\/#organization\",\"name\":\"Innflutnings, umbo\u00f0s- og dreifingara\u00f0ili\",\"url\":\"https:\\\/\\\/fodurlandid.is\\\/\",\"logo\":{\"@type\":\"ImageObject\",\"inLanguage\":\"en-US\",\"@id\":\"https:\\\/\\\/fodurlandid.is\\\/#\\\/schema\\\/logo\\\/image\\\/\",\"url\":\"https:\\\/\\\/fodurlandid.is\\\/wp-content\\\/uploads\\\/2024\\\/05\\\/Fodurlandid.png\",\"contentUrl\":\"https:\\\/\\\/fodurlandid.is\\\/wp-content\\\/uploads\\\/2024\\\/05\\\/Fodurlandid.png\",\"width\":400,\"height\":293,\"caption\":\"Innflutnings, umbo\u00f0s- og dreifingara\u00f0ili\"},\"image\":{\"@id\":\"https:\\\/\\\/fodurlandid.is\\\/#\\\/schema\\\/logo\\\/image\\\/\"}}]}<\/script>\n<!-- \/ Yoast SEO Premium plugin. -->","yoast_head_json":{"title":"The Deformable II | 32,5 l\u00edtra helgartaska | S\u00e9r h\u00f3lf fyrir sk\u00f3b\u00fana\u00f0","description":"St\u00edlhrein & v\u00f6ndu\u00f0 helgartaska sem hentar einstaklega vel \u00ed r\u00e6ktina, \u00ed\u00fer\u00f3ttir & b\u00fasta\u00f0inn. H\u00fan er 32,5 l\u00edtra me\u00f0 s\u00e9r h\u00f3lfi me\u00f0 loftun fyrir sk\u00f3b\u00fana\u00f0","robots":{"index":"index","follow":"follow","max-snippet":"max-snippet:-1","max-image-preview":"max-image-preview:large","max-video-preview":"max-video-preview:-1"},"canonical":"https:\/\/fodurlandid.is\/vara\/the-deformable-ii\/","og_locale":"en_US","og_type":"article","og_title":"The Deformable II er 32,5 l\u00edtra helgartaska me\u00f0 st\u00f3ru a\u00f0alh\u00f3lfi & s\u00e9r h\u00f3lfi me\u00f0 loftun fyrir sk\u00f3b\u00fana\u00f0","og_description":"St\u00edlhrein & v\u00f6ndu\u00f0 helgartaska sem hentar einstaklega vel \u00ed r\u00e6ktina, \u00ed\u00fer\u00f3ttir & b\u00fasta\u00f0inn. H\u00fan er 32,5 l\u00edtra me\u00f0 s\u00e9r h\u00f3lfi me\u00f0 loftun fyrir sk\u00f3b\u00fana\u00f0","og_url":"https:\/\/fodurlandid.is\/vara\/the-deformable-ii\/","og_site_name":"F&ouml;&eth;urlandi&eth; heildsala","article_modified_time":"2025-09-20T12:59:13+00:00","og_image":[{"width":600,"height":600,"url":"https:\/\/fodurlandid.is\/wp-content\/uploads\/2025\/07\/MR3006.jpg","type":"image\/jpeg"}],"twitter_card":"summary_large_image","twitter_misc":{"Est. reading time":"1 minute"},"schema":{"@context":"https:\/\/schema.org","@graph":[{"@type":"WebPage","@id":"https:\/\/fodurlandid.is\/vara\/the-deformable-ii\/","url":"https:\/\/fodurlandid.is\/vara\/the-deformable-ii\/","name":"The Deformable II | 32,5 l\u00edtra helgartaska | S\u00e9r h\u00f3lf fyrir sk\u00f3b\u00fana\u00f0","isPartOf":{"@id":"https:\/\/fodurlandid.is\/#website"},"primaryImageOfPage":{"@id":"https:\/\/fodurlandid.is\/vara\/the-deformable-ii\/#primaryimage"},"image":{"@id":"https:\/\/fodurlandid.is\/vara\/the-deformable-ii\/#primaryimage"},"thumbnailUrl":"https:\/\/fodurlandid.is\/wp-content\/uploads\/2025\/07\/MR3006.jpg","datePublished":"2025-07-10T08:22:40+00:00","dateModified":"2025-09-20T12:59:13+00:00","description":"St\u00edlhrein & v\u00f6ndu\u00f0 helgartaska sem hentar einstaklega vel \u00ed r\u00e6ktina, \u00ed\u00fer\u00f3ttir & b\u00fasta\u00f0inn. H\u00fan er 32,5 l\u00edtra me\u00f0 s\u00e9r h\u00f3lfi me\u00f0 loftun fyrir sk\u00f3b\u00fana\u00f0","breadcrumb":{"@id":"https:\/\/fodurlandid.is\/vara\/the-deformable-ii\/#breadcrumb"},"inLanguage":"en-US","potentialAction":[{"@type":"ReadAction","target":["https:\/\/fodurlandid.is\/vara\/the-deformable-ii\/"]}]},{"@type":"ImageObject","inLanguage":"en-US","@id":"https:\/\/fodurlandid.is\/vara\/the-deformable-ii\/#primaryimage","url":"https:\/\/fodurlandid.is\/wp-content\/uploads\/2025\/07\/MR3006.jpg","contentUrl":"https:\/\/fodurlandid.is\/wp-content\/uploads\/2025\/07\/MR3006.jpg","width":600,"height":600},{"@type":"BreadcrumbList","@id":"https:\/\/fodurlandid.is\/vara\/the-deformable-ii\/#breadcrumb","itemListElement":[{"@type":"ListItem","position":1,"name":"Home","item":"https:\/\/fodurlandid.is\/"},{"@type":"ListItem","position":2,"name":"Shop","item":"https:\/\/www.vorulagerinn.is\/heildsala\/en\/shop\/"},{"@type":"ListItem","position":3,"name":"The Deformable II er 32,5 l\u00edtra helgartaska me\u00f0 st\u00f3ru a\u00f0alh\u00f3lfi &#038; s\u00e9r h\u00f3lfi me\u00f0 loftun fyrir sk\u00f3b\u00fana\u00f0"}]},{"@type":"WebSite","@id":"https:\/\/fodurlandid.is\/#website","url":"https:\/\/fodurlandid.is\/","name":"F\u00f6\u00f0urlandi\u00f0 ehf, heildsala","description":"Innflutnings, umbo&eth;s- og dreifingara&eth;ili","publisher":{"@id":"https:\/\/fodurlandid.is\/#organization"},"alternateName":"Innflutnings, umbo\u00f0s- og dreifingara\u00f0ili","potentialAction":[{"@type":"SearchAction","target":{"@type":"EntryPoint","urlTemplate":"https:\/\/fodurlandid.is\/?s={search_term_string}"},"query-input":{"@type":"PropertyValueSpecification","valueRequired":true,"valueName":"search_term_string"}}],"inLanguage":"en-US"},{"@type":"Organization","@id":"https:\/\/fodurlandid.is\/#organization","name":"Innflutnings, umbo\u00f0s- og dreifingara\u00f0ili","url":"https:\/\/fodurlandid.is\/","logo":{"@type":"ImageObject","inLanguage":"en-US","@id":"https:\/\/fodurlandid.is\/#\/schema\/logo\/image\/","url":"https:\/\/fodurlandid.is\/wp-content\/uploads\/2024\/05\/Fodurlandid.png","contentUrl":"https:\/\/fodurlandid.is\/wp-content\/uploads\/2024\/05\/Fodurlandid.png","width":400,"height":293,"caption":"Innflutnings, umbo\u00f0s- og dreifingara\u00f0ili"},"image":{"@id":"https:\/\/fodurlandid.is\/#\/schema\/logo\/image\/"}}]}},"_links":{"self":[{"href":"https:\/\/fodurlandid.is\/en\/wp-json\/wp\/v2\/product\/23974","targetHints":{"allow":["GET"]}}],"collection":[{"href":"https:\/\/fodurlandid.is\/en\/wp-json\/wp\/v2\/product"}],"about":[{"href":"https:\/\/fodurlandid.is\/en\/wp-json\/wp\/v2\/types\/product"}],"wp:featuredmedia":[{"embeddable":true,"href":"https:\/\/fodurlandid.is\/en\/wp-json\/wp\/v2\/media\/23991"}],"wp:attachment":[{"href":"https:\/\/fodurlandid.is\/en\/wp-json\/wp\/v2\/media?parent=23974"}],"wp:term":[{"taxonomy":"product_brand","embeddable":true,"href":"https:\/\/fodurlandid.is\/en\/wp-json\/wp\/v2\/product_brand?post=23974"},{"taxonomy":"product_cat","embeddable":true,"href":"https:\/\/fodurlandid.is\/en\/wp-json\/wp\/v2\/product_cat?post=23974"},{"taxonomy":"product_tag","embeddable":true,"href":"https:\/\/fodurlandid.is\/en\/wp-json\/wp\/v2\/product_tag?post=23974"}],"curies":[{"name":"wp","href":"https:\/\/api.w.org\/{rel}","templated":true}]}}