{"id":23967,"date":"2025-07-10T08:11:27","date_gmt":"2025-07-10T08:11:27","guid":{"rendered":"https:\/\/fodurlandid.is\/?post_type=product&#038;p=23967"},"modified":"2025-09-20T12:53:12","modified_gmt":"2025-09-20T12:53:12","slug":"the-mini-bastion","status":"publish","type":"product","link":"https:\/\/fodurlandid.is\/en\/product\/the-mini-bastion\/","title":{"rendered":"The Mini Bastion vatnsheld 8,6 l\u00edtra hli\u00f0artaska \/ Cross Body taska me\u00f0 USB tengi &#038; talnal\u00e1s"},"content":{"rendered":"","protected":false},"excerpt":{"rendered":"<p>St\u00edlhreinn, vanda\u00f0ur og l\u00e9ttur fer\u00f0af\u00e9lagi sem heldur utan um \u00fea\u00f0 mikilv\u00e6gasta hvort sem \u00fe\u00fa ert a\u00f0 fer\u00f0ast innanlands e\u00f0a erlendis. Hli\u00f0artaskan er me\u00f0 s\u00e9r h\u00f3lf fyrir allt a\u00f0 9,7&#8243; spjaldt\u00f6lvu, USB rauf til a\u00f0 hla\u00f0a snjallt\u00e6kin \u00e1 fer\u00f0inni og TSA l\u00e6singu fyrir a\u00f0alh\u00f3lfi\u00f0 \u00e1 t\u00f6skunni.<\/p>\n<p>Framan \u00e1 t\u00f6skunni eru tveir renndir vasar, rauf fyrir USB-A tengi sem tengist vi\u00f0 hle\u00f0slubanka ofan \u00ed t\u00f6skunni \u00e1samt TSA l\u00e6singu. Aftan \u00e1 t\u00f6skunni er vasi me\u00f0 rennil\u00e1s og annar \u00e1 \u00f3linni fyrir t.d. kort e\u00f0a se\u00f0la. Ofan \u00ed t\u00f6skunni er vasi fyrir allt a\u00f0 9,7&#8243; spjaldt\u00f6lvu \u00e1samt \u00feremur v\u00f6sum auk tveggja undir penna.<\/p>\n<p>\u2013 Litur: Svartur<br \/>\n\u2013 St\u00e6r\u00f0: 31cm x 10cm x 22cm<br \/>\n\u2013 \u00deyngd: 0,6 kg<br \/>\n\u2013 Efni: Oxford fabric, vatnsheldur &amp; slit\u00feolin<\/p>\n","protected":false},"featured_media":23968,"template":"","meta":[],"product_brand":[401],"product_cat":[406],"product_tag":[],"class_list":{"0":"post-23967","1":"product","2":"type-product","3":"status-publish","4":"has-post-thumbnail","6":"product_brand-mark-ryden","7":"product_cat-hlidartoskur-cross-body-bakpokar","9":"first","10":"outofstock","11":"taxable","12":"shipping-taxable","13":"product-type-simple"},"yoast_head":"<!-- This site is optimized with the Yoast SEO Premium plugin v21.5 (Yoast SEO v27.3) - https:\/\/yoast.com\/product\/yoast-seo-premium-wordpress\/ -->\n<title>The Mini Bastion 8,6 l\u00edtra hli\u00f0artaska me\u00f0 USB tengi &amp; talnal\u00e1s<\/title>\n<meta name=\"description\" content=\"The Mini Bastion hli\u00f0artaskan er vanda\u00f0ur og l\u00e9ttur fer\u00f0af\u00e9lagi me\u00f0 s\u00e9r h\u00f3lfi fyrir 9,7&quot; spjaldt\u00f6lvu, USB rauf til a\u00f0 hla\u00f0a snjallt\u00e6kin og TSA l\u00e6singu\" \/>\n<meta name=\"robots\" content=\"index, follow, max-snippet:-1, max-image-preview:large, max-video-preview:-1\" \/>\n<link rel=\"canonical\" href=\"https:\/\/fodurlandid.is\/vara\/the-mini-bastion\/\" \/>\n<meta property=\"og:locale\" content=\"en_US\" \/>\n<meta property=\"og:type\" content=\"article\" \/>\n<meta property=\"og:title\" content=\"The Mini Bastion vatnsheld 8,6 l\u00edtra hli\u00f0artaska \/ Cross Body taska me\u00f0 USB tengi &amp; talnal\u00e1s\" \/>\n<meta property=\"og:description\" content=\"The Mini Bastion hli\u00f0artaskan er vanda\u00f0ur og l\u00e9ttur fer\u00f0af\u00e9lagi me\u00f0 s\u00e9r h\u00f3lfi fyrir 9,7&quot; spjaldt\u00f6lvu, USB rauf til a\u00f0 hla\u00f0a snjallt\u00e6kin og TSA l\u00e6singu\" \/>\n<meta property=\"og:url\" content=\"https:\/\/fodurlandid.is\/vara\/the-mini-bastion\/\" \/>\n<meta property=\"og:site_name\" content=\"F&ouml;&eth;urlandi&eth; heildsala\" \/>\n<meta property=\"article:modified_time\" content=\"2025-09-20T12:53:12+00:00\" \/>\n<meta property=\"og:image\" content=\"https:\/\/fodurlandid.is\/wp-content\/uploads\/2025\/07\/MR7039.jpg\" \/>\n\t<meta property=\"og:image:width\" content=\"600\" \/>\n\t<meta property=\"og:image:height\" content=\"600\" \/>\n\t<meta property=\"og:image:type\" content=\"image\/jpeg\" \/>\n<meta name=\"twitter:card\" content=\"summary_large_image\" \/>\n<meta name=\"twitter:label1\" content=\"Est. reading time\" \/>\n\t<meta name=\"twitter:data1\" content=\"1 minute\" \/>\n<script type=\"application\/ld+json\" class=\"yoast-schema-graph\">{\"@context\":\"https:\\\/\\\/schema.org\",\"@graph\":[{\"@type\":\"WebPage\",\"@id\":\"https:\\\/\\\/fodurlandid.is\\\/vara\\\/the-mini-bastion\\\/\",\"url\":\"https:\\\/\\\/fodurlandid.is\\\/vara\\\/the-mini-bastion\\\/\",\"name\":\"The Mini Bastion 8,6 l\u00edtra hli\u00f0artaska me\u00f0 USB tengi & talnal\u00e1s\",\"isPartOf\":{\"@id\":\"https:\\\/\\\/fodurlandid.is\\\/#website\"},\"primaryImageOfPage\":{\"@id\":\"https:\\\/\\\/fodurlandid.is\\\/vara\\\/the-mini-bastion\\\/#primaryimage\"},\"image\":{\"@id\":\"https:\\\/\\\/fodurlandid.is\\\/vara\\\/the-mini-bastion\\\/#primaryimage\"},\"thumbnailUrl\":\"https:\\\/\\\/fodurlandid.is\\\/wp-content\\\/uploads\\\/2025\\\/07\\\/MR7039.jpg\",\"datePublished\":\"2025-07-10T08:11:27+00:00\",\"dateModified\":\"2025-09-20T12:53:12+00:00\",\"description\":\"The Mini Bastion hli\u00f0artaskan er vanda\u00f0ur og l\u00e9ttur fer\u00f0af\u00e9lagi me\u00f0 s\u00e9r h\u00f3lfi fyrir 9,7\\\" spjaldt\u00f6lvu, USB rauf til a\u00f0 hla\u00f0a snjallt\u00e6kin og TSA l\u00e6singu\",\"breadcrumb\":{\"@id\":\"https:\\\/\\\/fodurlandid.is\\\/vara\\\/the-mini-bastion\\\/#breadcrumb\"},\"inLanguage\":\"en-US\",\"potentialAction\":[{\"@type\":\"ReadAction\",\"target\":[\"https:\\\/\\\/fodurlandid.is\\\/vara\\\/the-mini-bastion\\\/\"]}]},{\"@type\":\"ImageObject\",\"inLanguage\":\"en-US\",\"@id\":\"https:\\\/\\\/fodurlandid.is\\\/vara\\\/the-mini-bastion\\\/#primaryimage\",\"url\":\"https:\\\/\\\/fodurlandid.is\\\/wp-content\\\/uploads\\\/2025\\\/07\\\/MR7039.jpg\",\"contentUrl\":\"https:\\\/\\\/fodurlandid.is\\\/wp-content\\\/uploads\\\/2025\\\/07\\\/MR7039.jpg\",\"width\":600,\"height\":600},{\"@type\":\"BreadcrumbList\",\"@id\":\"https:\\\/\\\/fodurlandid.is\\\/vara\\\/the-mini-bastion\\\/#breadcrumb\",\"itemListElement\":[{\"@type\":\"ListItem\",\"position\":1,\"name\":\"Home\",\"item\":\"https:\\\/\\\/fodurlandid.is\\\/\"},{\"@type\":\"ListItem\",\"position\":2,\"name\":\"Shop\",\"item\":\"https:\\\/\\\/www.vorulagerinn.is\\\/heildsala\\\/en\\\/shop\\\/\"},{\"@type\":\"ListItem\",\"position\":3,\"name\":\"The Mini Bastion vatnsheld 8,6 l\u00edtra hli\u00f0artaska \\\/ Cross Body taska me\u00f0 USB tengi &#038; talnal\u00e1s\"}]},{\"@type\":\"WebSite\",\"@id\":\"https:\\\/\\\/fodurlandid.is\\\/#website\",\"url\":\"https:\\\/\\\/fodurlandid.is\\\/\",\"name\":\"F\u00f6\u00f0urlandi\u00f0 ehf, heildsala\",\"description\":\"Innflutnings, umbo&eth;s- og dreifingara&eth;ili\",\"publisher\":{\"@id\":\"https:\\\/\\\/fodurlandid.is\\\/#organization\"},\"alternateName\":\"Innflutnings, umbo\u00f0s- og dreifingara\u00f0ili\",\"potentialAction\":[{\"@type\":\"SearchAction\",\"target\":{\"@type\":\"EntryPoint\",\"urlTemplate\":\"https:\\\/\\\/fodurlandid.is\\\/?s={search_term_string}\"},\"query-input\":{\"@type\":\"PropertyValueSpecification\",\"valueRequired\":true,\"valueName\":\"search_term_string\"}}],\"inLanguage\":\"en-US\"},{\"@type\":\"Organization\",\"@id\":\"https:\\\/\\\/fodurlandid.is\\\/#organization\",\"name\":\"Innflutnings, umbo\u00f0s- og dreifingara\u00f0ili\",\"url\":\"https:\\\/\\\/fodurlandid.is\\\/\",\"logo\":{\"@type\":\"ImageObject\",\"inLanguage\":\"en-US\",\"@id\":\"https:\\\/\\\/fodurlandid.is\\\/#\\\/schema\\\/logo\\\/image\\\/\",\"url\":\"https:\\\/\\\/fodurlandid.is\\\/wp-content\\\/uploads\\\/2024\\\/05\\\/Fodurlandid.png\",\"contentUrl\":\"https:\\\/\\\/fodurlandid.is\\\/wp-content\\\/uploads\\\/2024\\\/05\\\/Fodurlandid.png\",\"width\":400,\"height\":293,\"caption\":\"Innflutnings, umbo\u00f0s- og dreifingara\u00f0ili\"},\"image\":{\"@id\":\"https:\\\/\\\/fodurlandid.is\\\/#\\\/schema\\\/logo\\\/image\\\/\"}}]}<\/script>\n<!-- \/ Yoast SEO Premium plugin. -->","yoast_head_json":{"title":"The Mini Bastion 8,6 l\u00edtra hli\u00f0artaska me\u00f0 USB tengi & talnal\u00e1s","description":"The Mini Bastion hli\u00f0artaskan er vanda\u00f0ur og l\u00e9ttur fer\u00f0af\u00e9lagi me\u00f0 s\u00e9r h\u00f3lfi fyrir 9,7\" spjaldt\u00f6lvu, USB rauf til a\u00f0 hla\u00f0a snjallt\u00e6kin og TSA l\u00e6singu","robots":{"index":"index","follow":"follow","max-snippet":"max-snippet:-1","max-image-preview":"max-image-preview:large","max-video-preview":"max-video-preview:-1"},"canonical":"https:\/\/fodurlandid.is\/vara\/the-mini-bastion\/","og_locale":"en_US","og_type":"article","og_title":"The Mini Bastion vatnsheld 8,6 l\u00edtra hli\u00f0artaska \/ Cross Body taska me\u00f0 USB tengi & talnal\u00e1s","og_description":"The Mini Bastion hli\u00f0artaskan er vanda\u00f0ur og l\u00e9ttur fer\u00f0af\u00e9lagi me\u00f0 s\u00e9r h\u00f3lfi fyrir 9,7\" spjaldt\u00f6lvu, USB rauf til a\u00f0 hla\u00f0a snjallt\u00e6kin og TSA l\u00e6singu","og_url":"https:\/\/fodurlandid.is\/vara\/the-mini-bastion\/","og_site_name":"F&ouml;&eth;urlandi&eth; heildsala","article_modified_time":"2025-09-20T12:53:12+00:00","og_image":[{"width":600,"height":600,"url":"https:\/\/fodurlandid.is\/wp-content\/uploads\/2025\/07\/MR7039.jpg","type":"image\/jpeg"}],"twitter_card":"summary_large_image","twitter_misc":{"Est. reading time":"1 minute"},"schema":{"@context":"https:\/\/schema.org","@graph":[{"@type":"WebPage","@id":"https:\/\/fodurlandid.is\/vara\/the-mini-bastion\/","url":"https:\/\/fodurlandid.is\/vara\/the-mini-bastion\/","name":"The Mini Bastion 8,6 l\u00edtra hli\u00f0artaska me\u00f0 USB tengi & talnal\u00e1s","isPartOf":{"@id":"https:\/\/fodurlandid.is\/#website"},"primaryImageOfPage":{"@id":"https:\/\/fodurlandid.is\/vara\/the-mini-bastion\/#primaryimage"},"image":{"@id":"https:\/\/fodurlandid.is\/vara\/the-mini-bastion\/#primaryimage"},"thumbnailUrl":"https:\/\/fodurlandid.is\/wp-content\/uploads\/2025\/07\/MR7039.jpg","datePublished":"2025-07-10T08:11:27+00:00","dateModified":"2025-09-20T12:53:12+00:00","description":"The Mini Bastion hli\u00f0artaskan er vanda\u00f0ur og l\u00e9ttur fer\u00f0af\u00e9lagi me\u00f0 s\u00e9r h\u00f3lfi fyrir 9,7\" spjaldt\u00f6lvu, USB rauf til a\u00f0 hla\u00f0a snjallt\u00e6kin og TSA l\u00e6singu","breadcrumb":{"@id":"https:\/\/fodurlandid.is\/vara\/the-mini-bastion\/#breadcrumb"},"inLanguage":"en-US","potentialAction":[{"@type":"ReadAction","target":["https:\/\/fodurlandid.is\/vara\/the-mini-bastion\/"]}]},{"@type":"ImageObject","inLanguage":"en-US","@id":"https:\/\/fodurlandid.is\/vara\/the-mini-bastion\/#primaryimage","url":"https:\/\/fodurlandid.is\/wp-content\/uploads\/2025\/07\/MR7039.jpg","contentUrl":"https:\/\/fodurlandid.is\/wp-content\/uploads\/2025\/07\/MR7039.jpg","width":600,"height":600},{"@type":"BreadcrumbList","@id":"https:\/\/fodurlandid.is\/vara\/the-mini-bastion\/#breadcrumb","itemListElement":[{"@type":"ListItem","position":1,"name":"Home","item":"https:\/\/fodurlandid.is\/"},{"@type":"ListItem","position":2,"name":"Shop","item":"https:\/\/www.vorulagerinn.is\/heildsala\/en\/shop\/"},{"@type":"ListItem","position":3,"name":"The Mini Bastion vatnsheld 8,6 l\u00edtra hli\u00f0artaska \/ Cross Body taska me\u00f0 USB tengi &#038; talnal\u00e1s"}]},{"@type":"WebSite","@id":"https:\/\/fodurlandid.is\/#website","url":"https:\/\/fodurlandid.is\/","name":"F\u00f6\u00f0urlandi\u00f0 ehf, heildsala","description":"Innflutnings, umbo&eth;s- og dreifingara&eth;ili","publisher":{"@id":"https:\/\/fodurlandid.is\/#organization"},"alternateName":"Innflutnings, umbo\u00f0s- og dreifingara\u00f0ili","potentialAction":[{"@type":"SearchAction","target":{"@type":"EntryPoint","urlTemplate":"https:\/\/fodurlandid.is\/?s={search_term_string}"},"query-input":{"@type":"PropertyValueSpecification","valueRequired":true,"valueName":"search_term_string"}}],"inLanguage":"en-US"},{"@type":"Organization","@id":"https:\/\/fodurlandid.is\/#organization","name":"Innflutnings, umbo\u00f0s- og dreifingara\u00f0ili","url":"https:\/\/fodurlandid.is\/","logo":{"@type":"ImageObject","inLanguage":"en-US","@id":"https:\/\/fodurlandid.is\/#\/schema\/logo\/image\/","url":"https:\/\/fodurlandid.is\/wp-content\/uploads\/2024\/05\/Fodurlandid.png","contentUrl":"https:\/\/fodurlandid.is\/wp-content\/uploads\/2024\/05\/Fodurlandid.png","width":400,"height":293,"caption":"Innflutnings, umbo\u00f0s- og dreifingara\u00f0ili"},"image":{"@id":"https:\/\/fodurlandid.is\/#\/schema\/logo\/image\/"}}]}},"_links":{"self":[{"href":"https:\/\/fodurlandid.is\/en\/wp-json\/wp\/v2\/product\/23967","targetHints":{"allow":["GET"]}}],"collection":[{"href":"https:\/\/fodurlandid.is\/en\/wp-json\/wp\/v2\/product"}],"about":[{"href":"https:\/\/fodurlandid.is\/en\/wp-json\/wp\/v2\/types\/product"}],"wp:featuredmedia":[{"embeddable":true,"href":"https:\/\/fodurlandid.is\/en\/wp-json\/wp\/v2\/media\/23968"}],"wp:attachment":[{"href":"https:\/\/fodurlandid.is\/en\/wp-json\/wp\/v2\/media?parent=23967"}],"wp:term":[{"taxonomy":"product_brand","embeddable":true,"href":"https:\/\/fodurlandid.is\/en\/wp-json\/wp\/v2\/product_brand?post=23967"},{"taxonomy":"product_cat","embeddable":true,"href":"https:\/\/fodurlandid.is\/en\/wp-json\/wp\/v2\/product_cat?post=23967"},{"taxonomy":"product_tag","embeddable":true,"href":"https:\/\/fodurlandid.is\/en\/wp-json\/wp\/v2\/product_tag?post=23967"}],"curies":[{"name":"wp","href":"https:\/\/api.w.org\/{rel}","templated":true}]}}