{"id":23947,"date":"2025-07-10T06:49:19","date_gmt":"2025-07-10T06:49:19","guid":{"rendered":"https:\/\/fodurlandid.is\/?post_type=product&#038;p=23947"},"modified":"2025-09-21T09:14:02","modified_gmt":"2025-09-21T09:14:02","slug":"the-infinitely-light","status":"publish","type":"product","link":"https:\/\/fodurlandid.is\/en\/product\/the-infinitely-light\/","title":{"rendered":"The infinitely light er st\u00edlhreinn pakpoki fyrir allt a\u00f0 15,6&#8243; fart\u00f6lvu og hentar fyrir sk\u00f3la, vinnu e\u00f0a fer\u00f0alagi\u00f0"},"content":{"rendered":"","protected":false},"excerpt":{"rendered":"<p>St\u00edlhreinn, gl\u00e6silegur og r\u00famg\u00f3\u00f0ur bakpoki \/ sk\u00f3lataska fr\u00e1 Mark Ryden undir \u00fea\u00f0 helsta. Innrar\u00fdmi\u00f0 er tv\u00edskipt me\u00f0 tveimur r\u00famg\u00f3\u00f0um h\u00f3lfum sem eru b\u00e6\u00f0i me\u00f0 rennil\u00e1s. St\u00e6rra h\u00f3lfi\u00f0 er me\u00f0 s\u00e9r vasa fyrir allt a\u00f0 15,6\u2033 fart\u00f6lvur, einum renndum og tveimur opnum. Minna h\u00f3lfi\u00f0 er r\u00famgott me\u00f0 festingu fyrir lykla og \u00fea\u00f0 er t.d. h\u00e6gt a\u00f0 geyma sk\u00f3, handkl\u00e6\u00f0i og skiptif\u00f6t fyrir \u00ed\u00fe\u00f3ttir.<\/p>\n<p>\u2013 Sj\u00e1 myndband ne\u00f0ar \u00e1 s\u00ed\u00f0u<br \/>\n\u2013 Litur: Svartur<br \/>\n\u2013 St\u00e6r\u00f0: 29 x 17 x 44 cm<br \/>\n\u2013 22 l\u00edtra<br \/>\n\u2013 \u00deyngd: 0,95 kg<br \/>\n\u2013 Efni: Oxford<br \/>\n\u2013 Stillanleg b\u00f6nd: 45-100 cm<br \/>\n\u2013 S\u00e9r h\u00f3lf fyrir allt a\u00f0 15,6\u2033 fart\u00f6lvur<\/p>\n","protected":false},"featured_media":23954,"template":"","meta":[],"product_brand":[401],"product_cat":[403],"product_tag":[],"class_list":{"0":"post-23947","1":"product","2":"type-product","3":"status-publish","4":"has-post-thumbnail","6":"product_brand-mark-ryden","7":"product_cat-bakpokar","9":"first","10":"instock","11":"taxable","12":"shipping-taxable","13":"product-type-simple"},"yoast_head":"<!-- This site is optimized with the Yoast SEO Premium plugin v21.5 (Yoast SEO v27.3) - https:\/\/yoast.com\/product\/yoast-seo-premium-wordpress\/ -->\n<title>The infinitely light er st\u00edlhreinn pakpoki fyrir allt a\u00f0 15,6&quot; fart\u00f6lvur<\/title>\n<meta name=\"description\" content=\"Gl\u00e6silegur &amp; r\u00famg\u00f3\u00f0ur bakpoki \/ sk\u00f3lataska fr\u00e1 Mark Ryden undir \u00fea\u00f0 helsta. Innrar\u00fdmi\u00f0 er tv\u00edskipt me\u00f0 tveimur r\u00famg\u00f3\u00f0um h\u00f3lfum. Fyrir allt a\u00f0 15,6\u2033 fart\u00f6lvur\" \/>\n<meta name=\"robots\" content=\"index, follow, max-snippet:-1, max-image-preview:large, max-video-preview:-1\" \/>\n<link rel=\"canonical\" href=\"https:\/\/fodurlandid.is\/vara\/the-infinitely-light\/\" \/>\n<meta property=\"og:locale\" content=\"en_US\" \/>\n<meta property=\"og:type\" content=\"article\" \/>\n<meta property=\"og:title\" content=\"The infinitely light er st\u00edlhreinn pakpoki fyrir allt a\u00f0 15,6&quot; fart\u00f6lvu og hentar fyrir sk\u00f3la, vinnu e\u00f0a fer\u00f0alagi\u00f0\" \/>\n<meta property=\"og:description\" content=\"Gl\u00e6silegur &amp; r\u00famg\u00f3\u00f0ur bakpoki \/ sk\u00f3lataska fr\u00e1 Mark Ryden undir \u00fea\u00f0 helsta. Innrar\u00fdmi\u00f0 er tv\u00edskipt me\u00f0 tveimur r\u00famg\u00f3\u00f0um h\u00f3lfum. Fyrir allt a\u00f0 15,6\u2033 fart\u00f6lvur\" \/>\n<meta property=\"og:url\" content=\"https:\/\/fodurlandid.is\/vara\/the-infinitely-light\/\" \/>\n<meta property=\"og:site_name\" content=\"F&ouml;&eth;urlandi&eth; heildsala\" \/>\n<meta property=\"article:modified_time\" content=\"2025-09-21T09:14:02+00:00\" \/>\n<meta property=\"og:image\" content=\"https:\/\/fodurlandid.is\/wp-content\/uploads\/2025\/07\/MR2493_.jpg\" \/>\n\t<meta property=\"og:image:width\" content=\"600\" \/>\n\t<meta property=\"og:image:height\" content=\"600\" \/>\n\t<meta property=\"og:image:type\" content=\"image\/jpeg\" \/>\n<meta name=\"twitter:card\" content=\"summary_large_image\" \/>\n<meta name=\"twitter:label1\" content=\"Est. reading time\" \/>\n\t<meta name=\"twitter:data1\" content=\"1 minute\" \/>\n<script type=\"application\/ld+json\" class=\"yoast-schema-graph\">{\"@context\":\"https:\\\/\\\/schema.org\",\"@graph\":[{\"@type\":\"WebPage\",\"@id\":\"https:\\\/\\\/fodurlandid.is\\\/vara\\\/the-infinitely-light\\\/\",\"url\":\"https:\\\/\\\/fodurlandid.is\\\/vara\\\/the-infinitely-light\\\/\",\"name\":\"The infinitely light er st\u00edlhreinn pakpoki fyrir allt a\u00f0 15,6\\\" fart\u00f6lvur\",\"isPartOf\":{\"@id\":\"https:\\\/\\\/fodurlandid.is\\\/#website\"},\"primaryImageOfPage\":{\"@id\":\"https:\\\/\\\/fodurlandid.is\\\/vara\\\/the-infinitely-light\\\/#primaryimage\"},\"image\":{\"@id\":\"https:\\\/\\\/fodurlandid.is\\\/vara\\\/the-infinitely-light\\\/#primaryimage\"},\"thumbnailUrl\":\"https:\\\/\\\/fodurlandid.is\\\/wp-content\\\/uploads\\\/2025\\\/07\\\/MR2493_.jpg\",\"datePublished\":\"2025-07-10T06:49:19+00:00\",\"dateModified\":\"2025-09-21T09:14:02+00:00\",\"description\":\"Gl\u00e6silegur & r\u00famg\u00f3\u00f0ur bakpoki \\\/ sk\u00f3lataska fr\u00e1 Mark Ryden undir \u00fea\u00f0 helsta. Innrar\u00fdmi\u00f0 er tv\u00edskipt me\u00f0 tveimur r\u00famg\u00f3\u00f0um h\u00f3lfum. Fyrir allt a\u00f0 15,6\u2033 fart\u00f6lvur\",\"breadcrumb\":{\"@id\":\"https:\\\/\\\/fodurlandid.is\\\/vara\\\/the-infinitely-light\\\/#breadcrumb\"},\"inLanguage\":\"en-US\",\"potentialAction\":[{\"@type\":\"ReadAction\",\"target\":[\"https:\\\/\\\/fodurlandid.is\\\/vara\\\/the-infinitely-light\\\/\"]}]},{\"@type\":\"ImageObject\",\"inLanguage\":\"en-US\",\"@id\":\"https:\\\/\\\/fodurlandid.is\\\/vara\\\/the-infinitely-light\\\/#primaryimage\",\"url\":\"https:\\\/\\\/fodurlandid.is\\\/wp-content\\\/uploads\\\/2025\\\/07\\\/MR2493_.jpg\",\"contentUrl\":\"https:\\\/\\\/fodurlandid.is\\\/wp-content\\\/uploads\\\/2025\\\/07\\\/MR2493_.jpg\",\"width\":600,\"height\":600},{\"@type\":\"BreadcrumbList\",\"@id\":\"https:\\\/\\\/fodurlandid.is\\\/vara\\\/the-infinitely-light\\\/#breadcrumb\",\"itemListElement\":[{\"@type\":\"ListItem\",\"position\":1,\"name\":\"Home\",\"item\":\"https:\\\/\\\/fodurlandid.is\\\/\"},{\"@type\":\"ListItem\",\"position\":2,\"name\":\"Shop\",\"item\":\"https:\\\/\\\/www.vorulagerinn.is\\\/heildsala\\\/en\\\/shop\\\/\"},{\"@type\":\"ListItem\",\"position\":3,\"name\":\"The infinitely light er st\u00edlhreinn pakpoki fyrir allt a\u00f0 15,6&#8243; fart\u00f6lvu og hentar fyrir sk\u00f3la, vinnu e\u00f0a fer\u00f0alagi\u00f0\"}]},{\"@type\":\"WebSite\",\"@id\":\"https:\\\/\\\/fodurlandid.is\\\/#website\",\"url\":\"https:\\\/\\\/fodurlandid.is\\\/\",\"name\":\"F\u00f6\u00f0urlandi\u00f0 ehf, heildsala\",\"description\":\"Innflutnings, umbo&eth;s- og dreifingara&eth;ili\",\"publisher\":{\"@id\":\"https:\\\/\\\/fodurlandid.is\\\/#organization\"},\"alternateName\":\"Innflutnings, umbo\u00f0s- og dreifingara\u00f0ili\",\"potentialAction\":[{\"@type\":\"SearchAction\",\"target\":{\"@type\":\"EntryPoint\",\"urlTemplate\":\"https:\\\/\\\/fodurlandid.is\\\/?s={search_term_string}\"},\"query-input\":{\"@type\":\"PropertyValueSpecification\",\"valueRequired\":true,\"valueName\":\"search_term_string\"}}],\"inLanguage\":\"en-US\"},{\"@type\":\"Organization\",\"@id\":\"https:\\\/\\\/fodurlandid.is\\\/#organization\",\"name\":\"Innflutnings, umbo\u00f0s- og dreifingara\u00f0ili\",\"url\":\"https:\\\/\\\/fodurlandid.is\\\/\",\"logo\":{\"@type\":\"ImageObject\",\"inLanguage\":\"en-US\",\"@id\":\"https:\\\/\\\/fodurlandid.is\\\/#\\\/schema\\\/logo\\\/image\\\/\",\"url\":\"https:\\\/\\\/fodurlandid.is\\\/wp-content\\\/uploads\\\/2024\\\/05\\\/Fodurlandid.png\",\"contentUrl\":\"https:\\\/\\\/fodurlandid.is\\\/wp-content\\\/uploads\\\/2024\\\/05\\\/Fodurlandid.png\",\"width\":400,\"height\":293,\"caption\":\"Innflutnings, umbo\u00f0s- og dreifingara\u00f0ili\"},\"image\":{\"@id\":\"https:\\\/\\\/fodurlandid.is\\\/#\\\/schema\\\/logo\\\/image\\\/\"}}]}<\/script>\n<!-- \/ Yoast SEO Premium plugin. -->","yoast_head_json":{"title":"The infinitely light er st\u00edlhreinn pakpoki fyrir allt a\u00f0 15,6\" fart\u00f6lvur","description":"Gl\u00e6silegur & r\u00famg\u00f3\u00f0ur bakpoki \/ sk\u00f3lataska fr\u00e1 Mark Ryden undir \u00fea\u00f0 helsta. Innrar\u00fdmi\u00f0 er tv\u00edskipt me\u00f0 tveimur r\u00famg\u00f3\u00f0um h\u00f3lfum. Fyrir allt a\u00f0 15,6\u2033 fart\u00f6lvur","robots":{"index":"index","follow":"follow","max-snippet":"max-snippet:-1","max-image-preview":"max-image-preview:large","max-video-preview":"max-video-preview:-1"},"canonical":"https:\/\/fodurlandid.is\/vara\/the-infinitely-light\/","og_locale":"en_US","og_type":"article","og_title":"The infinitely light er st\u00edlhreinn pakpoki fyrir allt a\u00f0 15,6\" fart\u00f6lvu og hentar fyrir sk\u00f3la, vinnu e\u00f0a fer\u00f0alagi\u00f0","og_description":"Gl\u00e6silegur & r\u00famg\u00f3\u00f0ur bakpoki \/ sk\u00f3lataska fr\u00e1 Mark Ryden undir \u00fea\u00f0 helsta. Innrar\u00fdmi\u00f0 er tv\u00edskipt me\u00f0 tveimur r\u00famg\u00f3\u00f0um h\u00f3lfum. Fyrir allt a\u00f0 15,6\u2033 fart\u00f6lvur","og_url":"https:\/\/fodurlandid.is\/vara\/the-infinitely-light\/","og_site_name":"F&ouml;&eth;urlandi&eth; heildsala","article_modified_time":"2025-09-21T09:14:02+00:00","og_image":[{"width":600,"height":600,"url":"https:\/\/fodurlandid.is\/wp-content\/uploads\/2025\/07\/MR2493_.jpg","type":"image\/jpeg"}],"twitter_card":"summary_large_image","twitter_misc":{"Est. reading time":"1 minute"},"schema":{"@context":"https:\/\/schema.org","@graph":[{"@type":"WebPage","@id":"https:\/\/fodurlandid.is\/vara\/the-infinitely-light\/","url":"https:\/\/fodurlandid.is\/vara\/the-infinitely-light\/","name":"The infinitely light er st\u00edlhreinn pakpoki fyrir allt a\u00f0 15,6\" fart\u00f6lvur","isPartOf":{"@id":"https:\/\/fodurlandid.is\/#website"},"primaryImageOfPage":{"@id":"https:\/\/fodurlandid.is\/vara\/the-infinitely-light\/#primaryimage"},"image":{"@id":"https:\/\/fodurlandid.is\/vara\/the-infinitely-light\/#primaryimage"},"thumbnailUrl":"https:\/\/fodurlandid.is\/wp-content\/uploads\/2025\/07\/MR2493_.jpg","datePublished":"2025-07-10T06:49:19+00:00","dateModified":"2025-09-21T09:14:02+00:00","description":"Gl\u00e6silegur & r\u00famg\u00f3\u00f0ur bakpoki \/ sk\u00f3lataska fr\u00e1 Mark Ryden undir \u00fea\u00f0 helsta. Innrar\u00fdmi\u00f0 er tv\u00edskipt me\u00f0 tveimur r\u00famg\u00f3\u00f0um h\u00f3lfum. Fyrir allt a\u00f0 15,6\u2033 fart\u00f6lvur","breadcrumb":{"@id":"https:\/\/fodurlandid.is\/vara\/the-infinitely-light\/#breadcrumb"},"inLanguage":"en-US","potentialAction":[{"@type":"ReadAction","target":["https:\/\/fodurlandid.is\/vara\/the-infinitely-light\/"]}]},{"@type":"ImageObject","inLanguage":"en-US","@id":"https:\/\/fodurlandid.is\/vara\/the-infinitely-light\/#primaryimage","url":"https:\/\/fodurlandid.is\/wp-content\/uploads\/2025\/07\/MR2493_.jpg","contentUrl":"https:\/\/fodurlandid.is\/wp-content\/uploads\/2025\/07\/MR2493_.jpg","width":600,"height":600},{"@type":"BreadcrumbList","@id":"https:\/\/fodurlandid.is\/vara\/the-infinitely-light\/#breadcrumb","itemListElement":[{"@type":"ListItem","position":1,"name":"Home","item":"https:\/\/fodurlandid.is\/"},{"@type":"ListItem","position":2,"name":"Shop","item":"https:\/\/www.vorulagerinn.is\/heildsala\/en\/shop\/"},{"@type":"ListItem","position":3,"name":"The infinitely light er st\u00edlhreinn pakpoki fyrir allt a\u00f0 15,6&#8243; fart\u00f6lvu og hentar fyrir sk\u00f3la, vinnu e\u00f0a fer\u00f0alagi\u00f0"}]},{"@type":"WebSite","@id":"https:\/\/fodurlandid.is\/#website","url":"https:\/\/fodurlandid.is\/","name":"F\u00f6\u00f0urlandi\u00f0 ehf, heildsala","description":"Innflutnings, umbo&eth;s- og dreifingara&eth;ili","publisher":{"@id":"https:\/\/fodurlandid.is\/#organization"},"alternateName":"Innflutnings, umbo\u00f0s- og dreifingara\u00f0ili","potentialAction":[{"@type":"SearchAction","target":{"@type":"EntryPoint","urlTemplate":"https:\/\/fodurlandid.is\/?s={search_term_string}"},"query-input":{"@type":"PropertyValueSpecification","valueRequired":true,"valueName":"search_term_string"}}],"inLanguage":"en-US"},{"@type":"Organization","@id":"https:\/\/fodurlandid.is\/#organization","name":"Innflutnings, umbo\u00f0s- og dreifingara\u00f0ili","url":"https:\/\/fodurlandid.is\/","logo":{"@type":"ImageObject","inLanguage":"en-US","@id":"https:\/\/fodurlandid.is\/#\/schema\/logo\/image\/","url":"https:\/\/fodurlandid.is\/wp-content\/uploads\/2024\/05\/Fodurlandid.png","contentUrl":"https:\/\/fodurlandid.is\/wp-content\/uploads\/2024\/05\/Fodurlandid.png","width":400,"height":293,"caption":"Innflutnings, umbo\u00f0s- og dreifingara\u00f0ili"},"image":{"@id":"https:\/\/fodurlandid.is\/#\/schema\/logo\/image\/"}}]}},"_links":{"self":[{"href":"https:\/\/fodurlandid.is\/en\/wp-json\/wp\/v2\/product\/23947","targetHints":{"allow":["GET"]}}],"collection":[{"href":"https:\/\/fodurlandid.is\/en\/wp-json\/wp\/v2\/product"}],"about":[{"href":"https:\/\/fodurlandid.is\/en\/wp-json\/wp\/v2\/types\/product"}],"wp:featuredmedia":[{"embeddable":true,"href":"https:\/\/fodurlandid.is\/en\/wp-json\/wp\/v2\/media\/23954"}],"wp:attachment":[{"href":"https:\/\/fodurlandid.is\/en\/wp-json\/wp\/v2\/media?parent=23947"}],"wp:term":[{"taxonomy":"product_brand","embeddable":true,"href":"https:\/\/fodurlandid.is\/en\/wp-json\/wp\/v2\/product_brand?post=23947"},{"taxonomy":"product_cat","embeddable":true,"href":"https:\/\/fodurlandid.is\/en\/wp-json\/wp\/v2\/product_cat?post=23947"},{"taxonomy":"product_tag","embeddable":true,"href":"https:\/\/fodurlandid.is\/en\/wp-json\/wp\/v2\/product_tag?post=23947"}],"curies":[{"name":"wp","href":"https:\/\/api.w.org\/{rel}","templated":true}]}}