{"id":23927,"date":"2025-07-10T06:24:03","date_gmt":"2025-07-10T06:24:03","guid":{"rendered":"https:\/\/fodurlandid.is\/?post_type=product&#038;p=23927"},"modified":"2025-09-20T12:46:49","modified_gmt":"2025-09-20T12:46:49","slug":"techsafe","status":"publish","type":"product","link":"https:\/\/fodurlandid.is\/en\/product\/techsafe\/","title":{"rendered":"TechSafe hli\u00f0artaskan er st\u00edlhrein og gl\u00e6sileg fyrir f\u00f3lk \u00e1 fer\u00f0inni"},"content":{"rendered":"","protected":false},"excerpt":{"rendered":"<p>St\u00edlhreinn og flott hli\u00f0artaska fr\u00e1 Mark Ryden sem er h\u00f6nnu\u00f0 fyrir f\u00f3lk \u00e1 fer\u00f0inni. Taskan er me\u00f0 r\u00famgott innra r\u00fdmi og YKK rennil\u00e1sum sem taldir eru \u00feeir bestu \u00e1 marka\u00f0inum \u00ed dag. Framan \u00e1 t\u00f6skunni er vasi loka\u00f0ur me\u00f0 fr\u00f6nskum rennil\u00e1s og a\u00f0 aftan er renndur vasi. A\u00f0alr\u00fdmi t\u00f6skunnar er r\u00famgott me\u00f0 tveimur v\u00f6sum \u00f6\u00f0ru megin og einum renndum \u00e1 hinni hli\u00f0inni.<\/p>\n<p>&#8211; Litur: Svartur<br \/>\n&#8211; \u00deyngd: 0,65 kg<br \/>\n&#8211; St\u00e6r\u00f0: 37x7x31 cm<br \/>\n&#8211; Efni: Oxford &amp; YKK rennil\u00e1sar<br \/>\n&#8211; YKK rennil\u00e1sar<\/p>\n","protected":false},"featured_media":23934,"template":"","meta":[],"product_brand":[401],"product_cat":[406],"product_tag":[],"class_list":{"0":"post-23927","1":"product","2":"type-product","3":"status-publish","4":"has-post-thumbnail","6":"product_brand-mark-ryden","7":"product_cat-hlidartoskur-cross-body-bakpokar","9":"first","10":"instock","11":"taxable","12":"shipping-taxable","13":"product-type-simple"},"yoast_head":"<!-- This site is optimized with the Yoast SEO Premium plugin v21.5 (Yoast SEO v27.3) - https:\/\/yoast.com\/product\/yoast-seo-premium-wordpress\/ -->\n<title>TechSafe hli\u00f0artaskan er st\u00edlhrein og gl\u00e6sileg fyrir f\u00f3lk \u00e1 fer\u00f0inni<\/title>\n<meta name=\"description\" content=\"Gl\u00e6sileg hli\u00f0artaska fr\u00e1 Mark Ryden sem er h\u00f6nnu\u00f0 fyrir f\u00f3lk \u00e1 fer\u00f0inni. Taskan er me\u00f0 r\u00famgott innra r\u00fdmi, renndum v\u00f6sum og YKK rennil\u00e1sum.\" \/>\n<meta name=\"robots\" content=\"index, follow, max-snippet:-1, max-image-preview:large, max-video-preview:-1\" \/>\n<link rel=\"canonical\" href=\"https:\/\/fodurlandid.is\/vara\/techsafe\/\" \/>\n<meta property=\"og:locale\" content=\"en_US\" \/>\n<meta property=\"og:type\" content=\"article\" \/>\n<meta property=\"og:title\" content=\"TechSafe hli\u00f0artaskan er st\u00edlhrein og gl\u00e6sileg fyrir f\u00f3lk \u00e1 fer\u00f0inni\" \/>\n<meta property=\"og:description\" content=\"Gl\u00e6sileg hli\u00f0artaska fr\u00e1 Mark Ryden sem er h\u00f6nnu\u00f0 fyrir f\u00f3lk \u00e1 fer\u00f0inni. Taskan er me\u00f0 r\u00famgott innra r\u00fdmi, renndum v\u00f6sum og YKK rennil\u00e1sum.\" \/>\n<meta property=\"og:url\" content=\"https:\/\/fodurlandid.is\/vara\/techsafe\/\" \/>\n<meta property=\"og:site_name\" content=\"F&ouml;&eth;urlandi&eth; heildsala\" \/>\n<meta property=\"article:modified_time\" content=\"2025-09-20T12:46:49+00:00\" \/>\n<meta property=\"og:image\" content=\"https:\/\/fodurlandid.is\/wp-content\/uploads\/2025\/07\/MR569_6.jpg\" \/>\n\t<meta property=\"og:image:width\" content=\"600\" \/>\n\t<meta property=\"og:image:height\" content=\"600\" \/>\n\t<meta property=\"og:image:type\" content=\"image\/jpeg\" \/>\n<meta name=\"twitter:card\" content=\"summary_large_image\" \/>\n<meta name=\"twitter:label1\" content=\"Est. reading time\" \/>\n\t<meta name=\"twitter:data1\" content=\"1 minute\" \/>\n<script type=\"application\/ld+json\" class=\"yoast-schema-graph\">{\"@context\":\"https:\\\/\\\/schema.org\",\"@graph\":[{\"@type\":\"WebPage\",\"@id\":\"https:\\\/\\\/fodurlandid.is\\\/vara\\\/techsafe\\\/\",\"url\":\"https:\\\/\\\/fodurlandid.is\\\/vara\\\/techsafe\\\/\",\"name\":\"TechSafe hli\u00f0artaskan er st\u00edlhrein og gl\u00e6sileg fyrir f\u00f3lk \u00e1 fer\u00f0inni\",\"isPartOf\":{\"@id\":\"https:\\\/\\\/fodurlandid.is\\\/#website\"},\"primaryImageOfPage\":{\"@id\":\"https:\\\/\\\/fodurlandid.is\\\/vara\\\/techsafe\\\/#primaryimage\"},\"image\":{\"@id\":\"https:\\\/\\\/fodurlandid.is\\\/vara\\\/techsafe\\\/#primaryimage\"},\"thumbnailUrl\":\"https:\\\/\\\/fodurlandid.is\\\/wp-content\\\/uploads\\\/2025\\\/07\\\/MR569_6.jpg\",\"datePublished\":\"2025-07-10T06:24:03+00:00\",\"dateModified\":\"2025-09-20T12:46:49+00:00\",\"description\":\"Gl\u00e6sileg hli\u00f0artaska fr\u00e1 Mark Ryden sem er h\u00f6nnu\u00f0 fyrir f\u00f3lk \u00e1 fer\u00f0inni. Taskan er me\u00f0 r\u00famgott innra r\u00fdmi, renndum v\u00f6sum og YKK rennil\u00e1sum.\",\"breadcrumb\":{\"@id\":\"https:\\\/\\\/fodurlandid.is\\\/vara\\\/techsafe\\\/#breadcrumb\"},\"inLanguage\":\"en-US\",\"potentialAction\":[{\"@type\":\"ReadAction\",\"target\":[\"https:\\\/\\\/fodurlandid.is\\\/vara\\\/techsafe\\\/\"]}]},{\"@type\":\"ImageObject\",\"inLanguage\":\"en-US\",\"@id\":\"https:\\\/\\\/fodurlandid.is\\\/vara\\\/techsafe\\\/#primaryimage\",\"url\":\"https:\\\/\\\/fodurlandid.is\\\/wp-content\\\/uploads\\\/2025\\\/07\\\/MR569_6.jpg\",\"contentUrl\":\"https:\\\/\\\/fodurlandid.is\\\/wp-content\\\/uploads\\\/2025\\\/07\\\/MR569_6.jpg\",\"width\":600,\"height\":600},{\"@type\":\"BreadcrumbList\",\"@id\":\"https:\\\/\\\/fodurlandid.is\\\/vara\\\/techsafe\\\/#breadcrumb\",\"itemListElement\":[{\"@type\":\"ListItem\",\"position\":1,\"name\":\"Home\",\"item\":\"https:\\\/\\\/fodurlandid.is\\\/\"},{\"@type\":\"ListItem\",\"position\":2,\"name\":\"Shop\",\"item\":\"https:\\\/\\\/www.vorulagerinn.is\\\/heildsala\\\/en\\\/shop\\\/\"},{\"@type\":\"ListItem\",\"position\":3,\"name\":\"TechSafe hli\u00f0artaskan er st\u00edlhrein og gl\u00e6sileg fyrir f\u00f3lk \u00e1 fer\u00f0inni\"}]},{\"@type\":\"WebSite\",\"@id\":\"https:\\\/\\\/fodurlandid.is\\\/#website\",\"url\":\"https:\\\/\\\/fodurlandid.is\\\/\",\"name\":\"F\u00f6\u00f0urlandi\u00f0 ehf, heildsala\",\"description\":\"Innflutnings, umbo&eth;s- og dreifingara&eth;ili\",\"publisher\":{\"@id\":\"https:\\\/\\\/fodurlandid.is\\\/#organization\"},\"alternateName\":\"Innflutnings, umbo\u00f0s- og dreifingara\u00f0ili\",\"potentialAction\":[{\"@type\":\"SearchAction\",\"target\":{\"@type\":\"EntryPoint\",\"urlTemplate\":\"https:\\\/\\\/fodurlandid.is\\\/?s={search_term_string}\"},\"query-input\":{\"@type\":\"PropertyValueSpecification\",\"valueRequired\":true,\"valueName\":\"search_term_string\"}}],\"inLanguage\":\"en-US\"},{\"@type\":\"Organization\",\"@id\":\"https:\\\/\\\/fodurlandid.is\\\/#organization\",\"name\":\"Innflutnings, umbo\u00f0s- og dreifingara\u00f0ili\",\"url\":\"https:\\\/\\\/fodurlandid.is\\\/\",\"logo\":{\"@type\":\"ImageObject\",\"inLanguage\":\"en-US\",\"@id\":\"https:\\\/\\\/fodurlandid.is\\\/#\\\/schema\\\/logo\\\/image\\\/\",\"url\":\"https:\\\/\\\/fodurlandid.is\\\/wp-content\\\/uploads\\\/2024\\\/05\\\/Fodurlandid.png\",\"contentUrl\":\"https:\\\/\\\/fodurlandid.is\\\/wp-content\\\/uploads\\\/2024\\\/05\\\/Fodurlandid.png\",\"width\":400,\"height\":293,\"caption\":\"Innflutnings, umbo\u00f0s- og dreifingara\u00f0ili\"},\"image\":{\"@id\":\"https:\\\/\\\/fodurlandid.is\\\/#\\\/schema\\\/logo\\\/image\\\/\"}}]}<\/script>\n<!-- \/ Yoast SEO Premium plugin. -->","yoast_head_json":{"title":"TechSafe hli\u00f0artaskan er st\u00edlhrein og gl\u00e6sileg fyrir f\u00f3lk \u00e1 fer\u00f0inni","description":"Gl\u00e6sileg hli\u00f0artaska fr\u00e1 Mark Ryden sem er h\u00f6nnu\u00f0 fyrir f\u00f3lk \u00e1 fer\u00f0inni. Taskan er me\u00f0 r\u00famgott innra r\u00fdmi, renndum v\u00f6sum og YKK rennil\u00e1sum.","robots":{"index":"index","follow":"follow","max-snippet":"max-snippet:-1","max-image-preview":"max-image-preview:large","max-video-preview":"max-video-preview:-1"},"canonical":"https:\/\/fodurlandid.is\/vara\/techsafe\/","og_locale":"en_US","og_type":"article","og_title":"TechSafe hli\u00f0artaskan er st\u00edlhrein og gl\u00e6sileg fyrir f\u00f3lk \u00e1 fer\u00f0inni","og_description":"Gl\u00e6sileg hli\u00f0artaska fr\u00e1 Mark Ryden sem er h\u00f6nnu\u00f0 fyrir f\u00f3lk \u00e1 fer\u00f0inni. Taskan er me\u00f0 r\u00famgott innra r\u00fdmi, renndum v\u00f6sum og YKK rennil\u00e1sum.","og_url":"https:\/\/fodurlandid.is\/vara\/techsafe\/","og_site_name":"F&ouml;&eth;urlandi&eth; heildsala","article_modified_time":"2025-09-20T12:46:49+00:00","og_image":[{"width":600,"height":600,"url":"https:\/\/fodurlandid.is\/wp-content\/uploads\/2025\/07\/MR569_6.jpg","type":"image\/jpeg"}],"twitter_card":"summary_large_image","twitter_misc":{"Est. reading time":"1 minute"},"schema":{"@context":"https:\/\/schema.org","@graph":[{"@type":"WebPage","@id":"https:\/\/fodurlandid.is\/vara\/techsafe\/","url":"https:\/\/fodurlandid.is\/vara\/techsafe\/","name":"TechSafe hli\u00f0artaskan er st\u00edlhrein og gl\u00e6sileg fyrir f\u00f3lk \u00e1 fer\u00f0inni","isPartOf":{"@id":"https:\/\/fodurlandid.is\/#website"},"primaryImageOfPage":{"@id":"https:\/\/fodurlandid.is\/vara\/techsafe\/#primaryimage"},"image":{"@id":"https:\/\/fodurlandid.is\/vara\/techsafe\/#primaryimage"},"thumbnailUrl":"https:\/\/fodurlandid.is\/wp-content\/uploads\/2025\/07\/MR569_6.jpg","datePublished":"2025-07-10T06:24:03+00:00","dateModified":"2025-09-20T12:46:49+00:00","description":"Gl\u00e6sileg hli\u00f0artaska fr\u00e1 Mark Ryden sem er h\u00f6nnu\u00f0 fyrir f\u00f3lk \u00e1 fer\u00f0inni. Taskan er me\u00f0 r\u00famgott innra r\u00fdmi, renndum v\u00f6sum og YKK rennil\u00e1sum.","breadcrumb":{"@id":"https:\/\/fodurlandid.is\/vara\/techsafe\/#breadcrumb"},"inLanguage":"en-US","potentialAction":[{"@type":"ReadAction","target":["https:\/\/fodurlandid.is\/vara\/techsafe\/"]}]},{"@type":"ImageObject","inLanguage":"en-US","@id":"https:\/\/fodurlandid.is\/vara\/techsafe\/#primaryimage","url":"https:\/\/fodurlandid.is\/wp-content\/uploads\/2025\/07\/MR569_6.jpg","contentUrl":"https:\/\/fodurlandid.is\/wp-content\/uploads\/2025\/07\/MR569_6.jpg","width":600,"height":600},{"@type":"BreadcrumbList","@id":"https:\/\/fodurlandid.is\/vara\/techsafe\/#breadcrumb","itemListElement":[{"@type":"ListItem","position":1,"name":"Home","item":"https:\/\/fodurlandid.is\/"},{"@type":"ListItem","position":2,"name":"Shop","item":"https:\/\/www.vorulagerinn.is\/heildsala\/en\/shop\/"},{"@type":"ListItem","position":3,"name":"TechSafe hli\u00f0artaskan er st\u00edlhrein og gl\u00e6sileg fyrir f\u00f3lk \u00e1 fer\u00f0inni"}]},{"@type":"WebSite","@id":"https:\/\/fodurlandid.is\/#website","url":"https:\/\/fodurlandid.is\/","name":"F\u00f6\u00f0urlandi\u00f0 ehf, heildsala","description":"Innflutnings, umbo&eth;s- og dreifingara&eth;ili","publisher":{"@id":"https:\/\/fodurlandid.is\/#organization"},"alternateName":"Innflutnings, umbo\u00f0s- og dreifingara\u00f0ili","potentialAction":[{"@type":"SearchAction","target":{"@type":"EntryPoint","urlTemplate":"https:\/\/fodurlandid.is\/?s={search_term_string}"},"query-input":{"@type":"PropertyValueSpecification","valueRequired":true,"valueName":"search_term_string"}}],"inLanguage":"en-US"},{"@type":"Organization","@id":"https:\/\/fodurlandid.is\/#organization","name":"Innflutnings, umbo\u00f0s- og dreifingara\u00f0ili","url":"https:\/\/fodurlandid.is\/","logo":{"@type":"ImageObject","inLanguage":"en-US","@id":"https:\/\/fodurlandid.is\/#\/schema\/logo\/image\/","url":"https:\/\/fodurlandid.is\/wp-content\/uploads\/2024\/05\/Fodurlandid.png","contentUrl":"https:\/\/fodurlandid.is\/wp-content\/uploads\/2024\/05\/Fodurlandid.png","width":400,"height":293,"caption":"Innflutnings, umbo\u00f0s- og dreifingara\u00f0ili"},"image":{"@id":"https:\/\/fodurlandid.is\/#\/schema\/logo\/image\/"}}]}},"_links":{"self":[{"href":"https:\/\/fodurlandid.is\/en\/wp-json\/wp\/v2\/product\/23927","targetHints":{"allow":["GET"]}}],"collection":[{"href":"https:\/\/fodurlandid.is\/en\/wp-json\/wp\/v2\/product"}],"about":[{"href":"https:\/\/fodurlandid.is\/en\/wp-json\/wp\/v2\/types\/product"}],"wp:featuredmedia":[{"embeddable":true,"href":"https:\/\/fodurlandid.is\/en\/wp-json\/wp\/v2\/media\/23934"}],"wp:attachment":[{"href":"https:\/\/fodurlandid.is\/en\/wp-json\/wp\/v2\/media?parent=23927"}],"wp:term":[{"taxonomy":"product_brand","embeddable":true,"href":"https:\/\/fodurlandid.is\/en\/wp-json\/wp\/v2\/product_brand?post=23927"},{"taxonomy":"product_cat","embeddable":true,"href":"https:\/\/fodurlandid.is\/en\/wp-json\/wp\/v2\/product_cat?post=23927"},{"taxonomy":"product_tag","embeddable":true,"href":"https:\/\/fodurlandid.is\/en\/wp-json\/wp\/v2\/product_tag?post=23927"}],"curies":[{"name":"wp","href":"https:\/\/api.w.org\/{rel}","templated":true}]}}