{"id":23880,"date":"2025-06-28T15:02:43","date_gmt":"2025-06-28T15:02:43","guid":{"rendered":"https:\/\/fodurlandid.is\/?post_type=product&#038;p=23880"},"modified":"2026-03-02T13:57:02","modified_gmt":"2026-03-02T13:57:02","slug":"gentleman","status":"publish","type":"product","link":"https:\/\/fodurlandid.is\/en\/product\/gentleman\/","title":{"rendered":"Gentleman er vatnsheld og r\u00famg\u00f3\u00f0 50 l\u00edtra helgar- og fer\u00f0ataska fyrir t.d. jakkaf\u00f6t &#038; s\u00e9r h\u00f3lfi fyrir sk\u00f3b\u00fana\u00f0"},"content":{"rendered":"<div style=\"width: 1020px;\" class=\"wp-video\"><video class=\"wp-video-shortcode\" id=\"video-23880-1\" width=\"1020\" height=\"574\" preload=\"metadata\" controls=\"controls\"><source type=\"video\/mp4\" src=\"https:\/\/fodurlandid.is\/wp-content\/uploads\/2025\/06\/MR8920-Mark-Ryden.mp4?_=1\" \/><a href=\"https:\/\/fodurlandid.is\/wp-content\/uploads\/2025\/06\/MR8920-Mark-Ryden.mp4\">https:\/\/fodurlandid.is\/wp-content\/uploads\/2025\/06\/MR8920-Mark-Ryden.mp4<\/a><\/video><\/div>\n","protected":false},"excerpt":{"rendered":"<p>Gl\u00e6sileg og st\u00edlhrein 50 l\u00edtra Mark Ryden fer\u00f0ataska, slit\u00feolin og \u00far vatnsheldu efni. Innra r\u00fdmi t\u00f6skunnar er einstakt a\u00f0 \u00fev\u00ed leyti a\u00f0 h\u00e6gt er a\u00f0 renna t\u00f6skunni \u00ed sundur og \u00e1 hli\u00f0um \u00feannig a\u00f0 h\u00fan opnast alveg. Rennil\u00e1s er fyrir mi\u00f0ju sem opnar fyrir h\u00f3lf sem er hanna\u00f0 fyrir jakkaf\u00f6t, kj\u00f3la og \u00feess h\u00e1ttar kl\u00e6\u00f0na\u00f0. \u00deegar loka\u00f0 fyrir h\u00f3lfi\u00f0 er taskan enn me\u00f0 innra r\u00fdmi\u00f0 t\u00f3mt. \u00cd innra r\u00fdmi eru tveir renndir vasar \u00e1samt 3 opnum v\u00f6sum. \u00c1 hli\u00f0 t\u00f6skunnar er vatnshelt h\u00f3lf me\u00f0 loftun fyrir sk\u00f3 e\u00f0a sk\u00edtug f\u00f6t.<\/p>\n<p>\u00c1 ytri hli\u00f0 t\u00f6skunnar er st\u00f3r renndur vasi. \u00c1 hinni ytri hli\u00f0 t\u00f6skunnar er festing fyrir fer\u00f0at\u00f6skur svo au\u00f0velt a\u00f0 fer\u00f0ast me\u00f0 hana fasta vi\u00f0 handfang fer\u00f0at\u00f6skunnar \u00ed fer\u00f0alaginu.<\/p>\n<p>\u2013 Sj\u00e1 myndband ne\u00f0ar \u00e1 s\u00ed\u00f0u<br \/>\n\u2013 Litur: Svartur<br \/>\n\u2013 St\u00e6r\u00f0: 56 x 30 x 30 cm<br \/>\n\u2013 Efni: High-density Oxford fabric, vatnsheld, rispu og slit\u00feol<br \/>\n\u2013 Axlar \u00f3l: 85 \u2013 140 cm<\/p>\n","protected":false},"featured_media":23888,"template":"","meta":[],"product_brand":[401],"product_cat":[405],"product_tag":[],"class_list":{"0":"post-23880","1":"product","2":"type-product","3":"status-publish","4":"has-post-thumbnail","6":"product_brand-mark-ryden","7":"product_cat-helgar-og-ithrottatoskur","9":"first","10":"instock","11":"taxable","12":"shipping-taxable","13":"product-type-simple"},"yoast_head":"<!-- This site is optimized with the Yoast SEO Premium plugin v21.5 (Yoast SEO v27.3) - https:\/\/yoast.com\/product\/yoast-seo-premium-wordpress\/ -->\n<title>Gentleman er r\u00famg\u00f3\u00f0 50 l\u00edtra fer\u00f0ataska fyrir jakkaf\u00f6t &amp; sk\u00f3b\u00fana\u00f0<\/title>\n<meta name=\"description\" content=\"St\u00edlhrein, vatnsheld &amp; slit\u00feolin fer\u00f0ataksa fr\u00e1 Mark Ryden. S\u00e9r vatnshelt h\u00f3lf fyrir sk\u00f3b\u00fana\u00f0 e\u00f0a sk\u00edtug f\u00f6t. Fr\u00e1b\u00e6r \u00ed fer\u00f0alagi\u00f0 innanlands og erlendis\" \/>\n<meta name=\"robots\" content=\"index, follow, max-snippet:-1, max-image-preview:large, max-video-preview:-1\" \/>\n<link rel=\"canonical\" href=\"https:\/\/fodurlandid.is\/vara\/gentleman\/\" \/>\n<meta property=\"og:locale\" content=\"en_US\" \/>\n<meta property=\"og:type\" content=\"article\" \/>\n<meta property=\"og:title\" content=\"Gentleman er vatnsheld og r\u00famg\u00f3\u00f0 50 l\u00edtra helgar- og fer\u00f0ataska fyrir t.d. jakkaf\u00f6t &amp; s\u00e9r h\u00f3lfi fyrir sk\u00f3b\u00fana\u00f0\" \/>\n<meta property=\"og:description\" content=\"St\u00edlhrein, vatnsheld &amp; slit\u00feolin fer\u00f0ataksa fr\u00e1 Mark Ryden. S\u00e9r vatnshelt h\u00f3lf fyrir sk\u00f3b\u00fana\u00f0 e\u00f0a sk\u00edtug f\u00f6t. Fr\u00e1b\u00e6r \u00ed fer\u00f0alagi\u00f0 innanlands og erlendis\" \/>\n<meta property=\"og:url\" content=\"https:\/\/fodurlandid.is\/vara\/gentleman\/\" \/>\n<meta property=\"og:site_name\" content=\"F&ouml;&eth;urlandi&eth; heildsala\" \/>\n<meta property=\"article:modified_time\" content=\"2026-03-02T13:57:02+00:00\" \/>\n<meta property=\"og:image\" content=\"https:\/\/fodurlandid.is\/wp-content\/uploads\/2025\/06\/MR-8920-Mark-Ryden_-3.jpg\" \/>\n\t<meta property=\"og:image:width\" content=\"600\" \/>\n\t<meta property=\"og:image:height\" content=\"600\" \/>\n\t<meta property=\"og:image:type\" content=\"image\/jpeg\" \/>\n<meta name=\"twitter:card\" content=\"summary_large_image\" \/>\n<meta name=\"twitter:label1\" content=\"Est. reading time\" \/>\n\t<meta name=\"twitter:data1\" content=\"1 minute\" \/>\n<script type=\"application\/ld+json\" class=\"yoast-schema-graph\">{\"@context\":\"https:\\\/\\\/schema.org\",\"@graph\":[{\"@type\":\"WebPage\",\"@id\":\"https:\\\/\\\/fodurlandid.is\\\/vara\\\/gentleman\\\/\",\"url\":\"https:\\\/\\\/fodurlandid.is\\\/vara\\\/gentleman\\\/\",\"name\":\"Gentleman er r\u00famg\u00f3\u00f0 50 l\u00edtra fer\u00f0ataska fyrir jakkaf\u00f6t & sk\u00f3b\u00fana\u00f0\",\"isPartOf\":{\"@id\":\"https:\\\/\\\/fodurlandid.is\\\/#website\"},\"primaryImageOfPage\":{\"@id\":\"https:\\\/\\\/fodurlandid.is\\\/vara\\\/gentleman\\\/#primaryimage\"},\"image\":{\"@id\":\"https:\\\/\\\/fodurlandid.is\\\/vara\\\/gentleman\\\/#primaryimage\"},\"thumbnailUrl\":\"https:\\\/\\\/fodurlandid.is\\\/wp-content\\\/uploads\\\/2025\\\/06\\\/MR-8920-Mark-Ryden_-3.jpg\",\"datePublished\":\"2025-06-28T15:02:43+00:00\",\"dateModified\":\"2026-03-02T13:57:02+00:00\",\"description\":\"St\u00edlhrein, vatnsheld & slit\u00feolin fer\u00f0ataksa fr\u00e1 Mark Ryden. S\u00e9r vatnshelt h\u00f3lf fyrir sk\u00f3b\u00fana\u00f0 e\u00f0a sk\u00edtug f\u00f6t. Fr\u00e1b\u00e6r \u00ed fer\u00f0alagi\u00f0 innanlands og erlendis\",\"breadcrumb\":{\"@id\":\"https:\\\/\\\/fodurlandid.is\\\/vara\\\/gentleman\\\/#breadcrumb\"},\"inLanguage\":\"en-US\",\"potentialAction\":[{\"@type\":\"ReadAction\",\"target\":[\"https:\\\/\\\/fodurlandid.is\\\/vara\\\/gentleman\\\/\"]}]},{\"@type\":\"ImageObject\",\"inLanguage\":\"en-US\",\"@id\":\"https:\\\/\\\/fodurlandid.is\\\/vara\\\/gentleman\\\/#primaryimage\",\"url\":\"https:\\\/\\\/fodurlandid.is\\\/wp-content\\\/uploads\\\/2025\\\/06\\\/MR-8920-Mark-Ryden_-3.jpg\",\"contentUrl\":\"https:\\\/\\\/fodurlandid.is\\\/wp-content\\\/uploads\\\/2025\\\/06\\\/MR-8920-Mark-Ryden_-3.jpg\",\"width\":600,\"height\":600},{\"@type\":\"BreadcrumbList\",\"@id\":\"https:\\\/\\\/fodurlandid.is\\\/vara\\\/gentleman\\\/#breadcrumb\",\"itemListElement\":[{\"@type\":\"ListItem\",\"position\":1,\"name\":\"Home\",\"item\":\"https:\\\/\\\/fodurlandid.is\\\/\"},{\"@type\":\"ListItem\",\"position\":2,\"name\":\"Shop\",\"item\":\"https:\\\/\\\/www.vorulagerinn.is\\\/heildsala\\\/en\\\/shop\\\/\"},{\"@type\":\"ListItem\",\"position\":3,\"name\":\"Gentleman er vatnsheld og r\u00famg\u00f3\u00f0 50 l\u00edtra helgar- og fer\u00f0ataska fyrir t.d. jakkaf\u00f6t &#038; s\u00e9r h\u00f3lfi fyrir sk\u00f3b\u00fana\u00f0\"}]},{\"@type\":\"WebSite\",\"@id\":\"https:\\\/\\\/fodurlandid.is\\\/#website\",\"url\":\"https:\\\/\\\/fodurlandid.is\\\/\",\"name\":\"F\u00f6\u00f0urlandi\u00f0 ehf, heildsala\",\"description\":\"Innflutnings, umbo&eth;s- og dreifingara&eth;ili\",\"publisher\":{\"@id\":\"https:\\\/\\\/fodurlandid.is\\\/#organization\"},\"alternateName\":\"Innflutnings, umbo\u00f0s- og dreifingara\u00f0ili\",\"potentialAction\":[{\"@type\":\"SearchAction\",\"target\":{\"@type\":\"EntryPoint\",\"urlTemplate\":\"https:\\\/\\\/fodurlandid.is\\\/?s={search_term_string}\"},\"query-input\":{\"@type\":\"PropertyValueSpecification\",\"valueRequired\":true,\"valueName\":\"search_term_string\"}}],\"inLanguage\":\"en-US\"},{\"@type\":\"Organization\",\"@id\":\"https:\\\/\\\/fodurlandid.is\\\/#organization\",\"name\":\"Innflutnings, umbo\u00f0s- og dreifingara\u00f0ili\",\"url\":\"https:\\\/\\\/fodurlandid.is\\\/\",\"logo\":{\"@type\":\"ImageObject\",\"inLanguage\":\"en-US\",\"@id\":\"https:\\\/\\\/fodurlandid.is\\\/#\\\/schema\\\/logo\\\/image\\\/\",\"url\":\"https:\\\/\\\/fodurlandid.is\\\/wp-content\\\/uploads\\\/2024\\\/05\\\/Fodurlandid.png\",\"contentUrl\":\"https:\\\/\\\/fodurlandid.is\\\/wp-content\\\/uploads\\\/2024\\\/05\\\/Fodurlandid.png\",\"width\":400,\"height\":293,\"caption\":\"Innflutnings, umbo\u00f0s- og dreifingara\u00f0ili\"},\"image\":{\"@id\":\"https:\\\/\\\/fodurlandid.is\\\/#\\\/schema\\\/logo\\\/image\\\/\"}}]}<\/script>\n<!-- \/ Yoast SEO Premium plugin. -->","yoast_head_json":{"title":"Gentleman er r\u00famg\u00f3\u00f0 50 l\u00edtra fer\u00f0ataska fyrir jakkaf\u00f6t & sk\u00f3b\u00fana\u00f0","description":"St\u00edlhrein, vatnsheld & slit\u00feolin fer\u00f0ataksa fr\u00e1 Mark Ryden. S\u00e9r vatnshelt h\u00f3lf fyrir sk\u00f3b\u00fana\u00f0 e\u00f0a sk\u00edtug f\u00f6t. Fr\u00e1b\u00e6r \u00ed fer\u00f0alagi\u00f0 innanlands og erlendis","robots":{"index":"index","follow":"follow","max-snippet":"max-snippet:-1","max-image-preview":"max-image-preview:large","max-video-preview":"max-video-preview:-1"},"canonical":"https:\/\/fodurlandid.is\/vara\/gentleman\/","og_locale":"en_US","og_type":"article","og_title":"Gentleman er vatnsheld og r\u00famg\u00f3\u00f0 50 l\u00edtra helgar- og fer\u00f0ataska fyrir t.d. jakkaf\u00f6t & s\u00e9r h\u00f3lfi fyrir sk\u00f3b\u00fana\u00f0","og_description":"St\u00edlhrein, vatnsheld & slit\u00feolin fer\u00f0ataksa fr\u00e1 Mark Ryden. S\u00e9r vatnshelt h\u00f3lf fyrir sk\u00f3b\u00fana\u00f0 e\u00f0a sk\u00edtug f\u00f6t. Fr\u00e1b\u00e6r \u00ed fer\u00f0alagi\u00f0 innanlands og erlendis","og_url":"https:\/\/fodurlandid.is\/vara\/gentleman\/","og_site_name":"F&ouml;&eth;urlandi&eth; heildsala","article_modified_time":"2026-03-02T13:57:02+00:00","og_image":[{"width":600,"height":600,"url":"https:\/\/fodurlandid.is\/wp-content\/uploads\/2025\/06\/MR-8920-Mark-Ryden_-3.jpg","type":"image\/jpeg"}],"twitter_card":"summary_large_image","twitter_misc":{"Est. reading time":"1 minute"},"schema":{"@context":"https:\/\/schema.org","@graph":[{"@type":"WebPage","@id":"https:\/\/fodurlandid.is\/vara\/gentleman\/","url":"https:\/\/fodurlandid.is\/vara\/gentleman\/","name":"Gentleman er r\u00famg\u00f3\u00f0 50 l\u00edtra fer\u00f0ataska fyrir jakkaf\u00f6t & sk\u00f3b\u00fana\u00f0","isPartOf":{"@id":"https:\/\/fodurlandid.is\/#website"},"primaryImageOfPage":{"@id":"https:\/\/fodurlandid.is\/vara\/gentleman\/#primaryimage"},"image":{"@id":"https:\/\/fodurlandid.is\/vara\/gentleman\/#primaryimage"},"thumbnailUrl":"https:\/\/fodurlandid.is\/wp-content\/uploads\/2025\/06\/MR-8920-Mark-Ryden_-3.jpg","datePublished":"2025-06-28T15:02:43+00:00","dateModified":"2026-03-02T13:57:02+00:00","description":"St\u00edlhrein, vatnsheld & slit\u00feolin fer\u00f0ataksa fr\u00e1 Mark Ryden. S\u00e9r vatnshelt h\u00f3lf fyrir sk\u00f3b\u00fana\u00f0 e\u00f0a sk\u00edtug f\u00f6t. Fr\u00e1b\u00e6r \u00ed fer\u00f0alagi\u00f0 innanlands og erlendis","breadcrumb":{"@id":"https:\/\/fodurlandid.is\/vara\/gentleman\/#breadcrumb"},"inLanguage":"en-US","potentialAction":[{"@type":"ReadAction","target":["https:\/\/fodurlandid.is\/vara\/gentleman\/"]}]},{"@type":"ImageObject","inLanguage":"en-US","@id":"https:\/\/fodurlandid.is\/vara\/gentleman\/#primaryimage","url":"https:\/\/fodurlandid.is\/wp-content\/uploads\/2025\/06\/MR-8920-Mark-Ryden_-3.jpg","contentUrl":"https:\/\/fodurlandid.is\/wp-content\/uploads\/2025\/06\/MR-8920-Mark-Ryden_-3.jpg","width":600,"height":600},{"@type":"BreadcrumbList","@id":"https:\/\/fodurlandid.is\/vara\/gentleman\/#breadcrumb","itemListElement":[{"@type":"ListItem","position":1,"name":"Home","item":"https:\/\/fodurlandid.is\/"},{"@type":"ListItem","position":2,"name":"Shop","item":"https:\/\/www.vorulagerinn.is\/heildsala\/en\/shop\/"},{"@type":"ListItem","position":3,"name":"Gentleman er vatnsheld og r\u00famg\u00f3\u00f0 50 l\u00edtra helgar- og fer\u00f0ataska fyrir t.d. jakkaf\u00f6t &#038; s\u00e9r h\u00f3lfi fyrir sk\u00f3b\u00fana\u00f0"}]},{"@type":"WebSite","@id":"https:\/\/fodurlandid.is\/#website","url":"https:\/\/fodurlandid.is\/","name":"F\u00f6\u00f0urlandi\u00f0 ehf, heildsala","description":"Innflutnings, umbo&eth;s- og dreifingara&eth;ili","publisher":{"@id":"https:\/\/fodurlandid.is\/#organization"},"alternateName":"Innflutnings, umbo\u00f0s- og dreifingara\u00f0ili","potentialAction":[{"@type":"SearchAction","target":{"@type":"EntryPoint","urlTemplate":"https:\/\/fodurlandid.is\/?s={search_term_string}"},"query-input":{"@type":"PropertyValueSpecification","valueRequired":true,"valueName":"search_term_string"}}],"inLanguage":"en-US"},{"@type":"Organization","@id":"https:\/\/fodurlandid.is\/#organization","name":"Innflutnings, umbo\u00f0s- og dreifingara\u00f0ili","url":"https:\/\/fodurlandid.is\/","logo":{"@type":"ImageObject","inLanguage":"en-US","@id":"https:\/\/fodurlandid.is\/#\/schema\/logo\/image\/","url":"https:\/\/fodurlandid.is\/wp-content\/uploads\/2024\/05\/Fodurlandid.png","contentUrl":"https:\/\/fodurlandid.is\/wp-content\/uploads\/2024\/05\/Fodurlandid.png","width":400,"height":293,"caption":"Innflutnings, umbo\u00f0s- og dreifingara\u00f0ili"},"image":{"@id":"https:\/\/fodurlandid.is\/#\/schema\/logo\/image\/"}}]}},"_links":{"self":[{"href":"https:\/\/fodurlandid.is\/en\/wp-json\/wp\/v2\/product\/23880","targetHints":{"allow":["GET"]}}],"collection":[{"href":"https:\/\/fodurlandid.is\/en\/wp-json\/wp\/v2\/product"}],"about":[{"href":"https:\/\/fodurlandid.is\/en\/wp-json\/wp\/v2\/types\/product"}],"wp:featuredmedia":[{"embeddable":true,"href":"https:\/\/fodurlandid.is\/en\/wp-json\/wp\/v2\/media\/23888"}],"wp:attachment":[{"href":"https:\/\/fodurlandid.is\/en\/wp-json\/wp\/v2\/media?parent=23880"}],"wp:term":[{"taxonomy":"product_brand","embeddable":true,"href":"https:\/\/fodurlandid.is\/en\/wp-json\/wp\/v2\/product_brand?post=23880"},{"taxonomy":"product_cat","embeddable":true,"href":"https:\/\/fodurlandid.is\/en\/wp-json\/wp\/v2\/product_cat?post=23880"},{"taxonomy":"product_tag","embeddable":true,"href":"https:\/\/fodurlandid.is\/en\/wp-json\/wp\/v2\/product_tag?post=23880"}],"curies":[{"name":"wp","href":"https:\/\/api.w.org\/{rel}","templated":true}]}}