{"id":23850,"date":"2025-06-25T11:57:24","date_gmt":"2025-06-25T11:57:24","guid":{"rendered":"https:\/\/fodurlandid.is\/?post_type=product&#038;p=23850"},"modified":"2026-04-07T13:13:43","modified_gmt":"2026-04-07T13:13:43","slug":"air-x3","status":"publish","type":"product","link":"https:\/\/fodurlandid.is\/en\/product\/air-x3\/","title":{"rendered":"OPENEAR Air X3 \u00fer\u00e1\u00f0laus heyrnart\u00f3l me\u00f0 sp\u00f6ng, Noise-Canceling hlj\u00f3\u00f0nema &#038; BT 5.3"},"content":{"rendered":"<div style=\"width: 960px;\" class=\"wp-video\"><video class=\"wp-video-shortcode\" id=\"video-23850-1\" width=\"960\" height=\"540\" preload=\"metadata\" controls=\"controls\"><source type=\"video\/mp4\" src=\"https:\/\/fodurlandid.is\/wp-content\/uploads\/2025\/06\/Air-X3.mp4?_=1\" \/><a href=\"https:\/\/fodurlandid.is\/wp-content\/uploads\/2025\/06\/Air-X3.mp4\">https:\/\/fodurlandid.is\/wp-content\/uploads\/2025\/06\/Air-X3.mp4<\/a><\/video><\/div>\n","protected":false},"excerpt":{"rendered":"<p>L\u00e9tt, st\u00edlhrein og \u00fe\u00e6gileg \u00fer\u00e1\u00f0laus OpenEar heyrnart\u00f3l fyrir f\u00f3lk sem talar miki\u00f0 \u00ed s\u00edma \u00ed vinnunni. \u00de\u00fa getur hlusta\u00f0 \u00e1 t\u00f3nlist, r\u00e6tt vi\u00f0 vinnuf\u00e9laga og heyrt \u00ed umhverfinu \u00ed kringum \u00feig \u00e1n \u00feess a\u00f0 missa athygli og f\u00f3rna hlj\u00f3mg\u00e6\u00f0um.<\/p>\n<p>Mj\u00f6g g\u00f3\u00f0 samh\u00e6fni og hr\u00f6\u00f0 tenging vi\u00f0 alla helstu snjalls\u00edma og \u00f6nnur bluetooth t\u00e6ki. St\u00fdringin er \u00e1 h\u00e6gri hli\u00f0 vi\u00f0 eyra en \u00fear getur \u00fe\u00fa stj\u00f3rna\u00f0 afspilun, h\u00e6kka\u00f0, l\u00e6kka\u00f0, svara\u00f0, kveikt og sl\u00f6kkt. Innbygg\u00f0ur dual hlj\u00f3\u00f0nemi me\u00f0 Noise Cancellation lokar \u00e1 umhverfishlj\u00f3\u00f0in \u00e1 me\u00f0an \u00fe\u00fa talar \u00ed s\u00edmann.<\/p>\n<p>&#8211; Sj\u00e1 myndband ne\u00f0ar \u00e1 s\u00ed\u00f0u<br \/>\n&#8211; Litur: Svartur<br \/>\n&#8211; \u00deyngd: 32g<br \/>\n&#8211; Bluetooth 5.3 (allt a\u00f0 10m dr\u00e6gni)<br \/>\n&#8211; Hlj\u00f3\u00f0einangrandi hlj\u00f3\u00f0nemi (Noise Cancellation)<br \/>\n&#8211; Rafhl\u00f6\u00f0uending: 6 klst tal \u00ed s\u00edma<br \/>\n&#8211; Vatnsv\u00f6rn: IPX5<br \/>\n&#8211; Segulhle\u00f0slusn\u00fara fylgir me\u00f0<br \/>\n&#8211; Vottun: CE, ROHS og FCC<\/p>\n","protected":false},"featured_media":23851,"template":"","meta":[],"product_brand":[392],"product_cat":[398],"product_tag":[],"class_list":{"0":"post-23850","1":"product","2":"type-product","3":"status-publish","4":"has-post-thumbnail","6":"product_brand-alova","7":"product_cat-a-eyru-on-ear","9":"first","10":"instock","11":"taxable","12":"shipping-taxable","13":"product-type-simple"},"yoast_head":"<!-- This site is optimized with the Yoast SEO Premium plugin v21.5 (Yoast SEO v27.4) - https:\/\/yoast.com\/product\/yoast-seo-premium-wordpress\/ -->\n<title>OPENEAR Air X3 heyrnart\u00f3l me\u00f0 sp\u00f6ng, Noise-Canceling &amp; BT 5,3<\/title>\n<meta name=\"description\" content=\"St\u00edlhrein, l\u00e9tt og \u00fe\u00e6gileg OpenEar \u00fer\u00e1\u00f0laus heyrnart\u00f3l me\u00f0 dual hlj\u00f3\u00f0nema fyrir f\u00f3lk sem tala miki\u00f0 \u00ed s\u00edma. Noise Cancellation gerir s\u00edmtali\u00f0 kristal sk\u00fdrt.\" \/>\n<meta name=\"robots\" content=\"index, follow, max-snippet:-1, max-image-preview:large, max-video-preview:-1\" \/>\n<link rel=\"canonical\" href=\"https:\/\/fodurlandid.is\/vara\/air-x3\/\" \/>\n<meta property=\"og:locale\" content=\"en_US\" \/>\n<meta property=\"og:type\" content=\"article\" \/>\n<meta property=\"og:title\" content=\"OPENEAR Air X3 \u00fer\u00e1\u00f0laus heyrnart\u00f3l me\u00f0 sp\u00f6ng, Noise-Canceling hlj\u00f3\u00f0nema &amp; BT 5.3\" \/>\n<meta property=\"og:description\" content=\"St\u00edlhrein, l\u00e9tt og \u00fe\u00e6gileg OpenEar \u00fer\u00e1\u00f0laus heyrnart\u00f3l me\u00f0 dual hlj\u00f3\u00f0nema fyrir f\u00f3lk sem tala miki\u00f0 \u00ed s\u00edma. Noise Cancellation gerir s\u00edmtali\u00f0 kristal sk\u00fdrt.\" \/>\n<meta property=\"og:url\" content=\"https:\/\/fodurlandid.is\/vara\/air-x3\/\" \/>\n<meta property=\"og:site_name\" content=\"F&ouml;&eth;urlandi&eth; heildsala\" \/>\n<meta property=\"article:modified_time\" content=\"2026-04-07T13:13:43+00:00\" \/>\n<meta property=\"og:image\" content=\"https:\/\/fodurlandid.is\/wp-content\/uploads\/2025\/06\/AirX3.jpg\" \/>\n\t<meta property=\"og:image:width\" content=\"600\" \/>\n\t<meta property=\"og:image:height\" content=\"600\" \/>\n\t<meta property=\"og:image:type\" content=\"image\/jpeg\" \/>\n<meta name=\"twitter:card\" content=\"summary_large_image\" \/>\n<meta name=\"twitter:label1\" content=\"Est. reading time\" \/>\n\t<meta name=\"twitter:data1\" content=\"1 minute\" \/>\n<script type=\"application\/ld+json\" class=\"yoast-schema-graph\">{\"@context\":\"https:\\\/\\\/schema.org\",\"@graph\":[{\"@type\":\"WebPage\",\"@id\":\"https:\\\/\\\/fodurlandid.is\\\/vara\\\/air-x3\\\/\",\"url\":\"https:\\\/\\\/fodurlandid.is\\\/vara\\\/air-x3\\\/\",\"name\":\"OPENEAR Air X3 heyrnart\u00f3l me\u00f0 sp\u00f6ng, Noise-Canceling & BT 5,3\",\"isPartOf\":{\"@id\":\"https:\\\/\\\/fodurlandid.is\\\/#website\"},\"primaryImageOfPage\":{\"@id\":\"https:\\\/\\\/fodurlandid.is\\\/vara\\\/air-x3\\\/#primaryimage\"},\"image\":{\"@id\":\"https:\\\/\\\/fodurlandid.is\\\/vara\\\/air-x3\\\/#primaryimage\"},\"thumbnailUrl\":\"https:\\\/\\\/fodurlandid.is\\\/wp-content\\\/uploads\\\/2025\\\/06\\\/AirX3.jpg\",\"datePublished\":\"2025-06-25T11:57:24+00:00\",\"dateModified\":\"2026-04-07T13:13:43+00:00\",\"description\":\"St\u00edlhrein, l\u00e9tt og \u00fe\u00e6gileg OpenEar \u00fer\u00e1\u00f0laus heyrnart\u00f3l me\u00f0 dual hlj\u00f3\u00f0nema fyrir f\u00f3lk sem tala miki\u00f0 \u00ed s\u00edma. Noise Cancellation gerir s\u00edmtali\u00f0 kristal sk\u00fdrt.\",\"breadcrumb\":{\"@id\":\"https:\\\/\\\/fodurlandid.is\\\/vara\\\/air-x3\\\/#breadcrumb\"},\"inLanguage\":\"en-US\",\"potentialAction\":[{\"@type\":\"ReadAction\",\"target\":[\"https:\\\/\\\/fodurlandid.is\\\/vara\\\/air-x3\\\/\"]}]},{\"@type\":\"ImageObject\",\"inLanguage\":\"en-US\",\"@id\":\"https:\\\/\\\/fodurlandid.is\\\/vara\\\/air-x3\\\/#primaryimage\",\"url\":\"https:\\\/\\\/fodurlandid.is\\\/wp-content\\\/uploads\\\/2025\\\/06\\\/AirX3.jpg\",\"contentUrl\":\"https:\\\/\\\/fodurlandid.is\\\/wp-content\\\/uploads\\\/2025\\\/06\\\/AirX3.jpg\",\"width\":600,\"height\":600},{\"@type\":\"BreadcrumbList\",\"@id\":\"https:\\\/\\\/fodurlandid.is\\\/vara\\\/air-x3\\\/#breadcrumb\",\"itemListElement\":[{\"@type\":\"ListItem\",\"position\":1,\"name\":\"Home\",\"item\":\"https:\\\/\\\/fodurlandid.is\\\/\"},{\"@type\":\"ListItem\",\"position\":2,\"name\":\"Shop\",\"item\":\"https:\\\/\\\/www.vorulagerinn.is\\\/heildsala\\\/en\\\/shop\\\/\"},{\"@type\":\"ListItem\",\"position\":3,\"name\":\"OPENEAR Air X3 \u00fer\u00e1\u00f0laus heyrnart\u00f3l me\u00f0 sp\u00f6ng, Noise-Canceling hlj\u00f3\u00f0nema &#038; BT 5.3\"}]},{\"@type\":\"WebSite\",\"@id\":\"https:\\\/\\\/fodurlandid.is\\\/#website\",\"url\":\"https:\\\/\\\/fodurlandid.is\\\/\",\"name\":\"F\u00f6\u00f0urlandi\u00f0 ehf, heildsala\",\"description\":\"Innflutnings, umbo&eth;s- og dreifingara&eth;ili\",\"publisher\":{\"@id\":\"https:\\\/\\\/fodurlandid.is\\\/#organization\"},\"alternateName\":\"Innflutnings, umbo\u00f0s- og dreifingara\u00f0ili\",\"potentialAction\":[{\"@type\":\"SearchAction\",\"target\":{\"@type\":\"EntryPoint\",\"urlTemplate\":\"https:\\\/\\\/fodurlandid.is\\\/?s={search_term_string}\"},\"query-input\":{\"@type\":\"PropertyValueSpecification\",\"valueRequired\":true,\"valueName\":\"search_term_string\"}}],\"inLanguage\":\"en-US\"},{\"@type\":\"Organization\",\"@id\":\"https:\\\/\\\/fodurlandid.is\\\/#organization\",\"name\":\"Innflutnings, umbo\u00f0s- og dreifingara\u00f0ili\",\"url\":\"https:\\\/\\\/fodurlandid.is\\\/\",\"logo\":{\"@type\":\"ImageObject\",\"inLanguage\":\"en-US\",\"@id\":\"https:\\\/\\\/fodurlandid.is\\\/#\\\/schema\\\/logo\\\/image\\\/\",\"url\":\"https:\\\/\\\/fodurlandid.is\\\/wp-content\\\/uploads\\\/2024\\\/05\\\/Fodurlandid.png\",\"contentUrl\":\"https:\\\/\\\/fodurlandid.is\\\/wp-content\\\/uploads\\\/2024\\\/05\\\/Fodurlandid.png\",\"width\":400,\"height\":293,\"caption\":\"Innflutnings, umbo\u00f0s- og dreifingara\u00f0ili\"},\"image\":{\"@id\":\"https:\\\/\\\/fodurlandid.is\\\/#\\\/schema\\\/logo\\\/image\\\/\"}}]}<\/script>\n<!-- \/ Yoast SEO Premium plugin. -->","yoast_head_json":{"title":"OPENEAR Air X3 heyrnart\u00f3l me\u00f0 sp\u00f6ng, Noise-Canceling & BT 5,3","description":"St\u00edlhrein, l\u00e9tt og \u00fe\u00e6gileg OpenEar \u00fer\u00e1\u00f0laus heyrnart\u00f3l me\u00f0 dual hlj\u00f3\u00f0nema fyrir f\u00f3lk sem tala miki\u00f0 \u00ed s\u00edma. Noise Cancellation gerir s\u00edmtali\u00f0 kristal sk\u00fdrt.","robots":{"index":"index","follow":"follow","max-snippet":"max-snippet:-1","max-image-preview":"max-image-preview:large","max-video-preview":"max-video-preview:-1"},"canonical":"https:\/\/fodurlandid.is\/vara\/air-x3\/","og_locale":"en_US","og_type":"article","og_title":"OPENEAR Air X3 \u00fer\u00e1\u00f0laus heyrnart\u00f3l me\u00f0 sp\u00f6ng, Noise-Canceling hlj\u00f3\u00f0nema & BT 5.3","og_description":"St\u00edlhrein, l\u00e9tt og \u00fe\u00e6gileg OpenEar \u00fer\u00e1\u00f0laus heyrnart\u00f3l me\u00f0 dual hlj\u00f3\u00f0nema fyrir f\u00f3lk sem tala miki\u00f0 \u00ed s\u00edma. Noise Cancellation gerir s\u00edmtali\u00f0 kristal sk\u00fdrt.","og_url":"https:\/\/fodurlandid.is\/vara\/air-x3\/","og_site_name":"F&ouml;&eth;urlandi&eth; heildsala","article_modified_time":"2026-04-07T13:13:43+00:00","og_image":[{"width":600,"height":600,"url":"https:\/\/fodurlandid.is\/wp-content\/uploads\/2025\/06\/AirX3.jpg","type":"image\/jpeg"}],"twitter_card":"summary_large_image","twitter_misc":{"Est. reading time":"1 minute"},"schema":{"@context":"https:\/\/schema.org","@graph":[{"@type":"WebPage","@id":"https:\/\/fodurlandid.is\/vara\/air-x3\/","url":"https:\/\/fodurlandid.is\/vara\/air-x3\/","name":"OPENEAR Air X3 heyrnart\u00f3l me\u00f0 sp\u00f6ng, Noise-Canceling & BT 5,3","isPartOf":{"@id":"https:\/\/fodurlandid.is\/#website"},"primaryImageOfPage":{"@id":"https:\/\/fodurlandid.is\/vara\/air-x3\/#primaryimage"},"image":{"@id":"https:\/\/fodurlandid.is\/vara\/air-x3\/#primaryimage"},"thumbnailUrl":"https:\/\/fodurlandid.is\/wp-content\/uploads\/2025\/06\/AirX3.jpg","datePublished":"2025-06-25T11:57:24+00:00","dateModified":"2026-04-07T13:13:43+00:00","description":"St\u00edlhrein, l\u00e9tt og \u00fe\u00e6gileg OpenEar \u00fer\u00e1\u00f0laus heyrnart\u00f3l me\u00f0 dual hlj\u00f3\u00f0nema fyrir f\u00f3lk sem tala miki\u00f0 \u00ed s\u00edma. Noise Cancellation gerir s\u00edmtali\u00f0 kristal sk\u00fdrt.","breadcrumb":{"@id":"https:\/\/fodurlandid.is\/vara\/air-x3\/#breadcrumb"},"inLanguage":"en-US","potentialAction":[{"@type":"ReadAction","target":["https:\/\/fodurlandid.is\/vara\/air-x3\/"]}]},{"@type":"ImageObject","inLanguage":"en-US","@id":"https:\/\/fodurlandid.is\/vara\/air-x3\/#primaryimage","url":"https:\/\/fodurlandid.is\/wp-content\/uploads\/2025\/06\/AirX3.jpg","contentUrl":"https:\/\/fodurlandid.is\/wp-content\/uploads\/2025\/06\/AirX3.jpg","width":600,"height":600},{"@type":"BreadcrumbList","@id":"https:\/\/fodurlandid.is\/vara\/air-x3\/#breadcrumb","itemListElement":[{"@type":"ListItem","position":1,"name":"Home","item":"https:\/\/fodurlandid.is\/"},{"@type":"ListItem","position":2,"name":"Shop","item":"https:\/\/www.vorulagerinn.is\/heildsala\/en\/shop\/"},{"@type":"ListItem","position":3,"name":"OPENEAR Air X3 \u00fer\u00e1\u00f0laus heyrnart\u00f3l me\u00f0 sp\u00f6ng, Noise-Canceling hlj\u00f3\u00f0nema &#038; BT 5.3"}]},{"@type":"WebSite","@id":"https:\/\/fodurlandid.is\/#website","url":"https:\/\/fodurlandid.is\/","name":"F\u00f6\u00f0urlandi\u00f0 ehf, heildsala","description":"Innflutnings, umbo&eth;s- og dreifingara&eth;ili","publisher":{"@id":"https:\/\/fodurlandid.is\/#organization"},"alternateName":"Innflutnings, umbo\u00f0s- og dreifingara\u00f0ili","potentialAction":[{"@type":"SearchAction","target":{"@type":"EntryPoint","urlTemplate":"https:\/\/fodurlandid.is\/?s={search_term_string}"},"query-input":{"@type":"PropertyValueSpecification","valueRequired":true,"valueName":"search_term_string"}}],"inLanguage":"en-US"},{"@type":"Organization","@id":"https:\/\/fodurlandid.is\/#organization","name":"Innflutnings, umbo\u00f0s- og dreifingara\u00f0ili","url":"https:\/\/fodurlandid.is\/","logo":{"@type":"ImageObject","inLanguage":"en-US","@id":"https:\/\/fodurlandid.is\/#\/schema\/logo\/image\/","url":"https:\/\/fodurlandid.is\/wp-content\/uploads\/2024\/05\/Fodurlandid.png","contentUrl":"https:\/\/fodurlandid.is\/wp-content\/uploads\/2024\/05\/Fodurlandid.png","width":400,"height":293,"caption":"Innflutnings, umbo\u00f0s- og dreifingara\u00f0ili"},"image":{"@id":"https:\/\/fodurlandid.is\/#\/schema\/logo\/image\/"}}]}},"_links":{"self":[{"href":"https:\/\/fodurlandid.is\/en\/wp-json\/wp\/v2\/product\/23850","targetHints":{"allow":["GET"]}}],"collection":[{"href":"https:\/\/fodurlandid.is\/en\/wp-json\/wp\/v2\/product"}],"about":[{"href":"https:\/\/fodurlandid.is\/en\/wp-json\/wp\/v2\/types\/product"}],"wp:featuredmedia":[{"embeddable":true,"href":"https:\/\/fodurlandid.is\/en\/wp-json\/wp\/v2\/media\/23851"}],"wp:attachment":[{"href":"https:\/\/fodurlandid.is\/en\/wp-json\/wp\/v2\/media?parent=23850"}],"wp:term":[{"taxonomy":"product_brand","embeddable":true,"href":"https:\/\/fodurlandid.is\/en\/wp-json\/wp\/v2\/product_brand?post=23850"},{"taxonomy":"product_cat","embeddable":true,"href":"https:\/\/fodurlandid.is\/en\/wp-json\/wp\/v2\/product_cat?post=23850"},{"taxonomy":"product_tag","embeddable":true,"href":"https:\/\/fodurlandid.is\/en\/wp-json\/wp\/v2\/product_tag?post=23850"}],"curies":[{"name":"wp","href":"https:\/\/api.w.org\/{rel}","templated":true}]}}