{"id":23845,"date":"2025-06-25T11:35:22","date_gmt":"2025-06-25T11:35:22","guid":{"rendered":"https:\/\/fodurlandid.is\/?post_type=product&#038;p=23845"},"modified":"2026-04-17T15:52:43","modified_gmt":"2026-04-17T15:52:43","slug":"rondo","status":"publish","type":"product","link":"https:\/\/fodurlandid.is\/en\/product\/rondo\/","title":{"rendered":"OpenEar Rondo \u00fer\u00e1\u00f0laus heyrnart\u00f3l me\u00f0 hlj\u00f3\u00f0nema og IPX5 vatns- og svitav\u00f6rn"},"content":{"rendered":"<div style=\"width: 960px;\" class=\"wp-video\"><video class=\"wp-video-shortcode\" id=\"video-23845-1\" width=\"960\" height=\"540\" preload=\"metadata\" controls=\"controls\"><source type=\"video\/mp4\" src=\"https:\/\/fodurlandid.is\/wp-content\/uploads\/2025\/06\/Rondo.mp4?_=1\" \/><a href=\"https:\/\/fodurlandid.is\/wp-content\/uploads\/2025\/06\/Rondo.mp4\">https:\/\/fodurlandid.is\/wp-content\/uploads\/2025\/06\/Rondo.mp4<\/a><\/video><\/div>\n","protected":false},"excerpt":{"rendered":"<p>OpenEar \u00fer\u00e1\u00f0laus heyrnart\u00f3l me\u00f0 enn lengri spilunart\u00edma. Rafhla\u00f0an er 180 mAh og b\u00fd\u00f0ur \u00fea\u00f0 upp \u00e1 allt a\u00f0 10 klst talt\u00edma, 9 klst hlustun og 15 daga \u00ed bi\u00f0. OpenEar heyrnart\u00f3lin gerir \u00fe\u00e9r kleift a\u00f0 hlusta \u00e1 t\u00f3nlist \u00e1 sama t\u00edma og \u00fe\u00fa heyrir fullkomlega \u00ed umhverfinu hvort sem \u00fe\u00fa ert \u00ed vinnunni, r\u00e6ktinni, \u00ed g\u00f6ngut\u00far, a\u00f0 hlaupa e\u00f0a golfi me\u00f0 f\u00e9l\u00f6gunum \u00e1n \u00feess a\u00f0 missa athygli og f\u00f3rna hlj\u00f3mg\u00e6\u00f0um. Heyrnart\u00f3lin eru me\u00f0 Bluetooth 5.2 og allt a\u00f0 10 metra dr\u00e6gni.<\/p>\n<p>Mj\u00f6g g\u00f3\u00f0 samh\u00e6fni og hr\u00f6\u00f0 tenging vi\u00f0 alla helstu snjalls\u00edma og \u00f6nnur bluetooth t\u00e6ki. St\u00fdringin er \u00e1 h\u00e6gri hli\u00f0 vi\u00f0 eyra en \u00fear getur \u00fe\u00fa stj\u00f3rna\u00f0 afspilun, h\u00e6kka\u00f0, l\u00e6kka\u00f0, svara\u00f0, kveikt og sl\u00f6kkt.<\/p>\n<p>&#8211; Sj\u00e1 myndband ne\u00f0ar \u00e1 s\u00ed\u00f0u<br \/>\n&#8211; Litur: Svartur<br \/>\n&#8211; \u00deyngd: 23g<br \/>\n&#8211; Bluetooth: 5.2 (allt a\u00f0 10m dr\u00e6gni)<br \/>\n&#8211; Rafhl\u00f6\u00f0uending: 9 klst spilun \/ 10 klst tal<br \/>\n&#8211; Vatnsv\u00f6rn: IPX5 (rigning og sviti)<br \/>\n&#8211; Segulhle\u00f0slusn\u00fara fylgir me\u00f0<br \/>\n&#8211; Vottun: CE, ROHS og FCC<\/p>\n","protected":false},"featured_media":23848,"template":"","meta":[],"product_brand":[392],"product_cat":[398],"product_tag":[],"class_list":{"0":"post-23845","1":"product","2":"type-product","3":"status-publish","4":"has-post-thumbnail","6":"product_brand-alova","7":"product_cat-a-eyru-on-ear","9":"first","10":"instock","11":"taxable","12":"shipping-taxable","13":"product-type-simple"},"yoast_head":"<!-- This site is optimized with the Yoast SEO Premium plugin v21.5 (Yoast SEO v27.4) - https:\/\/yoast.com\/product\/yoast-seo-premium-wordpress\/ -->\n<title>OpenEar Rondo \u00fer\u00e1\u00f0laus heyrnart\u00f3l me\u00f0 hlj\u00f3\u00f0nema og IPX5 vatns- og svitav\u00f6rn<\/title>\n<meta name=\"description\" content=\"Heyrnart\u00f3lin er me\u00f0 allt a\u00f0 10 klst tal, 9 klst hlustun og IPX5 svita- og vatnsv\u00f6rn. Upplagt fyrir \u00ed\u00fer\u00f3ttir, \u00fativeru, hlj\u00f3\u00f0b\u00e6kur, spjaldt\u00f6lvur, tv &amp; GSM\" \/>\n<meta name=\"robots\" content=\"index, follow, max-snippet:-1, max-image-preview:large, max-video-preview:-1\" \/>\n<link rel=\"canonical\" href=\"https:\/\/fodurlandid.is\/vara\/rondo\/\" \/>\n<meta property=\"og:locale\" content=\"en_US\" \/>\n<meta property=\"og:type\" content=\"article\" \/>\n<meta property=\"og:title\" content=\"OpenEar Rondo \u00fer\u00e1\u00f0laus heyrnart\u00f3l me\u00f0 hlj\u00f3\u00f0nema og IPX5 vatns- og svitav\u00f6rn\" \/>\n<meta property=\"og:description\" content=\"Heyrnart\u00f3lin er me\u00f0 allt a\u00f0 10 klst tal, 9 klst hlustun og IPX5 svita- og vatnsv\u00f6rn. Upplagt fyrir \u00ed\u00fer\u00f3ttir, \u00fativeru, hlj\u00f3\u00f0b\u00e6kur, spjaldt\u00f6lvur, tv &amp; GSM\" \/>\n<meta property=\"og:url\" content=\"https:\/\/fodurlandid.is\/vara\/rondo\/\" \/>\n<meta property=\"og:site_name\" content=\"F&ouml;&eth;urlandi&eth; heildsala\" \/>\n<meta property=\"article:modified_time\" content=\"2026-04-17T15:52:43+00:00\" \/>\n<meta property=\"og:image\" content=\"https:\/\/fodurlandid.is\/wp-content\/uploads\/2025\/06\/Rondo.jpg\" \/>\n\t<meta property=\"og:image:width\" content=\"600\" \/>\n\t<meta property=\"og:image:height\" content=\"600\" \/>\n\t<meta property=\"og:image:type\" content=\"image\/jpeg\" \/>\n<meta name=\"twitter:card\" content=\"summary_large_image\" \/>\n<meta name=\"twitter:label1\" content=\"Est. reading time\" \/>\n\t<meta name=\"twitter:data1\" content=\"1 minute\" \/>\n<script type=\"application\/ld+json\" class=\"yoast-schema-graph\">{\"@context\":\"https:\\\/\\\/schema.org\",\"@graph\":[{\"@type\":\"WebPage\",\"@id\":\"https:\\\/\\\/fodurlandid.is\\\/vara\\\/rondo\\\/\",\"url\":\"https:\\\/\\\/fodurlandid.is\\\/vara\\\/rondo\\\/\",\"name\":\"OpenEar Rondo \u00fer\u00e1\u00f0laus heyrnart\u00f3l me\u00f0 hlj\u00f3\u00f0nema og IPX5 vatns- og svitav\u00f6rn\",\"isPartOf\":{\"@id\":\"https:\\\/\\\/fodurlandid.is\\\/#website\"},\"primaryImageOfPage\":{\"@id\":\"https:\\\/\\\/fodurlandid.is\\\/vara\\\/rondo\\\/#primaryimage\"},\"image\":{\"@id\":\"https:\\\/\\\/fodurlandid.is\\\/vara\\\/rondo\\\/#primaryimage\"},\"thumbnailUrl\":\"https:\\\/\\\/fodurlandid.is\\\/wp-content\\\/uploads\\\/2025\\\/06\\\/Rondo.jpg\",\"datePublished\":\"2025-06-25T11:35:22+00:00\",\"dateModified\":\"2026-04-17T15:52:43+00:00\",\"description\":\"Heyrnart\u00f3lin er me\u00f0 allt a\u00f0 10 klst tal, 9 klst hlustun og IPX5 svita- og vatnsv\u00f6rn. Upplagt fyrir \u00ed\u00fer\u00f3ttir, \u00fativeru, hlj\u00f3\u00f0b\u00e6kur, spjaldt\u00f6lvur, tv & GSM\",\"breadcrumb\":{\"@id\":\"https:\\\/\\\/fodurlandid.is\\\/vara\\\/rondo\\\/#breadcrumb\"},\"inLanguage\":\"en-US\",\"potentialAction\":[{\"@type\":\"ReadAction\",\"target\":[\"https:\\\/\\\/fodurlandid.is\\\/vara\\\/rondo\\\/\"]}]},{\"@type\":\"ImageObject\",\"inLanguage\":\"en-US\",\"@id\":\"https:\\\/\\\/fodurlandid.is\\\/vara\\\/rondo\\\/#primaryimage\",\"url\":\"https:\\\/\\\/fodurlandid.is\\\/wp-content\\\/uploads\\\/2025\\\/06\\\/Rondo.jpg\",\"contentUrl\":\"https:\\\/\\\/fodurlandid.is\\\/wp-content\\\/uploads\\\/2025\\\/06\\\/Rondo.jpg\",\"width\":600,\"height\":600},{\"@type\":\"BreadcrumbList\",\"@id\":\"https:\\\/\\\/fodurlandid.is\\\/vara\\\/rondo\\\/#breadcrumb\",\"itemListElement\":[{\"@type\":\"ListItem\",\"position\":1,\"name\":\"Home\",\"item\":\"https:\\\/\\\/fodurlandid.is\\\/\"},{\"@type\":\"ListItem\",\"position\":2,\"name\":\"Shop\",\"item\":\"https:\\\/\\\/www.vorulagerinn.is\\\/heildsala\\\/en\\\/shop\\\/\"},{\"@type\":\"ListItem\",\"position\":3,\"name\":\"OpenEar Rondo \u00fer\u00e1\u00f0laus heyrnart\u00f3l me\u00f0 hlj\u00f3\u00f0nema og IPX5 vatns- og svitav\u00f6rn\"}]},{\"@type\":\"WebSite\",\"@id\":\"https:\\\/\\\/fodurlandid.is\\\/#website\",\"url\":\"https:\\\/\\\/fodurlandid.is\\\/\",\"name\":\"F\u00f6\u00f0urlandi\u00f0 ehf, heildsala\",\"description\":\"Innflutnings, umbo&eth;s- og dreifingara&eth;ili\",\"publisher\":{\"@id\":\"https:\\\/\\\/fodurlandid.is\\\/#organization\"},\"alternateName\":\"Innflutnings, umbo\u00f0s- og dreifingara\u00f0ili\",\"potentialAction\":[{\"@type\":\"SearchAction\",\"target\":{\"@type\":\"EntryPoint\",\"urlTemplate\":\"https:\\\/\\\/fodurlandid.is\\\/?s={search_term_string}\"},\"query-input\":{\"@type\":\"PropertyValueSpecification\",\"valueRequired\":true,\"valueName\":\"search_term_string\"}}],\"inLanguage\":\"en-US\"},{\"@type\":\"Organization\",\"@id\":\"https:\\\/\\\/fodurlandid.is\\\/#organization\",\"name\":\"Innflutnings, umbo\u00f0s- og dreifingara\u00f0ili\",\"url\":\"https:\\\/\\\/fodurlandid.is\\\/\",\"logo\":{\"@type\":\"ImageObject\",\"inLanguage\":\"en-US\",\"@id\":\"https:\\\/\\\/fodurlandid.is\\\/#\\\/schema\\\/logo\\\/image\\\/\",\"url\":\"https:\\\/\\\/fodurlandid.is\\\/wp-content\\\/uploads\\\/2024\\\/05\\\/Fodurlandid.png\",\"contentUrl\":\"https:\\\/\\\/fodurlandid.is\\\/wp-content\\\/uploads\\\/2024\\\/05\\\/Fodurlandid.png\",\"width\":400,\"height\":293,\"caption\":\"Innflutnings, umbo\u00f0s- og dreifingara\u00f0ili\"},\"image\":{\"@id\":\"https:\\\/\\\/fodurlandid.is\\\/#\\\/schema\\\/logo\\\/image\\\/\"}}]}<\/script>\n<!-- \/ Yoast SEO Premium plugin. -->","yoast_head_json":{"title":"OpenEar Rondo \u00fer\u00e1\u00f0laus heyrnart\u00f3l me\u00f0 hlj\u00f3\u00f0nema og IPX5 vatns- og svitav\u00f6rn","description":"Heyrnart\u00f3lin er me\u00f0 allt a\u00f0 10 klst tal, 9 klst hlustun og IPX5 svita- og vatnsv\u00f6rn. Upplagt fyrir \u00ed\u00fer\u00f3ttir, \u00fativeru, hlj\u00f3\u00f0b\u00e6kur, spjaldt\u00f6lvur, tv & GSM","robots":{"index":"index","follow":"follow","max-snippet":"max-snippet:-1","max-image-preview":"max-image-preview:large","max-video-preview":"max-video-preview:-1"},"canonical":"https:\/\/fodurlandid.is\/vara\/rondo\/","og_locale":"en_US","og_type":"article","og_title":"OpenEar Rondo \u00fer\u00e1\u00f0laus heyrnart\u00f3l me\u00f0 hlj\u00f3\u00f0nema og IPX5 vatns- og svitav\u00f6rn","og_description":"Heyrnart\u00f3lin er me\u00f0 allt a\u00f0 10 klst tal, 9 klst hlustun og IPX5 svita- og vatnsv\u00f6rn. Upplagt fyrir \u00ed\u00fer\u00f3ttir, \u00fativeru, hlj\u00f3\u00f0b\u00e6kur, spjaldt\u00f6lvur, tv & GSM","og_url":"https:\/\/fodurlandid.is\/vara\/rondo\/","og_site_name":"F&ouml;&eth;urlandi&eth; heildsala","article_modified_time":"2026-04-17T15:52:43+00:00","og_image":[{"width":600,"height":600,"url":"https:\/\/fodurlandid.is\/wp-content\/uploads\/2025\/06\/Rondo.jpg","type":"image\/jpeg"}],"twitter_card":"summary_large_image","twitter_misc":{"Est. reading time":"1 minute"},"schema":{"@context":"https:\/\/schema.org","@graph":[{"@type":"WebPage","@id":"https:\/\/fodurlandid.is\/vara\/rondo\/","url":"https:\/\/fodurlandid.is\/vara\/rondo\/","name":"OpenEar Rondo \u00fer\u00e1\u00f0laus heyrnart\u00f3l me\u00f0 hlj\u00f3\u00f0nema og IPX5 vatns- og svitav\u00f6rn","isPartOf":{"@id":"https:\/\/fodurlandid.is\/#website"},"primaryImageOfPage":{"@id":"https:\/\/fodurlandid.is\/vara\/rondo\/#primaryimage"},"image":{"@id":"https:\/\/fodurlandid.is\/vara\/rondo\/#primaryimage"},"thumbnailUrl":"https:\/\/fodurlandid.is\/wp-content\/uploads\/2025\/06\/Rondo.jpg","datePublished":"2025-06-25T11:35:22+00:00","dateModified":"2026-04-17T15:52:43+00:00","description":"Heyrnart\u00f3lin er me\u00f0 allt a\u00f0 10 klst tal, 9 klst hlustun og IPX5 svita- og vatnsv\u00f6rn. Upplagt fyrir \u00ed\u00fer\u00f3ttir, \u00fativeru, hlj\u00f3\u00f0b\u00e6kur, spjaldt\u00f6lvur, tv & GSM","breadcrumb":{"@id":"https:\/\/fodurlandid.is\/vara\/rondo\/#breadcrumb"},"inLanguage":"en-US","potentialAction":[{"@type":"ReadAction","target":["https:\/\/fodurlandid.is\/vara\/rondo\/"]}]},{"@type":"ImageObject","inLanguage":"en-US","@id":"https:\/\/fodurlandid.is\/vara\/rondo\/#primaryimage","url":"https:\/\/fodurlandid.is\/wp-content\/uploads\/2025\/06\/Rondo.jpg","contentUrl":"https:\/\/fodurlandid.is\/wp-content\/uploads\/2025\/06\/Rondo.jpg","width":600,"height":600},{"@type":"BreadcrumbList","@id":"https:\/\/fodurlandid.is\/vara\/rondo\/#breadcrumb","itemListElement":[{"@type":"ListItem","position":1,"name":"Home","item":"https:\/\/fodurlandid.is\/"},{"@type":"ListItem","position":2,"name":"Shop","item":"https:\/\/www.vorulagerinn.is\/heildsala\/en\/shop\/"},{"@type":"ListItem","position":3,"name":"OpenEar Rondo \u00fer\u00e1\u00f0laus heyrnart\u00f3l me\u00f0 hlj\u00f3\u00f0nema og IPX5 vatns- og svitav\u00f6rn"}]},{"@type":"WebSite","@id":"https:\/\/fodurlandid.is\/#website","url":"https:\/\/fodurlandid.is\/","name":"F\u00f6\u00f0urlandi\u00f0 ehf, heildsala","description":"Innflutnings, umbo&eth;s- og dreifingara&eth;ili","publisher":{"@id":"https:\/\/fodurlandid.is\/#organization"},"alternateName":"Innflutnings, umbo\u00f0s- og dreifingara\u00f0ili","potentialAction":[{"@type":"SearchAction","target":{"@type":"EntryPoint","urlTemplate":"https:\/\/fodurlandid.is\/?s={search_term_string}"},"query-input":{"@type":"PropertyValueSpecification","valueRequired":true,"valueName":"search_term_string"}}],"inLanguage":"en-US"},{"@type":"Organization","@id":"https:\/\/fodurlandid.is\/#organization","name":"Innflutnings, umbo\u00f0s- og dreifingara\u00f0ili","url":"https:\/\/fodurlandid.is\/","logo":{"@type":"ImageObject","inLanguage":"en-US","@id":"https:\/\/fodurlandid.is\/#\/schema\/logo\/image\/","url":"https:\/\/fodurlandid.is\/wp-content\/uploads\/2024\/05\/Fodurlandid.png","contentUrl":"https:\/\/fodurlandid.is\/wp-content\/uploads\/2024\/05\/Fodurlandid.png","width":400,"height":293,"caption":"Innflutnings, umbo\u00f0s- og dreifingara\u00f0ili"},"image":{"@id":"https:\/\/fodurlandid.is\/#\/schema\/logo\/image\/"}}]}},"_links":{"self":[{"href":"https:\/\/fodurlandid.is\/en\/wp-json\/wp\/v2\/product\/23845","targetHints":{"allow":["GET"]}}],"collection":[{"href":"https:\/\/fodurlandid.is\/en\/wp-json\/wp\/v2\/product"}],"about":[{"href":"https:\/\/fodurlandid.is\/en\/wp-json\/wp\/v2\/types\/product"}],"wp:featuredmedia":[{"embeddable":true,"href":"https:\/\/fodurlandid.is\/en\/wp-json\/wp\/v2\/media\/23848"}],"wp:attachment":[{"href":"https:\/\/fodurlandid.is\/en\/wp-json\/wp\/v2\/media?parent=23845"}],"wp:term":[{"taxonomy":"product_brand","embeddable":true,"href":"https:\/\/fodurlandid.is\/en\/wp-json\/wp\/v2\/product_brand?post=23845"},{"taxonomy":"product_cat","embeddable":true,"href":"https:\/\/fodurlandid.is\/en\/wp-json\/wp\/v2\/product_cat?post=23845"},{"taxonomy":"product_tag","embeddable":true,"href":"https:\/\/fodurlandid.is\/en\/wp-json\/wp\/v2\/product_tag?post=23845"}],"curies":[{"name":"wp","href":"https:\/\/api.w.org\/{rel}","templated":true}]}}