{"id":23834,"date":"2025-06-25T08:51:57","date_gmt":"2025-06-25T08:51:57","guid":{"rendered":"https:\/\/fodurlandid.is\/?post_type=product&#038;p=23834"},"modified":"2026-02-15T18:45:59","modified_gmt":"2026-02-15T18:45:59","slug":"kids-openear","status":"publish","type":"product","link":"https:\/\/fodurlandid.is\/en\/product\/kids-openear\/","title":{"rendered":"Kids OpenEar \u00fer\u00e1\u00f0laus heyrnart\u00f3l fyrir b\u00f6rn, BT 5.3 og IPX4 vatnsv\u00f6rn"},"content":{"rendered":"","protected":false},"excerpt":{"rendered":"<p>St\u00edlhrein OpenEar \u00fer\u00e1\u00f0laus heyrnart\u00f3l fyrir b\u00f6rn. Heyrnart\u00f3lin henta einstaklega vel til a\u00f0 hlusta \u00e1 t\u00f3nlist \u00ed s\u00edma, spjaldt\u00f6lvu e\u00f0a til horfa \u00e1 sj\u00f3nvarpi\u00f0. Heyrnart\u00f3lin eru OpenEar sem gerir \u00fea\u00f0 a\u00f0 verkum a\u00f0 \u00feau hylja hvorki eyrun n\u00e9 tappar settir \u00ed \u00feau sbr. airpods. B\u00f6rnin geta hlusta\u00f0 \u00e1 t\u00f3nlist e\u00f0a tala\u00f0 \u00ed s\u00edmann og heyrt \u00ed umfer\u00f0inni \u00e1 sama t\u00edma sem eykur \u00f6ryggi \u00feeirra til muna. \u00de\u00e1 geta \u00feau teki\u00f0 \u00fe\u00e1tt \u00ed samr\u00e6\u00f0um hvort sem \u00feau eru heima e\u00f0a \u00fati a\u00f0 ganga e\u00f0a hj\u00f3la.<\/p>\n<p>Heyrart\u00f3lin eru me\u00f0 bluetooth 5.3 og 10 metra dr\u00e6gni og eru ekki nema 18 gr\u00f6mm. Rafhla\u00f0an dugar \u00ed 4-5 klst \u00ed spilun \u00ed 80% hlj\u00f3\u00f0styrk og 5 klst \u00ed tal. Me\u00f0 \u00feessum fr\u00e1b\u00e6ru heyrnart\u00f3lum getur barni\u00f0 horft \u00e1 sj\u00f3nvarpi\u00f0 e\u00f0a spjaldt\u00f6lvu \u00e1n \u00feess a\u00f0 trufla foreldrana, en \u00e1 sama t\u00edma heyrir barni\u00f0 \u00ed foreldrum \u00e1n \u00feess a\u00f0 \u00feurfa a\u00f0 taka af s\u00e9r heyrnart\u00f3lin. USB-A \u00ed USB-C hle\u00f0slusn\u00fara og lei\u00f0beiningar fylgja me\u00f0.<\/p>\n<p>&#8211; Litur: Bleikur og bl\u00e1r<br \/>\n&#8211; \u00der\u00e1\u00f0laus beinlei\u00f0ni heyrnart\u00f3l fyrir krakka<br \/>\n&#8211; Vatns\/rykheldni: IPX-4<br \/>\n&#8211; Bluetooth: 5.3<br \/>\n&#8211; \u00deyngd 18 gr\u00f6mm<br \/>\n&#8211; Vottun: CE, ROHS og FCC<\/p>\n","protected":false},"featured_media":23839,"template":"","meta":[],"product_brand":[392],"product_cat":[398],"product_tag":[],"class_list":{"0":"post-23834","1":"product","2":"type-product","3":"status-publish","4":"has-post-thumbnail","6":"product_brand-alova","7":"product_cat-a-eyru-on-ear","9":"first","10":"instock","11":"taxable","12":"shipping-taxable","13":"product-type-variable"},"yoast_head":"<!-- This site is optimized with the Yoast SEO Premium plugin v21.5 (Yoast SEO v27.3) - https:\/\/yoast.com\/product\/yoast-seo-premium-wordpress\/ -->\n<title>Kids OpenEar \u00fer\u00e1\u00f0laus heyrnart\u00f3l fyrir b\u00f6rn | BT 5.3 | IPX4 vatnsv\u00f6rn<\/title>\n<meta name=\"description\" content=\"Upplagt til a\u00f0 horfa \u00e1 spjaldt\u00f6lvu, sj\u00f3nvarp e\u00f0a hlusta \u00e1 t\u00f3nlist. Utandyra heyra b\u00f6rnin \u00ed umfer\u00f0inni og \u00ed umhverfinu \u00ed kringum sig sem eykur \u00f6ryggi \u00feeirra.\" \/>\n<meta name=\"robots\" content=\"index, follow, max-snippet:-1, max-image-preview:large, max-video-preview:-1\" \/>\n<link rel=\"canonical\" href=\"https:\/\/fodurlandid.is\/vara\/kids-openear\/\" \/>\n<meta property=\"og:locale\" content=\"en_US\" \/>\n<meta property=\"og:type\" content=\"article\" \/>\n<meta property=\"og:title\" content=\"Kids OpenEar \u00fer\u00e1\u00f0laus heyrnart\u00f3l fyrir b\u00f6rn, BT 5.3 og IPX4 vatnsv\u00f6rn\" \/>\n<meta property=\"og:description\" content=\"Upplagt til a\u00f0 horfa \u00e1 spjaldt\u00f6lvu, sj\u00f3nvarp e\u00f0a hlusta \u00e1 t\u00f3nlist. Utandyra heyra b\u00f6rnin \u00ed umfer\u00f0inni og \u00ed umhverfinu \u00ed kringum sig sem eykur \u00f6ryggi \u00feeirra.\" \/>\n<meta property=\"og:url\" content=\"https:\/\/fodurlandid.is\/vara\/kids-openear\/\" \/>\n<meta property=\"og:site_name\" content=\"F&ouml;&eth;urlandi&eth; heildsala\" \/>\n<meta property=\"article:modified_time\" content=\"2026-02-15T18:45:59+00:00\" \/>\n<meta property=\"og:image\" content=\"https:\/\/fodurlandid.is\/wp-content\/uploads\/2025\/06\/Open-Ear-Kids.jpg\" \/>\n\t<meta property=\"og:image:width\" content=\"600\" \/>\n\t<meta property=\"og:image:height\" content=\"600\" \/>\n\t<meta property=\"og:image:type\" content=\"image\/jpeg\" \/>\n<meta name=\"twitter:card\" content=\"summary_large_image\" \/>\n<meta name=\"twitter:label1\" content=\"Est. reading time\" \/>\n\t<meta name=\"twitter:data1\" content=\"1 minute\" \/>\n<script type=\"application\/ld+json\" class=\"yoast-schema-graph\">{\"@context\":\"https:\\\/\\\/schema.org\",\"@graph\":[{\"@type\":\"WebPage\",\"@id\":\"https:\\\/\\\/fodurlandid.is\\\/vara\\\/kids-openear\\\/\",\"url\":\"https:\\\/\\\/fodurlandid.is\\\/vara\\\/kids-openear\\\/\",\"name\":\"Kids OpenEar \u00fer\u00e1\u00f0laus heyrnart\u00f3l fyrir b\u00f6rn | BT 5.3 | IPX4 vatnsv\u00f6rn\",\"isPartOf\":{\"@id\":\"https:\\\/\\\/fodurlandid.is\\\/#website\"},\"primaryImageOfPage\":{\"@id\":\"https:\\\/\\\/fodurlandid.is\\\/vara\\\/kids-openear\\\/#primaryimage\"},\"image\":{\"@id\":\"https:\\\/\\\/fodurlandid.is\\\/vara\\\/kids-openear\\\/#primaryimage\"},\"thumbnailUrl\":\"https:\\\/\\\/fodurlandid.is\\\/wp-content\\\/uploads\\\/2025\\\/06\\\/Open-Ear-Kids.jpg\",\"datePublished\":\"2025-06-25T08:51:57+00:00\",\"dateModified\":\"2026-02-15T18:45:59+00:00\",\"description\":\"Upplagt til a\u00f0 horfa \u00e1 spjaldt\u00f6lvu, sj\u00f3nvarp e\u00f0a hlusta \u00e1 t\u00f3nlist. Utandyra heyra b\u00f6rnin \u00ed umfer\u00f0inni og \u00ed umhverfinu \u00ed kringum sig sem eykur \u00f6ryggi \u00feeirra.\",\"breadcrumb\":{\"@id\":\"https:\\\/\\\/fodurlandid.is\\\/vara\\\/kids-openear\\\/#breadcrumb\"},\"inLanguage\":\"en-US\",\"potentialAction\":[{\"@type\":\"ReadAction\",\"target\":[\"https:\\\/\\\/fodurlandid.is\\\/vara\\\/kids-openear\\\/\"]}]},{\"@type\":\"ImageObject\",\"inLanguage\":\"en-US\",\"@id\":\"https:\\\/\\\/fodurlandid.is\\\/vara\\\/kids-openear\\\/#primaryimage\",\"url\":\"https:\\\/\\\/fodurlandid.is\\\/wp-content\\\/uploads\\\/2025\\\/06\\\/Open-Ear-Kids.jpg\",\"contentUrl\":\"https:\\\/\\\/fodurlandid.is\\\/wp-content\\\/uploads\\\/2025\\\/06\\\/Open-Ear-Kids.jpg\",\"width\":600,\"height\":600},{\"@type\":\"BreadcrumbList\",\"@id\":\"https:\\\/\\\/fodurlandid.is\\\/vara\\\/kids-openear\\\/#breadcrumb\",\"itemListElement\":[{\"@type\":\"ListItem\",\"position\":1,\"name\":\"Home\",\"item\":\"https:\\\/\\\/fodurlandid.is\\\/\"},{\"@type\":\"ListItem\",\"position\":2,\"name\":\"Shop\",\"item\":\"https:\\\/\\\/www.vorulagerinn.is\\\/heildsala\\\/en\\\/shop\\\/\"},{\"@type\":\"ListItem\",\"position\":3,\"name\":\"Kids OpenEar \u00fer\u00e1\u00f0laus heyrnart\u00f3l fyrir b\u00f6rn, BT 5.3 og IPX4 vatnsv\u00f6rn\"}]},{\"@type\":\"WebSite\",\"@id\":\"https:\\\/\\\/fodurlandid.is\\\/#website\",\"url\":\"https:\\\/\\\/fodurlandid.is\\\/\",\"name\":\"F\u00f6\u00f0urlandi\u00f0 ehf, heildsala\",\"description\":\"Innflutnings, umbo&eth;s- og dreifingara&eth;ili\",\"publisher\":{\"@id\":\"https:\\\/\\\/fodurlandid.is\\\/#organization\"},\"alternateName\":\"Innflutnings, umbo\u00f0s- og dreifingara\u00f0ili\",\"potentialAction\":[{\"@type\":\"SearchAction\",\"target\":{\"@type\":\"EntryPoint\",\"urlTemplate\":\"https:\\\/\\\/fodurlandid.is\\\/?s={search_term_string}\"},\"query-input\":{\"@type\":\"PropertyValueSpecification\",\"valueRequired\":true,\"valueName\":\"search_term_string\"}}],\"inLanguage\":\"en-US\"},{\"@type\":\"Organization\",\"@id\":\"https:\\\/\\\/fodurlandid.is\\\/#organization\",\"name\":\"Innflutnings, umbo\u00f0s- og dreifingara\u00f0ili\",\"url\":\"https:\\\/\\\/fodurlandid.is\\\/\",\"logo\":{\"@type\":\"ImageObject\",\"inLanguage\":\"en-US\",\"@id\":\"https:\\\/\\\/fodurlandid.is\\\/#\\\/schema\\\/logo\\\/image\\\/\",\"url\":\"https:\\\/\\\/fodurlandid.is\\\/wp-content\\\/uploads\\\/2024\\\/05\\\/Fodurlandid.png\",\"contentUrl\":\"https:\\\/\\\/fodurlandid.is\\\/wp-content\\\/uploads\\\/2024\\\/05\\\/Fodurlandid.png\",\"width\":400,\"height\":293,\"caption\":\"Innflutnings, umbo\u00f0s- og dreifingara\u00f0ili\"},\"image\":{\"@id\":\"https:\\\/\\\/fodurlandid.is\\\/#\\\/schema\\\/logo\\\/image\\\/\"}}]}<\/script>\n<!-- \/ Yoast SEO Premium plugin. -->","yoast_head_json":{"title":"Kids OpenEar \u00fer\u00e1\u00f0laus heyrnart\u00f3l fyrir b\u00f6rn | BT 5.3 | IPX4 vatnsv\u00f6rn","description":"Upplagt til a\u00f0 horfa \u00e1 spjaldt\u00f6lvu, sj\u00f3nvarp e\u00f0a hlusta \u00e1 t\u00f3nlist. Utandyra heyra b\u00f6rnin \u00ed umfer\u00f0inni og \u00ed umhverfinu \u00ed kringum sig sem eykur \u00f6ryggi \u00feeirra.","robots":{"index":"index","follow":"follow","max-snippet":"max-snippet:-1","max-image-preview":"max-image-preview:large","max-video-preview":"max-video-preview:-1"},"canonical":"https:\/\/fodurlandid.is\/vara\/kids-openear\/","og_locale":"en_US","og_type":"article","og_title":"Kids OpenEar \u00fer\u00e1\u00f0laus heyrnart\u00f3l fyrir b\u00f6rn, BT 5.3 og IPX4 vatnsv\u00f6rn","og_description":"Upplagt til a\u00f0 horfa \u00e1 spjaldt\u00f6lvu, sj\u00f3nvarp e\u00f0a hlusta \u00e1 t\u00f3nlist. Utandyra heyra b\u00f6rnin \u00ed umfer\u00f0inni og \u00ed umhverfinu \u00ed kringum sig sem eykur \u00f6ryggi \u00feeirra.","og_url":"https:\/\/fodurlandid.is\/vara\/kids-openear\/","og_site_name":"F&ouml;&eth;urlandi&eth; heildsala","article_modified_time":"2026-02-15T18:45:59+00:00","og_image":[{"width":600,"height":600,"url":"https:\/\/fodurlandid.is\/wp-content\/uploads\/2025\/06\/Open-Ear-Kids.jpg","type":"image\/jpeg"}],"twitter_card":"summary_large_image","twitter_misc":{"Est. reading time":"1 minute"},"schema":{"@context":"https:\/\/schema.org","@graph":[{"@type":"WebPage","@id":"https:\/\/fodurlandid.is\/vara\/kids-openear\/","url":"https:\/\/fodurlandid.is\/vara\/kids-openear\/","name":"Kids OpenEar \u00fer\u00e1\u00f0laus heyrnart\u00f3l fyrir b\u00f6rn | BT 5.3 | IPX4 vatnsv\u00f6rn","isPartOf":{"@id":"https:\/\/fodurlandid.is\/#website"},"primaryImageOfPage":{"@id":"https:\/\/fodurlandid.is\/vara\/kids-openear\/#primaryimage"},"image":{"@id":"https:\/\/fodurlandid.is\/vara\/kids-openear\/#primaryimage"},"thumbnailUrl":"https:\/\/fodurlandid.is\/wp-content\/uploads\/2025\/06\/Open-Ear-Kids.jpg","datePublished":"2025-06-25T08:51:57+00:00","dateModified":"2026-02-15T18:45:59+00:00","description":"Upplagt til a\u00f0 horfa \u00e1 spjaldt\u00f6lvu, sj\u00f3nvarp e\u00f0a hlusta \u00e1 t\u00f3nlist. Utandyra heyra b\u00f6rnin \u00ed umfer\u00f0inni og \u00ed umhverfinu \u00ed kringum sig sem eykur \u00f6ryggi \u00feeirra.","breadcrumb":{"@id":"https:\/\/fodurlandid.is\/vara\/kids-openear\/#breadcrumb"},"inLanguage":"en-US","potentialAction":[{"@type":"ReadAction","target":["https:\/\/fodurlandid.is\/vara\/kids-openear\/"]}]},{"@type":"ImageObject","inLanguage":"en-US","@id":"https:\/\/fodurlandid.is\/vara\/kids-openear\/#primaryimage","url":"https:\/\/fodurlandid.is\/wp-content\/uploads\/2025\/06\/Open-Ear-Kids.jpg","contentUrl":"https:\/\/fodurlandid.is\/wp-content\/uploads\/2025\/06\/Open-Ear-Kids.jpg","width":600,"height":600},{"@type":"BreadcrumbList","@id":"https:\/\/fodurlandid.is\/vara\/kids-openear\/#breadcrumb","itemListElement":[{"@type":"ListItem","position":1,"name":"Home","item":"https:\/\/fodurlandid.is\/"},{"@type":"ListItem","position":2,"name":"Shop","item":"https:\/\/www.vorulagerinn.is\/heildsala\/en\/shop\/"},{"@type":"ListItem","position":3,"name":"Kids OpenEar \u00fer\u00e1\u00f0laus heyrnart\u00f3l fyrir b\u00f6rn, BT 5.3 og IPX4 vatnsv\u00f6rn"}]},{"@type":"WebSite","@id":"https:\/\/fodurlandid.is\/#website","url":"https:\/\/fodurlandid.is\/","name":"F\u00f6\u00f0urlandi\u00f0 ehf, heildsala","description":"Innflutnings, umbo&eth;s- og dreifingara&eth;ili","publisher":{"@id":"https:\/\/fodurlandid.is\/#organization"},"alternateName":"Innflutnings, umbo\u00f0s- og dreifingara\u00f0ili","potentialAction":[{"@type":"SearchAction","target":{"@type":"EntryPoint","urlTemplate":"https:\/\/fodurlandid.is\/?s={search_term_string}"},"query-input":{"@type":"PropertyValueSpecification","valueRequired":true,"valueName":"search_term_string"}}],"inLanguage":"en-US"},{"@type":"Organization","@id":"https:\/\/fodurlandid.is\/#organization","name":"Innflutnings, umbo\u00f0s- og dreifingara\u00f0ili","url":"https:\/\/fodurlandid.is\/","logo":{"@type":"ImageObject","inLanguage":"en-US","@id":"https:\/\/fodurlandid.is\/#\/schema\/logo\/image\/","url":"https:\/\/fodurlandid.is\/wp-content\/uploads\/2024\/05\/Fodurlandid.png","contentUrl":"https:\/\/fodurlandid.is\/wp-content\/uploads\/2024\/05\/Fodurlandid.png","width":400,"height":293,"caption":"Innflutnings, umbo\u00f0s- og dreifingara\u00f0ili"},"image":{"@id":"https:\/\/fodurlandid.is\/#\/schema\/logo\/image\/"}}]}},"_links":{"self":[{"href":"https:\/\/fodurlandid.is\/en\/wp-json\/wp\/v2\/product\/23834","targetHints":{"allow":["GET"]}}],"collection":[{"href":"https:\/\/fodurlandid.is\/en\/wp-json\/wp\/v2\/product"}],"about":[{"href":"https:\/\/fodurlandid.is\/en\/wp-json\/wp\/v2\/types\/product"}],"wp:featuredmedia":[{"embeddable":true,"href":"https:\/\/fodurlandid.is\/en\/wp-json\/wp\/v2\/media\/23839"}],"wp:attachment":[{"href":"https:\/\/fodurlandid.is\/en\/wp-json\/wp\/v2\/media?parent=23834"}],"wp:term":[{"taxonomy":"product_brand","embeddable":true,"href":"https:\/\/fodurlandid.is\/en\/wp-json\/wp\/v2\/product_brand?post=23834"},{"taxonomy":"product_cat","embeddable":true,"href":"https:\/\/fodurlandid.is\/en\/wp-json\/wp\/v2\/product_cat?post=23834"},{"taxonomy":"product_tag","embeddable":true,"href":"https:\/\/fodurlandid.is\/en\/wp-json\/wp\/v2\/product_tag?post=23834"}],"curies":[{"name":"wp","href":"https:\/\/api.w.org\/{rel}","templated":true}]}}