{"id":23825,"date":"2025-06-25T08:16:32","date_gmt":"2025-06-25T08:16:32","guid":{"rendered":"https:\/\/fodurlandid.is\/?post_type=product&#038;p=23825"},"modified":"2026-02-15T17:28:18","modified_gmt":"2026-02-15T17:28:18","slug":"legato","status":"publish","type":"product","link":"https:\/\/fodurlandid.is\/en\/product\/legato\/","title":{"rendered":"Legato OpenEar \u00fer\u00e1\u00f0laus heyrnart\u00f3l me\u00f0 hlj\u00f3\u00f0einangrandi hlj\u00f3\u00f0nema (Noise Cancellation) \u00e1 sp\u00f6ng, 17 klst spilun, BT 5.3 &#038; IPX5 vatnsv\u00f6rn"},"content":{"rendered":"","protected":false},"excerpt":{"rendered":"<p>St\u00edlhrein og \u00f6flug \u00fer\u00e1\u00f0laus heyrnart\u00f3l me\u00f0 f\u00e6ranlegri sp\u00f6ng. \u00dea\u00f0 eru tveir hlj\u00f3\u00f0nemar \u00e1 sp\u00f6nginni &#8220;Dual Mic ENC Noise Cancellation&#8221; sem virka \u00feannig a\u00f0 s\u00e1 sem \u00fe\u00fa ert a\u00f0 tala vi\u00f0 heyrir minna af umhverfishlj\u00f3\u00f0um sem eru \u00ed kringum \u00feig auk \u00feess sem r\u00f6ddin \u00fe\u00edn ver\u00f0ur sk\u00fdrari.<\/p>\n<p>Fr\u00e1b\u00e6r lausn fyrir einstaklinga sem tala miki\u00f0 \u00ed s\u00edma \u00ed vinnunni, eru \u00e1 fj\u00f6lmennum vinnusta\u00f0, \u00ed h\u00e1va\u00f0as\u00f6mu umhverfi e\u00f0a \u00feegar tala\u00f0 er utandyra.\u00a0Heyrnart\u00f3lin eru me\u00f0 fr\u00e1b\u00e6rum hlj\u00f3mg\u00e6\u00f0um fyrir t\u00f3nlist. Mj\u00f6g g\u00f3\u00f0 samh\u00e6fni og hr\u00f6\u00f0 tenging vi\u00f0 snjalls\u00edma og \u00f6nnur bluetooth t\u00e6ki. St\u00fdringin \u00e1 b\u00e1\u00f0um hli\u00f0um vi\u00f0 eyra en \u00fear getur \u00fe\u00fa stj\u00f3rna\u00f0 afspilun, h\u00e6kka\u00f0, l\u00e6kka\u00f0, svara\u00f0, kveikt og sl\u00f6kkt.<\/p>\n<p>Rafhla\u00f0an endist \u00ed allt a\u00f0 17 klst \u00ed spilun og 15 klst \u00ed tali \u00e1 einni hle\u00f0slu. \u00dea\u00f0 tekur a\u00f0eins 50 m\u00edn\u00fatur a\u00f0 hla\u00f0a heyrnart\u00f3lin og 70% hle\u00f0sla \u00e1 a\u00f0eins 10 m\u00edn\u00fatum.<\/p>\n<p class=\"ai-optimize-30\">\u2013 Litur: Svartur<br \/>\n\u2013 \u00deyngd: 32g<br \/>\n\u2013 Bluetooth 5.3 (allt a\u00f0 10m dr\u00e6gni)<br \/>\n\u2013 Hlj\u00f3\u00f0einangrandi hlj\u00f3\u00f0nemi (Noise Cancellation)<br \/>\n\u2013 Rafhl\u00f6\u00f0uending: Allt a\u00f0 17 klst \u00ed spilun &amp; 15 klst tali<br \/>\n\u2013 Hra\u00f0hle\u00f0sla: 50 m\u00edn. 70% hle\u00f0sla \u00e1 a\u00f0eins 10 m\u00edn<br \/>\n\u2013 Vatnsv\u00f6rn: IPX5<br \/>\n\u2013 Dual connection: Tv\u00e6r virkar tengingar vi\u00f0 bluetooth t\u00e6ki samt\u00edmis<br \/>\n\u2013 USB-C hle\u00f0slusn\u00fara<br \/>\n\u2013 Vottun: CE, ROHS og FCC<\/p>\n","protected":false},"featured_media":23828,"template":"","meta":[],"product_brand":[392],"product_cat":[398],"product_tag":[],"class_list":{"0":"post-23825","1":"product","2":"type-product","3":"status-publish","4":"has-post-thumbnail","6":"product_brand-alova","7":"product_cat-a-eyru-on-ear","9":"first","10":"instock","11":"taxable","12":"shipping-taxable","13":"product-type-simple"},"yoast_head":"<!-- This site is optimized with the Yoast SEO Premium plugin v21.5 (Yoast SEO v27.4) - https:\/\/yoast.com\/product\/yoast-seo-premium-wordpress\/ -->\n<title>\u00der\u00e1\u00f0laus heyrnart\u00f3l m. sp\u00f6ng | 17 klst spilun | ENC hlj\u00f3\u00f0einangrun<\/title>\n<meta name=\"description\" content=\"\u00d6flug heyrnart\u00f3l me\u00f0 fr\u00e1b\u00e6rum hlj\u00f3mg\u00e6\u00f0um. Sk\u00fdr s\u00edmt\u00f6l, Dual Mic ENC hlj\u00f3\u00f0einangrun, BT 5,3. Fr\u00e1b\u00e6r lausn fyrir einstaklinga sem tala miki\u00f0 \u00ed s\u00edma \u00ed vinnunni\" \/>\n<meta name=\"robots\" content=\"index, follow, max-snippet:-1, max-image-preview:large, max-video-preview:-1\" \/>\n<link rel=\"canonical\" href=\"https:\/\/fodurlandid.is\/vara\/legato\/\" \/>\n<meta property=\"og:locale\" content=\"en_US\" \/>\n<meta property=\"og:type\" content=\"article\" \/>\n<meta property=\"og:title\" content=\"Legato OpenEar \u00fer\u00e1\u00f0laus heyrnart\u00f3l me\u00f0 hlj\u00f3\u00f0einangrandi hlj\u00f3\u00f0nema (Noise Cancellation) \u00e1 sp\u00f6ng, 17 klst spilun, BT 5.3 &amp; IPX5 vatnsv\u00f6rn\" \/>\n<meta property=\"og:description\" content=\"\u00d6flug heyrnart\u00f3l me\u00f0 fr\u00e1b\u00e6rum hlj\u00f3mg\u00e6\u00f0um. Sk\u00fdr s\u00edmt\u00f6l, Dual Mic ENC hlj\u00f3\u00f0einangrun, BT 5,3. Fr\u00e1b\u00e6r lausn fyrir einstaklinga sem tala miki\u00f0 \u00ed s\u00edma \u00ed vinnunni\" \/>\n<meta property=\"og:url\" content=\"https:\/\/fodurlandid.is\/vara\/legato\/\" \/>\n<meta property=\"og:site_name\" content=\"F&ouml;&eth;urlandi&eth; heildsala\" \/>\n<meta property=\"article:modified_time\" content=\"2026-02-15T17:28:18+00:00\" \/>\n<meta property=\"og:image\" content=\"https:\/\/fodurlandid.is\/wp-content\/uploads\/2025\/06\/Legato-1.jpg\" \/>\n\t<meta property=\"og:image:width\" content=\"600\" \/>\n\t<meta property=\"og:image:height\" content=\"600\" \/>\n\t<meta property=\"og:image:type\" content=\"image\/jpeg\" \/>\n<meta name=\"twitter:card\" content=\"summary_large_image\" \/>\n<meta name=\"twitter:label1\" content=\"Est. reading time\" \/>\n\t<meta name=\"twitter:data1\" content=\"1 minute\" \/>\n<script type=\"application\/ld+json\" class=\"yoast-schema-graph\">{\"@context\":\"https:\\\/\\\/schema.org\",\"@graph\":[{\"@type\":\"WebPage\",\"@id\":\"https:\\\/\\\/fodurlandid.is\\\/vara\\\/legato\\\/\",\"url\":\"https:\\\/\\\/fodurlandid.is\\\/vara\\\/legato\\\/\",\"name\":\"\u00der\u00e1\u00f0laus heyrnart\u00f3l m. sp\u00f6ng | 17 klst spilun | ENC hlj\u00f3\u00f0einangrun\",\"isPartOf\":{\"@id\":\"https:\\\/\\\/fodurlandid.is\\\/#website\"},\"primaryImageOfPage\":{\"@id\":\"https:\\\/\\\/fodurlandid.is\\\/vara\\\/legato\\\/#primaryimage\"},\"image\":{\"@id\":\"https:\\\/\\\/fodurlandid.is\\\/vara\\\/legato\\\/#primaryimage\"},\"thumbnailUrl\":\"https:\\\/\\\/fodurlandid.is\\\/wp-content\\\/uploads\\\/2025\\\/06\\\/Legato-1.jpg\",\"datePublished\":\"2025-06-25T08:16:32+00:00\",\"dateModified\":\"2026-02-15T17:28:18+00:00\",\"description\":\"\u00d6flug heyrnart\u00f3l me\u00f0 fr\u00e1b\u00e6rum hlj\u00f3mg\u00e6\u00f0um. Sk\u00fdr s\u00edmt\u00f6l, Dual Mic ENC hlj\u00f3\u00f0einangrun, BT 5,3. Fr\u00e1b\u00e6r lausn fyrir einstaklinga sem tala miki\u00f0 \u00ed s\u00edma \u00ed vinnunni\",\"breadcrumb\":{\"@id\":\"https:\\\/\\\/fodurlandid.is\\\/vara\\\/legato\\\/#breadcrumb\"},\"inLanguage\":\"en-US\",\"potentialAction\":[{\"@type\":\"ReadAction\",\"target\":[\"https:\\\/\\\/fodurlandid.is\\\/vara\\\/legato\\\/\"]}]},{\"@type\":\"ImageObject\",\"inLanguage\":\"en-US\",\"@id\":\"https:\\\/\\\/fodurlandid.is\\\/vara\\\/legato\\\/#primaryimage\",\"url\":\"https:\\\/\\\/fodurlandid.is\\\/wp-content\\\/uploads\\\/2025\\\/06\\\/Legato-1.jpg\",\"contentUrl\":\"https:\\\/\\\/fodurlandid.is\\\/wp-content\\\/uploads\\\/2025\\\/06\\\/Legato-1.jpg\",\"width\":600,\"height\":600},{\"@type\":\"BreadcrumbList\",\"@id\":\"https:\\\/\\\/fodurlandid.is\\\/vara\\\/legato\\\/#breadcrumb\",\"itemListElement\":[{\"@type\":\"ListItem\",\"position\":1,\"name\":\"Home\",\"item\":\"https:\\\/\\\/fodurlandid.is\\\/\"},{\"@type\":\"ListItem\",\"position\":2,\"name\":\"Shop\",\"item\":\"https:\\\/\\\/www.vorulagerinn.is\\\/heildsala\\\/en\\\/shop\\\/\"},{\"@type\":\"ListItem\",\"position\":3,\"name\":\"Legato OpenEar \u00fer\u00e1\u00f0laus heyrnart\u00f3l me\u00f0 hlj\u00f3\u00f0einangrandi hlj\u00f3\u00f0nema (Noise Cancellation) \u00e1 sp\u00f6ng, 17 klst spilun, BT 5.3 &#038; IPX5 vatnsv\u00f6rn\"}]},{\"@type\":\"WebSite\",\"@id\":\"https:\\\/\\\/fodurlandid.is\\\/#website\",\"url\":\"https:\\\/\\\/fodurlandid.is\\\/\",\"name\":\"F\u00f6\u00f0urlandi\u00f0 ehf, heildsala\",\"description\":\"Innflutnings, umbo&eth;s- og dreifingara&eth;ili\",\"publisher\":{\"@id\":\"https:\\\/\\\/fodurlandid.is\\\/#organization\"},\"alternateName\":\"Innflutnings, umbo\u00f0s- og dreifingara\u00f0ili\",\"potentialAction\":[{\"@type\":\"SearchAction\",\"target\":{\"@type\":\"EntryPoint\",\"urlTemplate\":\"https:\\\/\\\/fodurlandid.is\\\/?s={search_term_string}\"},\"query-input\":{\"@type\":\"PropertyValueSpecification\",\"valueRequired\":true,\"valueName\":\"search_term_string\"}}],\"inLanguage\":\"en-US\"},{\"@type\":\"Organization\",\"@id\":\"https:\\\/\\\/fodurlandid.is\\\/#organization\",\"name\":\"Innflutnings, umbo\u00f0s- og dreifingara\u00f0ili\",\"url\":\"https:\\\/\\\/fodurlandid.is\\\/\",\"logo\":{\"@type\":\"ImageObject\",\"inLanguage\":\"en-US\",\"@id\":\"https:\\\/\\\/fodurlandid.is\\\/#\\\/schema\\\/logo\\\/image\\\/\",\"url\":\"https:\\\/\\\/fodurlandid.is\\\/wp-content\\\/uploads\\\/2024\\\/05\\\/Fodurlandid.png\",\"contentUrl\":\"https:\\\/\\\/fodurlandid.is\\\/wp-content\\\/uploads\\\/2024\\\/05\\\/Fodurlandid.png\",\"width\":400,\"height\":293,\"caption\":\"Innflutnings, umbo\u00f0s- og dreifingara\u00f0ili\"},\"image\":{\"@id\":\"https:\\\/\\\/fodurlandid.is\\\/#\\\/schema\\\/logo\\\/image\\\/\"}}]}<\/script>\n<!-- \/ Yoast SEO Premium plugin. -->","yoast_head_json":{"title":"\u00der\u00e1\u00f0laus heyrnart\u00f3l m. sp\u00f6ng | 17 klst spilun | ENC hlj\u00f3\u00f0einangrun","description":"\u00d6flug heyrnart\u00f3l me\u00f0 fr\u00e1b\u00e6rum hlj\u00f3mg\u00e6\u00f0um. Sk\u00fdr s\u00edmt\u00f6l, Dual Mic ENC hlj\u00f3\u00f0einangrun, BT 5,3. Fr\u00e1b\u00e6r lausn fyrir einstaklinga sem tala miki\u00f0 \u00ed s\u00edma \u00ed vinnunni","robots":{"index":"index","follow":"follow","max-snippet":"max-snippet:-1","max-image-preview":"max-image-preview:large","max-video-preview":"max-video-preview:-1"},"canonical":"https:\/\/fodurlandid.is\/vara\/legato\/","og_locale":"en_US","og_type":"article","og_title":"Legato OpenEar \u00fer\u00e1\u00f0laus heyrnart\u00f3l me\u00f0 hlj\u00f3\u00f0einangrandi hlj\u00f3\u00f0nema (Noise Cancellation) \u00e1 sp\u00f6ng, 17 klst spilun, BT 5.3 & IPX5 vatnsv\u00f6rn","og_description":"\u00d6flug heyrnart\u00f3l me\u00f0 fr\u00e1b\u00e6rum hlj\u00f3mg\u00e6\u00f0um. Sk\u00fdr s\u00edmt\u00f6l, Dual Mic ENC hlj\u00f3\u00f0einangrun, BT 5,3. Fr\u00e1b\u00e6r lausn fyrir einstaklinga sem tala miki\u00f0 \u00ed s\u00edma \u00ed vinnunni","og_url":"https:\/\/fodurlandid.is\/vara\/legato\/","og_site_name":"F&ouml;&eth;urlandi&eth; heildsala","article_modified_time":"2026-02-15T17:28:18+00:00","og_image":[{"width":600,"height":600,"url":"https:\/\/fodurlandid.is\/wp-content\/uploads\/2025\/06\/Legato-1.jpg","type":"image\/jpeg"}],"twitter_card":"summary_large_image","twitter_misc":{"Est. reading time":"1 minute"},"schema":{"@context":"https:\/\/schema.org","@graph":[{"@type":"WebPage","@id":"https:\/\/fodurlandid.is\/vara\/legato\/","url":"https:\/\/fodurlandid.is\/vara\/legato\/","name":"\u00der\u00e1\u00f0laus heyrnart\u00f3l m. sp\u00f6ng | 17 klst spilun | ENC hlj\u00f3\u00f0einangrun","isPartOf":{"@id":"https:\/\/fodurlandid.is\/#website"},"primaryImageOfPage":{"@id":"https:\/\/fodurlandid.is\/vara\/legato\/#primaryimage"},"image":{"@id":"https:\/\/fodurlandid.is\/vara\/legato\/#primaryimage"},"thumbnailUrl":"https:\/\/fodurlandid.is\/wp-content\/uploads\/2025\/06\/Legato-1.jpg","datePublished":"2025-06-25T08:16:32+00:00","dateModified":"2026-02-15T17:28:18+00:00","description":"\u00d6flug heyrnart\u00f3l me\u00f0 fr\u00e1b\u00e6rum hlj\u00f3mg\u00e6\u00f0um. Sk\u00fdr s\u00edmt\u00f6l, Dual Mic ENC hlj\u00f3\u00f0einangrun, BT 5,3. Fr\u00e1b\u00e6r lausn fyrir einstaklinga sem tala miki\u00f0 \u00ed s\u00edma \u00ed vinnunni","breadcrumb":{"@id":"https:\/\/fodurlandid.is\/vara\/legato\/#breadcrumb"},"inLanguage":"en-US","potentialAction":[{"@type":"ReadAction","target":["https:\/\/fodurlandid.is\/vara\/legato\/"]}]},{"@type":"ImageObject","inLanguage":"en-US","@id":"https:\/\/fodurlandid.is\/vara\/legato\/#primaryimage","url":"https:\/\/fodurlandid.is\/wp-content\/uploads\/2025\/06\/Legato-1.jpg","contentUrl":"https:\/\/fodurlandid.is\/wp-content\/uploads\/2025\/06\/Legato-1.jpg","width":600,"height":600},{"@type":"BreadcrumbList","@id":"https:\/\/fodurlandid.is\/vara\/legato\/#breadcrumb","itemListElement":[{"@type":"ListItem","position":1,"name":"Home","item":"https:\/\/fodurlandid.is\/"},{"@type":"ListItem","position":2,"name":"Shop","item":"https:\/\/www.vorulagerinn.is\/heildsala\/en\/shop\/"},{"@type":"ListItem","position":3,"name":"Legato OpenEar \u00fer\u00e1\u00f0laus heyrnart\u00f3l me\u00f0 hlj\u00f3\u00f0einangrandi hlj\u00f3\u00f0nema (Noise Cancellation) \u00e1 sp\u00f6ng, 17 klst spilun, BT 5.3 &#038; IPX5 vatnsv\u00f6rn"}]},{"@type":"WebSite","@id":"https:\/\/fodurlandid.is\/#website","url":"https:\/\/fodurlandid.is\/","name":"F\u00f6\u00f0urlandi\u00f0 ehf, heildsala","description":"Innflutnings, umbo&eth;s- og dreifingara&eth;ili","publisher":{"@id":"https:\/\/fodurlandid.is\/#organization"},"alternateName":"Innflutnings, umbo\u00f0s- og dreifingara\u00f0ili","potentialAction":[{"@type":"SearchAction","target":{"@type":"EntryPoint","urlTemplate":"https:\/\/fodurlandid.is\/?s={search_term_string}"},"query-input":{"@type":"PropertyValueSpecification","valueRequired":true,"valueName":"search_term_string"}}],"inLanguage":"en-US"},{"@type":"Organization","@id":"https:\/\/fodurlandid.is\/#organization","name":"Innflutnings, umbo\u00f0s- og dreifingara\u00f0ili","url":"https:\/\/fodurlandid.is\/","logo":{"@type":"ImageObject","inLanguage":"en-US","@id":"https:\/\/fodurlandid.is\/#\/schema\/logo\/image\/","url":"https:\/\/fodurlandid.is\/wp-content\/uploads\/2024\/05\/Fodurlandid.png","contentUrl":"https:\/\/fodurlandid.is\/wp-content\/uploads\/2024\/05\/Fodurlandid.png","width":400,"height":293,"caption":"Innflutnings, umbo\u00f0s- og dreifingara\u00f0ili"},"image":{"@id":"https:\/\/fodurlandid.is\/#\/schema\/logo\/image\/"}}]}},"_links":{"self":[{"href":"https:\/\/fodurlandid.is\/en\/wp-json\/wp\/v2\/product\/23825","targetHints":{"allow":["GET"]}}],"collection":[{"href":"https:\/\/fodurlandid.is\/en\/wp-json\/wp\/v2\/product"}],"about":[{"href":"https:\/\/fodurlandid.is\/en\/wp-json\/wp\/v2\/types\/product"}],"wp:featuredmedia":[{"embeddable":true,"href":"https:\/\/fodurlandid.is\/en\/wp-json\/wp\/v2\/media\/23828"}],"wp:attachment":[{"href":"https:\/\/fodurlandid.is\/en\/wp-json\/wp\/v2\/media?parent=23825"}],"wp:term":[{"taxonomy":"product_brand","embeddable":true,"href":"https:\/\/fodurlandid.is\/en\/wp-json\/wp\/v2\/product_brand?post=23825"},{"taxonomy":"product_cat","embeddable":true,"href":"https:\/\/fodurlandid.is\/en\/wp-json\/wp\/v2\/product_cat?post=23825"},{"taxonomy":"product_tag","embeddable":true,"href":"https:\/\/fodurlandid.is\/en\/wp-json\/wp\/v2\/product_tag?post=23825"}],"curies":[{"name":"wp","href":"https:\/\/api.w.org\/{rel}","templated":true}]}}