{"id":23807,"date":"2025-06-23T09:13:33","date_gmt":"2025-06-23T09:13:33","guid":{"rendered":"https:\/\/fodurlandid.is\/?post_type=product&#038;p=23807"},"modified":"2026-04-24T13:37:38","modified_gmt":"2026-04-24T13:37:38","slug":"bone-x2","status":"publish","type":"product","link":"https:\/\/fodurlandid.is\/en\/product\/bone-x2\/","title":{"rendered":"Bone X2 beinlei\u00f0ni heyrnart\u00f3l, IP68 vatnsv\u00f6rn og 8gb minni fyrir t\u00f3nlist"},"content":{"rendered":"<div style=\"width: 960px;\" class=\"wp-video\"><video class=\"wp-video-shortcode\" id=\"video-23807-1\" width=\"960\" height=\"540\" preload=\"metadata\" controls=\"controls\"><source type=\"video\/mp4\" src=\"https:\/\/fodurlandid.is\/wp-content\/uploads\/2025\/06\/OpenEar-Bone-X2.mp4?_=1\" \/><a href=\"https:\/\/fodurlandid.is\/wp-content\/uploads\/2025\/06\/OpenEar-Bone-X2.mp4\">https:\/\/fodurlandid.is\/wp-content\/uploads\/2025\/06\/OpenEar-Bone-X2.mp4<\/a><\/video><\/div>\n","protected":false},"excerpt":{"rendered":"<p>Beinlei\u00f0ni (bone conduction) \u00fer\u00e1\u00f0lausu heyrnart\u00f3lin eru me\u00f0 IP68 vatnsv\u00f6rn sem gerir \u00fe\u00e9r kleift a\u00f0 taka \u00feau me\u00f0 \u00fe\u00e9r \u00ed sturtu og \u00ed sund (max 2 metra d\u00fdpi). Heyrnart\u00f3lin eru a\u00f0eins 29 gr\u00f6mm og koma me\u00f0 innbygg\u00f0u 8GB minni (2.600 l\u00f6g) sem \u00fe\u00fa getur hlusta\u00f0 \u00e1 \u00e1n \u00feess a\u00f0 s\u00edminn s\u00e9 n\u00e1l\u00e6gt. Rafhla\u00f0an er 180 mAh sem \u00fe\u00fd\u00f0ir a\u00f0 h\u00e6gt er a\u00f0 hlusta t\u00f3nlist \u00ed 6 klukkustundir og 12 daga \u00e1n notkunar. \u00c1 me\u00f0an \u00fe\u00fa hlustar \u00e1 t\u00f3nlist getur \u00fe\u00fa heyrt fullkomlega vel \u00ed umhverfinu hvort sem \u00fe\u00fa ert \u00ed vinnunni, r\u00e6ktinni, \u00ed g\u00f6ngut\u00far, a\u00f0 hlaupa e\u00f0a \u00ed golfi me\u00f0 f\u00e9l\u00f6gunum \u00e1n \u00feess a\u00f0 missa athygli og f\u00f3rna hlj\u00f3mg\u00e6\u00f0um. Heyrnart\u00f3lin eru me\u00f0 Bluetooth 5.2 og 10 metra dr\u00e6gni.<\/p>\n<p>Mj\u00f6g g\u00f3\u00f0 samh\u00e6fni og hr\u00f6\u00f0 tenging vi\u00f0 alla helstu snjalls\u00edma. St\u00fdringin er \u00e1 h\u00e6gri hli\u00f0 vi\u00f0 eyra en \u00fear getur \u00fe\u00fa stj\u00f3rna\u00f0 afspilun, h\u00e6kka\u00f0, l\u00e6kka\u00f0, svara\u00f0, kveikt og sl\u00f6kkt.<\/p>\n<p>\u2013 Sj\u00e1 myndband af v\u00f6ru ne\u00f0ar \u00e1 s\u00ed\u00f0u<br \/>\n\u2013 Litur: Svartur<br \/>\n\u2013 \u00deyngd: 29 gr\u00f6mm<br \/>\n\u2013 Vatnsheldni IP68<br \/>\n\u2013 Bluetooth: 5.2 (allt a\u00f0 10 metra dr\u00e6gni)<br \/>\n\u2013 \u00dej\u00f6ppunarsta\u00f0lar MP3 og WAV<br \/>\n\u2013 Vottun CE, ROHS &amp; FCC<\/p>\n","protected":false},"featured_media":23810,"template":"","meta":[],"product_brand":[392],"product_cat":[398,393],"product_tag":[],"class_list":{"0":"post-23807","1":"product","2":"type-product","3":"status-publish","4":"has-post-thumbnail","6":"product_brand-alova","7":"product_cat-a-eyru-on-ear","8":"product_cat-beinleidni-bone-conduction","10":"first","11":"instock","12":"taxable","13":"shipping-taxable","14":"product-type-simple"},"yoast_head":"<!-- This site is optimized with the Yoast SEO Premium plugin v21.5 (Yoast SEO v27.4) - https:\/\/yoast.com\/product\/yoast-seo-premium-wordpress\/ -->\n<title>Bone X2 beinlei\u00f0ni \u00fer\u00e1\u00f0laus heyrnart\u00f3l, 8gb minni &amp; IP68 vatnsv\u00f6rn<\/title>\n<meta name=\"description\" content=\"Beinlei\u00f0ni (bone conduction) \u00fer\u00e1\u00f0laus heyrnart\u00f3l me\u00f0 IP68 vatnsv\u00f6rn sem \u00fe\u00fa getur teki\u00f0 me\u00f0 \u00fe\u00e9r \u00ed sturtu &amp; sund, 8gb innbyggt minni fyrir t\u00f3nlist\" \/>\n<meta name=\"robots\" content=\"index, follow, max-snippet:-1, max-image-preview:large, max-video-preview:-1\" \/>\n<link rel=\"canonical\" href=\"https:\/\/fodurlandid.is\/vara\/bone-x2\/\" \/>\n<meta property=\"og:locale\" content=\"en_US\" \/>\n<meta property=\"og:type\" content=\"article\" \/>\n<meta property=\"og:title\" content=\"Bone X2 beinlei\u00f0ni heyrnart\u00f3l, IP68 vatnsv\u00f6rn og 8gb minni fyrir t\u00f3nlist\" \/>\n<meta property=\"og:description\" content=\"Beinlei\u00f0ni (bone conduction) \u00fer\u00e1\u00f0laus heyrnart\u00f3l me\u00f0 IP68 vatnsv\u00f6rn sem \u00fe\u00fa getur teki\u00f0 me\u00f0 \u00fe\u00e9r \u00ed sturtu &amp; sund, 8gb innbyggt minni fyrir t\u00f3nlist\" \/>\n<meta property=\"og:url\" content=\"https:\/\/fodurlandid.is\/vara\/bone-x2\/\" \/>\n<meta property=\"og:site_name\" content=\"F&ouml;&eth;urlandi&eth; heildsala\" \/>\n<meta property=\"article:modified_time\" content=\"2026-04-24T13:37:38+00:00\" \/>\n<meta property=\"og:image\" content=\"https:\/\/fodurlandid.is\/wp-content\/uploads\/2025\/06\/OpenEar-Bone-X2.jpg\" \/>\n\t<meta property=\"og:image:width\" content=\"600\" \/>\n\t<meta property=\"og:image:height\" content=\"600\" \/>\n\t<meta property=\"og:image:type\" content=\"image\/jpeg\" \/>\n<meta name=\"twitter:card\" content=\"summary_large_image\" \/>\n<meta name=\"twitter:label1\" content=\"Est. reading time\" \/>\n\t<meta name=\"twitter:data1\" content=\"1 minute\" \/>\n<script type=\"application\/ld+json\" class=\"yoast-schema-graph\">{\"@context\":\"https:\\\/\\\/schema.org\",\"@graph\":[{\"@type\":\"WebPage\",\"@id\":\"https:\\\/\\\/fodurlandid.is\\\/vara\\\/bone-x2\\\/\",\"url\":\"https:\\\/\\\/fodurlandid.is\\\/vara\\\/bone-x2\\\/\",\"name\":\"Bone X2 beinlei\u00f0ni \u00fer\u00e1\u00f0laus heyrnart\u00f3l, 8gb minni & IP68 vatnsv\u00f6rn\",\"isPartOf\":{\"@id\":\"https:\\\/\\\/fodurlandid.is\\\/#website\"},\"primaryImageOfPage\":{\"@id\":\"https:\\\/\\\/fodurlandid.is\\\/vara\\\/bone-x2\\\/#primaryimage\"},\"image\":{\"@id\":\"https:\\\/\\\/fodurlandid.is\\\/vara\\\/bone-x2\\\/#primaryimage\"},\"thumbnailUrl\":\"https:\\\/\\\/fodurlandid.is\\\/wp-content\\\/uploads\\\/2025\\\/06\\\/OpenEar-Bone-X2.jpg\",\"datePublished\":\"2025-06-23T09:13:33+00:00\",\"dateModified\":\"2026-04-24T13:37:38+00:00\",\"description\":\"Beinlei\u00f0ni (bone conduction) \u00fer\u00e1\u00f0laus heyrnart\u00f3l me\u00f0 IP68 vatnsv\u00f6rn sem \u00fe\u00fa getur teki\u00f0 me\u00f0 \u00fe\u00e9r \u00ed sturtu & sund, 8gb innbyggt minni fyrir t\u00f3nlist\",\"breadcrumb\":{\"@id\":\"https:\\\/\\\/fodurlandid.is\\\/vara\\\/bone-x2\\\/#breadcrumb\"},\"inLanguage\":\"en-US\",\"potentialAction\":[{\"@type\":\"ReadAction\",\"target\":[\"https:\\\/\\\/fodurlandid.is\\\/vara\\\/bone-x2\\\/\"]}]},{\"@type\":\"ImageObject\",\"inLanguage\":\"en-US\",\"@id\":\"https:\\\/\\\/fodurlandid.is\\\/vara\\\/bone-x2\\\/#primaryimage\",\"url\":\"https:\\\/\\\/fodurlandid.is\\\/wp-content\\\/uploads\\\/2025\\\/06\\\/OpenEar-Bone-X2.jpg\",\"contentUrl\":\"https:\\\/\\\/fodurlandid.is\\\/wp-content\\\/uploads\\\/2025\\\/06\\\/OpenEar-Bone-X2.jpg\",\"width\":600,\"height\":600},{\"@type\":\"BreadcrumbList\",\"@id\":\"https:\\\/\\\/fodurlandid.is\\\/vara\\\/bone-x2\\\/#breadcrumb\",\"itemListElement\":[{\"@type\":\"ListItem\",\"position\":1,\"name\":\"Home\",\"item\":\"https:\\\/\\\/fodurlandid.is\\\/\"},{\"@type\":\"ListItem\",\"position\":2,\"name\":\"Shop\",\"item\":\"https:\\\/\\\/www.vorulagerinn.is\\\/heildsala\\\/en\\\/shop\\\/\"},{\"@type\":\"ListItem\",\"position\":3,\"name\":\"Bone X2 beinlei\u00f0ni heyrnart\u00f3l, IP68 vatnsv\u00f6rn og 8gb minni fyrir t\u00f3nlist\"}]},{\"@type\":\"WebSite\",\"@id\":\"https:\\\/\\\/fodurlandid.is\\\/#website\",\"url\":\"https:\\\/\\\/fodurlandid.is\\\/\",\"name\":\"F\u00f6\u00f0urlandi\u00f0 ehf, heildsala\",\"description\":\"Innflutnings, umbo&eth;s- og dreifingara&eth;ili\",\"publisher\":{\"@id\":\"https:\\\/\\\/fodurlandid.is\\\/#organization\"},\"alternateName\":\"Innflutnings, umbo\u00f0s- og dreifingara\u00f0ili\",\"potentialAction\":[{\"@type\":\"SearchAction\",\"target\":{\"@type\":\"EntryPoint\",\"urlTemplate\":\"https:\\\/\\\/fodurlandid.is\\\/?s={search_term_string}\"},\"query-input\":{\"@type\":\"PropertyValueSpecification\",\"valueRequired\":true,\"valueName\":\"search_term_string\"}}],\"inLanguage\":\"en-US\"},{\"@type\":\"Organization\",\"@id\":\"https:\\\/\\\/fodurlandid.is\\\/#organization\",\"name\":\"Innflutnings, umbo\u00f0s- og dreifingara\u00f0ili\",\"url\":\"https:\\\/\\\/fodurlandid.is\\\/\",\"logo\":{\"@type\":\"ImageObject\",\"inLanguage\":\"en-US\",\"@id\":\"https:\\\/\\\/fodurlandid.is\\\/#\\\/schema\\\/logo\\\/image\\\/\",\"url\":\"https:\\\/\\\/fodurlandid.is\\\/wp-content\\\/uploads\\\/2024\\\/05\\\/Fodurlandid.png\",\"contentUrl\":\"https:\\\/\\\/fodurlandid.is\\\/wp-content\\\/uploads\\\/2024\\\/05\\\/Fodurlandid.png\",\"width\":400,\"height\":293,\"caption\":\"Innflutnings, umbo\u00f0s- og dreifingara\u00f0ili\"},\"image\":{\"@id\":\"https:\\\/\\\/fodurlandid.is\\\/#\\\/schema\\\/logo\\\/image\\\/\"}}]}<\/script>\n<!-- \/ Yoast SEO Premium plugin. -->","yoast_head_json":{"title":"Bone X2 beinlei\u00f0ni \u00fer\u00e1\u00f0laus heyrnart\u00f3l, 8gb minni & IP68 vatnsv\u00f6rn","description":"Beinlei\u00f0ni (bone conduction) \u00fer\u00e1\u00f0laus heyrnart\u00f3l me\u00f0 IP68 vatnsv\u00f6rn sem \u00fe\u00fa getur teki\u00f0 me\u00f0 \u00fe\u00e9r \u00ed sturtu & sund, 8gb innbyggt minni fyrir t\u00f3nlist","robots":{"index":"index","follow":"follow","max-snippet":"max-snippet:-1","max-image-preview":"max-image-preview:large","max-video-preview":"max-video-preview:-1"},"canonical":"https:\/\/fodurlandid.is\/vara\/bone-x2\/","og_locale":"en_US","og_type":"article","og_title":"Bone X2 beinlei\u00f0ni heyrnart\u00f3l, IP68 vatnsv\u00f6rn og 8gb minni fyrir t\u00f3nlist","og_description":"Beinlei\u00f0ni (bone conduction) \u00fer\u00e1\u00f0laus heyrnart\u00f3l me\u00f0 IP68 vatnsv\u00f6rn sem \u00fe\u00fa getur teki\u00f0 me\u00f0 \u00fe\u00e9r \u00ed sturtu & sund, 8gb innbyggt minni fyrir t\u00f3nlist","og_url":"https:\/\/fodurlandid.is\/vara\/bone-x2\/","og_site_name":"F&ouml;&eth;urlandi&eth; heildsala","article_modified_time":"2026-04-24T13:37:38+00:00","og_image":[{"width":600,"height":600,"url":"https:\/\/fodurlandid.is\/wp-content\/uploads\/2025\/06\/OpenEar-Bone-X2.jpg","type":"image\/jpeg"}],"twitter_card":"summary_large_image","twitter_misc":{"Est. reading time":"1 minute"},"schema":{"@context":"https:\/\/schema.org","@graph":[{"@type":"WebPage","@id":"https:\/\/fodurlandid.is\/vara\/bone-x2\/","url":"https:\/\/fodurlandid.is\/vara\/bone-x2\/","name":"Bone X2 beinlei\u00f0ni \u00fer\u00e1\u00f0laus heyrnart\u00f3l, 8gb minni & IP68 vatnsv\u00f6rn","isPartOf":{"@id":"https:\/\/fodurlandid.is\/#website"},"primaryImageOfPage":{"@id":"https:\/\/fodurlandid.is\/vara\/bone-x2\/#primaryimage"},"image":{"@id":"https:\/\/fodurlandid.is\/vara\/bone-x2\/#primaryimage"},"thumbnailUrl":"https:\/\/fodurlandid.is\/wp-content\/uploads\/2025\/06\/OpenEar-Bone-X2.jpg","datePublished":"2025-06-23T09:13:33+00:00","dateModified":"2026-04-24T13:37:38+00:00","description":"Beinlei\u00f0ni (bone conduction) \u00fer\u00e1\u00f0laus heyrnart\u00f3l me\u00f0 IP68 vatnsv\u00f6rn sem \u00fe\u00fa getur teki\u00f0 me\u00f0 \u00fe\u00e9r \u00ed sturtu & sund, 8gb innbyggt minni fyrir t\u00f3nlist","breadcrumb":{"@id":"https:\/\/fodurlandid.is\/vara\/bone-x2\/#breadcrumb"},"inLanguage":"en-US","potentialAction":[{"@type":"ReadAction","target":["https:\/\/fodurlandid.is\/vara\/bone-x2\/"]}]},{"@type":"ImageObject","inLanguage":"en-US","@id":"https:\/\/fodurlandid.is\/vara\/bone-x2\/#primaryimage","url":"https:\/\/fodurlandid.is\/wp-content\/uploads\/2025\/06\/OpenEar-Bone-X2.jpg","contentUrl":"https:\/\/fodurlandid.is\/wp-content\/uploads\/2025\/06\/OpenEar-Bone-X2.jpg","width":600,"height":600},{"@type":"BreadcrumbList","@id":"https:\/\/fodurlandid.is\/vara\/bone-x2\/#breadcrumb","itemListElement":[{"@type":"ListItem","position":1,"name":"Home","item":"https:\/\/fodurlandid.is\/"},{"@type":"ListItem","position":2,"name":"Shop","item":"https:\/\/www.vorulagerinn.is\/heildsala\/en\/shop\/"},{"@type":"ListItem","position":3,"name":"Bone X2 beinlei\u00f0ni heyrnart\u00f3l, IP68 vatnsv\u00f6rn og 8gb minni fyrir t\u00f3nlist"}]},{"@type":"WebSite","@id":"https:\/\/fodurlandid.is\/#website","url":"https:\/\/fodurlandid.is\/","name":"F\u00f6\u00f0urlandi\u00f0 ehf, heildsala","description":"Innflutnings, umbo&eth;s- og dreifingara&eth;ili","publisher":{"@id":"https:\/\/fodurlandid.is\/#organization"},"alternateName":"Innflutnings, umbo\u00f0s- og dreifingara\u00f0ili","potentialAction":[{"@type":"SearchAction","target":{"@type":"EntryPoint","urlTemplate":"https:\/\/fodurlandid.is\/?s={search_term_string}"},"query-input":{"@type":"PropertyValueSpecification","valueRequired":true,"valueName":"search_term_string"}}],"inLanguage":"en-US"},{"@type":"Organization","@id":"https:\/\/fodurlandid.is\/#organization","name":"Innflutnings, umbo\u00f0s- og dreifingara\u00f0ili","url":"https:\/\/fodurlandid.is\/","logo":{"@type":"ImageObject","inLanguage":"en-US","@id":"https:\/\/fodurlandid.is\/#\/schema\/logo\/image\/","url":"https:\/\/fodurlandid.is\/wp-content\/uploads\/2024\/05\/Fodurlandid.png","contentUrl":"https:\/\/fodurlandid.is\/wp-content\/uploads\/2024\/05\/Fodurlandid.png","width":400,"height":293,"caption":"Innflutnings, umbo\u00f0s- og dreifingara\u00f0ili"},"image":{"@id":"https:\/\/fodurlandid.is\/#\/schema\/logo\/image\/"}}]}},"_links":{"self":[{"href":"https:\/\/fodurlandid.is\/en\/wp-json\/wp\/v2\/product\/23807","targetHints":{"allow":["GET"]}}],"collection":[{"href":"https:\/\/fodurlandid.is\/en\/wp-json\/wp\/v2\/product"}],"about":[{"href":"https:\/\/fodurlandid.is\/en\/wp-json\/wp\/v2\/types\/product"}],"wp:featuredmedia":[{"embeddable":true,"href":"https:\/\/fodurlandid.is\/en\/wp-json\/wp\/v2\/media\/23810"}],"wp:attachment":[{"href":"https:\/\/fodurlandid.is\/en\/wp-json\/wp\/v2\/media?parent=23807"}],"wp:term":[{"taxonomy":"product_brand","embeddable":true,"href":"https:\/\/fodurlandid.is\/en\/wp-json\/wp\/v2\/product_brand?post=23807"},{"taxonomy":"product_cat","embeddable":true,"href":"https:\/\/fodurlandid.is\/en\/wp-json\/wp\/v2\/product_cat?post=23807"},{"taxonomy":"product_tag","embeddable":true,"href":"https:\/\/fodurlandid.is\/en\/wp-json\/wp\/v2\/product_tag?post=23807"}],"curies":[{"name":"wp","href":"https:\/\/api.w.org\/{rel}","templated":true}]}}